{"id":8868,"date":"2021-03-28T08:21:25","date_gmt":"2021-03-28T12:21:25","guid":{"rendered":"https:\/\/groweriq.ca\/como-obter-uma-licenca-de-canabis-em-portugal\/"},"modified":"2024-08-01T13:35:09","modified_gmt":"2024-08-01T17:35:09","slug":"como-obter-uma-licenca-de-canabis-em-portugal","status":"publish","type":"page","link":"https:\/\/groweriq.ca\/pt-pt\/como-obter-uma-licenca-de-canabis-em-portugal\/","title":{"rendered":"Como obter uma Licen\u00e7a de Can\u00e1bis em Portugal"},"content":{"rendered":"<div id=\"cs-content\" class=\"cs-content\"><\/div>\n","protected":false},"excerpt":{"rendered":"<p>Para al\u00e9m de ter o seu pr\u00f3prio programa de can\u00e1bis medicinal, Portugal tem um \u00f3timo clima e localiza\u00e7\u00e3o para o cultivo de can\u00e1bis para exporta\u00e7\u00e3o. A can\u00e1bis de exterior cresce bem em Portugal e pode ser produzida a um pre\u00e7o mais baixo em compara\u00e7\u00e3o com outras na\u00e7\u00f5es europeias com climas mais frios. Ent\u00e3o como \u00e9 que se pode come\u00e7ar a cultivar can\u00e1bis em Portugal?<\/p>\n","protected":false},"author":10,"featured_media":19065,"parent":0,"menu_order":0,"comment_status":"closed","ping_status":"closed","template":"","meta":{"_elementor_css":"","footnotes":""},"categories":[422,425,423,426,424],"tags":[427,429,430,428],"class_list":["post-8868","page","type-page","status-publish","has-post-thumbnail","hentry","category-canabis","category-informacao-do-mercado","category-noticias-da-industria","category-portugal-pt-pt","category-processo-de-licenca","tag-cultivo-de-canabis","tag-marijuana-medicinal","tag-portugal-pt-pt","tag-processo-de-licenca"],"_links":{"self":[{"href":"https:\/\/groweriq.ca\/pt-pt\/wp-json\/wp\/v2\/pages\/8868","targetHints":{"allow":["GET"]}}],"collection":[{"href":"https:\/\/groweriq.ca\/pt-pt\/wp-json\/wp\/v2\/pages"}],"about":[{"href":"https:\/\/groweriq.ca\/pt-pt\/wp-json\/wp\/v2\/types\/page"}],"author":[{"embeddable":true,"href":"https:\/\/groweriq.ca\/pt-pt\/wp-json\/wp\/v2\/users\/10"}],"replies":[{"embeddable":true,"href":"https:\/\/groweriq.ca\/pt-pt\/wp-json\/wp\/v2\/comments?post=8868"}],"version-history":[{"count":15,"href":"https:\/\/groweriq.ca\/pt-pt\/wp-json\/wp\/v2\/pages\/8868\/revisions"}],"predecessor-version":[{"id":25481,"href":"https:\/\/groweriq.ca\/pt-pt\/wp-json\/wp\/v2\/pages\/8868\/revisions\/25481"}],"wp:featuredmedia":[{"embeddable":true,"href":"https:\/\/groweriq.ca\/pt-pt\/wp-json\/wp\/v2\/media\/19065"}],"wp:attachment":[{"href":"https:\/\/groweriq.ca\/pt-pt\/wp-json\/wp\/v2\/media?parent=8868"}],"wp:term":[{"taxonomy":"category","embeddable":true,"href":"https:\/\/groweriq.ca\/pt-pt\/wp-json\/wp\/v2\/categories?post=8868"},{"taxonomy":"post_tag","embeddable":true,"href":"https:\/\/groweriq.ca\/pt-pt\/wp-json\/wp\/v2\/tags?post=8868"}],"curies":[{"name":"wp","href":"https:\/\/api.w.org\/{rel}","templated":true}]}}