{"id":17444,"date":"2023-02-05T09:04:50","date_gmt":"2023-02-05T14:04:50","guid":{"rendered":"https:\/\/groweriq.ca\/pagina-inicial\/"},"modified":"2024-09-03T14:09:07","modified_gmt":"2024-09-03T18:09:07","slug":"pagina-inicial","status":"publish","type":"page","link":"https:\/\/groweriq.ca\/pt-pt\/pagina-inicial\/","title":{"rendered":"In\u00edcio &#8211; Antigo"},"content":{"rendered":"<div id=\"cs-content\" class=\"cs-content\"><\/div>\n","protected":false},"excerpt":{"rendered":"<p>GrowerIQ \u00e9 a primeira plataforma de software de gest\u00e3o de can\u00e1bis a reunir todos os sistemas fragmentados exigidos pelas instala\u00e7\u00f5es de produ\u00e7\u00e3o de can\u00e1bis em todo o mundo. Temos m\u00f3dulos para cada equipa: Cultivo, Fabrico, Armaz\u00e9m, CRM, Pedidos e Gest\u00e3o de Qualidade. Torn\u00e1mo-nos agora a espinha dorsal operacional para os produtores de todo o mundo &#8211; permitindo uma verdadeira rastreabilidade da semente at\u00e9 \u00e0 venda.<\/p>\n","protected":false},"author":2,"featured_media":17447,"parent":0,"menu_order":0,"comment_status":"closed","ping_status":"closed","template":"template-blank-4.php","meta":{"_elementor_css":"","footnotes":""},"categories":[903],"tags":[],"class_list":["post-17444","page","type-page","status-publish","has-post-thumbnail","hentry","category-software-de-gestao-de-canabis"],"_links":{"self":[{"href":"https:\/\/groweriq.ca\/pt-pt\/wp-json\/wp\/v2\/pages\/17444","targetHints":{"allow":["GET"]}}],"collection":[{"href":"https:\/\/groweriq.ca\/pt-pt\/wp-json\/wp\/v2\/pages"}],"about":[{"href":"https:\/\/groweriq.ca\/pt-pt\/wp-json\/wp\/v2\/types\/page"}],"author":[{"embeddable":true,"href":"https:\/\/groweriq.ca\/pt-pt\/wp-json\/wp\/v2\/users\/2"}],"replies":[{"embeddable":true,"href":"https:\/\/groweriq.ca\/pt-pt\/wp-json\/wp\/v2\/comments?post=17444"}],"version-history":[{"count":15,"href":"https:\/\/groweriq.ca\/pt-pt\/wp-json\/wp\/v2\/pages\/17444\/revisions"}],"predecessor-version":[{"id":30532,"href":"https:\/\/groweriq.ca\/pt-pt\/wp-json\/wp\/v2\/pages\/17444\/revisions\/30532"}],"wp:featuredmedia":[{"embeddable":true,"href":"https:\/\/groweriq.ca\/pt-pt\/wp-json\/wp\/v2\/media\/17447"}],"wp:attachment":[{"href":"https:\/\/groweriq.ca\/pt-pt\/wp-json\/wp\/v2\/media?parent=17444"}],"wp:term":[{"taxonomy":"category","embeddable":true,"href":"https:\/\/groweriq.ca\/pt-pt\/wp-json\/wp\/v2\/categories?post=17444"},{"taxonomy":"post_tag","embeddable":true,"href":"https:\/\/groweriq.ca\/pt-pt\/wp-json\/wp\/v2\/tags?post=17444"}],"curies":[{"name":"wp","href":"https:\/\/api.w.org\/{rel}","templated":true}]}}