{"id":17032,"date":"2023-01-29T07:07:31","date_gmt":"2023-01-29T12:07:31","guid":{"rendered":"https:\/\/groweriq.ca\/como-obter-uma-licenca-de-canabis-na-republica-checa\/"},"modified":"2023-01-29T07:07:32","modified_gmt":"2023-01-29T12:07:32","slug":"como-obter-uma-licenca-de-canabis-na-republica-checa","status":"publish","type":"page","link":"https:\/\/groweriq.ca\/pt-pt\/como-obter-uma-licenca-de-canabis-na-republica-checa\/","title":{"rendered":"Como obter uma licen\u00e7a de can\u00e1bis na Rep\u00fablica Checa"},"content":{"rendered":"\n<h2 class=\"subheader\">A can\u00e1bis foi descriminalizada h\u00e1 j\u00e1 algum tempo na Rep\u00fablica Checa e as recentes conversas sobre a legaliza\u00e7\u00e3o da planta t\u00eam sido muito debatidas entre os empres\u00e1rios e entusiastas da ind\u00fastria.<\/h2>\n\n<p>A partir de 2022, apenas um pa\u00eds da UE legalizou a cannabis recreativa. N\u00e3o, n\u00e3o s\u00e3o os Pa\u00edses Baixos &#8211; mas Malta. E com esfor\u00e7os significativos de um coordenador antidrogas, a Rep\u00fablica Checa procura aliviar a sua toler\u00e2ncia \u00e0 can\u00e1bis. Explore este mergulho profundo para aprender como se tornar um <a href=\"https:\/\/groweriq.ca\/2020\/07\/31\/how-to-become-a-licensed-producer-of-cannabis\/\" target=\"_blank\" rel=\"noreferrer noopener\">produtor de can\u00e1bis<\/a> licenciado na Rep\u00fablica Checa e alguns desenvolvimentos excitantes.<\/p>\n\n<h2 class=\"wp-block-heading\">Passos atuais para a obten\u00e7\u00e3o de uma licen\u00e7a de can\u00e1bis na Rep\u00fablica Checa<\/h2>\n\n<p>A Rep\u00fablica Checa, tamb\u00e9m conhecida como Ch\u00e9quia, planeia a sua legaliza\u00e7\u00e3o da can\u00e1bis ap\u00f3s o recente <a href=\"https:\/\/www.dw.com\/en\/germany-health-minister-lauterbach-presents-plan-on-cannabis-legalization\/a-63558414\" target=\"_blank\" rel=\"noreferrer noopener\">an\u00fancio do plano da Alemanha<\/a>. Os dois pa\u00edses esperam trabalhar em conjunto na partilha de informa\u00e7\u00e3o e melhores pr\u00e1ticas para regular a ind\u00fastria legal da can\u00e1bis da Rep\u00fablica Checa. <\/p>\n\n<p><a href=\"https:\/\/english.radio.cz\/could-czechia-become-second-eu-country-legalise-recreational-cannabis-8764554#:~:text=Jind%C5%99ich%20Vobo%C5%99il%7C,the%20current%20ban.%E2%80%9D\" target=\"_blank\" rel=\"noreferrer noopener\">Mr. Vobo\u0159il<\/a>, o coordenador nacional antidroga da Rep\u00fablica Checa, espera divulgar o plano final com datas de implementa\u00e7\u00e3o at\u00e9 ao final de 2022. Posteriormente, o projecto de lei est\u00e1 pronto para ser apresentado em Mar\u00e7o de 2023 &#8211; e poder\u00e1 entrar em vigor logo em 2024.<\/p>\n\n<h3 class=\"wp-block-heading\">Autoriza\u00e7\u00e3o para o uso de can\u00e1bis e leis<\/h3>\n\n<p>Enquanto a Rep\u00fablica Checa \u00e9 considerada um dos pa\u00edses mais liberais na legisla\u00e7\u00e3o sobre can\u00e1bis, esta reputa\u00e7\u00e3o foi adquirida recentemente. Foi apenas em 2010 que a Rep\u00fablica Checa descriminalizou a posse e cultivo de can\u00e1bis para uso pessoal.<\/p>\n\n<p>E em 2013, legalizou a can\u00e1bis medicinal para o tratamento de certas doen\u00e7as. Os n\u00edveis foram limitados a 19% (para THC) e 7,5% (para CBD). O cultivo dom\u00e9stico para uso pessoal \u00e9 atualmente permitido, embora os n\u00edveis de THC fiquem limitados a 1%.<\/p>\n\n<p>Por agora, o uso recreativo de can\u00e1bis na Rep\u00fablica Checa ainda \u00e9 ilegal. No entanto, a Rep\u00fablica Checa est\u00e1 a caminho de se tornar o segundo pa\u00eds da UE a legalizar a can\u00e1bis para uso recreativo, depois de Malta o ter feito em Dezembro de 2021.<\/p>\n\n<h3 class=\"wp-block-heading\">Licen\u00e7as na Rep\u00fablica Checa<\/h3>\n\n<h4 class=\"wp-block-heading\">As exig\u00eancias medicinais da can\u00e1bis incluem:<\/h4>\n\n<ol class=\"wp-block-list\">\n<li><strong>Obten\u00e7\u00e3o de uma licen\u00e7a para plantar plantas de can\u00e1bis para o cultivo de can\u00e1bis para uso m\u00e9dico<\/strong>.<\/li>\n<\/ol>\n\n<p>O Instituto Estatal de Controlo de Drogas emite esta licen\u00e7a por cinco anos (o per\u00edodo m\u00e1ximo). Pode ent\u00e3o ser prolongado (este pedido deve ser apresentado pelo titular da licen\u00e7a seis meses antes da sua expira\u00e7\u00e3o). <\/p>\n\n<ol class=\"wp-block-list\" start=\"2\">\n<li><strong>Autoriza\u00e7\u00e3o para eliminar subst\u00e2ncias e produtos viciantes relacionados com a can\u00e1bis medicinal.<\/strong><\/li>\n<\/ol>\n\n<p>Esta permiss\u00e3o emitida pelo Minist\u00e9rio da Sa\u00fade \u00e9 v\u00e1lida por um per\u00edodo m\u00e1ximo de cinco anos. Tamb\u00e9m pode ser prolongado (mais uma vez, o pedido de prolongamento deve ser apresentado seis semanas antes de expirar).<\/p>\n\n<p>A can\u00e1bis para uso m\u00e9dico <a href=\"https:\/\/groweriq.ca\/2022\/09\/21\/cannabis-cultivation-erp-software-pros-cons\/\" target=\"_blank\" rel=\"noreferrer noopener\">cultivada<\/a> na Rep\u00fablica Checa s\u00f3 pode ser vendida a um indiv\u00edduo com autoriza\u00e7\u00e3o emitida pelo Minist\u00e9rio da Sa\u00fade. A transfer\u00eancia de outros direitos relacionados com subst\u00e2ncias psicotr\u00f3picas s\u00f3 pode ocorrer entre duas partes com autoriza\u00e7\u00e3o.<\/p>\n\n<ol class=\"wp-block-list\" start=\"3\">\n<li><strong>Licen\u00e7as de importa\u00e7\u00e3o de can\u00e1bis para uso m\u00e9dico<\/strong><\/li>\n<\/ol>\n\n<p>\u00c9 necess\u00e1ria uma licen\u00e7a de importa\u00e7\u00e3o individual para cada importa\u00e7\u00e3o do Minist\u00e9rio da Sa\u00fade. Esta licen\u00e7a \u00e9 v\u00e1lida por um per\u00edodo m\u00e1ximo de tr\u00eas meses. <\/p>\n\n<p>Os pacientes podem ter acesso a can\u00e1bis para uso m\u00e9dico (limitado a at\u00e9 180g num total de can\u00e1bis seca por pessoa por m\u00eas), depois:<\/p>\n\n<ul class=\"wp-block-list\">\n<li>Ter uma receita eletr\u00f3nica de profissionais de sa\u00fade <\/li>\n\n\n\n<li>Capazes de provar que t\u00eam 18 anos de idade ou mais. (Isto s\u00f3 est\u00e1 dispon\u00edvel para aqueles com certos sintomas, por exemplo, dor inconsol\u00e1vel cr\u00f3nica ou n\u00e1useas relacionadas com o tratamento do VIH). <\/li>\n<\/ul>\n\n<p>Para os interessados na can\u00e1bis emitida para cuidados ambulantes, o seguro de sa\u00fade p\u00fablico fornece cobertura. Cerca de 90% do pre\u00e7o da can\u00e1bis para o consumidor final \u00e9 coberto, dentro do volume m\u00e1ximo de 30g de can\u00e1bis medicinal por pessoa por m\u00eas. Ou at\u00e9 180g por m\u00eas (se o estado de sa\u00fade do paciente o exigir).<\/p>\n\n<figure class=\"wp-block-image size-large x-image x-img x-img-thumbnail\"><img fetchpriority=\"high\" decoding=\"async\" width=\"2000\" height=\"1125\" src=\"http:\/\/groweriq.ca\/wp-content\/uploads\/2022\/11\/2-1-2000x1125.png\" alt=\"\" class=\"wp-image-14860\" srcset=\"https:\/\/groweriq.ca\/wp-content\/uploads\/2022\/11\/2-1-2000x1125.png 2000w, https:\/\/groweriq.ca\/wp-content\/uploads\/2022\/11\/2-1-300x169.png 300w, https:\/\/groweriq.ca\/wp-content\/uploads\/2022\/11\/2-1-768x432.png 768w, https:\/\/groweriq.ca\/wp-content\/uploads\/2022\/11\/2-1-1536x864.png 1536w, https:\/\/groweriq.ca\/wp-content\/uploads\/2022\/11\/2-1-2048x1152.png 2048w, https:\/\/groweriq.ca\/wp-content\/uploads\/2022\/11\/2-1-100x56.png 100w, https:\/\/groweriq.ca\/wp-content\/uploads\/2022\/11\/2-1-870x489.png 870w, https:\/\/groweriq.ca\/wp-content\/uploads\/2022\/11\/2-1-1200x675.png 1200w\" sizes=\"(max-width: 2000px) 100vw, 2000px\" \/><figcaption class=\"wp-element-caption\">A can\u00e1bis para uso recreativo ainda \u00e9 ilegal na Rep\u00fablica Checa, mas os planos para a sua legaliza\u00e7\u00e3o est\u00e3o em curso &#8211; Imagem cortesia de SensiSeeds.com<\/figcaption><\/figure>\n<h4 class=\"wp-block-heading\">Exig\u00eancias da can\u00e1bis industrial<\/h4>\n\n<p>Quanto a fins industriais, t\u00e9cnicos e de jardinagem, \u00e9 permitida a can\u00e1bis que contenha um m\u00e1ximo de 1% de THC, incluindo as vendas. No entanto, a autoridade aduaneira deve ser notificada quando se cultiva can\u00e1bis industrial em mais de 100 m<sup>2<\/sup> de terreno.<\/p>\n\n<h5 class=\"wp-block-heading\">Subst\u00e2ncias alimentares<\/h5>\n\n<p>N\u00e3o h\u00e1 toler\u00e2ncia para THC nos suplementos alimentares na Rep\u00fablica Checa.<\/p>\n\n<p>Para que a <a href=\"https:\/\/groweriq.ca\/2019\/01\/14\/the-challenge-of-terpene-extraction\/\" target=\"_blank\" rel=\"noreferrer noopener\">CDB<\/a> possa estar no mercado, \u00e9 necess\u00e1ria uma autoriza\u00e7\u00e3o ao abrigo do Regulamento (UE) 2015\/2283 do Parlamento Europeu e do Conselho de 25 de Novembro de 2015. Isto porque a CDB \u00e9 considerada um &#8220;novo alimento&#8221;. <\/p>\n\n<p>De acordo com a Autoridade Estatal Checa de Inspe\u00e7\u00e3o Agr\u00edcola e Alimentar: <\/p>\n\n<ul class=\"wp-block-list\">\n<li>Os produtos de folhas ou sementes de c\u00e2nhamo que cont\u00eam naturalmente CDB <strong>n\u00e3o s\u00e3o<\/strong> considerados &#8220;novos alimentos&#8221; e n\u00e3o \u00e9 necess\u00e1ria autoriza\u00e7\u00e3o.<\/li>\n\n\n\n<li>Os canabin\u00f3ides sint\u00e9ticos <strong>s\u00e3o considerados<\/strong> &#8220;novos alimentos&#8221; e necessitam de autoriza\u00e7\u00e3o antes de entrarem no mercado.<\/li>\n<\/ul>\n\n<h5 class=\"wp-block-heading\">Fumar<\/h5>\n\n<p>Os cigarros CBD precisam de ser distinguidos entre cigarros eletr\u00f3nicos (e enchimentos l\u00edquidos\/cartuchos) e cigarros herbais (cigarros).<\/p>\n\n<p>Segundo a lei atual, nenhum THC pode estar presente. Mas quanto \u00e0 utiliza\u00e7\u00e3o da CDB:<\/p>\n\n<ul class=\"wp-block-list\">\n<li>Os cigarros eletr\u00f3nicos <strong>n\u00e3o s\u00e3o de todo permitidos<\/strong> <\/li>\n\n\n\n<li>Cigarros \u00e0 base de plantas <strong>s\u00e3o permitidos<\/strong><\/li>\n<\/ul>\n\n<p>\u00c9 proibido fabricar qualquer produto de CDB feito a partir da parte superior da planta de can\u00e1bis para uso oral, independentemente do conte\u00fado de THC na planta de can\u00e1bis original. <\/p>\n\n<h5 class=\"wp-block-heading\">Cosm\u00e9ticos<\/h5>\n\n<p>A \u00fanica lei checa sobre cosm\u00e9ticos exige que n\u00e3o possam conter qualquer THC. Os cosm\u00e9ticos da CBD que s\u00e3o livres de THC s\u00e3o legalmente permitidos. Atualmente, <a href=\"https:\/\/www.taylorwessing.com\/en\/interface\/2022\/foodtech\/the-current-regulatory-framework-for-the-marketing-of-products-containing-cbd\" target=\"_blank\" rel=\"noreferrer noopener\">est\u00e3o em curso discuss\u00f5es<\/a> sobre este tema, uma vez que esta lei n\u00e3o est\u00e1 em conformidade com as recomenda\u00e7\u00f5es da OMS e da Comiss\u00e3o Europeia<\/p>\n\n<h2 class=\"wp-block-heading\">Licen\u00e7as e licenciamentos legais<\/h2>\n\n<p>Para informa\u00e7\u00f5es semelhantes tais como obter uma licen\u00e7a de can\u00e1bis na Rep\u00fablica Checa, explore os nossos guias para <a href=\"https:\/\/groweriq.ca\/?s=how+to+get+a+cannabis+license+in&amp;lang=en\" target=\"_blank\" rel=\"noreferrer noopener\">outros pa\u00edses.<\/a><\/p>\n\n<h3>Descubra Mais<\/h3>\n\n<p> Interessado num plano de cultivo de can\u00e1bis que apoie todas as suas necessidades? Os nossos consultores podem ajud\u00e1-lo a planear a sua opera\u00e7\u00e3o, acompanhar o processo desde a semente at\u00e9 \u00e0 venda e manter-se em conformidade.<\/p>\n\n<a class=\"x-btn\" href=\"https:\/\/groweriq.ca\/consulting\/industry-expertise\/\" style=\"outline: none; max-width: fit-content;\">Falar com um consultor especialista<\/a><p><\/p>\n<div class=\"cs-content x-global-block x-global-block-4174 e4174-e0\"><div class=\"x-section e4174-e2 m37y-0 m37y-1\"><div class=\"x-row x-container max width e4174-e3 m37y-3 m37y-4\"><div class=\"x-row-inner\"><div class=\"x-col e4174-e4 m37y-5\"><hr class=\"x-line e4174-e5 m37y-6\"\/><div class=\"x-text x-text-headline e4174-e6 m37y-7 m37y-8\"><div class=\"x-text-content\"><div class=\"x-text-content-text\"><h2 class=\"x-text-content-text-primary\">Recommended For You<\/h2>\n<\/div><\/div><\/div><div  class=\"x-recent-posts cf horizontal\"  data-x-element=\"recent_posts\" data-x-params=\"{&quot;fade&quot;:false}\" data-fade=\"false\" ><a class=\"x-recent-post3 with-image\" href=\"https:\/\/groweriq.ca\/pt-pt\/2024\/02\/10\/3-maneiras-como-o-software-de-inventario-de-cababis-pode-simplificar-as-suas-operacoes\/\" title=\"Permalink to: &quot;3 Maneiras como o Software de Invent\u00e1rio de Cab\u00e1bis pode Simplificar as suas Opera\u00e7\u00f5es&quot;\"><article id=\"post-25493\" class=\"post-25493 post type-post status-publish format-standard has-post-thumbnail hentry category-sem-categoria tag-cultivo-de-canabis tag-negocio-de-canabis\"><div class=\"entry-wrap\"><div class=\"x-recent-posts-img\" style=\"background-image: url(https:\/\/groweriq.ca\/wp-content\/uploads\/2020\/11\/Seed-to-Sale-Software-Cannabis-Sales-Software-Client-Tracking-v2-870x520.jpg);\"><i class='x-framework-icon x-recent-posts-icon' data-x-icon-s='&#xf15c;' aria-hidden=true><\/i><\/div><div class=\"x-recent-posts-content\"><h3 class=\"h-recent-posts\">3 Maneiras como o Software de Invent\u00e1rio de Cab\u00e1bis pode Simplificar as suas Opera\u00e7\u00f5es<\/h3><span class=\"x-recent-posts-date\">10 de Fevereiro, 2024<\/span><\/div><\/div><\/article><\/a><a class=\"x-recent-post3 with-image\" href=\"https:\/\/groweriq.ca\/pt-pt\/2024\/02\/10\/o-que-e-o-acompanhamento-da-semente-ate-a-venda-e-como-e-que-agiliza-a-producao-de-canabis\/\" title=\"Permalink to: &quot;O que \u00e9 o Acompanhamento da Semente at\u00e9 \u00e0 Venda e Como \u00e9 que Agiliza a Produ\u00e7\u00e3o de Can\u00e1bis&quot;\"><article id=\"post-25486\" class=\"post-25486 post type-post status-publish format-standard has-post-thumbnail hentry category-sem-categoria\"><div class=\"entry-wrap\"><div class=\"x-recent-posts-img\" style=\"background-image: url(https:\/\/groweriq.ca\/wp-content\/uploads\/2019\/04\/CollageCultivationSoftware-1-930x520.png);\"><i class='x-framework-icon x-recent-posts-icon' data-x-icon-s='&#xf15c;' aria-hidden=true><\/i><\/div><div class=\"x-recent-posts-content\"><h3 class=\"h-recent-posts\">O que \u00e9 o Acompanhamento da Semente at\u00e9 \u00e0 Venda e Como \u00e9 que Agiliza a Produ\u00e7\u00e3o de Can\u00e1bis<\/h3><span class=\"x-recent-posts-date\">10 de Fevereiro, 2024<\/span><\/div><\/div><\/article><\/a><a class=\"x-recent-post3 with-image\" href=\"https:\/\/groweriq.ca\/pt-pt\/2023\/07\/30\/a-bmlca-e-a-groweriq-unem-forcas-para-desenvolver-a-industria-de-canabis-de-barbados\/\" title=\"Permalink to: &quot;A BMLCA e a GrowerIQ Unem For\u00e7as para Desenvolver a Ind\u00fastria de Can\u00e1bis de Barbados&quot;\"><article id=\"post-21248\" class=\"post-21248 post type-post status-publish format-standard has-post-thumbnail hentry category-canabis-prc category-informacao-do-mercado category-internacional-pt-pt category-noticias-pt-pt category-noticias-pt-pt-2 category-noticias-da-industria category-parcerias category-produtor-licenciado category-sem-categoria category-semente-para-venda-groweriq category-software-pt-pt category-software-de-canabis category-software-de-gestao-de-canabis tag-autoridade-de-licenciamento-da-canabis-medicinal-de-barbados tag-bmcla-pt-pt tag-consultoria-de-canabis tag-ecosistema-de-canabis tag-industria-de-cannabis tag-lei-da-industria-da-canabis-medicinal-de-barbados tag-sistema-de-gestao-de-canabis tag-sistemas-de-gestao-de-canabis-avancados tag-software-como-servico-saas-para-produtos-a-base-de-canabis\"><div class=\"entry-wrap\"><div class=\"x-recent-posts-img\" style=\"background-image: url(https:\/\/groweriq.ca\/wp-content\/uploads\/2023\/07\/GIQ_2307_Barbados-Article-1-1-870x520.png);\"><i class='x-framework-icon x-recent-posts-icon' data-x-icon-s='&#xf15c;' aria-hidden=true><\/i><\/div><div class=\"x-recent-posts-content\"><h3 class=\"h-recent-posts\">A BMLCA e a GrowerIQ Unem For\u00e7as para Desenvolver a Ind\u00fastria de Can\u00e1bis de Barbados<\/h3><span class=\"x-recent-posts-date\">30 de Julho, 2023<\/span><\/div><\/div><\/article><\/a><\/div><\/div><\/div><\/div><\/div><div class=\"x-section e4174-e8 m37y-1 m37y-2\"><div class=\"x-container max width e4174-e9 m37y-a\"><div class=\"x-column x-sm x-1-2 e4174-e10 m37y-b\"><div class=\"x-text x-text-headline e4174-e11 m37y-8 m37y-9\"><div class=\"x-text-content\"><div class=\"x-text-content-text\"><h2 class=\"x-text-content-text-primary\"><span>About GrowerIQ<\/span><\/h2>\n<\/div><\/div><\/div><div class=\"x-content-area e4174-e12 m37y-c\">GrowerIQ is a complete cannabis production management platform. Ours is the first platform to integrate your facility systems, including sensors, building controls, QMS, and ERP, into a single simplified interface.\n<br\/><br\/>\n\nGrowerIQ is changing the way producers use software - transforming a regulatory requirement into a robust platform to learn, analyze, and improve performance. \n<br\/><br\/>\n\nTo find out more about GrowerIQ and how we can help, fill out the form to the right, start a chat, or <a class=\"link\" href=\"\/contact-us\/\">contact us<\/a>.<\/div><\/div><div class=\"x-column x-sm x-1-2 e4174-e13 m37y-b\"><div class=\"x-content-area x-hide-sm x-hide-xs e4174-e14 m37y-c\"><h2 style=\"color: white !important;\">Start today.<\/h2>\n<p style=\"color: white !important;\">Let us know how to reach you, and we'll get in touch to discuss your project.<\/p>\n<div class=\"salesforce_w2l_lead sf_one_column\"><form id=\"sf_form_salesforce_w2l_lead_4\" class=\"w2llead placeholders\" method=\"post\" action=\"#sf_form_salesforce_w2l_lead_4\"><div class=\"sf_field sf_field_first_name sf_type_text\">\t<input type=\"text\" placeholder=\"Name *\" value=\"\" id=\"sf_first_name\" class=\"w2linput text\" name=\"first_name\"  \/><div class=\"clearfix\"><\/div><\/div><div class=\"sf_field sf_field_email sf_type_text\">\t<input type=\"text\" placeholder=\"Email *\" value=\"\" id=\"sf_email\" class=\"w2linput text\" name=\"email\"  \/><div class=\"clearfix\"><\/div><\/div><div class=\"sf_field sf_field_description sf_type_textarea\">\t\t<textarea id=\"sf_description\" class=\"w2linput textarea\" name=\"description\" placeholder=\"Message\"><\/textarea><div class=\"clearfix\"><\/div><\/div>\t\t<input type=\"hidden\" id=\"sf_GCLID__c\" class=\"w2linput hidden\" name=\"GCLID__c\" value=\"\" \/>\t\t<input type=\"hidden\" id=\"sf_Utm_campaign__c\" class=\"w2linput hidden\" name=\"Utm_campaign__c\" value=\"\" \/>\t\t<input type=\"hidden\" id=\"sf_Utm_content__c\" class=\"w2linput hidden\" name=\"Utm_content__c\" value=\"\" \/>\t\t<input type=\"hidden\" id=\"sf_Utm_medium__c\" class=\"w2linput hidden\" name=\"Utm_medium__c\" value=\"\" \/>\t\t<input type=\"hidden\" id=\"sf_Utm_source__c\" class=\"w2linput hidden\" name=\"Utm_source__c\" value=\"\" \/>\t\t<input type=\"hidden\" id=\"sf_Utm_term__c\" class=\"w2linput hidden\" name=\"Utm_term__c\" value=\"\" \/>\t\t<input type=\"hidden\" id=\"sf_Referral_url__c\" class=\"w2linput hidden\" name=\"Referral_url__c\" value=\"\" \/>\t<input type=\"text\" name=\"message\" class=\"w2linput\" value=\"\" style=\"display: none;\" \/>\t<input type=\"hidden\" name=\"form_id\" class=\"w2linput\" value=\"4\" \/>\t<div class=\"w2lsubmit\"><input type=\"submit\" name=\"w2lsubmit\" class=\"w2linput submit\" value=\"Get Started\" \/><\/div><\/form><\/div>\n\n<p style=\"color: white !important; font-size: 9px !important; line-height: 15px !important;\">GrowerIQ does not share, sell, rent, or trade personally identifiable information with third parties for promotional purposes. <a href=\"\/privacy-policy\/\" style=\"color: white !important; text-decoration: underline !important;\">Privacy Policy<\/a><\/p><\/div><\/div><\/div><\/div><\/div>\n","protected":false},"excerpt":{"rendered":"<p>A Rep\u00fablica Checa, tamb\u00e9m conhecida como Ch\u00e9quia, planeia elaborar a sua legaliza\u00e7\u00e3o de can\u00e1bis ap\u00f3s o recente an\u00fancio do plano da Alemanha. Os dois pa\u00edses esperam trabalhar em conjunto na partilha de informa\u00e7\u00e3o e melhores pr\u00e1ticas para regular a ind\u00fastria legal da can\u00e1bis da Rep\u00fablica Checa. <\/p>\n","protected":false},"author":29,"featured_media":0,"parent":0,"menu_order":0,"comment_status":"closed","ping_status":"closed","template":"","meta":{"_elementor_css":"","footnotes":""},"categories":[422,478,751,425,672,961,544,671,424],"tags":[436,963,965,427,565,962,429,438,540,799,428,673,964],"class_list":["post-17032","page","type-page","status-publish","hentry","category-canabis","category-canabis-prc","category-consulting-pt-pt","category-informacao-do-mercado","category-internacional-pt-pt","category-legalizacao","category-plano-de-negocios-de-canabis","category-processo-de-candidatura-a-pl","category-processo-de-licenca","tag-canabis","tag-canabis-checa","tag-canabis-republica-checa","tag-cultivo-de-canabis","tag-industria-de-cannabis","tag-legalizacao","tag-marijuana-medicinal","tag-mestre-cultivador","tag-negocio-de-canabis","tag-plano-de-negocios-de-canabis","tag-processo-de-licenca","tag-regulamento-canabis","tag-republica-checa","no-post-thumbnail"],"_links":{"self":[{"href":"https:\/\/groweriq.ca\/pt-pt\/wp-json\/wp\/v2\/pages\/17032","targetHints":{"allow":["GET"]}}],"collection":[{"href":"https:\/\/groweriq.ca\/pt-pt\/wp-json\/wp\/v2\/pages"}],"about":[{"href":"https:\/\/groweriq.ca\/pt-pt\/wp-json\/wp\/v2\/types\/page"}],"author":[{"embeddable":true,"href":"https:\/\/groweriq.ca\/pt-pt\/wp-json\/wp\/v2\/users\/29"}],"replies":[{"embeddable":true,"href":"https:\/\/groweriq.ca\/pt-pt\/wp-json\/wp\/v2\/comments?post=17032"}],"version-history":[{"count":1,"href":"https:\/\/groweriq.ca\/pt-pt\/wp-json\/wp\/v2\/pages\/17032\/revisions"}],"predecessor-version":[{"id":17035,"href":"https:\/\/groweriq.ca\/pt-pt\/wp-json\/wp\/v2\/pages\/17032\/revisions\/17035"}],"wp:attachment":[{"href":"https:\/\/groweriq.ca\/pt-pt\/wp-json\/wp\/v2\/media?parent=17032"}],"wp:term":[{"taxonomy":"category","embeddable":true,"href":"https:\/\/groweriq.ca\/pt-pt\/wp-json\/wp\/v2\/categories?post=17032"},{"taxonomy":"post_tag","embeddable":true,"href":"https:\/\/groweriq.ca\/pt-pt\/wp-json\/wp\/v2\/tags?post=17032"}],"curies":[{"name":"wp","href":"https:\/\/api.w.org\/{rel}","templated":true}]}}