{"id":15186,"date":"2022-12-01T06:52:18","date_gmt":"2022-12-01T11:52:18","guid":{"rendered":"https:\/\/groweriq.ca\/its-never-2-l8-para-parceiros-de-alta-qualidade\/"},"modified":"2024-08-15T19:50:32","modified_gmt":"2024-08-15T23:50:32","slug":"its-never-2-l8-para-parceiros-de-alta-qualidade","status":"publish","type":"page","link":"https:\/\/groweriq.ca\/pt-pt\/its-never-2-l8-para-parceiros-de-alta-qualidade\/","title":{"rendered":"&#8220;IT&#8217;S NEVER 2 L8&#8221; Para Parceiros de Alta Qualidade"},"content":{"rendered":"\n<h2 class=\"wp-block-heading\">It&#8217;s Never 2 L8, uma empresa l\u00edder de can\u00e1bis com sede na Su\u00ed\u00e7a, precisava de ser capaz de seguir os seus produtos desde a semente at\u00e9 \u00e0 venda, mas sem um sistema unificado de registo, arriscava-se a correr o risco de infringir os regulamentos e perder tempo e dinheiro devido a inefici\u00eancias.<\/h2>\n\n\n\n<h3 class=\"wp-block-heading\">Sobre a It&#8217;s Never 2 L8 Cannabis<\/h3>\n\n\n\n<p>Antes de come\u00e7armos com este artigo, queremos ter a certeza que aprendeu sobre o nosso <a href=\"https:\/\/groweriq.ca\/2019\/04\/05\/groweriq-is-more-than-seed-to-sale-software\/\" target=\"_blank\" rel=\"noreferrer noopener\">software de cultivo de can\u00e1bis<\/a>. Se n\u00e3o aprendeu, aconselhamo-lo a visitar o artigo nesse link antes de continuar a ler este artigo.<\/p>\n\n\n\n<p>A It&#8217;s Never 2 L8, uma empresa de can\u00e1bis que se orgulha dos seus padr\u00f5es de controlo de qualidade rigorosos e produtos de alta qualidade, tem procurado uma plataforma de software para a ajudar a cumprir os regulamentos em constante mudan\u00e7a. A empresa queria um software que fosse especificamente concebido para as suas duas instala\u00e7\u00f5es de 150 p\u00e9s quadrados de cultivo interior, com uma interface de utilizador intuitiva e um apoio ao cliente recetivo. Eles tamb\u00e9m precisavam de uma plataforma em v\u00e1rias l\u00ednguas\u2014para facilitar a utiliza\u00e7\u00e3o pela sua equipa internacional.<\/p>\n\n\n\n<figure class=\"wp-block-image size-large x-image x-img x-img-thumbnail\"><img decoding=\"async\" src=\"https:\/\/groweriq.ca\/wp-content\/uploads\/2022\/10\/6-1-2000x1125.png\" alt=\"GrowerIQ, uma solu\u00e7\u00e3o anal\u00edtica de can\u00e1bis desenvolvida de acordo com as normas BPF da UE, \u00e9 a escolha perfeita para os cultivadores que se esfor\u00e7am por criar produtos de qualidade e seguros.\"\/><figcaption class=\"wp-element-caption\">GrowerIQ, uma solu\u00e7\u00e3o anal\u00edtica de can\u00e1bis desenvolvida de acordo com as normas BPF da UE, \u00e9 a escolha perfeita para a It&#8217;s Never 2 L8, uma empresa de can\u00e1bis sui\u00e7a esfor\u00e7ando-se por criar produtos de qualidade e seguros.<\/figcaption><\/figure>\n\n\n\n<h3 class=\"wp-block-heading\">Porque Escolheram a GrowerIQ<\/h3>\n\n\n\n<p>A It&#8217;s Never 2 L8 escolheu a GrowerIQ desenvolvida de acordo com as normas BPF da UE, tornando-a a solu\u00e7\u00e3o perfeita para os produtores de can\u00e1bis que se preocupam com a qualidade e seguran\u00e7a do produto Isto significa que o software cumpre diretrizes rigorosas a fim de manter um n\u00edvel de seguran\u00e7a e controlo de qualidade elevados e rastreabilidade ao longo de todas as fases de crescimento &#8211; desde a fase da muda at\u00e9 \u00e0 colheita. Como a GrowerIQ \u00e9 o \u00fanico software PRC de can\u00e1bis que cumpre estas normas, eles estavam confort\u00e1veis em escolh\u00ea-lo como a sua plataforma. <\/p>\n\n\n\n<blockquote class=\"wp-block-quote is-layout-flow wp-block-quote-is-layout-flow\">\n<p>&#8220;A equipa GrowerIQ \u00e9 tamb\u00e9m altamente recetiva e conhecedora da ind\u00fastria da can\u00e1bis. Isto fez deles o parceiro perfeito para as necessidades da It&#8217;s Never 2 L8. Gra\u00e7as ao GrowerIQ, somos agora capazes de seguir facilmente os nossos produtos de can\u00e1bis desde a semente at\u00e9 \u00e0 venda e assegurar que eles satisfazem todos os padr\u00f5es de qualidade&#8221;.<\/p>\n<cite>Jonas D., Fundador, It\u2019s Never 2 L8 Cannabis<\/cite><\/blockquote>\n\n\n\n<p>A equipa GrowerIQ est\u00e1 aqui para o ajudar a atingir os padr\u00f5es de qualidade certos no que diz respeito aos seus produtos &#8211; e isso significa reduzir o risco e cumprir regulamentos rigorosos, assegurando ao mesmo tempo a conformidade com as melhores pr\u00e1ticas. Temos orgulho em estar associados a uma empresa como a It&#8217;s Never 2 L8 e estamos felizes em receb\u00ea-los como novos clientes.<\/p>\n\n\n\n<p>Agora que est\u00e1 quase a terminar a leitura deste artigo, queremos ter a certeza de que continuar\u00e1 a sua viagem de aprendizagem (que, como mencion\u00e1mos anteriormente, nunca dever\u00e1 terminar!) ap\u00f3s este artigo. Aqui est\u00e3o algumas hist\u00f3rias de parcerias GrowerIQ que pensamos que vai adorar: <a href=\"https:\/\/groweriq.ca\/2019\/04\/05\/groweriq-is-more-than-seed-to-sale-software\/groweriq.ca\/client-case-studies\/irie-craft-cannabis\/\" target=\"_blank\" rel=\"noreferrer noopener\">Irie Craft Cannabis<\/a>, <a href=\"https:\/\/groweriq.ca\/2019\/04\/05\/groweriq-is-more-than-seed-to-sale-software\/groweriq.ca\/client-case-studies\/germanabis-case-study-overcoming-budget-adversity\/\" target=\"_blank\" rel=\"noreferrer noopener\">Estudo de caso Germanabis sobre GrowerIQ<\/a>, <a href=\"https:\/\/groweriq.ca\/2019\/04\/05\/groweriq-is-more-than-seed-to-sale-software\/groweriq.ca\/client-case-studies\/master-grower-case-study-modernizing-the-growing-experience\/\" target=\"_blank\" rel=\"noreferrer noopener\">Estudo de Caso de um Mestre Cultivador<\/a>, <a href=\"https:\/\/groweriq.ca\/2021\/07\/16\/groweriq-announces-partnership-with-portuguese-lab-lef-infosaude\/\" target=\"_blank\" rel=\"noreferrer noopener\">Parceria da GrowerIQ com LEF<\/a>, <a href=\"https:\/\/groweriq.ca\/2019\/04\/05\/groweriq-is-more-than-seed-to-sale-software\/groweriq.ca\/309lab-tightening-the-nuts-and-bolts\/\" target=\"_blank\" rel=\"noreferrer noopener\">309Lab: Tightening the Nuts and Bolts<\/a>, <a href=\"https:\/\/groweriq.ca\/2019\/04\/05\/groweriq-is-more-than-seed-to-sale-software\/groweriq.ca\/partnerships\/groweriq-cann-grow-rich\/\" target=\"_blank\" rel=\"noreferrer noopener\">Cann Grow Rich<\/a>, <a href=\"https:\/\/groweriq.ca\/2019\/04\/05\/groweriq-is-more-than-seed-to-sale-software\/groweriq.ca\/partnerships\/lef-lab-infosaude-portugal\/\" target=\"_blank\" rel=\"noreferrer noopener\">LEF Infosa\u00fade Lab<\/a>, <a href=\"https:\/\/groweriq.ca\/2019\/11\/07\/groweriq-announces-collaboration-with-dalhousie-university\/\" target=\"_blank\" rel=\"noreferrer noopener\">Dalhousie Cannabis Course<\/a>, <a href=\"https:\/\/groweriq.ca\/2019\/04\/05\/groweriq-is-more-than-seed-to-sale-software\/groweriq.ca\/client-case-studies\/grunelabs-tracking-plant-lifecyles-made-easy\/\" target=\"_blank\" rel=\"noreferrer noopener\">Gr\u00fcneLabs<\/a>, <a href=\"https:\/\/groweriq.ca\/2019\/04\/05\/groweriq-is-more-than-seed-to-sale-software\/groweriq.ca\/client-case-studies\/how-medcann-relied-on-the-experts-at-groweriq\/\" target=\"_blank\" rel=\"noreferrer noopener\">Medcann<\/a>, <a href=\"https:\/\/groweriq.ca\/2019\/04\/05\/groweriq-is-more-than-seed-to-sale-software\/groweriq.ca\/client-case-studies\/how-meditative-greens-relied-on-the-cannabis-industry-experts-at-groweriq\/\" target=\"_blank\" rel=\"noreferrer noopener\">Meditative Greens<\/a>, e <a href=\"https:\/\/groweriq.ca\/2019\/04\/05\/groweriq-is-more-than-seed-to-sale-software\/groweriq.ca\/client-case-studies\/master-plant-holdings\/\" target=\"_blank\" rel=\"noreferrer noopener\">Master Plant<\/a>.<\/p>\n\n\n\n<h3 class=\"wp-block-heading\">Descubra Mais<\/h3>\n\n\n\n<p>O software de semente para venda da GrowerIQ \u00e9 a melhor maneira de se iniciar na ind\u00fastria da can\u00e1bis. Com a sua interface de f\u00e1cil utiliza\u00e7\u00e3o e in\u00fameras caracter\u00edsticas abrangentes, poder\u00e1 deixar a sua marca na ind\u00fastria num instante! <\/p>\n\n\n\n<a class=\"x-btn\" href=\"https:\/\/groweriq.ca\/software\/cannabis-software\/\" style=\"outline: none; max-width: fit-content;\">Descubra Mais sobre o Software de Semente Para Venda<\/a><p><\/p>\n\n\n<div class=\"cs-content x-global-block x-global-block-4174 e4174-e0\"><div class=\"x-section e4174-e2 m37y-0 m37y-1\"><div class=\"x-row x-container max width e4174-e3 m37y-3 m37y-4\"><div class=\"x-row-inner\"><div class=\"x-col e4174-e4 m37y-5\"><hr class=\"x-line e4174-e5 m37y-6\"\/><div class=\"x-text x-text-headline e4174-e6 m37y-7 m37y-8\"><div class=\"x-text-content\"><div class=\"x-text-content-text\"><h2 class=\"x-text-content-text-primary\">Recommended For You<\/h2>\n<\/div><\/div><\/div><div  class=\"x-recent-posts cf horizontal\"  data-x-element=\"recent_posts\" data-x-params=\"{&quot;fade&quot;:false}\" data-fade=\"false\" ><a class=\"x-recent-post3 with-image\" href=\"https:\/\/groweriq.ca\/pt-pt\/2024\/02\/10\/3-maneiras-como-o-software-de-inventario-de-cababis-pode-simplificar-as-suas-operacoes\/\" title=\"Permalink to: &quot;3 Maneiras como o Software de Invent\u00e1rio de Cab\u00e1bis pode Simplificar as suas Opera\u00e7\u00f5es&quot;\"><article id=\"post-25493\" class=\"post-25493 post type-post status-publish format-standard has-post-thumbnail hentry category-sem-categoria tag-cultivo-de-canabis tag-negocio-de-canabis\"><div class=\"entry-wrap\"><div class=\"x-recent-posts-img\" style=\"background-image: url(https:\/\/groweriq.ca\/wp-content\/uploads\/2020\/11\/Seed-to-Sale-Software-Cannabis-Sales-Software-Client-Tracking-v2-870x520.jpg);\"><i class='x-framework-icon x-recent-posts-icon' data-x-icon-s='&#xf15c;' aria-hidden=true><\/i><\/div><div class=\"x-recent-posts-content\"><h3 class=\"h-recent-posts\">3 Maneiras como o Software de Invent\u00e1rio de Cab\u00e1bis pode Simplificar as suas Opera\u00e7\u00f5es<\/h3><span class=\"x-recent-posts-date\">10 de Fevereiro, 2024<\/span><\/div><\/div><\/article><\/a><a class=\"x-recent-post3 with-image\" href=\"https:\/\/groweriq.ca\/pt-pt\/2024\/02\/10\/o-que-e-o-acompanhamento-da-semente-ate-a-venda-e-como-e-que-agiliza-a-producao-de-canabis\/\" title=\"Permalink to: &quot;O que \u00e9 o Acompanhamento da Semente at\u00e9 \u00e0 Venda e Como \u00e9 que Agiliza a Produ\u00e7\u00e3o de Can\u00e1bis&quot;\"><article id=\"post-25486\" class=\"post-25486 post type-post status-publish format-standard has-post-thumbnail hentry category-sem-categoria\"><div class=\"entry-wrap\"><div class=\"x-recent-posts-img\" style=\"background-image: url(https:\/\/groweriq.ca\/wp-content\/uploads\/2019\/04\/CollageCultivationSoftware-1-930x520.png);\"><i class='x-framework-icon x-recent-posts-icon' data-x-icon-s='&#xf15c;' aria-hidden=true><\/i><\/div><div class=\"x-recent-posts-content\"><h3 class=\"h-recent-posts\">O que \u00e9 o Acompanhamento da Semente at\u00e9 \u00e0 Venda e Como \u00e9 que Agiliza a Produ\u00e7\u00e3o de Can\u00e1bis<\/h3><span class=\"x-recent-posts-date\">10 de Fevereiro, 2024<\/span><\/div><\/div><\/article><\/a><a class=\"x-recent-post3 with-image\" href=\"https:\/\/groweriq.ca\/pt-pt\/2023\/07\/30\/a-bmlca-e-a-groweriq-unem-forcas-para-desenvolver-a-industria-de-canabis-de-barbados\/\" title=\"Permalink to: &quot;A BMLCA e a GrowerIQ Unem For\u00e7as para Desenvolver a Ind\u00fastria de Can\u00e1bis de Barbados&quot;\"><article id=\"post-21248\" class=\"post-21248 post type-post status-publish format-standard has-post-thumbnail hentry category-canabis-prc category-informacao-do-mercado category-internacional-pt-pt category-noticias-pt-pt category-noticias-pt-pt-2 category-noticias-da-industria category-parcerias category-produtor-licenciado category-sem-categoria category-semente-para-venda-groweriq category-software-pt-pt category-software-de-canabis category-software-de-gestao-de-canabis tag-autoridade-de-licenciamento-da-canabis-medicinal-de-barbados tag-bmcla-pt-pt tag-consultoria-de-canabis tag-ecosistema-de-canabis tag-industria-de-cannabis tag-lei-da-industria-da-canabis-medicinal-de-barbados tag-sistema-de-gestao-de-canabis tag-sistemas-de-gestao-de-canabis-avancados tag-software-como-servico-saas-para-produtos-a-base-de-canabis\"><div class=\"entry-wrap\"><div class=\"x-recent-posts-img\" style=\"background-image: url(https:\/\/groweriq.ca\/wp-content\/uploads\/2023\/07\/GIQ_2307_Barbados-Article-1-1-870x520.png);\"><i class='x-framework-icon x-recent-posts-icon' data-x-icon-s='&#xf15c;' aria-hidden=true><\/i><\/div><div class=\"x-recent-posts-content\"><h3 class=\"h-recent-posts\">A BMLCA e a GrowerIQ Unem For\u00e7as para Desenvolver a Ind\u00fastria de Can\u00e1bis de Barbados<\/h3><span class=\"x-recent-posts-date\">30 de Julho, 2023<\/span><\/div><\/div><\/article><\/a><\/div><\/div><\/div><\/div><\/div><div class=\"x-section e4174-e8 m37y-1 m37y-2\"><div class=\"x-container max width e4174-e9 m37y-a\"><div class=\"x-column x-sm x-1-2 e4174-e10 m37y-b\"><div class=\"x-text x-text-headline e4174-e11 m37y-8 m37y-9\"><div class=\"x-text-content\"><div class=\"x-text-content-text\"><h2 class=\"x-text-content-text-primary\"><span>About GrowerIQ<\/span><\/h2>\n<\/div><\/div><\/div><div class=\"x-content-area e4174-e12 m37y-c\">GrowerIQ is a complete cannabis production management platform. Ours is the first platform to integrate your facility systems, including sensors, building controls, QMS, and ERP, into a single simplified interface.\n<br\/><br\/>\n\nGrowerIQ is changing the way producers use software - transforming a regulatory requirement into a robust platform to learn, analyze, and improve performance. \n<br\/><br\/>\n\nTo find out more about GrowerIQ and how we can help, fill out the form to the right, start a chat, or <a class=\"link\" href=\"\/contact-us\/\">contact us<\/a>.<\/div><\/div><div class=\"x-column x-sm x-1-2 e4174-e13 m37y-b\"><div class=\"x-content-area x-hide-sm x-hide-xs e4174-e14 m37y-c\"><h2 style=\"color: white !important;\">Start today.<\/h2>\n<p style=\"color: white !important;\">Let us know how to reach you, and we'll get in touch to discuss your project.<\/p>\n<div class=\"salesforce_w2l_lead sf_one_column\"><form id=\"sf_form_salesforce_w2l_lead_4\" class=\"w2llead placeholders\" method=\"post\" action=\"#sf_form_salesforce_w2l_lead_4\"><div class=\"sf_field sf_field_first_name sf_type_text\">\t<input type=\"text\" placeholder=\"Name *\" value=\"\" id=\"sf_first_name\" class=\"w2linput text\" name=\"first_name\"  \/><div class=\"clearfix\"><\/div><\/div><div class=\"sf_field sf_field_email sf_type_text\">\t<input type=\"text\" placeholder=\"Email *\" value=\"\" id=\"sf_email\" class=\"w2linput text\" name=\"email\"  \/><div class=\"clearfix\"><\/div><\/div><div class=\"sf_field sf_field_description sf_type_textarea\">\t\t<textarea id=\"sf_description\" class=\"w2linput textarea\" name=\"description\" placeholder=\"Message\"><\/textarea><div class=\"clearfix\"><\/div><\/div>\t\t<input type=\"hidden\" id=\"sf_GCLID__c\" class=\"w2linput hidden\" name=\"GCLID__c\" value=\"\" \/>\t\t<input type=\"hidden\" id=\"sf_Utm_campaign__c\" class=\"w2linput hidden\" name=\"Utm_campaign__c\" value=\"\" \/>\t\t<input type=\"hidden\" id=\"sf_Utm_content__c\" class=\"w2linput hidden\" name=\"Utm_content__c\" value=\"\" \/>\t\t<input type=\"hidden\" id=\"sf_Utm_medium__c\" class=\"w2linput hidden\" name=\"Utm_medium__c\" value=\"\" \/>\t\t<input type=\"hidden\" id=\"sf_Utm_source__c\" class=\"w2linput hidden\" name=\"Utm_source__c\" value=\"\" \/>\t\t<input type=\"hidden\" id=\"sf_Utm_term__c\" class=\"w2linput hidden\" name=\"Utm_term__c\" value=\"\" \/>\t\t<input type=\"hidden\" id=\"sf_Referral_url__c\" class=\"w2linput hidden\" name=\"Referral_url__c\" value=\"\" \/>\t<input type=\"text\" name=\"message\" class=\"w2linput\" value=\"\" style=\"display: none;\" \/>\t<input type=\"hidden\" name=\"form_id\" class=\"w2linput\" value=\"4\" \/>\t<div class=\"w2lsubmit\"><input type=\"submit\" name=\"w2lsubmit\" class=\"w2linput submit\" value=\"Get Started\" \/><\/div><\/form><\/div>\n\n<p style=\"color: white !important; font-size: 9px !important; line-height: 15px !important;\">GrowerIQ does not share, sell, rent, or trade personally identifiable information with third parties for promotional purposes. <a href=\"\/privacy-policy\/\" style=\"color: white !important; text-decoration: underline !important;\">Privacy Policy<\/a><\/p><\/div><\/div><\/div><\/div><\/div>\n","protected":false},"excerpt":{"rendered":"<p>A GrowerIQ \u00e9 a escolha perfeita para a It&#8217;s Never 2 L8, uma empresa de can\u00e1bis sui\u00e7a esfor\u00e7ando-se por criar produtos de qualidade e seguros.<\/p>\n","protected":false},"author":29,"featured_media":14231,"parent":0,"menu_order":0,"comment_status":"closed","ping_status":"closed","template":"","meta":{"_elementor_css":"","footnotes":""},"categories":[898,672,902,418,545,903,899],"tags":[436,667,904,437,427,543,565,905,429,438,540,799,428,800,673,594,906,585,907],"class_list":["post-15186","page","type-page","status-publish","has-post-thumbnail","hentry","category-estudo-de-caso","category-internacional-pt-pt","category-parcerias","category-sem-categoria","category-semente-para-venda-groweriq","category-software-de-gestao-de-canabis","category-testemunho","tag-canabis","tag-canabis-prc","tag-caso-de-estudo","tag-consultoria-de-canabis","tag-cultivo-de-canabis","tag-cultivo-de-canabis-pt-pt","tag-industria-de-cannabis","tag-licenca-de-canabis","tag-marijuana-medicinal","tag-mestre-cultivador","tag-negocio-de-canabis","tag-plano-de-negocios-de-canabis","tag-processo-de-licenca","tag-producao-de-canabis","tag-regulamento-canabis","tag-sementes-para-venda-canabis","tag-software-de-canabis","tag-software-de-sementes-para-venda","tag-tech-de-canabis"],"_links":{"self":[{"href":"https:\/\/groweriq.ca\/pt-pt\/wp-json\/wp\/v2\/pages\/15186","targetHints":{"allow":["GET"]}}],"collection":[{"href":"https:\/\/groweriq.ca\/pt-pt\/wp-json\/wp\/v2\/pages"}],"about":[{"href":"https:\/\/groweriq.ca\/pt-pt\/wp-json\/wp\/v2\/types\/page"}],"author":[{"embeddable":true,"href":"https:\/\/groweriq.ca\/pt-pt\/wp-json\/wp\/v2\/users\/29"}],"replies":[{"embeddable":true,"href":"https:\/\/groweriq.ca\/pt-pt\/wp-json\/wp\/v2\/comments?post=15186"}],"version-history":[{"count":9,"href":"https:\/\/groweriq.ca\/pt-pt\/wp-json\/wp\/v2\/pages\/15186\/revisions"}],"predecessor-version":[{"id":17340,"href":"https:\/\/groweriq.ca\/pt-pt\/wp-json\/wp\/v2\/pages\/15186\/revisions\/17340"}],"wp:featuredmedia":[{"embeddable":true,"href":"https:\/\/groweriq.ca\/pt-pt\/wp-json\/wp\/v2\/media\/14231"}],"wp:attachment":[{"href":"https:\/\/groweriq.ca\/pt-pt\/wp-json\/wp\/v2\/media?parent=15186"}],"wp:term":[{"taxonomy":"category","embeddable":true,"href":"https:\/\/groweriq.ca\/pt-pt\/wp-json\/wp\/v2\/categories?post=15186"},{"taxonomy":"post_tag","embeddable":true,"href":"https:\/\/groweriq.ca\/pt-pt\/wp-json\/wp\/v2\/tags?post=15186"}],"curies":[{"name":"wp","href":"https:\/\/api.w.org\/{rel}","templated":true}]}}