{"id":15178,"date":"2022-11-30T15:17:02","date_gmt":"2022-11-30T20:17:02","guid":{"rendered":"https:\/\/groweriq.ca\/irie-craft-cannabis\/"},"modified":"2025-01-23T12:05:19","modified_gmt":"2025-01-23T17:05:19","slug":"irie-craft-cannabis","status":"publish","type":"page","link":"https:\/\/groweriq.ca\/pt-pt\/irie-craft-cannabis\/","title":{"rendered":"Irie Craft Cannabis"},"content":{"rendered":"\n<div class=\"wp-block-columns is-layout-flex wp-container-core-columns-is-layout-9d6595d7 wp-block-columns-is-layout-flex\">\n<div class=\"wp-block-column is-layout-flow wp-block-column-is-layout-flow\" style=\"flex-basis:80%\">\n<p>Um produtor de can\u00e1bis em expans\u00e3o baseado no Canad\u00e1 veio \u00e0 GrowerIQ para elevar as suas capacidades de software de semente para venda. Eles precisavam de seguir o produto desde a semente at\u00e9 \u00e0 venda, gerir o invent\u00e1rio e construir uma ferramenta de relat\u00f3rios robusta para a sua equipa. <\/p>\n\n\n\n<p>Isto \u00e9 o que eles tinham a dizer sobre trabalhar com a equipa GrowerIQ e o nosso <a href=\"https:\/\/groweriq.ca\/2019\/04\/05\/groweriq-is-more-than-seed-to-sale-software\/\" target=\"_blank\" rel=\"noreferrer noopener\">software de cultivo de can\u00e1bis<\/a> de sementes para venda. <\/p>\n<\/div>\n\n\n\n<div class=\"wp-block-column is-layout-flow wp-block-column-is-layout-flow\"><div class=\"wp-block-image x-image x-img x-img-thumbnail\">\n<figure class=\"aligncenter size-large\"><img fetchpriority=\"high\" decoding=\"async\" width=\"2000\" height=\"2000\" src=\"https:\/\/groweriq.ca\/wp-content\/uploads\/2022\/09\/Irie-Craft-Cannabis_hot-pink-01-2000x2000.jpg\" alt=\"Caso de Estudo da Irie Craft Cannabis: como a can&#xE1;bis GrowerIQ se compara com as outras.\" class=\"wp-image-13710\" srcset=\"https:\/\/groweriq.ca\/wp-content\/uploads\/2022\/09\/Irie-Craft-Cannabis_hot-pink-01-2000x2000.jpg 2000w, https:\/\/groweriq.ca\/wp-content\/uploads\/2022\/09\/Irie-Craft-Cannabis_hot-pink-01-300x300.jpg 300w, https:\/\/groweriq.ca\/wp-content\/uploads\/2022\/09\/Irie-Craft-Cannabis_hot-pink-01-150x150.jpg 150w, https:\/\/groweriq.ca\/wp-content\/uploads\/2022\/09\/Irie-Craft-Cannabis_hot-pink-01-768x768.jpg 768w, https:\/\/groweriq.ca\/wp-content\/uploads\/2022\/09\/Irie-Craft-Cannabis_hot-pink-01-1536x1536.jpg 1536w, https:\/\/groweriq.ca\/wp-content\/uploads\/2022\/09\/Irie-Craft-Cannabis_hot-pink-01-2048x2048.jpg 2048w, https:\/\/groweriq.ca\/wp-content\/uploads\/2022\/09\/Irie-Craft-Cannabis_hot-pink-01-100x100.jpg 100w, https:\/\/groweriq.ca\/wp-content\/uploads\/2022\/09\/Irie-Craft-Cannabis_hot-pink-01-870x870.jpg 870w, https:\/\/groweriq.ca\/wp-content\/uploads\/2022\/09\/Irie-Craft-Cannabis_hot-pink-01-1200x1200.jpg 1200w, https:\/\/groweriq.ca\/wp-content\/uploads\/2022\/09\/Irie-Craft-Cannabis_hot-pink-01-24x24.jpg 24w, https:\/\/groweriq.ca\/wp-content\/uploads\/2022\/09\/Irie-Craft-Cannabis_hot-pink-01-48x48.jpg 48w, https:\/\/groweriq.ca\/wp-content\/uploads\/2022\/09\/Irie-Craft-Cannabis_hot-pink-01-96x96.jpg 96w\" sizes=\"(max-width: 2000px) 100vw, 2000px\" \/><\/figure><\/div><\/div>\n<\/div>\n\n<h3 class=\"wp-block-heading\">O Que Eles Tinham a Dizer<\/h3>\n\n<p class=\"has-medium-font-size\"><em>&#8220;Queria apenas contactar-vos e dizer-vos que a vossa equipa de Sucesso do Cliente tem sido tremenda e muito pr\u00e1tica com a configura\u00e7\u00e3o da GrowerIQ. Eles foram mais al\u00e9m com a r\u00e1pida configura\u00e7\u00e3o do ambiente e foram extremamente \u00fateis com a nossa primeira apresenta\u00e7\u00e3o mensal do CTLS, n\u00e3o s\u00f3 foram \u00fateis como se preocupam muito com o trabalho que est\u00e3o a fazer e se preocupam com o nosso sucesso. J\u00e1 trabalhei com v\u00e1rias empresas de semente para venda e o programa deles n\u00e3o alcan\u00e7a o n\u00edvel deste sistema e o o servi\u00e7o ao cliente est\u00e1 sequer pr\u00f3ximo do que GrowerIQ oferece&#8221;<\/em><\/p>\n\n<blockquote class=\"wp-block-quote is-layout-flow wp-block-quote-is-layout-flow\">\n<p>J\u00e1 trabalhei com v\u00e1rias empresas de semente para venda e o programa deles n\u00e3o alcan\u00e7a o n\u00edvel deste sistema e o o servi\u00e7o ao cliente est\u00e1 sequer pr\u00f3ximo do que GrowerIQ oferece!<\/p>\n<cite>Zach, Irie Craft Cannabis<\/cite><\/blockquote>\n\n<p>Agora que est\u00e1 quase a terminar a leitura deste artigo, queremos ter a certeza de que continuar\u00e1 a sua viagem de aprendizagem (que nunca dever\u00e1 terminar!) ap\u00f3s este artigo. Aqui tem algumas hist\u00f3rias de parcerias GrowerIQ que vai adorar: <a href=\"https:\/\/groweriq.ca\/2019\/04\/05\/groweriq-is-more-than-seed-to-sale-software\/groweriq.ca\/client-case-studies\/germanabis-case-study-overcoming-budget-adversity\/\" target=\"_blank\" rel=\"noreferrer noopener\">Estudo de caso da Germanabis sobre a GrowerIQ<\/a>, <a href=\"https:\/\/groweriq.ca\/2019\/04\/05\/groweriq-is-more-than-seed-to-sale-software\/groweriq.ca\/client-case-studies\/master-grower-case-study-modernizing-the-growing-experience\/\" target=\"_blank\" rel=\"noreferrer noopener\">Estudo de caso de um Mestre Cultivador<\/a>, <a href=\"https:\/\/groweriq.ca\/2021\/07\/16\/groweriq-announces-partnership-with-portuguese-lab-lef-infosaude\/\" target=\"_blank\" rel=\"noreferrer noopener\">Parceria da GrowerIQ e LEF<\/a>, <a href=\"https:\/\/groweriq.ca\/2019\/04\/05\/groweriq-is-more-than-seed-to-sale-software\/groweriq.ca\/309lab-tightening-the-nuts-and-bolts\/\" target=\"_blank\" rel=\"noreferrer noopener\">309Lab: Tightening the Nuts and Bolts<\/a>, <a href=\"https:\/\/groweriq.ca\/2019\/04\/05\/groweriq-is-more-than-seed-to-sale-software\/groweriq.ca\/partnerships\/groweriq-cann-grow-rich\/\" target=\"_blank\" rel=\"noreferrer noopener\">Cann Grow Rich<\/a>, <a href=\"https:\/\/groweriq.ca\/2019\/04\/05\/groweriq-is-more-than-seed-to-sale-software\/groweriq.ca\/partnerships\/lef-lab-infosaude-portugal\/\" target=\"_blank\" rel=\"noreferrer noopener\">LEF Infosa\u00fade Lab<\/a>, <a href=\"https:\/\/groweriq.ca\/2019\/11\/07\/groweriq-announces-collaboration-with-dalhousie-university\/\" target=\"_blank\" rel=\"noreferrer noopener\">Dalhousie Cannabis Course<\/a>, <a href=\"https:\/\/groweriq.ca\/2019\/04\/05\/groweriq-is-more-than-seed-to-sale-software\/groweriq.ca\/client-case-studies\/grunelabs-tracking-plant-lifecyles-made-easy\/\" target=\"_blank\" rel=\"noreferrer noopener\">Gr\u00fcneLabs<\/a>, <a href=\"https:\/\/groweriq.ca\/2019\/04\/05\/groweriq-is-more-than-seed-to-sale-software\/groweriq.ca\/client-case-studies\/how-medcann-relied-on-the-experts-at-groweriq\/\" target=\"_blank\" rel=\"noreferrer noopener\">Medcann<\/a>, <a href=\"https:\/\/groweriq.ca\/2019\/04\/05\/groweriq-is-more-than-seed-to-sale-software\/groweriq.ca\/client-case-studies\/how-meditative-greens-relied-on-the-cannabis-industry-experts-at-groweriq\/\" target=\"_blank\" rel=\"noreferrer noopener\">Meditative Greens<\/a>, <a href=\"https:\/\/groweriq.ca\/2019\/04\/05\/groweriq-is-more-than-seed-to-sale-software\/groweriq.ca\/client-case-studies\/its-never-l8\/\" target=\"_blank\" rel=\"noreferrer noopener\">It&#8217;s Never 2 L8<\/a>, e <a href=\"https:\/\/groweriq.ca\/2019\/04\/05\/groweriq-is-more-than-seed-to-sale-software\/groweriq.ca\/client-case-studies\/master-plant-holdings\/\" target=\"_blank\" rel=\"noreferrer noopener\">Master Plant<\/a>.<\/p>\n\n<h3 class=\"wp-block-heading\">Descubra Mais<\/h3>\n\n<p>O software de semente para venda da GrowerIQ \u00e9 a melhor maneira de se iniciar na ind\u00fastria da can\u00e1bis. Com a sua interface de f\u00e1cil utiliza\u00e7\u00e3o e o seu conjunto de funcionalidades abrangente, poder\u00e1 deixar a sua marca na ind\u00fastria num instante! <\/p>\n\n<a class=\"x-btn\" href=\"https:\/\/groweriq.ca\/software\/cannabis-software\/\" style=\"outline: none; max-width: fit-content;\">Marque j\u00e1 uma demonstra\u00e7\u00e3o<\/a><p><\/p>\n<div class=\"cs-content x-global-block x-global-block-4174 e4174-e0\"><div class=\"x-section e4174-e2 m37y-0 m37y-1\"><div class=\"x-row x-container max width e4174-e3 m37y-3 m37y-4\"><div class=\"x-row-inner\"><div class=\"x-col e4174-e4 m37y-5\"><hr class=\"x-line e4174-e5 m37y-6\"\/><div class=\"x-text x-text-headline e4174-e6 m37y-7 m37y-8\"><div class=\"x-text-content\"><div class=\"x-text-content-text\"><h2 class=\"x-text-content-text-primary\">Recommended For You<\/h2>\n<\/div><\/div><\/div><div  class=\"x-recent-posts cf horizontal\"  data-x-element=\"recent_posts\" data-x-params=\"{&quot;fade&quot;:false}\" data-fade=\"false\" ><a class=\"x-recent-post3 with-image\" href=\"https:\/\/groweriq.ca\/pt-pt\/2024\/02\/10\/3-maneiras-como-o-software-de-inventario-de-cababis-pode-simplificar-as-suas-operacoes\/\" title=\"Permalink to: &quot;3 Maneiras como o Software de Invent\u00e1rio de Cab\u00e1bis pode Simplificar as suas Opera\u00e7\u00f5es&quot;\"><article id=\"post-25493\" class=\"post-25493 post type-post status-publish format-standard has-post-thumbnail hentry category-sem-categoria tag-cultivo-de-canabis tag-negocio-de-canabis\"><div class=\"entry-wrap\"><div class=\"x-recent-posts-img\" style=\"background-image: url(https:\/\/groweriq.ca\/wp-content\/uploads\/2020\/11\/Seed-to-Sale-Software-Cannabis-Sales-Software-Client-Tracking-v2-870x520.jpg);\"><i class='x-framework-icon x-recent-posts-icon' data-x-icon-s='&#xf15c;' aria-hidden=true><\/i><\/div><div class=\"x-recent-posts-content\"><h3 class=\"h-recent-posts\">3 Maneiras como o Software de Invent\u00e1rio de Cab\u00e1bis pode Simplificar as suas Opera\u00e7\u00f5es<\/h3><span class=\"x-recent-posts-date\">10 de Fevereiro, 2024<\/span><\/div><\/div><\/article><\/a><a class=\"x-recent-post3 with-image\" href=\"https:\/\/groweriq.ca\/pt-pt\/2024\/02\/10\/o-que-e-o-acompanhamento-da-semente-ate-a-venda-e-como-e-que-agiliza-a-producao-de-canabis\/\" title=\"Permalink to: &quot;O que \u00e9 o Acompanhamento da Semente at\u00e9 \u00e0 Venda e Como \u00e9 que Agiliza a Produ\u00e7\u00e3o de Can\u00e1bis&quot;\"><article id=\"post-25486\" class=\"post-25486 post type-post status-publish format-standard has-post-thumbnail hentry category-sem-categoria\"><div class=\"entry-wrap\"><div class=\"x-recent-posts-img\" style=\"background-image: url(https:\/\/groweriq.ca\/wp-content\/uploads\/2019\/04\/CollageCultivationSoftware-1-930x520.png);\"><i class='x-framework-icon x-recent-posts-icon' data-x-icon-s='&#xf15c;' aria-hidden=true><\/i><\/div><div class=\"x-recent-posts-content\"><h3 class=\"h-recent-posts\">O que \u00e9 o Acompanhamento da Semente at\u00e9 \u00e0 Venda e Como \u00e9 que Agiliza a Produ\u00e7\u00e3o de Can\u00e1bis<\/h3><span class=\"x-recent-posts-date\">10 de Fevereiro, 2024<\/span><\/div><\/div><\/article><\/a><a class=\"x-recent-post3 with-image\" href=\"https:\/\/groweriq.ca\/pt-pt\/2023\/07\/30\/a-bmlca-e-a-groweriq-unem-forcas-para-desenvolver-a-industria-de-canabis-de-barbados\/\" title=\"Permalink to: &quot;A BMLCA e a GrowerIQ Unem For\u00e7as para Desenvolver a Ind\u00fastria de Can\u00e1bis de Barbados&quot;\"><article id=\"post-21248\" class=\"post-21248 post type-post status-publish format-standard has-post-thumbnail hentry category-canabis-prc category-informacao-do-mercado category-internacional-pt-pt category-noticias-pt-pt category-noticias-pt-pt-2 category-noticias-da-industria category-parcerias category-produtor-licenciado category-sem-categoria category-semente-para-venda-groweriq category-software-pt-pt category-software-de-canabis category-software-de-gestao-de-canabis tag-autoridade-de-licenciamento-da-canabis-medicinal-de-barbados tag-bmcla-pt-pt tag-consultoria-de-canabis tag-ecosistema-de-canabis tag-industria-de-cannabis tag-lei-da-industria-da-canabis-medicinal-de-barbados tag-sistema-de-gestao-de-canabis tag-sistemas-de-gestao-de-canabis-avancados tag-software-como-servico-saas-para-produtos-a-base-de-canabis\"><div class=\"entry-wrap\"><div class=\"x-recent-posts-img\" style=\"background-image: url(https:\/\/groweriq.ca\/wp-content\/uploads\/2023\/07\/GIQ_2307_Barbados-Article-1-1-870x520.png);\"><i class='x-framework-icon x-recent-posts-icon' data-x-icon-s='&#xf15c;' aria-hidden=true><\/i><\/div><div class=\"x-recent-posts-content\"><h3 class=\"h-recent-posts\">A BMLCA e a GrowerIQ Unem For\u00e7as para Desenvolver a Ind\u00fastria de Can\u00e1bis de Barbados<\/h3><span class=\"x-recent-posts-date\">30 de Julho, 2023<\/span><\/div><\/div><\/article><\/a><\/div><\/div><\/div><\/div><\/div><div class=\"x-section e4174-e8 m37y-1 m37y-2\"><div class=\"x-container max width e4174-e9 m37y-a\"><div class=\"x-column x-sm x-1-2 e4174-e10 m37y-b\"><div class=\"x-text x-text-headline e4174-e11 m37y-8 m37y-9\"><div class=\"x-text-content\"><div class=\"x-text-content-text\"><h2 class=\"x-text-content-text-primary\"><span>About GrowerIQ<\/span><\/h2>\n<\/div><\/div><\/div><div class=\"x-content-area e4174-e12 m37y-c\">GrowerIQ is a complete cannabis production management platform. Ours is the first platform to integrate your facility systems, including sensors, building controls, QMS, and ERP, into a single simplified interface.\n<br\/><br\/>\n\nGrowerIQ is changing the way producers use software - transforming a regulatory requirement into a robust platform to learn, analyze, and improve performance. \n<br\/><br\/>\n\nTo find out more about GrowerIQ and how we can help, fill out the form to the right, start a chat, or <a class=\"link\" href=\"\/contact-us\/\">contact us<\/a>.<\/div><\/div><div class=\"x-column x-sm x-1-2 e4174-e13 m37y-b\"><div class=\"x-content-area x-hide-sm x-hide-xs e4174-e14 m37y-c\"><h2 style=\"color: white !important;\">Start today.<\/h2>\n<p style=\"color: white !important;\">Let us know how to reach you, and we'll get in touch to discuss your project.<\/p>\n<div class=\"salesforce_w2l_lead sf_one_column\"><form id=\"sf_form_salesforce_w2l_lead_4\" class=\"w2llead placeholders\" method=\"post\" action=\"#sf_form_salesforce_w2l_lead_4\"><div class=\"sf_field sf_field_first_name sf_type_text\">\t<input type=\"text\" placeholder=\"Name *\" value=\"\" id=\"sf_first_name\" class=\"w2linput text\" name=\"first_name\"  \/><div class=\"clearfix\"><\/div><\/div><div class=\"sf_field sf_field_email sf_type_text\">\t<input type=\"text\" placeholder=\"Email *\" value=\"\" id=\"sf_email\" class=\"w2linput text\" name=\"email\"  \/><div class=\"clearfix\"><\/div><\/div><div class=\"sf_field sf_field_description sf_type_textarea\">\t\t<textarea id=\"sf_description\" class=\"w2linput textarea\" name=\"description\" placeholder=\"Message\"><\/textarea><div class=\"clearfix\"><\/div><\/div>\t\t<input type=\"hidden\" id=\"sf_GCLID__c\" class=\"w2linput hidden\" name=\"GCLID__c\" value=\"\" \/>\t\t<input type=\"hidden\" id=\"sf_Utm_campaign__c\" class=\"w2linput hidden\" name=\"Utm_campaign__c\" value=\"\" \/>\t\t<input type=\"hidden\" id=\"sf_Utm_content__c\" class=\"w2linput hidden\" name=\"Utm_content__c\" value=\"\" \/>\t\t<input type=\"hidden\" id=\"sf_Utm_medium__c\" class=\"w2linput hidden\" name=\"Utm_medium__c\" value=\"\" \/>\t\t<input type=\"hidden\" id=\"sf_Utm_source__c\" class=\"w2linput hidden\" name=\"Utm_source__c\" value=\"\" \/>\t\t<input type=\"hidden\" id=\"sf_Utm_term__c\" class=\"w2linput hidden\" name=\"Utm_term__c\" value=\"\" \/>\t\t<input type=\"hidden\" id=\"sf_Referral_url__c\" class=\"w2linput hidden\" name=\"Referral_url__c\" value=\"\" \/>\t<input type=\"text\" name=\"message\" class=\"w2linput\" value=\"\" style=\"display: none;\" \/>\t<input type=\"hidden\" name=\"form_id\" class=\"w2linput\" value=\"4\" \/>\t<div class=\"w2lsubmit\"><input type=\"submit\" name=\"w2lsubmit\" class=\"w2linput submit\" value=\"Get Started\" \/><\/div><\/form><\/div>\n\n<p style=\"color: white !important; font-size: 9px !important; line-height: 15px !important;\">GrowerIQ does not share, sell, rent, or trade personally identifiable information with third parties for promotional purposes. <a href=\"\/privacy-policy\/\" style=\"color: white !important; text-decoration: underline !important;\">Privacy Policy<\/a><\/p><\/div><\/div><\/div><\/div><\/div>\n","protected":false},"excerpt":{"rendered":"<p>A Irie Craft Cannabis sentiu que a GrowerIQ superou todas as suas expetativas durante a instala\u00e7\u00e3o do seu software de semente para venda. Leia mais sobre a sua experi\u00eancia.<\/p>\n","protected":false},"author":29,"featured_media":13718,"parent":0,"menu_order":0,"comment_status":"closed","ping_status":"closed","template":"","meta":{"_elementor_css":"","footnotes":""},"categories":[898,418,899],"tags":[436,437,427,479,565,429,438,540,799,900,428,673,481],"class_list":["post-15178","page","type-page","status-publish","has-post-thumbnail","hentry","category-estudo-de-caso","category-sem-categoria","category-testemunho","tag-canabis","tag-consultoria-de-canabis","tag-cultivo-de-canabis","tag-groweriq-pt-pt","tag-industria-de-cannabis","tag-marijuana-medicinal","tag-mestre-cultivador","tag-negocio-de-canabis","tag-plano-de-negocios-de-canabis","tag-planta-mestre","tag-processo-de-licenca","tag-regulamento-canabis","tag-semente-para-venda"],"_links":{"self":[{"href":"https:\/\/groweriq.ca\/pt-pt\/wp-json\/wp\/v2\/pages\/15178","targetHints":{"allow":["GET"]}}],"collection":[{"href":"https:\/\/groweriq.ca\/pt-pt\/wp-json\/wp\/v2\/pages"}],"about":[{"href":"https:\/\/groweriq.ca\/pt-pt\/wp-json\/wp\/v2\/types\/page"}],"author":[{"embeddable":true,"href":"https:\/\/groweriq.ca\/pt-pt\/wp-json\/wp\/v2\/users\/29"}],"replies":[{"embeddable":true,"href":"https:\/\/groweriq.ca\/pt-pt\/wp-json\/wp\/v2\/comments?post=15178"}],"version-history":[{"count":7,"href":"https:\/\/groweriq.ca\/pt-pt\/wp-json\/wp\/v2\/pages\/15178\/revisions"}],"predecessor-version":[{"id":17273,"href":"https:\/\/groweriq.ca\/pt-pt\/wp-json\/wp\/v2\/pages\/15178\/revisions\/17273"}],"wp:featuredmedia":[{"embeddable":true,"href":"https:\/\/groweriq.ca\/pt-pt\/wp-json\/wp\/v2\/media\/13718"}],"wp:attachment":[{"href":"https:\/\/groweriq.ca\/pt-pt\/wp-json\/wp\/v2\/media?parent=15178"}],"wp:term":[{"taxonomy":"category","embeddable":true,"href":"https:\/\/groweriq.ca\/pt-pt\/wp-json\/wp\/v2\/categories?post=15178"},{"taxonomy":"post_tag","embeddable":true,"href":"https:\/\/groweriq.ca\/pt-pt\/wp-json\/wp\/v2\/tags?post=15178"}],"curies":[{"name":"wp","href":"https:\/\/api.w.org\/{rel}","templated":true}]}}