{"id":12343,"date":"2021-06-24T13:32:36","date_gmt":"2021-06-24T17:32:36","guid":{"rendered":"https:\/\/groweriq.ca\/cannabis-consulting-sop-creation\/"},"modified":"2023-02-05T06:48:59","modified_gmt":"2023-02-05T11:48:59","slug":"cannabis-consulting-sop-creation","status":"publish","type":"page","link":"https:\/\/groweriq.ca\/pt-pt\/cannabis-consulting-sop-creation\/","title":{"rendered":"Consultoria de Can\u00e1bis GrowerIQ: Cria\u00e7\u00e3o, Revis\u00e3o, Personaliza\u00e7\u00e3o de POPs"},"content":{"rendered":"\n<p>Procedimentos Operacionais Padr\u00e3o de Can\u00e1bis (<a href=\"https:\/\/groweriq.ca\/2020\/01\/17\/the-ultimate-guide-to-sops-for-the-cannabis-industry-part-i\/\" target=\"_blank\" rel=\"noreferrer noopener\">POPs de Can\u00e1bis<\/a>) s\u00e3o uma parte importante da sua aplica\u00e7\u00e3o para uma licen\u00e7a de can\u00e1bis. Espera-se que cada candidato \u00e0 licen\u00e7a tenha um conjunto completo e abrangente de POPs. Na gest\u00e3o da qualidade, um Manual de Qualidade explica que regulamentos e leis se aplicam a uma empresa. Os POP s\u00e3o documentos &#8220;infantis&#8221; do manual de qualidade que explicam como as atividades s\u00e3o conduzidas de uma forma controlada para cumprir essas leis e regulamentos. Por conseguinte, a cria\u00e7\u00e3o do POP \u00e9 um passo muito importante para qualquer projeto.<\/p>\n\n<p>Muitos candidatos a licen\u00e7as de can\u00e1bis obter\u00e3o os seus POPs junto de terceiros. Os modelos de Procedimento Operacional Padr\u00e3o da Can\u00e1bis s\u00e3o uma \u00f3tima maneira de come\u00e7ar, mas todos eles precisam de ser personalizados para o seu neg\u00f3cio em espec\u00edfico. Mesmo que consiga obter modelos para a maioria dos seus POPs, ainda haver\u00e1 alguns que poder\u00e1 precisar de escrever por si pr\u00f3prio. Deixar a personaliza\u00e7\u00e3o do POP para o \u00faltimo minuto \u00e9 um grande erro. N\u00e3o quer esperar at\u00e9 ao \u00faltimo minuto e depois descobrir que lhe falta um. <\/p>\n\n<p>Pode evitar o caos e os atrasos ao trabalhar com GrowerIQ. GrowerIQ oferece modelos para os POPs principais e seleciona documentos auxiliares como instru\u00e7\u00f5es de trabalho e formul\u00e1rios. A nossa equipa de consultores e profissionais de garantia de qualidade pode fornecer-lhe modelos POP abrangentes de can\u00e1bis, ajud\u00e1-lo na cria\u00e7\u00e3o e personaliza\u00e7\u00e3o do POP e abordar quaisquer potenciais lacunas e necessidades de POP para que n\u00e3o haja surpresas quando apresentar a sua aplica\u00e7\u00e3o.<\/p>\n\n<h3 class=\"wp-block-heading\">Servi\u00e7os GrowerIQ<\/h3>\n\n<ul class=\"wp-block-list\">\n<li>An\u00e1lise de lacunas dos conjuntos de POPs existentes<\/li>\n\n\n\n<li>Cria\u00e7\u00e3o, edi\u00e7\u00e3o e revis\u00e3o de POP<\/li>\n\n\n\n<li>Nova escrita POP personalizada <\/li>\n\n\n\n<li>Conjunto totalmente personalizado de POPs BPP\/BPF de can\u00e1bis dispon\u00edveis para compra<\/li>\n<\/ul>\n\n<h2 class=\"wp-block-heading\">Que POPs de Can\u00e1bis \u00e9 que o Minist\u00e9rio da Sa\u00fade do Canad\u00e1 exige?<\/h2>\n\n<p>O Minist\u00e9rio da Sa\u00fade do Canad\u00e1 exige que tenha um <a href=\"https:\/\/groweriq.ca\/seed-for-success\/cannabis-standard-operating-procedures\/\" target=\"_blank\" rel=\"noreferrer noopener\">Procedimento Operacional Padr\u00e3o de Can\u00e1bis<\/a> para todas as atividades que envolvam a produ\u00e7\u00e3o, o processamento e fabrico da can\u00e1bis [1]. Isto inclui atividades indiretas como saneamento, manuten\u00e7\u00e3o de registos, forma\u00e7\u00e3o de funcion\u00e1rios e muito mais! Os POP devem estar num formato padr\u00e3o. Tipicamente os POP t\u00eam sec\u00e7\u00f5es que incluem o objetivo e \u00e2mbito, defini\u00e7\u00f5es, responsabilidades, o procedimento real, refer\u00eancias, e, o que \u00e9 importante, um registo de controlo de altera\u00e7\u00f5es que documenta quaisquer altera\u00e7\u00f5es feitas.<\/p>\n\n<h3 class=\"wp-block-heading\">Exemplos de POPs principais para os neg\u00f3cios de Can\u00e1bis<\/h3>\n\n<ul class=\"wp-block-list\">\n<li>Saneamento do local e do equipamento<\/li>\n\n\n\n<li>Higiene dos funcion\u00e1rios<\/li>\n\n\n\n<li>Distribui\u00e7\u00e3o, incluindo transfer\u00eancia e rece\u00e7\u00e3o de can\u00e1bis e ingredientes<\/li>\n\n\n\n<li>Produ\u00e7\u00e3o e processamento de can\u00e1bis e ingredientes<\/li>\n\n\n\n<li>Amostragem e testes de can\u00e1bis<\/li>\n\n\n\n<li>Empacotamento e etiquetagem<\/li>\n\n\n\n<li>Armazenamento do produto e dos fornecimentos, incluindo a quarentena e o procedimento de liberta\u00e7\u00e3o<\/li>\n<\/ul>\n\n<h3 class=\"wp-block-heading\">Descubra Mais<\/h3>\n\n<p>Os especialistas <a href=\"https:\/\/groweriq.ca\/pt-pt\/\">GrowerIQ<\/a> podem ajud\u00e1-lo a criar uma empresa de can\u00e1bis bem sucedida e que esteja dentro de qualquer quadro legal. Para saber mais, entre agora em contato com os nossos profissionais de Can\u00e1bis ao clicar no bot\u00e3o que preenche o formul\u00e1rio abaixo. <\/p>\n\n<a class=\"x-btn\" href=\"https:\/\/groweriq.ca\/consulting\/standard-operating-procedures\" style=\"outline: none; max-width: 500px;\">Personalize agora os seus POPs<\/a><p><\/p>\n<div class=\"cs-content x-global-block x-global-block-6565 e6565-e0\"><div class=\"x-section e6565-e2 m52d-0\"><div class=\"x-row x-container max width e6565-e3 m52d-1 m52d-2\"><div class=\"x-row-inner\"><div class=\"x-col e6565-e4 m52d-3\"><div class=\"x-text x-text-headline e6565-e5 m52d-4\"><div class=\"x-text-content\"><div class=\"x-text-content-text\"><h2 class=\"x-text-content-text-primary\">Recommended For You<\/h2>\n<\/div><\/div><\/div><div  class=\"x-recent-posts cf horizontal\"  data-x-element=\"recent_posts\" data-x-params=\"{&quot;fade&quot;:false}\" data-fade=\"false\" ><a class=\"x-recent-post3 with-image\" href=\"https:\/\/groweriq.ca\/pt-pt\/2024\/02\/10\/3-maneiras-como-o-software-de-inventario-de-cababis-pode-simplificar-as-suas-operacoes\/\" title=\"Permalink to: &quot;3 Maneiras como o Software de Invent\u00e1rio de Cab\u00e1bis pode Simplificar as suas Opera\u00e7\u00f5es&quot;\"><article id=\"post-25493\" class=\"post-25493 post type-post status-publish format-standard has-post-thumbnail hentry category-sem-categoria tag-cultivo-de-canabis tag-negocio-de-canabis\"><div class=\"entry-wrap\"><div class=\"x-recent-posts-img\" style=\"background-image: url(https:\/\/groweriq.ca\/wp-content\/uploads\/2020\/11\/Seed-to-Sale-Software-Cannabis-Sales-Software-Client-Tracking-v2-870x520.jpg);\"><i class='x-framework-icon x-recent-posts-icon' data-x-icon-s='&#xf15c;' aria-hidden=true><\/i><\/div><div class=\"x-recent-posts-content\"><h3 class=\"h-recent-posts\">3 Maneiras como o Software de Invent\u00e1rio de Cab\u00e1bis pode Simplificar as suas Opera\u00e7\u00f5es<\/h3><span class=\"x-recent-posts-date\">10 de Fevereiro, 2024<\/span><\/div><\/div><\/article><\/a><a class=\"x-recent-post3 with-image\" href=\"https:\/\/groweriq.ca\/pt-pt\/2024\/02\/10\/o-que-e-o-acompanhamento-da-semente-ate-a-venda-e-como-e-que-agiliza-a-producao-de-canabis\/\" title=\"Permalink to: &quot;O que \u00e9 o Acompanhamento da Semente at\u00e9 \u00e0 Venda e Como \u00e9 que Agiliza a Produ\u00e7\u00e3o de Can\u00e1bis&quot;\"><article id=\"post-25486\" class=\"post-25486 post type-post status-publish format-standard has-post-thumbnail hentry category-sem-categoria\"><div class=\"entry-wrap\"><div class=\"x-recent-posts-img\" style=\"background-image: url(https:\/\/groweriq.ca\/wp-content\/uploads\/2019\/04\/CollageCultivationSoftware-1-930x520.png);\"><i class='x-framework-icon x-recent-posts-icon' data-x-icon-s='&#xf15c;' aria-hidden=true><\/i><\/div><div class=\"x-recent-posts-content\"><h3 class=\"h-recent-posts\">O que \u00e9 o Acompanhamento da Semente at\u00e9 \u00e0 Venda e Como \u00e9 que Agiliza a Produ\u00e7\u00e3o de Can\u00e1bis<\/h3><span class=\"x-recent-posts-date\">10 de Fevereiro, 2024<\/span><\/div><\/div><\/article><\/a><a class=\"x-recent-post3 with-image\" href=\"https:\/\/groweriq.ca\/pt-pt\/2023\/07\/30\/a-bmlca-e-a-groweriq-unem-forcas-para-desenvolver-a-industria-de-canabis-de-barbados\/\" title=\"Permalink to: &quot;A BMLCA e a GrowerIQ Unem For\u00e7as para Desenvolver a Ind\u00fastria de Can\u00e1bis de Barbados&quot;\"><article id=\"post-21248\" class=\"post-21248 post type-post status-publish format-standard has-post-thumbnail hentry category-canabis-prc category-informacao-do-mercado category-internacional-pt-pt category-noticias-pt-pt category-noticias-pt-pt-2 category-noticias-da-industria category-parcerias category-produtor-licenciado category-sem-categoria category-semente-para-venda-groweriq category-software-pt-pt category-software-de-canabis category-software-de-gestao-de-canabis tag-autoridade-de-licenciamento-da-canabis-medicinal-de-barbados tag-bmcla-pt-pt tag-consultoria-de-canabis tag-ecosistema-de-canabis tag-industria-de-cannabis tag-lei-da-industria-da-canabis-medicinal-de-barbados tag-sistema-de-gestao-de-canabis tag-sistemas-de-gestao-de-canabis-avancados tag-software-como-servico-saas-para-produtos-a-base-de-canabis\"><div class=\"entry-wrap\"><div class=\"x-recent-posts-img\" style=\"background-image: url(https:\/\/groweriq.ca\/wp-content\/uploads\/2023\/07\/GIQ_2307_Barbados-Article-1-1-870x520.png);\"><i class='x-framework-icon x-recent-posts-icon' data-x-icon-s='&#xf15c;' aria-hidden=true><\/i><\/div><div class=\"x-recent-posts-content\"><h3 class=\"h-recent-posts\">A BMLCA e a GrowerIQ Unem For\u00e7as para Desenvolver a Ind\u00fastria de Can\u00e1bis de Barbados<\/h3><span class=\"x-recent-posts-date\">30 de Julho, 2023<\/span><\/div><\/div><\/article><\/a><\/div><\/div><\/div><\/div><\/div><\/div>\n\n<br\/><br\/><div class=\"e4174-8 x-container max width\">\n    \n<div class=\"e4174-9 x-column x-sm x-1-2\">\n    \n<div class=\"e4174-10 x-text x-text-headline\">\n  <div class=\"x-text-content\"><div class=\"x-text-content-text\"><h2 class=\"x-text-content-text-primary\"><span style=\"color: rgb(11,74,109);\">Sobre a GrowerIQ<\/span><\/h2><\/div><\/div><\/div>\n\n<div class=\"e4174-11 x-bar-content-area globalBlockFooter\">\n A GrowerIQ \u00e9 uma plataforma de gest\u00e3o completa para o cultivo de can\u00e1bis, desenhada em parceria com o Mestre Cultivador, Shlomo Booklin. A nossa \u00e9 a primeira plataforma que integra os sistemas das suas instala\u00e7\u00f5es, incluindo sensores, controlos do edif\u00edcio, SGQ e PRC numa simples interface.\n<br\/><br\/>\n\nA empresa construiu vis\u00f5es da experi\u00eancia agr\u00f3noma de 30+ anos de Shlomo para criar a plataforma. A GrowerIQ potencia tecnologia de automatiza\u00e7\u00e3o de m\u00e1quinas confidencias para melhorar a automa\u00e7\u00e3o da instala\u00e7\u00e3o e fornecer aos cultivadores vis\u00f5es para melhorar a qualidade e consist\u00eancia. A GrowerIQ est\u00e1 a mudar a forma que os cultivadores usam softwares &#8211; transformando um requisito regulamentar numa plataforma s\u00f3lida para aprender, analisar e melhorar a performance das planta\u00e7\u00f5es. \n<br\/><br\/>\n\nPara descobrir mais sobre a GrowerIQ e como o podemos ajudar, complete o formul\u00e1rio \u00e0 sua direita, comece um chat ou <a class=\"link\" href=\"https:\/\/groweriq.ca\/pt-pt\/contate-nos\/\">entre em contato connosco<\/a>.<\/div>\n<\/div>\n\n<div class=\"e4174-12 x-column x-sm x-1-2 x-hide-sm x-hide-xs\" style=\"background-color: rgb(11,74,109); padding: 25px;\">\n    \n<div class=\"e4174-13 x-bar-content-area x-hide-sm x-hide-xs\">\n  <h2 style=\"color: white !important;\">Comece hoje.<\/h2>\n<p style=\"color: white !important;\">Diga-nos como o podemos contatar e entraremos em contato para discutir o seu projeto.<\/p>\n<div class=\"salesforce_w2l_lead sf_one_column\"><form id=\"sf_form_salesforce_w2l_lead_4\" class=\"w2llead placeholders\" method=\"post\" action=\"#sf_form_salesforce_w2l_lead_4\"><div class=\"sf_field sf_field_first_name sf_type_text\">\t<input type=\"text\" placeholder=\"Nome *\" value=\"\" id=\"sf_first_name\" class=\"w2linput text\" name=\"first_name\"\/><div class=\"clearfix\"><\/div><\/div><div class=\"sf_field sf_field_email sf_type_text\">\t<input type=\"text\" placeholder=\"E-mail *\" value=\"\" id=\"sf_email\" class=\"w2linput text\" name=\"email\"\/><div class=\"clearfix\"><\/div><\/div><div class=\"sf_field sf_field_description sf_type_textarea\">\t\t<textarea id=\"sf_description\" class=\"w2linput textarea\" name=\"description\" placeholder=\"Mensagem\"><\/textarea><div class=\"clearfix\"><\/div><\/div>\t\t<input type=\"hidden\" id=\"sf_GCLID__c\" class=\"w2linput hidden\" name=\"GCLID__c\" value=\"\"\/><input type=\"hidden\" id=\"sf_Utm_campaign__c\" class=\"w2linput hidden\" name=\"Utm_campaign__c\" value=\"Software de Garantia de Qualidade\"\/><input type=\"hidden\" id=\"sf_Utm_content__c\" class=\"w2linput hidden\" name=\"Utm_content__c\" value=\"0\"\/><input type=\"hidden\" id=\"sf_Utm_medium__c\" class=\"w2linput hidden\" name=\"Utm_medium__c\" value=\"Post\"\/><input type=\"hidden\" id=\"sf_Utm_source__c\" class=\"w2linput hidden\" name=\"Utm_source__c\" value=\"https:\/\/groweriq.ca\/\"\/><input type=\"hidden\" id=\"sf_Utm_term__c\" class=\"w2linput hidden\" name=\"Utm_term__c\" value=\"\"\/><input type=\"hidden\" id=\"sf_Referral_url__c\" class=\"w2linput hidden\" name=\"Referral_url__c\" value=\"\"\/><input type=\"text\" name=\"message\" class=\"w2linput\" value=\"\" style=\"display: none;\"\/><input type=\"hidden\" name=\"form_id\" class=\"w2linput\" value=\"4\"\/><div class=\"w2lsubmit\"><input type=\"submit\" name=\"w2lsubmit\" class=\"w2linput submit\" value=\"Comece Agora\"\/><\/div><\/form><\/div>\n\n<p style=\"color: white !important; font-size: 9px !important; line-height: 15px !important;\">A GrowerIQ n\u00e3o partilha, vende, arrenda ou troca informa\u00e7\u00e3o pessoal identific\u00e1vel com terceiros para prop\u00f3sitos promocionais. <a href=\"https:\/\/groweriq.ca\/privacy-policy\/\" style=\"color: white !important; text-decoration: underline !important;\">Pol\u00edtica de Privacidade<\/a><\/p><\/div>\n<\/div>\n<\/div>\n<br\/><br\/>\n<h2 class=\"wp-block-heading\">Refer\u00eancias<\/h2>\n\n<ol class=\"wp-block-list\">\n<li>Minist\u00e9rio da Sa\u00fade do Canad\u00e1. <a href=\"https:\/\/www.canada.ca\/en\/health-canada\/services\/cannabis-regulations-licensed-producers\/good-production-practices-guide\/guidance-document.html#a5\" target=\"_blank\" rel=\"noreferrer noopener\">Documento Guia: Boas pr\u00e1ticas de produ\u00e7\u00e3o para a can\u00e1bis<\/a>. Canada.ca. Publicado em 2019. Acessado em maio 10, 2021. <\/li>\n<\/ol>\n","protected":false},"excerpt":{"rendered":"<p>Procedimentos Operacionais Padr\u00e3o de Can\u00e1bis (POPs de Can\u00e1bis) s\u00e3o uma parte importante da sua aplica\u00e7\u00e3o para uma licen\u00e7a de can\u00e1bis. Espera-se que cada candidato \u00e0 licen\u00e7a tenha um conjunto completo e abrangente de POPs. Na gest\u00e3o da qualidade, um Manual de Qualidade explica que regulamentos &#8230; <\/p>\n<div><a href=\"https:\/\/groweriq.ca\/pt-pt\/2023\/07\/30\/a-bmlca-e-a-groweriq-unem-forcas-para-desenvolver-a-industria-de-canabis-de-barbados\/\" class=\"more-link\">Read More<\/a><\/div>\n","protected":false},"author":10,"featured_media":0,"parent":0,"menu_order":0,"comment_status":"closed","ping_status":"closed","template":"","meta":{"_elementor_css":"","footnotes":""},"categories":[751,435,564],"tags":[752,753,437,754],"class_list":["post-12343","page","type-page","status-publish","hentry","category-consulting-pt-pt","category-controlo-de-qualidade","category-produtor-licenciado","tag-cannabis-license-application-pt-pt","tag-cannabis-sops-pt-pt","tag-consultoria-de-canabis","tag-standard-operating-procedures-pt-pt","no-post-thumbnail"],"_links":{"self":[{"href":"https:\/\/groweriq.ca\/pt-pt\/wp-json\/wp\/v2\/pages\/12343","targetHints":{"allow":["GET"]}}],"collection":[{"href":"https:\/\/groweriq.ca\/pt-pt\/wp-json\/wp\/v2\/pages"}],"about":[{"href":"https:\/\/groweriq.ca\/pt-pt\/wp-json\/wp\/v2\/types\/page"}],"author":[{"embeddable":true,"href":"https:\/\/groweriq.ca\/pt-pt\/wp-json\/wp\/v2\/users\/10"}],"replies":[{"embeddable":true,"href":"https:\/\/groweriq.ca\/pt-pt\/wp-json\/wp\/v2\/comments?post=12343"}],"version-history":[{"count":3,"href":"https:\/\/groweriq.ca\/pt-pt\/wp-json\/wp\/v2\/pages\/12343\/revisions"}],"predecessor-version":[{"id":17441,"href":"https:\/\/groweriq.ca\/pt-pt\/wp-json\/wp\/v2\/pages\/12343\/revisions\/17441"}],"wp:attachment":[{"href":"https:\/\/groweriq.ca\/pt-pt\/wp-json\/wp\/v2\/media?parent=12343"}],"wp:term":[{"taxonomy":"category","embeddable":true,"href":"https:\/\/groweriq.ca\/pt-pt\/wp-json\/wp\/v2\/categories?post=12343"},{"taxonomy":"post_tag","embeddable":true,"href":"https:\/\/groweriq.ca\/pt-pt\/wp-json\/wp\/v2\/tags?post=12343"}],"curies":[{"name":"wp","href":"https:\/\/api.w.org\/{rel}","templated":true}]}}