{"id":8967,"date":"2021-04-01T06:18:53","date_gmt":"2021-04-01T10:18:53","guid":{"rendered":"https:\/\/groweriq.ca\/selection-et-recherche-de-varietes-de-cannabis\/"},"modified":"2024-08-29T12:57:44","modified_gmt":"2024-08-29T16:57:44","slug":"selection-et-recherche-de-varietes-de-cannabis","status":"publish","type":"page","link":"https:\/\/groweriq.ca\/fr\/selection-et-recherche-de-varietes-de-cannabis\/","title":{"rendered":"S\u00e9lection et recherche de vari\u00e9t\u00e9s de cannabis"},"content":{"rendered":"<div id=\"cs-content\" class=\"cs-content\"><\/div>\n","protected":false},"excerpt":{"rendered":"<p>Quelle g\u00e9n\u00e9tique convient \u00e0 votre producteur agr\u00e9\u00e9 ? Le choix de la vari\u00e9t\u00e9 de cannabis est une d\u00e9cision cruciale pour assurer le succ\u00e8s de votre entreprise de production agr\u00e9\u00e9e. Comment \u00e9quilibrer la popularit\u00e9 de la vari\u00e9t\u00e9 et le rendement maximal ?<\/p>\n","protected":false},"author":12,"featured_media":8970,"parent":0,"menu_order":0,"comment_status":"closed","ping_status":"closed","template":"","meta":{"_elementor_css":"","footnotes":""},"categories":[],"tags":[],"class_list":["post-8967","page","type-page","status-publish","has-post-thumbnail","hentry"],"_links":{"self":[{"href":"https:\/\/groweriq.ca\/fr\/wp-json\/wp\/v2\/pages\/8967","targetHints":{"allow":["GET"]}}],"collection":[{"href":"https:\/\/groweriq.ca\/fr\/wp-json\/wp\/v2\/pages"}],"about":[{"href":"https:\/\/groweriq.ca\/fr\/wp-json\/wp\/v2\/types\/page"}],"author":[{"embeddable":true,"href":"https:\/\/groweriq.ca\/fr\/wp-json\/wp\/v2\/users\/12"}],"replies":[{"embeddable":true,"href":"https:\/\/groweriq.ca\/fr\/wp-json\/wp\/v2\/comments?post=8967"}],"version-history":[{"count":4,"href":"https:\/\/groweriq.ca\/fr\/wp-json\/wp\/v2\/pages\/8967\/revisions"}],"predecessor-version":[{"id":16612,"href":"https:\/\/groweriq.ca\/fr\/wp-json\/wp\/v2\/pages\/8967\/revisions\/16612"}],"wp:featuredmedia":[{"embeddable":true,"href":"https:\/\/groweriq.ca\/fr\/wp-json\/wp\/v2\/media\/8970"}],"wp:attachment":[{"href":"https:\/\/groweriq.ca\/fr\/wp-json\/wp\/v2\/media?parent=8967"}],"wp:term":[{"taxonomy":"category","embeddable":true,"href":"https:\/\/groweriq.ca\/fr\/wp-json\/wp\/v2\/categories?post=8967"},{"taxonomy":"post_tag","embeddable":true,"href":"https:\/\/groweriq.ca\/fr\/wp-json\/wp\/v2\/tags?post=8967"}],"curies":[{"name":"wp","href":"https:\/\/api.w.org\/{rel}","templated":true}]}}