{"id":29083,"date":"2024-07-31T10:44:36","date_gmt":"2024-07-31T14:44:36","guid":{"rendered":"https:\/\/groweriq.ca\/reservez-une-demonstration-du-logiciel-de-gestion-de-la-semence-a-la-vente\/"},"modified":"2024-10-29T12:42:48","modified_gmt":"2024-10-29T16:42:48","slug":"reservez-une-demonstration-du-logiciel-de-gestion-de-la-semence-a-la-vente","status":"publish","type":"page","link":"https:\/\/groweriq.ca\/fr\/reservez-une-demonstration-du-logiciel-de-gestion-de-la-semence-a-la-vente\/","title":{"rendered":"R\u00e9servez une d\u00e9monstration du logiciel de gestion de la semence \u00e0 la vente"},"content":{"rendered":"<div id=\"cs-content\" class=\"cs-content\"><\/div>\n","protected":false},"excerpt":{"rendered":"<p>Voyez par vous-m\u00eame comment le logiciel de gestion de la semence \u00e0 la vente de cannabis de GrowerIQ r\u00e9unit la conformit\u00e9, l&rsquo;ERP\/l&rsquo;analyse, la surveillance de l&rsquo;environnement et le contr\u00f4le des installations.<\/p>\n","protected":false},"author":12,"featured_media":24245,"parent":0,"menu_order":0,"comment_status":"closed","ping_status":"closed","template":"template-blank-8.php","meta":{"_elementor_css":"","footnotes":""},"categories":[],"tags":[],"class_list":["post-29083","page","type-page","status-publish","has-post-thumbnail","hentry"],"_links":{"self":[{"href":"https:\/\/groweriq.ca\/fr\/wp-json\/wp\/v2\/pages\/29083","targetHints":{"allow":["GET"]}}],"collection":[{"href":"https:\/\/groweriq.ca\/fr\/wp-json\/wp\/v2\/pages"}],"about":[{"href":"https:\/\/groweriq.ca\/fr\/wp-json\/wp\/v2\/types\/page"}],"author":[{"embeddable":true,"href":"https:\/\/groweriq.ca\/fr\/wp-json\/wp\/v2\/users\/12"}],"replies":[{"embeddable":true,"href":"https:\/\/groweriq.ca\/fr\/wp-json\/wp\/v2\/comments?post=29083"}],"version-history":[{"count":4,"href":"https:\/\/groweriq.ca\/fr\/wp-json\/wp\/v2\/pages\/29083\/revisions"}],"predecessor-version":[{"id":32171,"href":"https:\/\/groweriq.ca\/fr\/wp-json\/wp\/v2\/pages\/29083\/revisions\/32171"}],"wp:featuredmedia":[{"embeddable":true,"href":"https:\/\/groweriq.ca\/fr\/wp-json\/wp\/v2\/media\/24245"}],"wp:attachment":[{"href":"https:\/\/groweriq.ca\/fr\/wp-json\/wp\/v2\/media?parent=29083"}],"wp:term":[{"taxonomy":"category","embeddable":true,"href":"https:\/\/groweriq.ca\/fr\/wp-json\/wp\/v2\/categories?post=29083"},{"taxonomy":"post_tag","embeddable":true,"href":"https:\/\/groweriq.ca\/fr\/wp-json\/wp\/v2\/tags?post=29083"}],"curies":[{"name":"wp","href":"https:\/\/api.w.org\/{rel}","templated":true}]}}