{"id":26034,"date":"2024-03-20T19:56:58","date_gmt":"2024-03-20T23:56:58","guid":{"rendered":"https:\/\/groweriq.ca\/organic-growers-inc-appuie-groweriq-le-point-de-vue-dun-cultivateur\/"},"modified":"2024-03-20T19:56:59","modified_gmt":"2024-03-20T23:56:59","slug":"organic-growers-inc-appuie-groweriq-le-point-de-vue-dun-cultivateur","status":"publish","type":"page","link":"https:\/\/groweriq.ca\/fr\/organic-growers-inc-appuie-groweriq-le-point-de-vue-dun-cultivateur\/","title":{"rendered":"Organic Growers Inc. Appuie GrowerIQ : Le point de vue d&rsquo;un cultivateur"},"content":{"rendered":"\n<h2 class=\"wp-block-heading\">Organic Growers Inc. Partage des id\u00e9es et des strat\u00e9gies pour optimiser la culture du cannabis gr\u00e2ce \u00e0 une int\u00e9gration transparente avec les solutions logicielles de pointe de GrowerIQ<\/h2>\n\n<h3 class=\"wp-block-heading\">\u00c0 propos d&rsquo;Organic Growers Inc.<\/h3>\n\n<div class=\"wp-block-columns is-layout-flex wp-container-core-columns-is-layout-9d6595d7 wp-block-columns-is-layout-flex\">\n<div class=\"wp-block-column is-layout-flow wp-block-column-is-layout-flow\" style=\"flex-basis:65%\">\n<p>Organic Growers Inc. est un producteur canadien agr\u00e9\u00e9 qui se consacre aux pratiques organiques dans tous les aspects de ses activit\u00e9s. Bas\u00e9e \u00e0 Garden, dans le sud de l&rsquo;Ontario, l&rsquo;entreprise est fi\u00e8re de produire du cannabis de haute qualit\u00e9, notamment la c\u00e9l\u00e8bre vari\u00e9t\u00e9 MAC. L&rsquo;engagement d&rsquo;Organic Growers Inc. en faveur de la culture organique garantit des produits de premi\u00e8re qualit\u00e9 \u00e0 ses consommateurs.<\/p>\n<\/div>\n\n\n\n<div class=\"wp-block-column is-vertically-aligned-center is-layout-flow wp-block-column-is-layout-flow\" style=\"flex-basis:35%\">\n<figure class=\"wp-block-image size-full is-resized\"><img fetchpriority=\"high\" decoding=\"async\" width=\"600\" height=\"224\" src=\"https:\/\/groweriq.ca\/wp-content\/uploads\/2024\/02\/og_logo-1.png\" alt=\"\" class=\"wp-image-25498\" style=\"aspect-ratio:2.6785714285714284;width:290px;height:auto\" srcset=\"https:\/\/groweriq.ca\/wp-content\/uploads\/2024\/02\/og_logo-1.png 600w, https:\/\/groweriq.ca\/wp-content\/uploads\/2024\/02\/og_logo-1-300x112.png 300w, https:\/\/groweriq.ca\/wp-content\/uploads\/2024\/02\/og_logo-1-100x37.png 100w\" sizes=\"(max-width: 600px) 100vw, 600px\" \/><\/figure><\/div>\n<\/div>\n\n<figure class=\"wp-block-image size-large x-image x-img x-img-thumbnail\"><img decoding=\"async\" width=\"2000\" height=\"1125\" src=\"https:\/\/groweriq.ca\/wp-content\/uploads\/2024\/02\/2-2000x1125.png\" alt=\"\" class=\"wp-image-25503\" srcset=\"https:\/\/groweriq.ca\/wp-content\/uploads\/2024\/02\/2-2000x1125.png 2000w, https:\/\/groweriq.ca\/wp-content\/uploads\/2024\/02\/2-300x169.png 300w, https:\/\/groweriq.ca\/wp-content\/uploads\/2024\/02\/2-768x432.png 768w, https:\/\/groweriq.ca\/wp-content\/uploads\/2024\/02\/2-1536x864.png 1536w, https:\/\/groweriq.ca\/wp-content\/uploads\/2024\/02\/2-2048x1152.png 2048w, https:\/\/groweriq.ca\/wp-content\/uploads\/2024\/02\/2-100x56.png 100w, https:\/\/groweriq.ca\/wp-content\/uploads\/2024\/02\/2-870x489.png 870w, https:\/\/groweriq.ca\/wp-content\/uploads\/2024\/02\/2-1200x675.png 1200w\" sizes=\"(max-width: 2000px) 100vw, 2000px\" \/><figcaption class=\"wp-element-caption\">Organic Growers Inc. Ouvre la voie : exploiter le logiciel de pointe de GrowerIQ pour un succ\u00e8s de culture sans pr\u00e9c\u00e9dent<\/figcaption><\/figure>\n<h3 class=\"wp-block-heading\">Ce qu&rsquo;ils avaient \u00e0 dire<\/h3>\n\n<p>Le pr\u00e9sident d&rsquo;Organic Growers Inc. Andrei C. a partag\u00e9 quelques mots perspicaces sur leur parcours et leur exp\u00e9rience avec GrowerIQ jusqu&rsquo;\u00e0 pr\u00e9sent : \u00ab En tant que cultivateur chevronn\u00e9 @ OG Inc, j&rsquo;ai navigu\u00e9 \u00e0 travers diverses plateformes de gestion de la semence \u00e0 la vente, mais aucune n&rsquo;a \u00e9gal\u00e9 l&rsquo;efficacit\u00e9 et la fiabilit\u00e9 de GrowerIQ. Des semis \u00e0 la vente finale, ce logiciel rationalise tous les aspects de la culture et de la distribution du cannabis avec une pr\u00e9cision in\u00e9gal\u00e9e. \u00bb<\/p>\n\n<blockquote class=\"wp-block-quote is-layout-flow wp-block-quote-is-layout-flow\">\n<p>L&rsquo;une des caract\u00e9ristiques les plus remarquables de GrowerIQ est son interface intuitive, qui simplifie les t\u00e2ches complexes telles que le suivi des cultures, la gestion des stocks et le suivi de la conformit\u00e9. En seulement quelques clics, je peux surveiller facilement les stades de croissance de chaque plante, suivre les niveaux de stock en temps r\u00e9el et g\u00e9n\u00e9rer des rapports complets \u00e0 des fins r\u00e9glementaires. <\/p>\n<cite>Andrei C. &#8211; Pr\u00e9sident, Organic Growers Inc.<\/cite><\/blockquote>\n\n<p>\u00ab De plus, la r\u00e9activit\u00e9 de l&rsquo;\u00e9quipe de GrowerIQ la distingue de ses concurrents. Chaque fois que j&rsquo;ai rencontr\u00e9 un probl\u00e8me ou que j&rsquo;ai pos\u00e9 une question, l&rsquo;\u00e9quipe d&rsquo;assistance a r\u00e9agi avec une rapidit\u00e9 incroyable, faisant preuve d&rsquo;une r\u00e9elle volont\u00e9 d&rsquo;aider et d&rsquo;assurer un fonctionnement sans faille. Que vous soyez un cultivateur novice ou un v\u00e9t\u00e9ran de l&rsquo;industrie, GrowerIQ offre une solution compl\u00e8te adapt\u00e9e \u00e0 vos besoins. Avec son interface conviviale, ses fonctions robustes et son \u00e9quipe d&rsquo;assistance d\u00e9vou\u00e9e, GrowerIQ est sans aucun doute le premier choix en mati\u00e8re de logiciel de gestion de la semence \u00e0 la vente de cannabis. \u00bb<br\/><\/p>\n\n<p>Merci \u00e0 Andrei et \u00e0 toute l&rsquo;\u00e9quipe pour ce fantastique t\u00e9moignage ! Nous sommes extr\u00eamement reconnaissants de la p\u00e9rennit\u00e9 de notre partenariat et nous nous r\u00e9jouissons de pouvoir atteindre ensemble des objectifs encore plus ambitieux.<\/p>\n\n<p>Maintenant que vous avez presque fini de lire cet article, nous voulons nous assurer que vous continuez votre voyage d&rsquo;apprentissage (qui, comme nous l&rsquo;avons mentionn\u00e9 plus t\u00f4t, ne devrait jamais se terminer !) apr\u00e8s cet article. Voici quelques histoires de partenariat avec GrowerIQ qui devraient vous plaire : <a href=\"https:\/\/groweriq.ca\/fr\/irie-craft-cannabis\/\" target=\"_blank\" rel=\"noreferrer noopener\">Irie Craft Cannabis<\/a>, <a href=\"https:\/\/groweriq.ca\/fr\/master-plant-holdings-naviguer-dans-les-nouvelles-juridictions\/\">Master Plant Holdings<\/a>, <a href=\"https:\/\/groweriq.ca\/client-case-studies\/germanabis-case-study-overcoming-budget-adversity\/\" target=\"_blank\" rel=\"noreferrer noopener\">\u00c9tude de cas Germanabis GrowerIQ<\/a>, <a href=\"https:\/\/groweriq.ca\/client-case-studies\/master-grower-case-study-modernizing-the-growing-experience\/\" target=\"_blank\" rel=\"noreferrer noopener\">\u00c9tude de cas d&rsquo;un Ma\u00eetre cultivateur<\/a>, <a href=\"https:\/\/groweriq.ca\/2021\/07\/16\/groweriq-announces-partnership-with-portuguese-lab-lef-infosaude\/\" target=\"_blank\" rel=\"noreferrer noopener\">Partenariat GrowerIQ LEF<\/a>, <a href=\"https:\/\/groweriq.ca\/client-case-studies\/309lab-tightening-the-nuts-and-bolts\/\" target=\"_blank\" rel=\"noreferrer noopener\">309Lab : Resserrer les \u00e9crous et les boulons<\/a>, <a href=\"https:\/\/groweriq.ca\/partnerships\/groweriq-cann-grow-rich\/\" target=\"_blank\" rel=\"noreferrer noopener\">Cann Grow Rich<\/a>, <a href=\"https:\/\/groweriq.ca\/partnerships\/lef-lab-infosaude-portugal\/\" target=\"_blank\" rel=\"noreferrer noopener\">LEF Infosa\u00fade Lab<\/a>, <a href=\"https:\/\/groweriq.ca\/2019\/11\/07\/groweriq-announces-collaboration-with-dalhousie-university\/\" target=\"_blank\" rel=\"noreferrer noopener\">Dalhousie Cannabis Course<\/a>, <a href=\"https:\/\/groweriq.ca\/fr\/grunelabs-suivre-le-cycle-de-vie-des-plantes-en-toute-simplicite\/\" target=\"_blank\" rel=\"noreferrer noopener\">Gr\u00fcneLabs<\/a>, <a href=\"https:\/\/groweriq.ca\/fr\/comment-medcann-a-fait-confiance-aux-experts-de-groweriq\/\" target=\"_blank\" rel=\"noreferrer noopener\">Medcann<\/a>, <a href=\"https:\/\/groweriq.ca\/client-case-studies\/how-meditative-greens-relied-on-the-cannabis-industry-experts-at-groweriq\/\" target=\"_blank\" rel=\"noreferrer noopener\">Meditative Greens<\/a>, and <a href=\"https:\/\/groweriq.ca\/fr\/its-never-2-l8-pour-des-partenaires-de-premier-ordre\/\" target=\"_blank\" rel=\"noreferrer noopener\">It&rsquo;s Never 2 L8<\/a>.<\/p>\n\n<h3 class=\"wp-block-heading\">En savoir plus<\/h3>\n\n<p>Con\u00e7ue dans un souci de simplicit\u00e9 et d&rsquo;efficacit\u00e9, l&rsquo;interface intuitive et les nombreuses fonctionnalit\u00e9s de GrowerIQ vous permettent de prosp\u00e9rer sur ce march\u00e9 dynamique. Que vous soyez un cultivateur novice ou un producteur exp\u00e9riment\u00e9, GrowerIQ vous fournit les outils dont vous avez besoin pour vous d\u00e9marquer rapidement et efficacement. <\/p>\n\n<a class=\"x-btn\" href=\"https:\/\/groweriq.ca\/software\/cannabis-software\/\" style=\"outline: none; max-width: fit-content;\">En savoir plus sur le logiciel de gestion de la semence \u00e0 la vente<\/a><p><\/p>\n<div class=\"cs-content x-global-block x-global-block-4174 e4174-e0\"><div class=\"x-section e4174-e2 m37y-0 m37y-1\"><div class=\"x-row x-container max width e4174-e3 m37y-3 m37y-4\"><div class=\"x-row-inner\"><div class=\"x-col e4174-e4 m37y-5\"><hr class=\"x-line e4174-e5 m37y-6\"\/><div class=\"x-text x-text-headline e4174-e6 m37y-7 m37y-8\"><div class=\"x-text-content\"><div class=\"x-text-content-text\"><h2 class=\"x-text-content-text-primary\">Recommended For You<\/h2>\n<\/div><\/div><\/div><div  class=\"x-recent-posts cf horizontal\"  data-x-element=\"recent_posts\" data-x-params=\"{&quot;fade&quot;:false}\" data-fade=\"false\" ><a class=\"x-recent-post3 with-image\" href=\"https:\/\/groweriq.ca\/fr\/2026\/03\/12\/acc-plafond-remboursement-cannabis-medical-2026\/\" title=\"Permalink to: &quot;ACC r\u00e9duit le plafond de remboursement du cannabis m\u00e9dical de 8,50 $\/g \u00e0 6,00 $\/g, en vigueur le 1er avril&quot;\"><article id=\"post-42362\" class=\"post-42362 post type-post status-publish format-standard has-post-thumbnail hentry category-seed-to-sale-3 tag-reglementation-du-cannabis\"><div class=\"entry-wrap\"><div class=\"x-recent-posts-img\" style=\"background-image: url(https:\/\/groweriq.ca\/wp-content\/uploads\/2026\/03\/groweriq-vac-cannabis-reimbursement-cap-reduction-2026-featured-930x520.jpg);\"><i class='x-framework-icon x-recent-posts-icon' data-x-icon-s='&#xf15c;' aria-hidden=true><\/i><\/div><div class=\"x-recent-posts-content\"><h3 class=\"h-recent-posts\">ACC r\u00e9duit le plafond de remboursement du cannabis m\u00e9dical de 8,50 $\/g \u00e0 6,00 $\/g, en vigueur le 1er avril<\/h3><span class=\"x-recent-posts-date\">12 mars 2026<\/span><\/div><\/div><\/article><\/a><a class=\"x-recent-post3 with-image\" href=\"https:\/\/groweriq.ca\/fr\/2024\/06\/04\/modele-complet-de-rapport-sur-le-cannabis-pour-2024\/\" title=\"Permalink to: &quot;Mod\u00e8le complet de rapport sur le cannabis pour 2024&quot;\"><article id=\"post-27730\" class=\"post-27730 post type-post status-publish format-standard has-post-thumbnail hentry category-groweriq-seed-to-sale-fr tag-entreprise-de-cannabis tag-reglementation-du-cannabis\"><div class=\"entry-wrap\"><div class=\"x-recent-posts-img\" style=\"background-image: url(https:\/\/groweriq.ca\/wp-content\/uploads\/2024\/03\/microsoft-365-oUbzU87d1Gc-unsplash-870x520.jpg);\"><i class='x-framework-icon x-recent-posts-icon' data-x-icon-s='&#xf15c;' aria-hidden=true><\/i><\/div><div class=\"x-recent-posts-content\"><h3 class=\"h-recent-posts\">Mod\u00e8le complet de rapport sur le cannabis pour 2024<\/h3><span class=\"x-recent-posts-date\">4 juin 2024<\/span><\/div><\/div><\/article><\/a><a class=\"x-recent-post3 with-image\" href=\"https:\/\/groweriq.ca\/fr\/2024\/06\/04\/serie-de-webinaires-highiq-zoom-de-groweriq-sur-lindustrie-janrx-inc\/\" title=\"Permalink to: &quot;S\u00e9rie de webinaires HighIQ : Zoom de GrowerIQ sur l&rsquo;industrie &#8211; JANrx Inc.&quot;\"><article id=\"post-27725\" class=\"post-27725 post type-post status-publish format-standard has-post-thumbnail hentry category-communique-de-presse category-medias category-webinaire tag-marche-mondial-du-cannabis tag-produits-de-cannabis tag-webinaire tag-zoom-sur-lindustrie\"><div class=\"entry-wrap\"><div class=\"x-recent-posts-img\" style=\"background-image: url(https:\/\/groweriq.ca\/wp-content\/uploads\/2024\/04\/Website-blog-header-banner-version_1-1740x-918-870x520.jpg);\"><i class='x-framework-icon x-recent-posts-icon' data-x-icon-s='&#xf15c;' aria-hidden=true><\/i><\/div><div class=\"x-recent-posts-content\"><h3 class=\"h-recent-posts\">S\u00e9rie de webinaires HighIQ : Zoom de GrowerIQ sur l&rsquo;industrie &#8211; JANrx Inc.<\/h3><span class=\"x-recent-posts-date\">4 juin 2024<\/span><\/div><\/div><\/article><\/a><\/div><\/div><\/div><\/div><\/div><div class=\"x-section e4174-e8 m37y-1 m37y-2\"><div class=\"x-container max width e4174-e9 m37y-a\"><div class=\"x-column x-sm x-1-2 e4174-e10 m37y-b\"><div class=\"x-text x-text-headline e4174-e11 m37y-8 m37y-9\"><div class=\"x-text-content\"><div class=\"x-text-content-text\"><h2 class=\"x-text-content-text-primary\"><span>About GrowerIQ<\/span><\/h2>\n<\/div><\/div><\/div><div class=\"x-content-area e4174-e12 m37y-c\">GrowerIQ is a complete cannabis production management platform. Ours is the first platform to integrate your facility systems, including sensors, building controls, QMS, and ERP, into a single simplified interface.\n<br\/><br\/>\n\nGrowerIQ is changing the way producers use software - transforming a regulatory requirement into a robust platform to learn, analyze, and improve performance. \n<br\/><br\/>\n\nTo find out more about GrowerIQ and how we can help, fill out the form to the right, start a chat, or <a class=\"link\" href=\"\/contact-us\/\">contact us<\/a>.<\/div><\/div><div class=\"x-column x-sm x-1-2 e4174-e13 m37y-b\"><div class=\"x-content-area x-hide-sm x-hide-xs e4174-e14 m37y-c\"><h2 style=\"color: white !important;\">Start today.<\/h2>\n<p style=\"color: white !important;\">Let us know how to reach you, and we'll get in touch to discuss your project.<\/p>\n<div class=\"salesforce_w2l_lead sf_one_column\"><form id=\"sf_form_salesforce_w2l_lead_4\" class=\"w2llead placeholders\" method=\"post\" action=\"#sf_form_salesforce_w2l_lead_4\"><div class=\"sf_field sf_field_first_name sf_type_text\">\t<input type=\"text\" placeholder=\"Name *\" value=\"\" id=\"sf_first_name\" class=\"w2linput text\" name=\"first_name\"  \/><div class=\"clearfix\"><\/div><\/div><div class=\"sf_field sf_field_email sf_type_text\">\t<input type=\"text\" placeholder=\"Email *\" value=\"\" id=\"sf_email\" class=\"w2linput text\" name=\"email\"  \/><div class=\"clearfix\"><\/div><\/div><div class=\"sf_field sf_field_description sf_type_textarea\">\t\t<textarea id=\"sf_description\" class=\"w2linput textarea\" name=\"description\" placeholder=\"Message\"><\/textarea><div class=\"clearfix\"><\/div><\/div>\t\t<input type=\"hidden\" id=\"sf_GCLID__c\" class=\"w2linput hidden\" name=\"GCLID__c\" value=\"\" \/>\t\t<input type=\"hidden\" id=\"sf_Utm_campaign__c\" class=\"w2linput hidden\" name=\"Utm_campaign__c\" value=\"\" \/>\t\t<input type=\"hidden\" id=\"sf_Utm_content__c\" class=\"w2linput hidden\" name=\"Utm_content__c\" value=\"\" \/>\t\t<input type=\"hidden\" id=\"sf_Utm_medium__c\" class=\"w2linput hidden\" name=\"Utm_medium__c\" value=\"\" \/>\t\t<input type=\"hidden\" id=\"sf_Utm_source__c\" class=\"w2linput hidden\" name=\"Utm_source__c\" value=\"\" \/>\t\t<input type=\"hidden\" id=\"sf_Utm_term__c\" class=\"w2linput hidden\" name=\"Utm_term__c\" value=\"\" \/>\t\t<input type=\"hidden\" id=\"sf_Referral_url__c\" class=\"w2linput hidden\" name=\"Referral_url__c\" value=\"\" \/>\t<input type=\"text\" name=\"message\" class=\"w2linput\" value=\"\" style=\"display: none;\" \/>\t<input type=\"hidden\" name=\"form_id\" class=\"w2linput\" value=\"4\" \/>\t<div class=\"w2lsubmit\"><input type=\"submit\" name=\"w2lsubmit\" class=\"w2linput submit\" value=\"Get Started\" \/><\/div><\/form><\/div>\n\n<p style=\"color: white !important; font-size: 9px !important; line-height: 15px !important;\">GrowerIQ does not share, sell, rent, or trade personally identifiable information with third parties for promotional purposes. <a href=\"\/privacy-policy\/\" style=\"color: white !important; text-decoration: underline !important;\">Privacy Policy<\/a><\/p><\/div><\/div><\/div><\/div><\/div>\n","protected":false},"excerpt":{"rendered":"<p>Organic Growers Inc. Partage des id\u00e9es et des strat\u00e9gies pour optimiser la culture du cannabis gr\u00e2ce \u00e0 une int\u00e9gration transparente avec les solutions logicielles de pointe de GrowerIQ<\/p>\n","protected":false},"author":29,"featured_media":0,"parent":0,"menu_order":0,"comment_status":"closed","ping_status":"closed","template":"","meta":{"_elementor_css":"","footnotes":""},"categories":[836,410,837],"tags":[510,213,587,1156,518,581,158,580,727,588,599,1146,1155,514,604,729,155,569],"class_list":["post-26034","page","type-page","status-publish","hentry","category-etude-de-cas","category-non-classifiee","category-temoignage","tag-cannabis-fr","tag-cannabis","tag-conseil-en-cannabis","tag-cultivateur-de-cannabis","tag-culture-du-cannabis","tag-entreprise-de-cannabis","tag-groweriq","tag-groweriq-fr-2","tag-industrie-du-cannabis","tag-maitre-cultivateur","tag-marijuana-medicale","tag-organic-growers-inc","tag-organic-growers-inc-fr","tag-plan-daffaires-pour-le-cannabis","tag-processus-doctroi-de-licences","tag-reglementation-du-cannabis","tag-seed-to-sale","tag-seed-to-sale-fr-2","no-post-thumbnail"],"_links":{"self":[{"href":"https:\/\/groweriq.ca\/fr\/wp-json\/wp\/v2\/pages\/26034","targetHints":{"allow":["GET"]}}],"collection":[{"href":"https:\/\/groweriq.ca\/fr\/wp-json\/wp\/v2\/pages"}],"about":[{"href":"https:\/\/groweriq.ca\/fr\/wp-json\/wp\/v2\/types\/page"}],"author":[{"embeddable":true,"href":"https:\/\/groweriq.ca\/fr\/wp-json\/wp\/v2\/users\/29"}],"replies":[{"embeddable":true,"href":"https:\/\/groweriq.ca\/fr\/wp-json\/wp\/v2\/comments?post=26034"}],"version-history":[{"count":1,"href":"https:\/\/groweriq.ca\/fr\/wp-json\/wp\/v2\/pages\/26034\/revisions"}],"predecessor-version":[{"id":26037,"href":"https:\/\/groweriq.ca\/fr\/wp-json\/wp\/v2\/pages\/26034\/revisions\/26037"}],"wp:attachment":[{"href":"https:\/\/groweriq.ca\/fr\/wp-json\/wp\/v2\/media?parent=26034"}],"wp:term":[{"taxonomy":"category","embeddable":true,"href":"https:\/\/groweriq.ca\/fr\/wp-json\/wp\/v2\/categories?post=26034"},{"taxonomy":"post_tag","embeddable":true,"href":"https:\/\/groweriq.ca\/fr\/wp-json\/wp\/v2\/tags?post=26034"}],"curies":[{"name":"wp","href":"https:\/\/api.w.org\/{rel}","templated":true}]}}