{"id":17627,"date":"2023-02-27T09:05:31","date_gmt":"2023-02-27T14:05:31","guid":{"rendered":"https:\/\/groweriq.ca\/consulting-en-cannabis-de-groweriq-creation-revision-et-personnalisation-des-pon\/"},"modified":"2024-08-29T12:55:24","modified_gmt":"2024-08-29T16:55:24","slug":"consulting-en-cannabis-de-groweriq-creation-revision-et-personnalisation-des-pon","status":"publish","type":"page","link":"https:\/\/groweriq.ca\/fr\/consulting-en-cannabis-de-groweriq-creation-revision-et-personnalisation-des-pon\/","title":{"rendered":"Consulting en cannabis de GrowerIQ : Cr\u00e9ation, r\u00e9vision et personnalisation des PON"},"content":{"rendered":"\n<p>Les proc\u00e9dures op\u00e9rationnelles normalis\u00e9es (<a href=\"https:\/\/groweriq.ca\/2020\/01\/17\/the-ultimate-guide-to-sops-for-the-cannabis-industry-part-i\/\" target=\"_blank\" rel=\"noreferrer noopener\">PONs du Cannabis<\/a>) sont une partie tr\u00e8s importante de votre demande de licence de cannabis. Chaque demandeur de licence est cens\u00e9 disposer d&rsquo;un ensemble complet et exhaustif de PONs. Dans le cadre de la gestion de la qualit\u00e9, un manuel de qualit\u00e9 explique quelles sont les r\u00e9glementations et les lois applicables \u00e0 une entreprise. Les PONs sont des documents \u00ab\u00a0enfants\u00a0\u00bb du manuel qualit\u00e9 qui expliquent comment les activit\u00e9s sont men\u00e9es de mani\u00e8re contr\u00f4l\u00e9e afin de respecter ces lois et r\u00e8glementations. Par cons\u00e9quent, la cr\u00e9ation de PON est une \u00e9tape tr\u00e8s importante de tout projet.<\/p>\n\n<p>Plusieurs demandeurs de licence de cannabis se procureront leurs PONs aupr\u00e8s d&rsquo;une tierce partie. Les mod\u00e8les de proc\u00e9dures op\u00e9rationnelles normalis\u00e9es du cannabis sont un excellent moyen de commencer, mais ils doivent tous \u00eatre adapt\u00e9s \u00e0 votre entreprise sp\u00e9cifique. M\u00eame si vous pouvez obtenir des mod\u00e8les pour la plupart de vos PONs, il y en aura toujours certains que vous devrez r\u00e9diger vous-m\u00eame. Laisser la personnalisation des PONs \u00e0 la derni\u00e8re minute est une erreur majeure. Vous ne voudriez pas attendre jusqu&rsquo;\u00e0 la derni\u00e8re minute pour vous rendre compte qu&rsquo;il vous en manque une. <\/p>\n\n<p>Vous pouvez \u00e9viter le chaos et les retards en travaillant avec GrowerIQ. GrowerIQ propose des mod\u00e8les pour les PONs de base et certains documents auxiliaires comme les instructions de travail et les formulaires. Notre \u00e9quipe de consultants et de professionnels de l&rsquo;assurance qualit\u00e9 peut vous fournir des mod\u00e8les complets de PON du cannabis, vous assister dans la cr\u00e9ation et la personnalisation de PON, et aborder toutes les lacunes et besoins potentiels en mati\u00e8re de PON afin qu&rsquo;il n&rsquo;y ait pas de surprises lorsque vous soumettez votre demande.<\/p>\n\n<h3 class=\"wp-block-heading\">Services de GrowerIQ<\/h3>\n\n<ul class=\"wp-block-list\">\n<li>Analyse des lacunes des PONs existantes<\/li>\n\n\n\n<li>Cr\u00e9ation, modification et r\u00e9vision des PON<\/li>\n\n\n\n<li>R\u00e9daction d&rsquo;une nouvelle PON personnalis\u00e9e <\/li>\n\n\n\n<li>Un ensemble enti\u00e8rement personnalis\u00e9 de PONs sur les BPP\/BPF du cannabis est disponible \u00e0 l&rsquo;achat.<\/li>\n<\/ul>\n\n<h2 class=\"wp-block-heading\">Quelles sont les PONs sur le cannabis exig\u00e9es par Sant\u00e9 Canada ?<\/h2>\n\n<p>Sant\u00e9 Canada exige que vous ayez des <a href=\"https:\/\/groweriq.ca\/seed-for-success\/cannabis-standard-operating-procedures\/\" target=\"_blank\" rel=\"noreferrer noopener\">Proc\u00e9dures Op\u00e9rationnelles Normalis\u00e9es pour le Cannabis<\/a> pour toutes les activit\u00e9s de production, de traitement et de fabrication du cannabis [1]. Cela comprend des activit\u00e9s indirectes telles que l&rsquo;assainissement, la tenue de registres, la formation des employ\u00e9s, etc. Les PON doivent \u00eatre dans un format normalis\u00e9. En g\u00e9n\u00e9ral, les PON comportent des sections qui comprennent l&rsquo;objectif et le champ d&rsquo;application, les d\u00e9finitions, les responsabilit\u00e9s, la proc\u00e9dure proprement dite, les r\u00e9f\u00e9rences et, surtout, un journal de contr\u00f4le des modifications qui documente toutes les modifications apport\u00e9es.<\/p>\n\n<h3 class=\"wp-block-heading\">Exemples de PONs de base pour les entreprises de cannabis<\/h3>\n\n<ul class=\"wp-block-list\">\n<li>Assainissement du site et des \u00e9quipements<\/li>\n\n\n\n<li>Hygi\u00e8ne des employ\u00e9s<\/li>\n\n\n\n<li>Distribution, y compris transfert, et r\u00e9ception de cannabis et d&rsquo;ingr\u00e9dients<\/li>\n\n\n\n<li>Production et traitement du cannabis et des ingr\u00e9dients<\/li>\n\n\n\n<li>\u00c9chantillonnage et test du cannabis<\/li>\n\n\n\n<li>Conditionnement et \u00e9tiquetage<\/li>\n\n\n\n<li>Stockage des produits et des fournitures, y compris la proc\u00e9dure de quarantaine et de diffusion.<\/li>\n<\/ul>\n\n<h3 class=\"wp-block-heading\">Pour en savoir plus<\/h3>\n\n<p>Les experts de <a href=\"https:\/\/groweriq.ca\/fr\/\">GrowerIQ<\/a> peuvent vous aider \u00e0 cr\u00e9er une entreprise de cannabis fructueuse et \u00e0 lutter dans n&rsquo;importe quel cadre juridique. Pour en savoir plus, prenez contact d\u00e8s maintenant avec nos professionnels du cannabis en cliquant sur le bouton compl\u00e9tant le formulaire ci-dessous. <\/p>\n\n<a class=\"x-btn\" href=\"https:\/\/groweriq.ca\/consulting\/standard-operating-procedures\" style=\"outline: none; max-width: 500px;\">Personnalisez vos PON maintenant<\/a><p><\/p>\n<div class=\"cs-content x-global-block x-global-block-6565 e6565-e0\"><div class=\"x-section e6565-e2 m52d-0\"><div class=\"x-row x-container max width e6565-e3 m52d-1 m52d-2\"><div class=\"x-row-inner\"><div class=\"x-col e6565-e4 m52d-3\"><div class=\"x-text x-text-headline e6565-e5 m52d-4\"><div class=\"x-text-content\"><div class=\"x-text-content-text\"><h2 class=\"x-text-content-text-primary\">Recommended For You<\/h2>\n<\/div><\/div><\/div><div  class=\"x-recent-posts cf horizontal\"  data-x-element=\"recent_posts\" data-x-params=\"{&quot;fade&quot;:false}\" data-fade=\"false\" ><a class=\"x-recent-post3 with-image\" href=\"https:\/\/groweriq.ca\/fr\/2026\/03\/12\/acc-plafond-remboursement-cannabis-medical-2026\/\" title=\"Permalink to: &quot;ACC r\u00e9duit le plafond de remboursement du cannabis m\u00e9dical de 8,50 $\/g \u00e0 6,00 $\/g, en vigueur le 1er avril&quot;\"><article id=\"post-42362\" class=\"post-42362 post type-post status-publish format-standard has-post-thumbnail hentry category-seed-to-sale-3 tag-reglementation-du-cannabis\"><div class=\"entry-wrap\"><div class=\"x-recent-posts-img\" style=\"background-image: url(https:\/\/groweriq.ca\/wp-content\/uploads\/2026\/03\/groweriq-vac-cannabis-reimbursement-cap-reduction-2026-featured-930x520.jpg);\"><i class='x-framework-icon x-recent-posts-icon' data-x-icon-s='&#xf15c;' aria-hidden=true><\/i><\/div><div class=\"x-recent-posts-content\"><h3 class=\"h-recent-posts\">ACC r\u00e9duit le plafond de remboursement du cannabis m\u00e9dical de 8,50 $\/g \u00e0 6,00 $\/g, en vigueur le 1er avril<\/h3><span class=\"x-recent-posts-date\">12 mars 2026<\/span><\/div><\/div><\/article><\/a><a class=\"x-recent-post3 with-image\" href=\"https:\/\/groweriq.ca\/fr\/2024\/06\/04\/modele-complet-de-rapport-sur-le-cannabis-pour-2024\/\" title=\"Permalink to: &quot;Mod\u00e8le complet de rapport sur le cannabis pour 2024&quot;\"><article id=\"post-27730\" class=\"post-27730 post type-post status-publish format-standard has-post-thumbnail hentry category-groweriq-seed-to-sale-fr tag-entreprise-de-cannabis tag-reglementation-du-cannabis\"><div class=\"entry-wrap\"><div class=\"x-recent-posts-img\" style=\"background-image: url(https:\/\/groweriq.ca\/wp-content\/uploads\/2024\/03\/microsoft-365-oUbzU87d1Gc-unsplash-870x520.jpg);\"><i class='x-framework-icon x-recent-posts-icon' data-x-icon-s='&#xf15c;' aria-hidden=true><\/i><\/div><div class=\"x-recent-posts-content\"><h3 class=\"h-recent-posts\">Mod\u00e8le complet de rapport sur le cannabis pour 2024<\/h3><span class=\"x-recent-posts-date\">4 juin 2024<\/span><\/div><\/div><\/article><\/a><a class=\"x-recent-post3 with-image\" href=\"https:\/\/groweriq.ca\/fr\/2024\/06\/04\/serie-de-webinaires-highiq-zoom-de-groweriq-sur-lindustrie-janrx-inc\/\" title=\"Permalink to: &quot;S\u00e9rie de webinaires HighIQ : Zoom de GrowerIQ sur l&rsquo;industrie &#8211; JANrx Inc.&quot;\"><article id=\"post-27725\" class=\"post-27725 post type-post status-publish format-standard has-post-thumbnail hentry category-communique-de-presse category-medias category-webinaire tag-marche-mondial-du-cannabis tag-produits-de-cannabis tag-webinaire tag-zoom-sur-lindustrie\"><div class=\"entry-wrap\"><div class=\"x-recent-posts-img\" style=\"background-image: url(https:\/\/groweriq.ca\/wp-content\/uploads\/2024\/04\/Website-blog-header-banner-version_1-1740x-918-870x520.jpg);\"><i class='x-framework-icon x-recent-posts-icon' data-x-icon-s='&#xf15c;' aria-hidden=true><\/i><\/div><div class=\"x-recent-posts-content\"><h3 class=\"h-recent-posts\">S\u00e9rie de webinaires HighIQ : Zoom de GrowerIQ sur l&rsquo;industrie &#8211; JANrx Inc.<\/h3><span class=\"x-recent-posts-date\">4 juin 2024<\/span><\/div><\/div><\/article><\/a><\/div><\/div><\/div><\/div><\/div><\/div>\n\n<br\/><br\/><div class=\"e4174-8 x-container max width\">\n    \n<div class=\"e4174-9 x-column x-sm x-1-2\">\n    \n<div class=\"e4174-10 x-text x-text-headline\">\n  <div class=\"x-text-content\"><div class=\"x-text-content-text\"><h2 class=\"x-text-content-text-primary\"><span style=\"color: rgb(11,74,109);\">\u00c0 propos de GrowerIQ<\/span><\/h2><\/div><\/div><\/div>\n\n<div class=\"e4174-11 x-bar-content-area globalBlockFooter\">\n GrowerIQ est une plateforme compl\u00e8te de gestion de la culture du cannabis, con\u00e7ue en partenariat avec le ma\u00eetre cultivateur Shlomo Booklin. La n\u00f4tre est la premi\u00e8re plateforme \u00e0 int\u00e9grer les syst\u00e8mes de vos installations, y compris les capteurs, les contr\u00f4les de b\u00e2timents, le syst\u00e8me de gestion de la qualit\u00e9 et l&rsquo;ERP, en une seule interface simplifi\u00e9e.\n<br\/><br\/>\n\nLa soci\u00e9t\u00e9 a int\u00e9gr\u00e9 \u00e0 la plateforme les connaissances acquises par Shlomo au cours de ses plus de trente ann\u00e9es d&rsquo;exp\u00e9rience en tant qu&rsquo;agronome. GrowerIQ s&rsquo;appuie sur une technologie exclusive d&rsquo;apprentissage automatique pour am\u00e9liorer l&rsquo;automatisation des installations et fournir aux cultivateurs des informations pour am\u00e9liorer la qualit\u00e9 et la coh\u00e9rence. GrowerIQ change la fa\u00e7on dont les cultivateurs utilisent les logiciels &#8211; transformant une exigence r\u00e9glementaire en une plateforme robuste pour apprendre, analyser et am\u00e9liorer la performance des cultures. \n<br\/><br\/>\n\nPour en savoir plus sur GrowerIQ et sur la fa\u00e7on dont nous pouvons vous aider, remplissez le formulaire \u00e0 droite, lancez une discussion ou <a class=\"link\" href=\"https:\/\/groweriq.ca\/fr\/contactez-nous\/\">contactez-nous<\/a>.<\/div>\n<\/div>\n\n<div class=\"e4174-12 x-column x-sm x-1-2 x-hide-sm x-hide-xs\" style=\"background-color: rgb(11,74,109); padding: 25px;\">\n    \n<div class=\"e4174-13 x-bar-content-area x-hide-sm x-hide-xs\">\n  <h2 style=\"color: white !important;\">Commencez aujourd&rsquo;hui.<\/h2>\n<p style=\"color: white !important;\">Faites-nous savoir comment vous joindre, et nous vous contacterons pour discuter de votre projet.<\/p>\n<div class=\"salesforce_w2l_lead sf_one_column\"><form id=\"sf_form_salesforce_w2l_lead_4\" class=\"w2llead placeholders\" method=\"post\" action=\"#sf_form_salesforce_w2l_lead_4\"><div class=\"sf_field sf_field_first_name sf_type_text\">\t<input type=\"text\" placeholder=\"Nom *\" value=\"\" id=\"sf_first_name\" class=\"w2linput text\" name=\"first_name\"\/><div class=\"clearfix\"><\/div><\/div><div class=\"sf_field sf_field_email sf_type_text\">\t<input type=\"text\" placeholder=\"Email *\" value=\"\" id=\"sf_email\" class=\"w2linput text\" name=\"email\"\/><div class=\"clearfix\"><\/div><\/div><div class=\"sf_field sf_field_description sf_type_textarea\">\t\t<textarea id=\"sf_description\" class=\"w2linput textarea\" name=\"description\" placeholder=\"Message\"><\/textarea><div class=\"clearfix\"><\/div><\/div>\t\t<input type=\"hidden\" id=\"sf_GCLID__c\" class=\"w2linput hidden\" name=\"GCLID__c\" value=\"\"\/><input type=\"hidden\" id=\"sf_Utm_campaign__c\" class=\"w2linput hidden\" name=\"Utm_campaign__c\" value=\"Logiciel d'Assurance Qualit\u00e9\"\/><input type=\"hidden\" id=\"sf_Utm_content__c\" class=\"w2linput hidden\" name=\"Utm_content__c\" value=\"0\"\/><input type=\"hidden\" id=\"sf_Utm_medium__c\" class=\"w2linput hidden\" name=\"Utm_medium__c\" value=\"Poste\"\/><input type=\"hidden\" id=\"sf_Utm_source__c\" class=\"w2linput hidden\" name=\"Utm_source__c\" value=\"https:\/\/groweriq.ca\/\"\/><input type=\"hidden\" id=\"sf_Utm_term__c\" class=\"w2linput hidden\" name=\"Utm_term__c\" value=\"\"\/><input type=\"hidden\" id=\"sf_Referral_url__c\" class=\"w2linput hidden\" name=\"Referral_url__c\" value=\"\"\/><input type=\"text\" name=\"message\" class=\"w2linput\" value=\"\" style=\"display: none;\"\/><input type=\"hidden\" name=\"form_id\" class=\"w2linput\" value=\"4\"\/><div class=\"w2lsubmit\"><input type=\"submit\" name=\"w2lsubmit\" class=\"w2linput submit\" value=\"Commencez\"\/><\/div><\/form><\/div>\n\n<p style=\"color: white !important; font-size: 9px !important; line-height: 15px !important;\">GrowerIQ ne partage pas, ne vend pas, ne loue pas et n&rsquo;\u00e9change pas d&rsquo;informations personnellement identifiables avec des tiers \u00e0 des fins promotionnelles. <a href=\"https:\/\/groweriq.ca\/privacy-policy\/\" style=\"color: white !important; text-decoration: underline !important;\">Politique de confidentialit\u00e9<\/a><\/p><\/div>\n<\/div>\n<\/div>\n<br\/><br\/>\n<h2 class=\"wp-block-heading\">R\u00e9f\u00e9rences<\/h2>\n\n<ol class=\"wp-block-list\">\n<li>Sant\u00e9 Canada. <a href=\"https:\/\/www.canada.ca\/en\/health-canada\/services\/cannabis-regulations-licensed-producers\/good-production-practices-guide\/guidance-document.html#a5\" target=\"_blank\" rel=\"noreferrer noopener\">Document d&rsquo;orientation : Guide des bonnes pratiques de production du cannabis.<\/a> Canada.ca. Publi\u00e9 en 2019. Consult\u00e9 le 10 mai 2021. <\/li>\n<\/ol>\n","protected":false},"excerpt":{"rendered":"<p>Les proc\u00e9dures op\u00e9rationnelles normalis\u00e9es (PONs du Cannabis) sont une partie tr\u00e8s importante de votre demande de licence de cannabis. Chaque demandeur de licence est cens\u00e9 disposer d&rsquo;un ensemble complet et exhaustif de PONs. Dans le cadre de la gestion de la qualit\u00e9, un manuel de &#8230; <\/p>\n<div><a href=\"https:\/\/groweriq.ca\/fr\/2024\/06\/04\/serie-de-webinaires-highiq-zoom-de-groweriq-sur-lindustrie-janrx-inc\/\" class=\"more-link\">Read More<\/a><\/div>\n","protected":false},"author":10,"featured_media":0,"parent":0,"menu_order":0,"comment_status":"closed","ping_status":"closed","template":"","meta":{"_elementor_css":"","footnotes":""},"categories":[551,735,507],"tags":[587,977,978,979],"class_list":["post-17627","page","type-page","status-publish","hentry","category-assurance-qualite","category-conseil","category-producteur-sous-licence","tag-conseil-en-cannabis","tag-demande-de-licence-de-cannabis","tag-pons-du-cannabis","tag-procedures-operationnelles-normalisees","no-post-thumbnail"],"_links":{"self":[{"href":"https:\/\/groweriq.ca\/fr\/wp-json\/wp\/v2\/pages\/17627","targetHints":{"allow":["GET"]}}],"collection":[{"href":"https:\/\/groweriq.ca\/fr\/wp-json\/wp\/v2\/pages"}],"about":[{"href":"https:\/\/groweriq.ca\/fr\/wp-json\/wp\/v2\/types\/page"}],"author":[{"embeddable":true,"href":"https:\/\/groweriq.ca\/fr\/wp-json\/wp\/v2\/users\/10"}],"replies":[{"embeddable":true,"href":"https:\/\/groweriq.ca\/fr\/wp-json\/wp\/v2\/comments?post=17627"}],"version-history":[{"count":1,"href":"https:\/\/groweriq.ca\/fr\/wp-json\/wp\/v2\/pages\/17627\/revisions"}],"predecessor-version":[{"id":17630,"href":"https:\/\/groweriq.ca\/fr\/wp-json\/wp\/v2\/pages\/17627\/revisions\/17630"}],"wp:attachment":[{"href":"https:\/\/groweriq.ca\/fr\/wp-json\/wp\/v2\/media?parent=17627"}],"wp:term":[{"taxonomy":"category","embeddable":true,"href":"https:\/\/groweriq.ca\/fr\/wp-json\/wp\/v2\/categories?post=17627"},{"taxonomy":"post_tag","embeddable":true,"href":"https:\/\/groweriq.ca\/fr\/wp-json\/wp\/v2\/tags?post=17627"}],"curies":[{"name":"wp","href":"https:\/\/api.w.org\/{rel}","templated":true}]}}