{"id":16421,"date":"2023-01-22T19:52:17","date_gmt":"2023-01-23T00:52:17","guid":{"rendered":"https:\/\/groweriq.ca\/acceuil\/"},"modified":"2024-09-03T14:04:12","modified_gmt":"2024-09-03T18:04:12","slug":"acceuil","status":"publish","type":"page","link":"https:\/\/groweriq.ca\/fr\/acceuil\/","title":{"rendered":"Acceuil"},"content":{"rendered":"<div id=\"cs-content\" class=\"cs-content\"><\/div>\n","protected":false},"excerpt":{"rendered":"<p>GrowerIQ est la premi\u00e8re plateforme logicielle de gestion du cannabis \u00e0 rassembler tous les syst\u00e8mes fragment\u00e9s requis par les installations de production de cannabis du monde entier. Nous avons des modules pour chaque \u00e9quipe : Culture, Production, Entrep\u00f4t, CRM, Commandes et Gestion de la qualit\u00e9. Nous sommes maintenant devenus l&rsquo;\u00e9pine dorsale op\u00e9rationnelle pour les producteurs du monde entier &#8211; permettant une v\u00e9ritable tra\u00e7abilit\u00e9 de la semence \u00e0 la vente.<\/p>\n","protected":false},"author":2,"featured_media":16424,"parent":0,"menu_order":0,"comment_status":"closed","ping_status":"closed","template":"template-blank-4.php","meta":{"_elementor_css":"","footnotes":""},"categories":[841],"tags":[],"class_list":["post-16421","page","type-page","status-publish","has-post-thumbnail","hentry","category-logiciel-de-gestion-du-cannabis"],"_links":{"self":[{"href":"https:\/\/groweriq.ca\/fr\/wp-json\/wp\/v2\/pages\/16421","targetHints":{"allow":["GET"]}}],"collection":[{"href":"https:\/\/groweriq.ca\/fr\/wp-json\/wp\/v2\/pages"}],"about":[{"href":"https:\/\/groweriq.ca\/fr\/wp-json\/wp\/v2\/types\/page"}],"author":[{"embeddable":true,"href":"https:\/\/groweriq.ca\/fr\/wp-json\/wp\/v2\/users\/2"}],"replies":[{"embeddable":true,"href":"https:\/\/groweriq.ca\/fr\/wp-json\/wp\/v2\/comments?post=16421"}],"version-history":[{"count":4,"href":"https:\/\/groweriq.ca\/fr\/wp-json\/wp\/v2\/pages\/16421\/revisions"}],"predecessor-version":[{"id":30529,"href":"https:\/\/groweriq.ca\/fr\/wp-json\/wp\/v2\/pages\/16421\/revisions\/30529"}],"wp:featuredmedia":[{"embeddable":true,"href":"https:\/\/groweriq.ca\/fr\/wp-json\/wp\/v2\/media\/16424"}],"wp:attachment":[{"href":"https:\/\/groweriq.ca\/fr\/wp-json\/wp\/v2\/media?parent=16421"}],"wp:term":[{"taxonomy":"category","embeddable":true,"href":"https:\/\/groweriq.ca\/fr\/wp-json\/wp\/v2\/categories?post=16421"},{"taxonomy":"post_tag","embeddable":true,"href":"https:\/\/groweriq.ca\/fr\/wp-json\/wp\/v2\/tags?post=16421"}],"curies":[{"name":"wp","href":"https:\/\/api.w.org\/{rel}","templated":true}]}}