{"id":15828,"date":"2023-01-11T17:27:37","date_gmt":"2023-01-11T22:27:37","guid":{"rendered":"https:\/\/groweriq.ca\/comment-obtenir-une-licence-de-cannabis-en-republique-tcheque\/"},"modified":"2023-01-11T17:27:40","modified_gmt":"2023-01-11T22:27:40","slug":"comment-obtenir-une-licence-de-cannabis-en-republique-tcheque","status":"publish","type":"page","link":"https:\/\/groweriq.ca\/fr\/comment-obtenir-une-licence-de-cannabis-en-republique-tcheque\/","title":{"rendered":"Comment obtenir une licence de cannabis en R\u00e9publique tch\u00e8que ?"},"content":{"rendered":"\n<h2 class=\"subheader\">Le cannabis est d\u00e9p\u00e9nalis\u00e9 depuis un certain temps d\u00e9j\u00e0 en R\u00e9publique tch\u00e8que et les r\u00e9centes discussions sur la l\u00e9galisation de la plante ont suscit\u00e9 l&rsquo;enthousiasme des entrepreneurs et des passionn\u00e9s du secteur.<\/h2>\n\n<p>Jusqu&rsquo;\u00e0 2022, un seul pays de l&rsquo;UE a l\u00e9galis\u00e9 le cannabis r\u00e9cr\u00e9atif. Non, ce n&rsquo;est pas les Pays-Bas, mais Malte. Et avec les efforts s\u00e9rieux d&rsquo;un coordinateur anti-drogue, la R\u00e9publique tch\u00e8que cherche \u00e0 r\u00e9duire sa tol\u00e9rance au cannabis. D\u00e9couvrez cette plong\u00e9e en profondeur pour l&rsquo;obtention d&rsquo;une licence de cannabis en R\u00e9publique tch\u00e8que et certains d\u00e9veloppements passionnants.<\/p>\n\n<h2 class=\"wp-block-heading\">Les \u00e9tapes actuelles pour obtenir une licence de cannabis en R\u00e9publique tch\u00e8que<\/h2>\n\n<p>La R\u00e9publique tch\u00e8que, \u00e9galement connue sous le nom de Tch\u00e9coslovaquie, pr\u00e9voit d&rsquo;\u00e9laborer sa l\u00e9galisation du cannabis apr\u00e8s <a href=\"https:\/\/www.dw.com\/en\/germany-health-minister-lauterbach-presents-plan-on-cannabis-legalization\/a-63558414\" target=\"_blank\" rel=\"noreferrer noopener\">l&rsquo;annonce r\u00e9cente de son plan par l&rsquo;Allemagne<\/a>. Les deux pays pr\u00e9voient de collaborer en partageant des informations et les meilleures pratiques pour r\u00e9glementer l&rsquo;industrie l\u00e9gale du cannabis en R\u00e9publique tch\u00e8que. <\/p>\n\n<p><a href=\"https:\/\/english.radio.cz\/could-czechia-become-second-eu-country-legalise-recreational-cannabis-8764554#:~:text=Jind%C5%99ich%20Vobo%C5%99il%7C,the%20current%20ban.%E2%80%9D\" target=\"_blank\" rel=\"noreferrer noopener\">M. Vobo\u0159il<\/a>, le coordinateur national de la lutte contre la drogue en R\u00e9publique tch\u00e8que, pr\u00e9voit de publier le plan achev\u00e9 avec des dates de mise en \u0153uvre d&rsquo;ici la fin de 2022. Par la suite, le projet de loi devrait \u00eatre pr\u00e9sent\u00e9 en mars 2023 &#8211; et pourrait \u00eatre en place d\u00e8s 2024.<\/p>\n\n<h3 class=\"wp-block-heading\">Autorisations et lois relatives \u00e0 l&rsquo;usage du cannabis<\/h3>\n\n<p>Si la R\u00e9publique tch\u00e8que est consid\u00e9r\u00e9e comme l&rsquo;un des pays les plus lib\u00e9raux en mati\u00e8re de l\u00e9gislation du cannabis, cette r\u00e9putation est nouvellement acquise. Ce n&rsquo;est qu&rsquo;en 2010 que la R\u00e9publique tch\u00e8que a d\u00e9p\u00e9nalis\u00e9 la possession et la culture du cannabis pour un usage personnel.<\/p>\n\n<p>Et en 2013, elle a l\u00e9galis\u00e9 le cannabis m\u00e9dical pour le traitement de certaines affections. Les niveaux ont \u00e9t\u00e9 plafonn\u00e9s \u00e0 19% (pour le THC) et 7,5% (pour le CBD). La culture \u00e0 domicile pour un usage personnel est actuellement autoris\u00e9e, bien que le taux de THC soit plafonn\u00e9 \u00e0 1 %.<\/p>\n\n<p>Pour l&rsquo;instant, l&rsquo;usage r\u00e9cr\u00e9atif du cannabis reste ill\u00e9gal en R\u00e9publique tch\u00e8que. Pourtant, la R\u00e9publique tch\u00e8que est en passe de devenir le deuxi\u00e8me pays de l&rsquo;UE \u00e0 l\u00e9galiser le cannabis \u00e0 des fins r\u00e9cr\u00e9atives, apr\u00e8s Malte qui l&rsquo;a fait en d\u00e9cembre 2021.<\/p>\n\n<h3 class=\"wp-block-heading\">Les licences en R\u00e9publique tch\u00e8que<\/h3>\n\n<h4 class=\"wp-block-heading\">Les exigences relatives au cannabis m\u00e9dicinal incluent :<\/h4>\n\n<ol class=\"wp-block-list\">\n<li><strong>Obtenir une licence pour planter des plantes de cannabis pour la culture du cannabis \u00e0 usage m\u00e9dical.<\/strong><\/li>\n<\/ol>\n\n<p>L&rsquo;Institut d&rsquo;\u00c9tat pour le contr\u00f4le des drogues d\u00e9livre cette licence pour cinq ans (la p\u00e9riode maximale). Elle peut ensuite \u00eatre prolong\u00e9e (cette demande doit \u00eatre pr\u00e9sent\u00e9e par le titulaire de la licence six mois avant son expiration). <\/p>\n\n<ol class=\"wp-block-list\" start=\"2\">\n<li><strong>Autorisation de disposer de substances et produits addictifs li\u00e9s au cannabis m\u00e9dical.<\/strong><\/li>\n<\/ol>\n\n<p>Cette autorisation d\u00e9livr\u00e9e par le minist\u00e8re de la sant\u00e9 est valable pour une p\u00e9riode maximale de cinq ans. Elle peut \u00e9galement \u00eatre prolong\u00e9e (l\u00e0 encore, la demande de prolongation doit \u00eatre soumise six semaines avant l&rsquo;expiration).<\/p>\n\n<p>Le cannabis \u00e0 usage m\u00e9dical <a href=\"https:\/\/groweriq.ca\/2022\/09\/21\/cannabis-cultivation-erp-software-pros-cons\/\" target=\"_blank\" rel=\"noreferrer noopener\">cultiv\u00e9<\/a> en R\u00e9publique tch\u00e8que ne peut \u00eatre vendu \u00e0 un particulier qu&rsquo;avec une autorisation d\u00e9livr\u00e9e par le minist\u00e8re de la Sant\u00e9. Le transfert d&rsquo;autres droits li\u00e9s aux substances addictives ne peut se faire qu&rsquo;entre deux parties avec autorisation.<\/p>\n\n<ol class=\"wp-block-list\" start=\"3\">\n<li><strong>Permis d&rsquo;importation de cannabis \u00e0 usage m\u00e9dical<\/strong><\/li>\n<\/ol>\n\n<p>Un permis d&rsquo;importation individuel du minist\u00e8re de la sant\u00e9 est n\u00e9cessaire pour chaque importation. Ce permis est valable pour une dur\u00e9e maximale de trois mois. <\/p>\n\n<p>Les patients peuvent avoir acc\u00e8s au cannabis \u00e0 usage m\u00e9dical (limit\u00e9 \u00e0 180 g de cannabis sec par personne et par mois), \u00e0 condition de respecter les conditions suivantes :<\/p>\n\n<ul class=\"wp-block-list\">\n<li>Avoir une prescription \u00e9lectronique des professionnels de sant\u00e9. <\/li>\n\n\n\n<li>Pouvoir prouver qu&rsquo;ils ont 18 ans ou plus. (Cette possibilit\u00e9 n&rsquo;est offerte qu&rsquo;aux personnes pr\u00e9sentant certains sympt\u00f4mes, par exemple des douleurs chroniques inconsolables ou des naus\u00e9es li\u00e9es au traitement du VIH). <\/li>\n<\/ul>\n\n<p>Pour les personnes int\u00e9ress\u00e9es par le cannabis d\u00e9livr\u00e9 pour les soins ambulatoires, l&rsquo;assurance maladie publique offre une couverture. Environ 90% du prix du cannabis pour le consommateur final est couvert, dans la limite d&rsquo;un volume maximal de 30g de cannabis m\u00e9dical par personne et par mois. Ou, jusqu&rsquo;\u00e0 180g par mois (si l&rsquo;\u00e9tat de sant\u00e9 du patient le n\u00e9cessite).<\/p>\n\n<figure class=\"wp-block-image size-large x-image x-img x-img-thumbnail\"><img fetchpriority=\"high\" decoding=\"async\" width=\"2000\" height=\"1125\" src=\"http:\/\/groweriq.ca\/wp-content\/uploads\/2022\/11\/2-1-2000x1125.png\" alt=\"\" class=\"wp-image-14860\" srcset=\"https:\/\/groweriq.ca\/wp-content\/uploads\/2022\/11\/2-1-2000x1125.png 2000w, https:\/\/groweriq.ca\/wp-content\/uploads\/2022\/11\/2-1-300x169.png 300w, https:\/\/groweriq.ca\/wp-content\/uploads\/2022\/11\/2-1-768x432.png 768w, https:\/\/groweriq.ca\/wp-content\/uploads\/2022\/11\/2-1-1536x864.png 1536w, https:\/\/groweriq.ca\/wp-content\/uploads\/2022\/11\/2-1-2048x1152.png 2048w, https:\/\/groweriq.ca\/wp-content\/uploads\/2022\/11\/2-1-100x56.png 100w, https:\/\/groweriq.ca\/wp-content\/uploads\/2022\/11\/2-1-870x489.png 870w, https:\/\/groweriq.ca\/wp-content\/uploads\/2022\/11\/2-1-1200x675.png 1200w\" sizes=\"(max-width: 2000px) 100vw, 2000px\" \/><figcaption class=\"wp-element-caption\">Le cannabis \u00e0 usage r\u00e9cr\u00e9atif est toujours ill\u00e9gal en R\u00e9publique tch\u00e8que, mais des projets de l\u00e9galisation du cannabis sont en cours &#8211; Image fournie par SensiSeeds.com<\/figcaption><\/figure>\n<h4 class=\"wp-block-heading\">Exigences relatives au cannabis industriel<\/h4>\n\n<p>\u00c0 des fins industrielles, techniques et de jardinage, le cannabis contenant un maximum de 1 % de THC est autoris\u00e9, y compris la vente. Toutefois, la culture de cannabis industriel sur plus de 100 m<sup>2<\/sup> de terrain doit \u00eatre notifi\u00e9e \u00e0 l&rsquo;autorit\u00e9 douani\u00e8re.<\/p>\n\n<h5 class=\"wp-block-heading\">Substances alimentaires<\/h5>\n\n<p>Il existe une tol\u00e9rance z\u00e9ro pour le THC dans les compl\u00e9ments alimentaires en R\u00e9publique tch\u00e8que.<\/p>\n\n<p>Avant que le <a href=\"https:\/\/groweriq.ca\/2019\/01\/14\/the-challenge-of-terpene-extraction\/\" target=\"_blank\" rel=\"noreferrer noopener\">CBD<\/a> puisse \u00eatre mis sur le march\u00e9, une autorisation en vertu du r\u00e8glement (UE) 2015\/2283 du Parlement europ\u00e9en et du Conseil du 25 novembre 2015 est n\u00e9cessaire. Cela s&rsquo;explique par le fait que le CBD est consid\u00e9r\u00e9 comme un \u00ab\u00a0nouvel aliment\u00a0\u00bb. <\/p>\n\n<p>Selon l&rsquo;autorit\u00e9 tch\u00e8que d&rsquo;inspection agricole et alimentaire : <\/p>\n\n<ul class=\"wp-block-list\">\n<li>Les produits issus de feuilles ou de graines de chanvre qui contiennent naturellement du CBD <strong>ne sont pas<\/strong> consid\u00e9r\u00e9s comme des \u00ab\u00a0nouveaux aliments\u00a0\u00bb et une autorisation n&rsquo;est pas n\u00e9cessaire.<\/li>\n\n\n\n<li>Les cannabino\u00efdes synth\u00e9tiques <strong>sont consid\u00e9r\u00e9s<\/strong> comme des \u00ab\u00a0nouveaux aliments\u00a0\u00bb et doivent faire l&rsquo;objet d&rsquo;une autorisation avant d&rsquo;\u00eatre mis sur le march\u00e9.<\/li>\n<\/ul>\n\n<h5 class=\"wp-block-heading\">Fumer<\/h5>\n\n<p>Les fum\u00e9es de CBD doivent \u00eatre distingu\u00e9es des e-cigarettes (et des cartouches de liquide) et des cigarettes aux herbes (fum\u00e9es).<\/p>\n\n<p>Selon la loi actuelle, la pr\u00e9sence de THC est interdite. Mais, quant \u00e0 l&rsquo;utilisation du CBD :<\/p>\n\n<ul class=\"wp-block-list\">\n<li>Les e-cigarettes <strong>ne sont pas du tout autoris\u00e9es<\/strong> <\/li>\n\n\n\n<li>Les cigarettes aux herbes <strong>sont autoris\u00e9es<\/strong><\/li>\n<\/ul>\n\n<p>Il est interdit de fabriquer des produits de CBD \u00e0 base de sommit\u00e9s fleuries ou fruiti\u00e8res de la plante de cannabis pour un usage par voie orale, quelle que soit la teneur en THC de la plante de cannabis d&rsquo;origine. <\/p>\n\n<h5 class=\"wp-block-heading\">Les cosm\u00e9tiques<\/h5>\n\n<p>La seule loi tch\u00e8que sur les cosm\u00e9tiques stipule qu&rsquo;ils ne peuvent contenir de THC. Les cosm\u00e9tiques au CBD sans THC sont l\u00e9galement autoris\u00e9s. Actuellement, des <a href=\"https:\/\/www.taylorwessing.com\/en\/interface\/2022\/foodtech\/the-current-regulatory-framework-for-the-marketing-of-products-containing-cbd\" target=\"_blank\" rel=\"noreferrer noopener\">discussions sont en cours<\/a> \u00e0 ce sujet, car cette loi n&rsquo;est pas conforme aux recommandations de l&rsquo;OMS et de la Commission europ\u00e9enne.<\/p>\n\n<h2 class=\"wp-block-heading\">Licences l\u00e9gales et autorisations<\/h2>\n\n<p>Pour des informations similaires, comme l&rsquo;obtention d&rsquo;une licence de cannabis en R\u00e9publique tch\u00e8que, explorez nos guides pour les <a href=\"https:\/\/groweriq.ca\/?s=how+to+get+a+cannabis+license+in&amp;lang=en\" target=\"_blank\" rel=\"noreferrer noopener\">autres pays.<\/a><\/p>\n\n<h3>Pour en savoir plus<\/h3>\n\n<p> Vous \u00eates int\u00e9ress\u00e9 par un plan de culture de cannabis qui r\u00e9pond \u00e0 tous vos besoins ? Nos consultants peuvent vous aider \u00e0 planifier votre exploitation, \u00e0 suivre le processus de la semence \u00e0 la vente et \u00e0 rester en conformit\u00e9.<\/p>\n\n<a class=\"x-btn\" href=\"https:\/\/groweriq.ca\/consulting\/industry-expertise\/\" style=\"outline: none; max-width: fit-content;\">Parlez avec un consultant expert<\/a><p><\/p>\n<div class=\"cs-content x-global-block x-global-block-4174 e4174-e0\"><div class=\"x-section e4174-e2 m37y-0 m37y-1\"><div class=\"x-row x-container max width e4174-e3 m37y-3 m37y-4\"><div class=\"x-row-inner\"><div class=\"x-col e4174-e4 m37y-5\"><hr class=\"x-line e4174-e5 m37y-6\"\/><div class=\"x-text x-text-headline e4174-e6 m37y-7 m37y-8\"><div class=\"x-text-content\"><div class=\"x-text-content-text\"><h2 class=\"x-text-content-text-primary\">Recommended For You<\/h2>\n<\/div><\/div><\/div><div  class=\"x-recent-posts cf horizontal\"  data-x-element=\"recent_posts\" data-x-params=\"{&quot;fade&quot;:false}\" data-fade=\"false\" ><a class=\"x-recent-post3 with-image\" href=\"https:\/\/groweriq.ca\/fr\/2026\/03\/12\/acc-plafond-remboursement-cannabis-medical-2026\/\" title=\"Permalink to: &quot;ACC r\u00e9duit le plafond de remboursement du cannabis m\u00e9dical de 8,50 $\/g \u00e0 6,00 $\/g, en vigueur le 1er avril&quot;\"><article id=\"post-42362\" class=\"post-42362 post type-post status-publish format-standard has-post-thumbnail hentry category-seed-to-sale-3 tag-reglementation-du-cannabis\"><div class=\"entry-wrap\"><div class=\"x-recent-posts-img\" style=\"background-image: url(https:\/\/groweriq.ca\/wp-content\/uploads\/2026\/03\/groweriq-vac-cannabis-reimbursement-cap-reduction-2026-featured-930x520.jpg);\"><i class='x-framework-icon x-recent-posts-icon' data-x-icon-s='&#xf15c;' aria-hidden=true><\/i><\/div><div class=\"x-recent-posts-content\"><h3 class=\"h-recent-posts\">ACC r\u00e9duit le plafond de remboursement du cannabis m\u00e9dical de 8,50 $\/g \u00e0 6,00 $\/g, en vigueur le 1er avril<\/h3><span class=\"x-recent-posts-date\">12 mars 2026<\/span><\/div><\/div><\/article><\/a><a class=\"x-recent-post3 with-image\" href=\"https:\/\/groweriq.ca\/fr\/2024\/06\/04\/modele-complet-de-rapport-sur-le-cannabis-pour-2024\/\" title=\"Permalink to: &quot;Mod\u00e8le complet de rapport sur le cannabis pour 2024&quot;\"><article id=\"post-27730\" class=\"post-27730 post type-post status-publish format-standard has-post-thumbnail hentry category-groweriq-seed-to-sale-fr tag-entreprise-de-cannabis tag-reglementation-du-cannabis\"><div class=\"entry-wrap\"><div class=\"x-recent-posts-img\" style=\"background-image: url(https:\/\/groweriq.ca\/wp-content\/uploads\/2024\/03\/microsoft-365-oUbzU87d1Gc-unsplash-870x520.jpg);\"><i class='x-framework-icon x-recent-posts-icon' data-x-icon-s='&#xf15c;' aria-hidden=true><\/i><\/div><div class=\"x-recent-posts-content\"><h3 class=\"h-recent-posts\">Mod\u00e8le complet de rapport sur le cannabis pour 2024<\/h3><span class=\"x-recent-posts-date\">4 juin 2024<\/span><\/div><\/div><\/article><\/a><a class=\"x-recent-post3 with-image\" href=\"https:\/\/groweriq.ca\/fr\/2024\/06\/04\/serie-de-webinaires-highiq-zoom-de-groweriq-sur-lindustrie-janrx-inc\/\" title=\"Permalink to: &quot;S\u00e9rie de webinaires HighIQ : Zoom de GrowerIQ sur l&rsquo;industrie &#8211; JANrx Inc.&quot;\"><article id=\"post-27725\" class=\"post-27725 post type-post status-publish format-standard has-post-thumbnail hentry category-communique-de-presse category-medias category-webinaire tag-marche-mondial-du-cannabis tag-produits-de-cannabis tag-webinaire tag-zoom-sur-lindustrie\"><div class=\"entry-wrap\"><div class=\"x-recent-posts-img\" style=\"background-image: url(https:\/\/groweriq.ca\/wp-content\/uploads\/2024\/04\/Website-blog-header-banner-version_1-1740x-918-870x520.jpg);\"><i class='x-framework-icon x-recent-posts-icon' data-x-icon-s='&#xf15c;' aria-hidden=true><\/i><\/div><div class=\"x-recent-posts-content\"><h3 class=\"h-recent-posts\">S\u00e9rie de webinaires HighIQ : Zoom de GrowerIQ sur l&rsquo;industrie &#8211; JANrx Inc.<\/h3><span class=\"x-recent-posts-date\">4 juin 2024<\/span><\/div><\/div><\/article><\/a><\/div><\/div><\/div><\/div><\/div><div class=\"x-section e4174-e8 m37y-1 m37y-2\"><div class=\"x-container max width e4174-e9 m37y-a\"><div class=\"x-column x-sm x-1-2 e4174-e10 m37y-b\"><div class=\"x-text x-text-headline e4174-e11 m37y-8 m37y-9\"><div class=\"x-text-content\"><div class=\"x-text-content-text\"><h2 class=\"x-text-content-text-primary\"><span>About GrowerIQ<\/span><\/h2>\n<\/div><\/div><\/div><div class=\"x-content-area e4174-e12 m37y-c\">GrowerIQ is a complete cannabis production management platform. Ours is the first platform to integrate your facility systems, including sensors, building controls, QMS, and ERP, into a single simplified interface.\n<br\/><br\/>\n\nGrowerIQ is changing the way producers use software - transforming a regulatory requirement into a robust platform to learn, analyze, and improve performance. \n<br\/><br\/>\n\nTo find out more about GrowerIQ and how we can help, fill out the form to the right, start a chat, or <a class=\"link\" href=\"\/contact-us\/\">contact us<\/a>.<\/div><\/div><div class=\"x-column x-sm x-1-2 e4174-e13 m37y-b\"><div class=\"x-content-area x-hide-sm x-hide-xs e4174-e14 m37y-c\"><h2 style=\"color: white !important;\">Start today.<\/h2>\n<p style=\"color: white !important;\">Let us know how to reach you, and we'll get in touch to discuss your project.<\/p>\n<div class=\"salesforce_w2l_lead sf_one_column\"><form id=\"sf_form_salesforce_w2l_lead_4\" class=\"w2llead placeholders\" method=\"post\" action=\"#sf_form_salesforce_w2l_lead_4\"><div class=\"sf_field sf_field_first_name sf_type_text\">\t<input type=\"text\" placeholder=\"Name *\" value=\"\" id=\"sf_first_name\" class=\"w2linput text\" name=\"first_name\"  \/><div class=\"clearfix\"><\/div><\/div><div class=\"sf_field sf_field_email sf_type_text\">\t<input type=\"text\" placeholder=\"Email *\" value=\"\" id=\"sf_email\" class=\"w2linput text\" name=\"email\"  \/><div class=\"clearfix\"><\/div><\/div><div class=\"sf_field sf_field_description sf_type_textarea\">\t\t<textarea id=\"sf_description\" class=\"w2linput textarea\" name=\"description\" placeholder=\"Message\"><\/textarea><div class=\"clearfix\"><\/div><\/div>\t\t<input type=\"hidden\" id=\"sf_GCLID__c\" class=\"w2linput hidden\" name=\"GCLID__c\" value=\"\" \/>\t\t<input type=\"hidden\" id=\"sf_Utm_campaign__c\" class=\"w2linput hidden\" name=\"Utm_campaign__c\" value=\"\" \/>\t\t<input type=\"hidden\" id=\"sf_Utm_content__c\" class=\"w2linput hidden\" name=\"Utm_content__c\" value=\"\" \/>\t\t<input type=\"hidden\" id=\"sf_Utm_medium__c\" class=\"w2linput hidden\" name=\"Utm_medium__c\" value=\"\" \/>\t\t<input type=\"hidden\" id=\"sf_Utm_source__c\" class=\"w2linput hidden\" name=\"Utm_source__c\" value=\"\" \/>\t\t<input type=\"hidden\" id=\"sf_Utm_term__c\" class=\"w2linput hidden\" name=\"Utm_term__c\" value=\"\" \/>\t\t<input type=\"hidden\" id=\"sf_Referral_url__c\" class=\"w2linput hidden\" name=\"Referral_url__c\" value=\"\" \/>\t<input type=\"text\" name=\"message\" class=\"w2linput\" value=\"\" style=\"display: none;\" \/>\t<input type=\"hidden\" name=\"form_id\" class=\"w2linput\" value=\"4\" \/>\t<div class=\"w2lsubmit\"><input type=\"submit\" name=\"w2lsubmit\" class=\"w2linput submit\" value=\"Get Started\" \/><\/div><\/form><\/div>\n\n<p style=\"color: white !important; font-size: 9px !important; line-height: 15px !important;\">GrowerIQ does not share, sell, rent, or trade personally identifiable information with third parties for promotional purposes. <a href=\"\/privacy-policy\/\" style=\"color: white !important; text-decoration: underline !important;\">Privacy Policy<\/a><\/p><\/div><\/div><\/div><\/div><\/div>\n","protected":false},"excerpt":{"rendered":"<p>La R\u00e9publique tch\u00e8que, \u00e9galement connue sous le nom de Tch\u00e9coslovaquie, pr\u00e9voit d&rsquo;\u00e9laborer sa l\u00e9galisation du cannabis apr\u00e8s l&rsquo;annonce r\u00e9cente de son plan par l&rsquo;Allemagne. Les deux pays pr\u00e9voient de collaborer en partageant des informations et les meilleures pratiques pour r\u00e9glementer l&rsquo;industrie l\u00e9gale du cannabis en R\u00e9publique tch\u00e8que. <\/p>\n","protected":false},"author":29,"featured_media":0,"parent":0,"menu_order":0,"comment_status":"closed","ping_status":"closed","template":"","meta":{"_elementor_css":"","footnotes":""},"categories":[515,735,556,935,738,601,509,730,733],"tags":[213,510,938,936,518,581,727,739,588,599,514,604,729,937],"class_list":["post-15828","page","type-page","status-publish","hentry","category-cannabis-fr","category-conseil","category-erp-pour-le-cannabis","category-informations-sur-le-marche","category-international-fr","category-legalisation","category-plan-daffaires-pour-le-cannabis","category-processus-doctroi-de-licence","category-processus-de-demande-de-lp","tag-cannabis","tag-cannabis-fr","tag-cannabis-de-la-republique-tcheque","tag-cannabis-tcheque","tag-culture-du-cannabis","tag-entreprise-de-cannabis","tag-industrie-du-cannabis","tag-legalisation","tag-maitre-cultivateur","tag-marijuana-medicale","tag-plan-daffaires-pour-le-cannabis","tag-processus-doctroi-de-licences","tag-reglementation-du-cannabis","tag-republique-tcheque","no-post-thumbnail"],"_links":{"self":[{"href":"https:\/\/groweriq.ca\/fr\/wp-json\/wp\/v2\/pages\/15828","targetHints":{"allow":["GET"]}}],"collection":[{"href":"https:\/\/groweriq.ca\/fr\/wp-json\/wp\/v2\/pages"}],"about":[{"href":"https:\/\/groweriq.ca\/fr\/wp-json\/wp\/v2\/types\/page"}],"author":[{"embeddable":true,"href":"https:\/\/groweriq.ca\/fr\/wp-json\/wp\/v2\/users\/29"}],"replies":[{"embeddable":true,"href":"https:\/\/groweriq.ca\/fr\/wp-json\/wp\/v2\/comments?post=15828"}],"version-history":[{"count":3,"href":"https:\/\/groweriq.ca\/fr\/wp-json\/wp\/v2\/pages\/15828\/revisions"}],"predecessor-version":[{"id":15833,"href":"https:\/\/groweriq.ca\/fr\/wp-json\/wp\/v2\/pages\/15828\/revisions\/15833"}],"wp:attachment":[{"href":"https:\/\/groweriq.ca\/fr\/wp-json\/wp\/v2\/media?parent=15828"}],"wp:term":[{"taxonomy":"category","embeddable":true,"href":"https:\/\/groweriq.ca\/fr\/wp-json\/wp\/v2\/categories?post=15828"},{"taxonomy":"post_tag","embeddable":true,"href":"https:\/\/groweriq.ca\/fr\/wp-json\/wp\/v2\/tags?post=15828"}],"curies":[{"name":"wp","href":"https:\/\/api.w.org\/{rel}","templated":true}]}}