{"id":15747,"date":"2022-12-28T18:13:47","date_gmt":"2022-12-28T23:13:47","guid":{"rendered":"https:\/\/groweriq.ca\/contactez-nous\/"},"modified":"2024-08-13T13:47:53","modified_gmt":"2024-08-13T17:47:53","slug":"contactez-nous","status":"publish","type":"page","link":"https:\/\/groweriq.ca\/fr\/contactez-nous\/","title":{"rendered":"Contactez-nous"},"content":{"rendered":"<div id=\"cs-content\" class=\"cs-content\"><\/div>\n","protected":false},"excerpt":{"rendered":"<p>Contactez-nous Toronto Allez-vous \u00eatre dans le voisinage ? Organisez une visite \u00e0 l&rsquo;avance ! Nous serions ravis de discuter de votre projet et de vous faire une d\u00e9monstration de la plateforme. 452-455 Danforth Avenue Toronto, Ontario, Canada M4K 1P1 Num\u00e9ro vert : 1-855-892-7500ERP pour cannabis &#8230; <\/p>\n<div><a href=\"https:\/\/groweriq.ca\/fr\/contactez-nous\/\" class=\"more-link\">Read More<\/a><\/div>\n","protected":false},"author":2,"featured_media":0,"parent":0,"menu_order":0,"comment_status":"closed","ping_status":"closed","template":"template-blank-4.php","meta":{"_elementor_css":"","footnotes":""},"categories":[],"tags":[],"class_list":["post-15747","page","type-page","status-publish","hentry","no-post-thumbnail"],"_links":{"self":[{"href":"https:\/\/groweriq.ca\/fr\/wp-json\/wp\/v2\/pages\/15747","targetHints":{"allow":["GET"]}}],"collection":[{"href":"https:\/\/groweriq.ca\/fr\/wp-json\/wp\/v2\/pages"}],"about":[{"href":"https:\/\/groweriq.ca\/fr\/wp-json\/wp\/v2\/types\/page"}],"author":[{"embeddable":true,"href":"https:\/\/groweriq.ca\/fr\/wp-json\/wp\/v2\/users\/2"}],"replies":[{"embeddable":true,"href":"https:\/\/groweriq.ca\/fr\/wp-json\/wp\/v2\/comments?post=15747"}],"version-history":[{"count":2,"href":"https:\/\/groweriq.ca\/fr\/wp-json\/wp\/v2\/pages\/15747\/revisions"}],"predecessor-version":[{"id":25525,"href":"https:\/\/groweriq.ca\/fr\/wp-json\/wp\/v2\/pages\/15747\/revisions\/25525"}],"wp:attachment":[{"href":"https:\/\/groweriq.ca\/fr\/wp-json\/wp\/v2\/media?parent=15747"}],"wp:term":[{"taxonomy":"category","embeddable":true,"href":"https:\/\/groweriq.ca\/fr\/wp-json\/wp\/v2\/categories?post=15747"},{"taxonomy":"post_tag","embeddable":true,"href":"https:\/\/groweriq.ca\/fr\/wp-json\/wp\/v2\/tags?post=15747"}],"curies":[{"name":"wp","href":"https:\/\/api.w.org\/{rel}","templated":true}]}}