{"id":15284,"date":"2022-12-09T16:08:42","date_gmt":"2022-12-09T21:08:42","guid":{"rendered":"https:\/\/groweriq.ca\/its-never-2-l8-pour-des-partenaires-de-premier-ordre\/"},"modified":"2025-01-23T12:07:19","modified_gmt":"2025-01-23T17:07:19","slug":"its-never-2-l8-pour-des-partenaires-de-premier-ordre","status":"publish","type":"page","link":"https:\/\/groweriq.ca\/fr\/its-never-2-l8-pour-des-partenaires-de-premier-ordre\/","title":{"rendered":"\u00ab\u00a0IT&rsquo;S NEVER 2 L8\u00a0\u00bb pour des partenaires de premier ordre"},"content":{"rendered":"\n<h2 class=\"wp-block-heading\">It&rsquo;s Never 2 L8, une entreprise de cannabis de premier plan bas\u00e9e en Suisse, devait pouvoir suivre ses produits de la semence \u00e0 la vente, mais sans syst\u00e8me d&rsquo;enregistrement unifi\u00e9, elle risquait de se heurter aux r\u00e9glementations et de perdre du temps et de l&rsquo;argent en raison de l&rsquo;inefficacit\u00e9.<\/h2>\n\n\n\n<h3 class=\"wp-block-heading\">\u00c0 propos de It&rsquo;s Never 2 L8 Cannabis<\/h3>\n\n\n\n<p>Similaire \u00e0 <a href=\"https:\/\/groweriq.ca\/fr\/comment-medcann-a-fait-confiance-aux-experts-de-groweriq\/\" target=\"_blank\" rel=\"noreferrer noopener\">Medcann<\/a>, It&rsquo;s Never 2 L8, une entreprise de cannabis fi\u00e8re de ses normes rigoureuses de contr\u00f4le de la qualit\u00e9 et de ses produits de haute qualit\u00e9, \u00e9tait \u00e0 la recherche d&rsquo;une plateforme logicielle pour l&rsquo;aider \u00e0 se conformer aux r\u00e9glementations en constante \u00e9volution. L&rsquo;entreprise souhaitait un logiciel sp\u00e9cialement con\u00e7u pour son installation de culture int\u00e9rieure de 2 150 m\u00b2, avec une interface utilisateur intuitive et un support client r\u00e9actif. Ils avaient \u00e9galement besoin d&rsquo;une plateforme disponible en plusieurs langues, afin de faciliter son utilisation par leur \u00e9quipe internationale.<\/p>\n\n\n\n<figure class=\"wp-block-image size-large x-image x-img x-img-thumbnail\"><img fetchpriority=\"high\" decoding=\"async\" width=\"2000\" height=\"1125\" src=\"https:\/\/groweriq.ca\/wp-content\/uploads\/2022\/10\/6-1-2000x1125.png\" alt=\"GrowerIQ, une solution d'analyse du cannabis d\u00e9velopp\u00e9e conform\u00e9ment aux normes des BPF de l'UE, est le choix id\u00e9al pour les cultivateurs qui s'efforcent de cr\u00e9er des produits de qualit\u00e9 et s\u00fbrs.\" class=\"wp-image-14223\" srcset=\"https:\/\/groweriq.ca\/wp-content\/uploads\/2022\/10\/6-1-2000x1125.png 2000w, https:\/\/groweriq.ca\/wp-content\/uploads\/2022\/10\/6-1-300x169.png 300w, https:\/\/groweriq.ca\/wp-content\/uploads\/2022\/10\/6-1-768x432.png 768w, https:\/\/groweriq.ca\/wp-content\/uploads\/2022\/10\/6-1-1536x864.png 1536w, https:\/\/groweriq.ca\/wp-content\/uploads\/2022\/10\/6-1-2048x1152.png 2048w, https:\/\/groweriq.ca\/wp-content\/uploads\/2022\/10\/6-1-100x56.png 100w, https:\/\/groweriq.ca\/wp-content\/uploads\/2022\/10\/6-1-870x489.png 870w, https:\/\/groweriq.ca\/wp-content\/uploads\/2022\/10\/6-1-1200x675.png 1200w\" sizes=\"(max-width: 2000px) 100vw, 2000px\" \/><figcaption class=\"wp-element-caption\">GrowerIQ, une solution d&rsquo;analyse du cannabis d\u00e9velopp\u00e9e conform\u00e9ment aux normes des BPF de l&rsquo;UE, est le choix id\u00e9al pour It&rsquo;s Never 2 L8, l&rsquo;entreprise suisse de cannabis qui s&rsquo;efforce de cr\u00e9er des produits de qualit\u00e9 et s\u00fbrs.<\/figcaption><\/figure>\n\n\n\n<h3 class=\"wp-block-heading\">Pourquoi ils ont choisi GrowerIQ<\/h3>\n\n\n\n<p>It&rsquo;s Never 2 L8 a choisi GrowerIQ d\u00e9velopp\u00e9 conform\u00e9ment aux normes des BPF de l&rsquo;UE, ce qui en fait la solution parfaite pour les producteurs de cannabis soucieux de la qualit\u00e9 et de la s\u00e9curit\u00e9 de leurs produits. Cela signifie que le logiciel r\u00e9pond \u00e0 des directives strictes afin de maintenir un niveau \u00e9lev\u00e9 de s\u00e9curit\u00e9, de contr\u00f4le de la qualit\u00e9 et de tra\u00e7abilit\u00e9 \u00e0 tous les stades de la croissance &#8211; du stade de la semence \u00e0 la r\u00e9colte. Parce que GrowerIQ est le seul logiciel ERP pour le cannabis qui r\u00e9pond \u00e0 ces normes, ils \u00e9taient \u00e0 l&rsquo;aise en le choisissant comme plateforme. <\/p>\n\n\n\n<blockquote class=\"wp-block-quote is-layout-flow wp-block-quote-is-layout-flow\">\n<p>\u00ab\u00a0L&rsquo;\u00e9quipe de GrowerIQ est \u00e9galement tr\u00e8s r\u00e9active et conna\u00eet bien l&rsquo;industrie du cannabis. Cela a fait d&rsquo;eux le partenaire parfait pour les besoins de It&rsquo;s Never 2 L8. Gr\u00e2ce \u00e0 GrowerIQ, nous sommes maintenant en mesure de suivre facilement nos produits de cannabis de la semence \u00e0 la vente, et de nous assurer qu&rsquo;ils r\u00e9pondent \u00e0 toutes les normes de qualit\u00e9.\u00a0\u00bb<\/p>\n<cite>Jonas D., Fondateur, It&rsquo;s Never 2 L8 Cannabis<\/cite><\/blockquote>\n\n\n\n<p>L&rsquo;\u00e9quipe de GrowerIQ est l\u00e0 pour vous aider \u00e0 atteindre les bonnes normes de qualit\u00e9 en ce qui concerne vos produits &#8211; et cela signifie r\u00e9duire les risques et r\u00e9pondre \u00e0 des r\u00e9glementations strictes tout en garantissant le respect des meilleures pratiques. Nous sommes fiers d&rsquo;\u00eatre associ\u00e9s \u00e0 une entreprise comme It&rsquo;s Never 2 L8, et nous sommes heureux de les accueillir comme nouveaux clients.<\/p>\n\n\n\n<p>Pour en savoir plus sur les exp\u00e9riences d&rsquo;autres entreprises avec nous, consultez ces articles : <a href=\"https:\/\/groweriq.ca\/fr\/irie-craft-cannabis\/\" target=\"_blank\" rel=\"noreferrer noopener\">Irie Craft Cannabis<\/a> et <a href=\"https:\/\/groweriq.ca\/fr\/master-plant-holdings-naviguer-dans-les-nouvelles-juridictions\/\" target=\"_blank\" rel=\"noreferrer noopener\">Master Plant<\/a>. Par ailleurs, nous serions ravis que vous lisiez nos articles sur nos r\u00e9cents financements ! : <a href=\"https:\/\/groweriq.ca\/fr\/2022\/10\/15\/groweriq-leve-un-capital-de-3-millions-de-dollars-pour-revolutionner-la-gestion-du-cannabis-dans-le-monde-entier\/\" target=\"_blank\" rel=\"noreferrer noopener\">GrowerIQ Seed<\/a> et <a href=\"https:\/\/groweriq.ca\/fr\/2022\/10\/03\/profil-de-betakit-groweriq-realise-une-levee-de-fonds-de-3-millions-de-dollars\/\" target=\"_blank\" rel=\"noreferrer noopener\">Betakit GrowerIQ<\/a>.<\/p>\n\n\n\n<h3 class=\"wp-block-heading\">Pour en savoir plus<\/h3>\n\n\n\n<p>Le logiciel de gestion \u00ab\u00a0de la semence \u00e0 la vente\u00a0\u00bb de GrowerIQ est le moyen id\u00e9al de se lancer dans l&rsquo;industrie du cannabis. Gr\u00e2ce \u00e0 son interface conviviale et \u00e0 ses nombreuses fonctionnalit\u00e9s compl\u00e8tes, vous serez en mesure de vous faire une place dans le secteur en un rien de temps ! <\/p>\n\n\n\n<a class=\"x-btn\" href=\"https:\/\/groweriq.ca\/software\/cannabis-software\/\" style=\"outline: none; max-width: 500px;\">En savoir plus sur le logiciel de gestion de la semence \u00e0 la vente<\/a><p><\/p>\n\n\n<div class=\"cs-content x-global-block x-global-block-4174 e4174-e0\"><div class=\"x-section e4174-e2 m37y-0 m37y-1\"><div class=\"x-row x-container max width e4174-e3 m37y-3 m37y-4\"><div class=\"x-row-inner\"><div class=\"x-col e4174-e4 m37y-5\"><hr class=\"x-line e4174-e5 m37y-6\"\/><div class=\"x-text x-text-headline e4174-e6 m37y-7 m37y-8\"><div class=\"x-text-content\"><div class=\"x-text-content-text\"><h2 class=\"x-text-content-text-primary\">Recommended For You<\/h2>\n<\/div><\/div><\/div><div  class=\"x-recent-posts cf horizontal\"  data-x-element=\"recent_posts\" data-x-params=\"{&quot;fade&quot;:false}\" data-fade=\"false\" ><a class=\"x-recent-post3 with-image\" href=\"https:\/\/groweriq.ca\/fr\/2026\/03\/12\/acc-plafond-remboursement-cannabis-medical-2026\/\" title=\"Permalink to: &quot;ACC r\u00e9duit le plafond de remboursement du cannabis m\u00e9dical de 8,50 $\/g \u00e0 6,00 $\/g, en vigueur le 1er avril&quot;\"><article id=\"post-42362\" class=\"post-42362 post type-post status-publish format-standard has-post-thumbnail hentry category-seed-to-sale-3 tag-reglementation-du-cannabis\"><div class=\"entry-wrap\"><div class=\"x-recent-posts-img\" style=\"background-image: url(https:\/\/groweriq.ca\/wp-content\/uploads\/2026\/03\/groweriq-vac-cannabis-reimbursement-cap-reduction-2026-featured-930x520.jpg);\"><i class='x-framework-icon x-recent-posts-icon' data-x-icon-s='&#xf15c;' aria-hidden=true><\/i><\/div><div class=\"x-recent-posts-content\"><h3 class=\"h-recent-posts\">ACC r\u00e9duit le plafond de remboursement du cannabis m\u00e9dical de 8,50 $\/g \u00e0 6,00 $\/g, en vigueur le 1er avril<\/h3><span class=\"x-recent-posts-date\">12 mars 2026<\/span><\/div><\/div><\/article><\/a><a class=\"x-recent-post3 with-image\" href=\"https:\/\/groweriq.ca\/fr\/2024\/06\/04\/modele-complet-de-rapport-sur-le-cannabis-pour-2024\/\" title=\"Permalink to: &quot;Mod\u00e8le complet de rapport sur le cannabis pour 2024&quot;\"><article id=\"post-27730\" class=\"post-27730 post type-post status-publish format-standard has-post-thumbnail hentry category-groweriq-seed-to-sale-fr tag-entreprise-de-cannabis tag-reglementation-du-cannabis\"><div class=\"entry-wrap\"><div class=\"x-recent-posts-img\" style=\"background-image: url(https:\/\/groweriq.ca\/wp-content\/uploads\/2024\/03\/microsoft-365-oUbzU87d1Gc-unsplash-870x520.jpg);\"><i class='x-framework-icon x-recent-posts-icon' data-x-icon-s='&#xf15c;' aria-hidden=true><\/i><\/div><div class=\"x-recent-posts-content\"><h3 class=\"h-recent-posts\">Mod\u00e8le complet de rapport sur le cannabis pour 2024<\/h3><span class=\"x-recent-posts-date\">4 juin 2024<\/span><\/div><\/div><\/article><\/a><a class=\"x-recent-post3 with-image\" href=\"https:\/\/groweriq.ca\/fr\/2024\/06\/04\/serie-de-webinaires-highiq-zoom-de-groweriq-sur-lindustrie-janrx-inc\/\" title=\"Permalink to: &quot;S\u00e9rie de webinaires HighIQ : Zoom de GrowerIQ sur l&rsquo;industrie &#8211; JANrx Inc.&quot;\"><article id=\"post-27725\" class=\"post-27725 post type-post status-publish format-standard has-post-thumbnail hentry category-communique-de-presse category-medias category-webinaire tag-marche-mondial-du-cannabis tag-produits-de-cannabis tag-webinaire tag-zoom-sur-lindustrie\"><div class=\"entry-wrap\"><div class=\"x-recent-posts-img\" style=\"background-image: url(https:\/\/groweriq.ca\/wp-content\/uploads\/2024\/04\/Website-blog-header-banner-version_1-1740x-918-870x520.jpg);\"><i class='x-framework-icon x-recent-posts-icon' data-x-icon-s='&#xf15c;' aria-hidden=true><\/i><\/div><div class=\"x-recent-posts-content\"><h3 class=\"h-recent-posts\">S\u00e9rie de webinaires HighIQ : Zoom de GrowerIQ sur l&rsquo;industrie &#8211; JANrx Inc.<\/h3><span class=\"x-recent-posts-date\">4 juin 2024<\/span><\/div><\/div><\/article><\/a><\/div><\/div><\/div><\/div><\/div><div class=\"x-section e4174-e8 m37y-1 m37y-2\"><div class=\"x-container max width e4174-e9 m37y-a\"><div class=\"x-column x-sm x-1-2 e4174-e10 m37y-b\"><div class=\"x-text x-text-headline e4174-e11 m37y-8 m37y-9\"><div class=\"x-text-content\"><div class=\"x-text-content-text\"><h2 class=\"x-text-content-text-primary\"><span>About GrowerIQ<\/span><\/h2>\n<\/div><\/div><\/div><div class=\"x-content-area e4174-e12 m37y-c\">GrowerIQ is a complete cannabis production management platform. Ours is the first platform to integrate your facility systems, including sensors, building controls, QMS, and ERP, into a single simplified interface.\n<br\/><br\/>\n\nGrowerIQ is changing the way producers use software - transforming a regulatory requirement into a robust platform to learn, analyze, and improve performance. \n<br\/><br\/>\n\nTo find out more about GrowerIQ and how we can help, fill out the form to the right, start a chat, or <a class=\"link\" href=\"\/contact-us\/\">contact us<\/a>.<\/div><\/div><div class=\"x-column x-sm x-1-2 e4174-e13 m37y-b\"><div class=\"x-content-area x-hide-sm x-hide-xs e4174-e14 m37y-c\"><h2 style=\"color: white !important;\">Start today.<\/h2>\n<p style=\"color: white !important;\">Let us know how to reach you, and we'll get in touch to discuss your project.<\/p>\n<div class=\"salesforce_w2l_lead sf_one_column\"><form id=\"sf_form_salesforce_w2l_lead_4\" class=\"w2llead placeholders\" method=\"post\" action=\"#sf_form_salesforce_w2l_lead_4\"><div class=\"sf_field sf_field_first_name sf_type_text\">\t<input type=\"text\" placeholder=\"Name *\" value=\"\" id=\"sf_first_name\" class=\"w2linput text\" name=\"first_name\"  \/><div class=\"clearfix\"><\/div><\/div><div class=\"sf_field sf_field_email sf_type_text\">\t<input type=\"text\" placeholder=\"Email *\" value=\"\" id=\"sf_email\" class=\"w2linput text\" name=\"email\"  \/><div class=\"clearfix\"><\/div><\/div><div class=\"sf_field sf_field_description sf_type_textarea\">\t\t<textarea id=\"sf_description\" class=\"w2linput textarea\" name=\"description\" placeholder=\"Message\"><\/textarea><div class=\"clearfix\"><\/div><\/div>\t\t<input type=\"hidden\" id=\"sf_GCLID__c\" class=\"w2linput hidden\" name=\"GCLID__c\" value=\"\" \/>\t\t<input type=\"hidden\" id=\"sf_Utm_campaign__c\" class=\"w2linput hidden\" name=\"Utm_campaign__c\" value=\"\" \/>\t\t<input type=\"hidden\" id=\"sf_Utm_content__c\" class=\"w2linput hidden\" name=\"Utm_content__c\" value=\"\" \/>\t\t<input type=\"hidden\" id=\"sf_Utm_medium__c\" class=\"w2linput hidden\" name=\"Utm_medium__c\" value=\"\" \/>\t\t<input type=\"hidden\" id=\"sf_Utm_source__c\" class=\"w2linput hidden\" name=\"Utm_source__c\" value=\"\" \/>\t\t<input type=\"hidden\" id=\"sf_Utm_term__c\" class=\"w2linput hidden\" name=\"Utm_term__c\" value=\"\" \/>\t\t<input type=\"hidden\" id=\"sf_Referral_url__c\" class=\"w2linput hidden\" name=\"Referral_url__c\" value=\"\" \/>\t<input type=\"text\" name=\"message\" class=\"w2linput\" value=\"\" style=\"display: none;\" \/>\t<input type=\"hidden\" name=\"form_id\" class=\"w2linput\" value=\"4\" \/>\t<div class=\"w2lsubmit\"><input type=\"submit\" name=\"w2lsubmit\" class=\"w2linput submit\" value=\"Get Started\" \/><\/div><\/form><\/div>\n\n<p style=\"color: white !important; font-size: 9px !important; line-height: 15px !important;\">GrowerIQ does not share, sell, rent, or trade personally identifiable information with third parties for promotional purposes. <a href=\"\/privacy-policy\/\" style=\"color: white !important; text-decoration: underline !important;\">Privacy Policy<\/a><\/p><\/div><\/div><\/div><\/div><\/div>\n","protected":false},"excerpt":{"rendered":"<p>GrowerIQ est le choix id\u00e9al pour It&rsquo;s Never 2 L8, l&rsquo;entreprise suisse de cannabis qui s&rsquo;efforce de cr\u00e9er des produits de qualit\u00e9 et s\u00fbrs pour les consommateurs.<\/p>\n","protected":false},"author":29,"featured_media":14229,"parent":0,"menu_order":0,"comment_status":"closed","ping_status":"closed","template":"","meta":{"_elementor_css":"","footnotes":""},"categories":[836,517,738,841,410,860,837],"tags":[213,261,587,521,518,581,558,911,727,912,842,570,588,599,514,604,802,729,843],"class_list":["post-15284","page","type-page","status-publish","has-post-thumbnail","hentry","category-etude-de-cas","category-groweriq-seed-to-sale-fr","category-international-fr","category-logiciel-de-gestion-du-cannabis","category-non-classifiee","category-partenariats","category-temoignage","tag-cannabis","tag-cannabis-seed-to-sale","tag-conseil-en-cannabis","tag-croissance-du-cannabis","tag-culture-du-cannabis","tag-entreprise-de-cannabis","tag-erp-pour-le-cannabis","tag-etude-de-cas","tag-industrie-du-cannabis","tag-licence-de-cannabis","tag-logiciel-pour-le-cannabis","tag-logiciel-seed-to-sale","tag-maitre-cultivateur","tag-marijuana-medicale","tag-plan-daffaires-pour-le-cannabis","tag-processus-doctroi-de-licences","tag-production-de-cannabis","tag-reglementation-du-cannabis","tag-technologie-du-cannabis"],"_links":{"self":[{"href":"https:\/\/groweriq.ca\/fr\/wp-json\/wp\/v2\/pages\/15284","targetHints":{"allow":["GET"]}}],"collection":[{"href":"https:\/\/groweriq.ca\/fr\/wp-json\/wp\/v2\/pages"}],"about":[{"href":"https:\/\/groweriq.ca\/fr\/wp-json\/wp\/v2\/types\/page"}],"author":[{"embeddable":true,"href":"https:\/\/groweriq.ca\/fr\/wp-json\/wp\/v2\/users\/29"}],"replies":[{"embeddable":true,"href":"https:\/\/groweriq.ca\/fr\/wp-json\/wp\/v2\/comments?post=15284"}],"version-history":[{"count":3,"href":"https:\/\/groweriq.ca\/fr\/wp-json\/wp\/v2\/pages\/15284\/revisions"}],"predecessor-version":[{"id":16652,"href":"https:\/\/groweriq.ca\/fr\/wp-json\/wp\/v2\/pages\/15284\/revisions\/16652"}],"wp:featuredmedia":[{"embeddable":true,"href":"https:\/\/groweriq.ca\/fr\/wp-json\/wp\/v2\/media\/14229"}],"wp:attachment":[{"href":"https:\/\/groweriq.ca\/fr\/wp-json\/wp\/v2\/media?parent=15284"}],"wp:term":[{"taxonomy":"category","embeddable":true,"href":"https:\/\/groweriq.ca\/fr\/wp-json\/wp\/v2\/categories?post=15284"},{"taxonomy":"post_tag","embeddable":true,"href":"https:\/\/groweriq.ca\/fr\/wp-json\/wp\/v2\/tags?post=15284"}],"curies":[{"name":"wp","href":"https:\/\/api.w.org\/{rel}","templated":true}]}}