{"id":15272,"date":"2022-12-08T17:09:42","date_gmt":"2022-12-08T22:09:42","guid":{"rendered":"https:\/\/groweriq.ca\/comment-medcann-a-fait-confiance-aux-experts-de-groweriq\/"},"modified":"2025-01-23T12:07:53","modified_gmt":"2025-01-23T17:07:53","slug":"comment-medcann-a-fait-confiance-aux-experts-de-groweriq","status":"publish","type":"page","link":"https:\/\/groweriq.ca\/fr\/comment-medcann-a-fait-confiance-aux-experts-de-groweriq\/","title":{"rendered":"Comment Medcann a fait confiance aux experts de GrowerIQ"},"content":{"rendered":"\n<h2 class=\"wp-block-heading\">Medcann se concentre sur sa strat\u00e9gie en mati\u00e8re de g\u00e9n\u00e9tique du cannabis et s&rsquo;efforce d&rsquo;offrir au march\u00e9 mondial des vari\u00e9t\u00e9s g\u00e9n\u00e9tiques de cannabis et de chanvre de la plus haute qualit\u00e9, d&rsquo;origine l\u00e9gale et un approvisionnement en semences.<\/h2>\n\n\n\n<h3 class=\"wp-block-heading\">\u00c0 propos de Medcann<\/h3>\n\n\n\n<div class=\"wp-block-columns are-vertically-aligned-center is-layout-flex wp-container-core-columns-is-layout-9d6595d7 wp-block-columns-is-layout-flex\">\n<div class=\"wp-block-column is-vertically-aligned-center is-layout-flow wp-block-column-is-layout-flow\" style=\"flex-basis:75%\">\n<p>Medcann est une entreprise innovante de culture de cannabis dont le si\u00e8ge social est bas\u00e9 au Canada et qui op\u00e8re en Espagne, au P\u00e9rou et en Colombie. Medcann dispose d&rsquo;une licence et d&rsquo;un terrain de 800 ha \u00e0 Bogota, en Colombie.<br><br>Jason, le directeur des technologies de l&rsquo;information de Medcann, a travaill\u00e9 dans le secteur des technologies pendant plus de 20 ans, ce qui l&rsquo;a conduit au poste de directeur des technologies de l&rsquo;information d&rsquo;une entreprise de cannabis m\u00e9dical. Voici ce qu&rsquo;il avait \u00e0 dire au sujet de la r\u00e9cente recherche de Medcann sur les logiciels de gestion de la semence \u00e0 la vente et de leur exp\u00e9rience avec le support des proc\u00e9dures op\u00e9rationnelles et le logiciel de gestion de la semence \u00e0 la vente de GrowerIQ :<\/p>\n<\/div>\n\n\n\n<div class=\"wp-block-column is-vertically-aligned-center is-layout-flow wp-block-column-is-layout-flow\" style=\"flex-basis:20%\">\n<figure class=\"wp-block-image size-full is-resized x-image x-img x-img-thumbnail\"><img decoding=\"async\" src=\"https:\/\/groweriq.ca\/wp-content\/uploads\/2022\/10\/GIQ-Logos.png\" alt=\"\u00c9tude de cas Medcann GrowerIQ\" class=\"wp-image-14202\" width=\"165\" height=\"165\" srcset=\"https:\/\/groweriq.ca\/wp-content\/uploads\/2022\/10\/GIQ-Logos.png 1080w, https:\/\/groweriq.ca\/wp-content\/uploads\/2022\/10\/GIQ-Logos-300x300.png 300w, https:\/\/groweriq.ca\/wp-content\/uploads\/2022\/10\/GIQ-Logos-150x150.png 150w, https:\/\/groweriq.ca\/wp-content\/uploads\/2022\/10\/GIQ-Logos-768x768.png 768w, https:\/\/groweriq.ca\/wp-content\/uploads\/2022\/10\/GIQ-Logos-100x100.png 100w, https:\/\/groweriq.ca\/wp-content\/uploads\/2022\/10\/GIQ-Logos-870x870.png 870w, https:\/\/groweriq.ca\/wp-content\/uploads\/2022\/10\/GIQ-Logos-24x24.png 24w, https:\/\/groweriq.ca\/wp-content\/uploads\/2022\/10\/GIQ-Logos-48x48.png 48w, https:\/\/groweriq.ca\/wp-content\/uploads\/2022\/10\/GIQ-Logos-96x96.png 96w\" sizes=\"(max-width: 165px) 100vw, 165px\" \/><\/figure>\n<\/div>\n<\/div>\n\n\n\n<p>\u00ab\u00a0Au cours du processus d&rsquo;\u00e9valuation et de s\u00e9lection du syst\u00e8me d&rsquo;information \u00e0 utiliser dans les op\u00e9rations sur le terrain de Medcann, <strong>GrowerIQ est apparu comme l&rsquo;outil le plus complet pour notre activit\u00e9<\/strong>. Sa flexibilit\u00e9 lorsqu&rsquo;il s&rsquo;agit d&rsquo;\u00e9tendre la solution, ses modules compl\u00e9mentaires et l&rsquo;excellent support constant\u00f9 que nous recevons du fournisseur ont fait de GrowerIQ la solution la plus compl\u00e8te.\u00a0\u00bb<\/p>\n\n\n\n<figure class=\"wp-block-image size-large x-image x-img x-img-thumbnail\"><img fetchpriority=\"high\" decoding=\"async\" width=\"2000\" height=\"1125\" src=\"https:\/\/groweriq.ca\/wp-content\/uploads\/2022\/10\/Copy-of-GIQ_Blogs_Case-Study-2000x1125.png\" alt=\"\" class=\"wp-image-14281\" srcset=\"https:\/\/groweriq.ca\/wp-content\/uploads\/2022\/10\/Copy-of-GIQ_Blogs_Case-Study-2000x1125.png 2000w, https:\/\/groweriq.ca\/wp-content\/uploads\/2022\/10\/Copy-of-GIQ_Blogs_Case-Study-300x169.png 300w, https:\/\/groweriq.ca\/wp-content\/uploads\/2022\/10\/Copy-of-GIQ_Blogs_Case-Study-768x432.png 768w, https:\/\/groweriq.ca\/wp-content\/uploads\/2022\/10\/Copy-of-GIQ_Blogs_Case-Study-1536x864.png 1536w, https:\/\/groweriq.ca\/wp-content\/uploads\/2022\/10\/Copy-of-GIQ_Blogs_Case-Study-2048x1152.png 2048w, https:\/\/groweriq.ca\/wp-content\/uploads\/2022\/10\/Copy-of-GIQ_Blogs_Case-Study-100x56.png 100w, https:\/\/groweriq.ca\/wp-content\/uploads\/2022\/10\/Copy-of-GIQ_Blogs_Case-Study-870x489.png 870w, https:\/\/groweriq.ca\/wp-content\/uploads\/2022\/10\/Copy-of-GIQ_Blogs_Case-Study-1200x675.png 1200w\" sizes=\"(max-width: 2000px) 100vw, 2000px\" \/><figcaption class=\"wp-element-caption\">Medcann se concentre sur sa strat\u00e9gie en mati\u00e8re de g\u00e9n\u00e9tique du cannabis &#8211; s&rsquo;effor\u00e7ant d&rsquo;offrir au march\u00e9 mondial des vari\u00e9t\u00e9s d&rsquo;origine l\u00e9gale et un approvisionnement en semences.<\/figcaption><\/figure>\n\n\n\n<p>\u00ab\u00a0\u00c0 Medcann, nous avons proc\u00e9d\u00e9 \u00e0 l&rsquo;\u00e9valuation et \u00e0 la s\u00e9lection du syst\u00e8me logiciel \u00e0 utiliser pour le fonctionnement de l&rsquo;entreprise. Pour ce travail, une enqu\u00eate <strong>a \u00e9t\u00e9 men\u00e9e sur plus de 20 syst\u00e8mes logiciels sp\u00e9cialis\u00e9s dans l&rsquo;industrie du cannabis (de la semence \u00e0 la vente)<\/strong>, o\u00f9 un grand nombre de caract\u00e9ristiques ont \u00e9t\u00e9 \u00e9valu\u00e9es, parmi lesquelles celles ayant le plus de poids dans la matrice de s\u00e9lections :<\/p>\n\n\n\n<ul class=\"wp-block-list\">\n<li>Prix<\/li>\n\n\n\n<li>TOC (Table des mati\u00e8res)<\/li>\n\n\n\n<li>ROI (Retour sur investissement)<\/li>\n\n\n\n<li>La flexibilit\u00e9 de l&rsquo;outil pour effectuer des personnalisations (un aspect tr\u00e8s pertinent dans une nouvelle industrie)<\/li>\n\n\n\n<li>Conformit\u00e9 r\u00e9glementaire (essentielle pour l&rsquo;industrie du cannabis)<\/li>\n\n\n\n<li>Accompagnement du partenaire<\/li>\n\n\n\n<li>Innovation\u00a0\u00bb<\/li>\n<\/ul>\n\n\n\n<blockquote class=\"wp-block-quote is-layout-flow wp-block-quote-is-layout-flow\">\n<p>\u00ab\u00a0Le r\u00e9sultat de l&rsquo;\u00e9valuation nous a donn\u00e9 2 solutions comme les meilleures options, GrowerIQ \u00e9tant la plus compl\u00e8te en raison de sa flexibilit\u00e9 lorsqu&rsquo;il s&rsquo;agit d&rsquo;\u00e9tendre ses solutions, ses modules compl\u00e9mentaires, et le support constant et excellent que nous recevons de l&rsquo;\u00e9quipe de GrowerIQ.\u00a0\u00bb<\/p>\n<cite>Jason, DTI de Medcann<\/cite><\/blockquote>\n\n\n\n<p>\u00ab\u00a0GrowerIQ est un syst\u00e8me qui permet non seulement d&rsquo;am\u00e9liorer l&rsquo;op\u00e9rabilit\u00e9, la tra\u00e7abilit\u00e9 et la conformit\u00e9, mais qui est \u00e9galement tr\u00e8s utile pour les questions de contr\u00f4le de la qualit\u00e9 gr\u00e2ce au module QMS qui est inclus. Sans parler de l&rsquo;opportunit\u00e9 qu&rsquo;il peut apporter aux entreprises qui tirent parti des fonctionnalit\u00e9s d&rsquo;intelligence artificielle int\u00e9gr\u00e9es. <strong>Je recommande vivement ce syst\u00e8me<\/strong>.\u00a0\u00bb<\/p>\n\n\n\n<p>Merci \u00e0 Jason et \u00e0 l&rsquo;\u00e9quipe de Medcann pour leur soutien \u00e0 GrowerIQ en tant que fournisseur de logiciel de gestion de la semence \u00e0 la vente et nous attendons avec impatience de nombreuses ann\u00e9es de retours heureux pour vous !<\/p>\n\n\n\n<p>Pour en savoir plus sur les exp\u00e9riences d&rsquo;autres entreprises, consultez ces articles : <a href=\"https:\/\/groweriq.ca\/fr\/irie-craft-cannabis\/\" target=\"_blank\" rel=\"noreferrer noopener\">Irie Craft Cannabis<\/a>, <a href=\"https:\/\/groweriq.ca\/fr\/its-never-2-l8-pour-des-partenaires-de-premier-ordre\/\" target=\"_blank\" rel=\"noreferrer noopener\">it&rsquo;s never 2 l8<\/a>, <a href=\"https:\/\/groweriq.ca\/fr\/grunelabs-suivre-le-cycle-de-vie-des-plantes-en-toute-simplicite\/\" target=\"_blank\" rel=\"noreferrer noopener\">Gr\u00fcneLabs<\/a>, and <a href=\"https:\/\/groweriq.ca\/fr\/master-plant-holdings-naviguer-dans-les-nouvelles-juridictions\/\" target=\"_blank\" rel=\"noreferrer noopener\">Master Plant<\/a>. Par ailleurs, nous serions ravis que vous lisiez \u00e9galement notre article sur notre r\u00e9cent financement, <a href=\"https:\/\/groweriq.ca\/fr\/2022\/10\/15\/groweriq-leve-un-capital-de-3-millions-de-dollars-pour-revolutionner-la-gestion-du-cannabis-dans-le-monde-entier\/\" target=\"_blank\" rel=\"noreferrer noopener\">GrowerIQ Seed<\/a> et <a href=\"https:\/\/groweriq.ca\/fr\/2022\/10\/03\/profil-de-betakit-groweriq-realise-une-levee-de-fonds-de-3-millions-de-dollars\/\" target=\"_blank\" rel=\"noreferrer noopener\">Betakit GrowerIQ<\/a>.<\/p>\n\n\n\n<h3 class=\"wp-block-heading\" id=\"block-649226e2-1ca4-467b-bdb0-0b32ff21637c\">Pour en savoir plus<\/h3>\n\n\n\n<p id=\"block-edd2ad88-b77c-497b-8370-fa0a826d3401\">Le logiciel de gestion \u00ab\u00a0de la semence \u00e0 la vente\u00a0\u00bb de GrowerIQ est le moyen id\u00e9al de se lancer dans l&rsquo;industrie du cannabis. Gr\u00e2ce \u00e0 son interface conviviale et \u00e0 ses nombreuses fonctionnalit\u00e9s compl\u00e8tes, vous serez en mesure de vous faire une place dans le secteur en un rien de temps !<\/p>\n\n\n\n<a class=\"x-btn\" href=\"https:\/\/groweriq.ca\/software\/cannabis-software\/\" style=\"outline: none; max-width: 500px;\">En savoir plus sur le logiciel de gestion de la semence \u00e0 la vente<\/a><p><\/p>\n\n\n<div class=\"cs-content x-global-block x-global-block-4174 e4174-e0\"><div class=\"x-section e4174-e2 m37y-0 m37y-1\"><div class=\"x-row x-container max width e4174-e3 m37y-3 m37y-4\"><div class=\"x-row-inner\"><div class=\"x-col e4174-e4 m37y-5\"><hr class=\"x-line e4174-e5 m37y-6\"\/><div class=\"x-text x-text-headline e4174-e6 m37y-7 m37y-8\"><div class=\"x-text-content\"><div class=\"x-text-content-text\"><h2 class=\"x-text-content-text-primary\">Recommended For You<\/h2>\n<\/div><\/div><\/div><div  class=\"x-recent-posts cf horizontal\"  data-x-element=\"recent_posts\" data-x-params=\"{&quot;fade&quot;:false}\" data-fade=\"false\" ><a class=\"x-recent-post3 with-image\" href=\"https:\/\/groweriq.ca\/fr\/2026\/03\/12\/acc-plafond-remboursement-cannabis-medical-2026\/\" title=\"Permalink to: &quot;ACC r\u00e9duit le plafond de remboursement du cannabis m\u00e9dical de 8,50 $\/g \u00e0 6,00 $\/g, en vigueur le 1er avril&quot;\"><article id=\"post-42362\" class=\"post-42362 post type-post status-publish format-standard has-post-thumbnail hentry category-seed-to-sale-3 tag-reglementation-du-cannabis\"><div class=\"entry-wrap\"><div class=\"x-recent-posts-img\" style=\"background-image: url(https:\/\/groweriq.ca\/wp-content\/uploads\/2026\/03\/groweriq-vac-cannabis-reimbursement-cap-reduction-2026-featured-930x520.jpg);\"><i class='x-framework-icon x-recent-posts-icon' data-x-icon-s='&#xf15c;' aria-hidden=true><\/i><\/div><div class=\"x-recent-posts-content\"><h3 class=\"h-recent-posts\">ACC r\u00e9duit le plafond de remboursement du cannabis m\u00e9dical de 8,50 $\/g \u00e0 6,00 $\/g, en vigueur le 1er avril<\/h3><span class=\"x-recent-posts-date\">12 mars 2026<\/span><\/div><\/div><\/article><\/a><a class=\"x-recent-post3 with-image\" href=\"https:\/\/groweriq.ca\/fr\/2024\/06\/04\/modele-complet-de-rapport-sur-le-cannabis-pour-2024\/\" title=\"Permalink to: &quot;Mod\u00e8le complet de rapport sur le cannabis pour 2024&quot;\"><article id=\"post-27730\" class=\"post-27730 post type-post status-publish format-standard has-post-thumbnail hentry category-groweriq-seed-to-sale-fr tag-entreprise-de-cannabis tag-reglementation-du-cannabis\"><div class=\"entry-wrap\"><div class=\"x-recent-posts-img\" style=\"background-image: url(https:\/\/groweriq.ca\/wp-content\/uploads\/2024\/03\/microsoft-365-oUbzU87d1Gc-unsplash-870x520.jpg);\"><i class='x-framework-icon x-recent-posts-icon' data-x-icon-s='&#xf15c;' aria-hidden=true><\/i><\/div><div class=\"x-recent-posts-content\"><h3 class=\"h-recent-posts\">Mod\u00e8le complet de rapport sur le cannabis pour 2024<\/h3><span class=\"x-recent-posts-date\">4 juin 2024<\/span><\/div><\/div><\/article><\/a><a class=\"x-recent-post3 with-image\" href=\"https:\/\/groweriq.ca\/fr\/2024\/06\/04\/serie-de-webinaires-highiq-zoom-de-groweriq-sur-lindustrie-janrx-inc\/\" title=\"Permalink to: &quot;S\u00e9rie de webinaires HighIQ : Zoom de GrowerIQ sur l&rsquo;industrie &#8211; JANrx Inc.&quot;\"><article id=\"post-27725\" class=\"post-27725 post type-post status-publish format-standard has-post-thumbnail hentry category-communique-de-presse category-medias category-webinaire tag-marche-mondial-du-cannabis tag-produits-de-cannabis tag-webinaire tag-zoom-sur-lindustrie\"><div class=\"entry-wrap\"><div class=\"x-recent-posts-img\" style=\"background-image: url(https:\/\/groweriq.ca\/wp-content\/uploads\/2024\/04\/Website-blog-header-banner-version_1-1740x-918-870x520.jpg);\"><i class='x-framework-icon x-recent-posts-icon' data-x-icon-s='&#xf15c;' aria-hidden=true><\/i><\/div><div class=\"x-recent-posts-content\"><h3 class=\"h-recent-posts\">S\u00e9rie de webinaires HighIQ : Zoom de GrowerIQ sur l&rsquo;industrie &#8211; JANrx Inc.<\/h3><span class=\"x-recent-posts-date\">4 juin 2024<\/span><\/div><\/div><\/article><\/a><\/div><\/div><\/div><\/div><\/div><div class=\"x-section e4174-e8 m37y-1 m37y-2\"><div class=\"x-container max width e4174-e9 m37y-a\"><div class=\"x-column x-sm x-1-2 e4174-e10 m37y-b\"><div class=\"x-text x-text-headline e4174-e11 m37y-8 m37y-9\"><div class=\"x-text-content\"><div class=\"x-text-content-text\"><h2 class=\"x-text-content-text-primary\"><span>About GrowerIQ<\/span><\/h2>\n<\/div><\/div><\/div><div class=\"x-content-area e4174-e12 m37y-c\">GrowerIQ is a complete cannabis production management platform. Ours is the first platform to integrate your facility systems, including sensors, building controls, QMS, and ERP, into a single simplified interface.\n<br\/><br\/>\n\nGrowerIQ is changing the way producers use software - transforming a regulatory requirement into a robust platform to learn, analyze, and improve performance. \n<br\/><br\/>\n\nTo find out more about GrowerIQ and how we can help, fill out the form to the right, start a chat, or <a class=\"link\" href=\"\/contact-us\/\">contact us<\/a>.<\/div><\/div><div class=\"x-column x-sm x-1-2 e4174-e13 m37y-b\"><div class=\"x-content-area x-hide-sm x-hide-xs e4174-e14 m37y-c\"><h2 style=\"color: white !important;\">Start today.<\/h2>\n<p style=\"color: white !important;\">Let us know how to reach you, and we'll get in touch to discuss your project.<\/p>\n<div class=\"salesforce_w2l_lead sf_one_column\"><form id=\"sf_form_salesforce_w2l_lead_4\" class=\"w2llead placeholders\" method=\"post\" action=\"#sf_form_salesforce_w2l_lead_4\"><div class=\"sf_field sf_field_first_name sf_type_text\">\t<input type=\"text\" placeholder=\"Name *\" value=\"\" id=\"sf_first_name\" class=\"w2linput text\" name=\"first_name\"  \/><div class=\"clearfix\"><\/div><\/div><div class=\"sf_field sf_field_email sf_type_text\">\t<input type=\"text\" placeholder=\"Email *\" value=\"\" id=\"sf_email\" class=\"w2linput text\" name=\"email\"  \/><div class=\"clearfix\"><\/div><\/div><div class=\"sf_field sf_field_description sf_type_textarea\">\t\t<textarea id=\"sf_description\" class=\"w2linput textarea\" name=\"description\" placeholder=\"Message\"><\/textarea><div class=\"clearfix\"><\/div><\/div>\t\t<input type=\"hidden\" id=\"sf_GCLID__c\" class=\"w2linput hidden\" name=\"GCLID__c\" value=\"\" \/>\t\t<input type=\"hidden\" id=\"sf_Utm_campaign__c\" class=\"w2linput hidden\" name=\"Utm_campaign__c\" value=\"\" \/>\t\t<input type=\"hidden\" id=\"sf_Utm_content__c\" class=\"w2linput hidden\" name=\"Utm_content__c\" value=\"\" \/>\t\t<input type=\"hidden\" id=\"sf_Utm_medium__c\" class=\"w2linput hidden\" name=\"Utm_medium__c\" value=\"\" \/>\t\t<input type=\"hidden\" id=\"sf_Utm_source__c\" class=\"w2linput hidden\" name=\"Utm_source__c\" value=\"\" \/>\t\t<input type=\"hidden\" id=\"sf_Utm_term__c\" class=\"w2linput hidden\" name=\"Utm_term__c\" value=\"\" \/>\t\t<input type=\"hidden\" id=\"sf_Referral_url__c\" class=\"w2linput hidden\" name=\"Referral_url__c\" value=\"\" \/>\t<input type=\"text\" name=\"message\" class=\"w2linput\" value=\"\" style=\"display: none;\" \/>\t<input type=\"hidden\" name=\"form_id\" class=\"w2linput\" value=\"4\" \/>\t<div class=\"w2lsubmit\"><input type=\"submit\" name=\"w2lsubmit\" class=\"w2linput submit\" value=\"Get Started\" \/><\/div><\/form><\/div>\n\n<p style=\"color: white !important; font-size: 9px !important; line-height: 15px !important;\">GrowerIQ does not share, sell, rent, or trade personally identifiable information with third parties for promotional purposes. <a href=\"\/privacy-policy\/\" style=\"color: white !important; text-decoration: underline !important;\">Privacy Policy<\/a><\/p><\/div><\/div><\/div><\/div><\/div>\n","protected":false},"excerpt":{"rendered":"<p>Medcann se concentre sur sa strat\u00e9gie en mati\u00e8re de g\u00e9n\u00e9tique du cannabis et s&rsquo;efforce d&rsquo;offrir au march\u00e9 mondial des vari\u00e9t\u00e9s g\u00e9n\u00e9tiques de cannabis et du chanvre de haute qualit\u00e9.<\/p>\n","protected":false},"author":29,"featured_media":0,"parent":0,"menu_order":0,"comment_status":"closed","ping_status":"closed","template":"","meta":{"_elementor_css":"","footnotes":""},"categories":[836,738,803,410],"tags":[213,510,587,518,581,727,588,599,514,604,729],"class_list":["post-15272","page","type-page","status-publish","hentry","category-etude-de-cas","category-international-fr","category-logiciel-pour-le-cannabis","category-non-classifiee","tag-cannabis","tag-cannabis-fr","tag-conseil-en-cannabis","tag-culture-du-cannabis","tag-entreprise-de-cannabis","tag-industrie-du-cannabis","tag-maitre-cultivateur","tag-marijuana-medicale","tag-plan-daffaires-pour-le-cannabis","tag-processus-doctroi-de-licences","tag-reglementation-du-cannabis","no-post-thumbnail"],"_links":{"self":[{"href":"https:\/\/groweriq.ca\/fr\/wp-json\/wp\/v2\/pages\/15272","targetHints":{"allow":["GET"]}}],"collection":[{"href":"https:\/\/groweriq.ca\/fr\/wp-json\/wp\/v2\/pages"}],"about":[{"href":"https:\/\/groweriq.ca\/fr\/wp-json\/wp\/v2\/types\/page"}],"author":[{"embeddable":true,"href":"https:\/\/groweriq.ca\/fr\/wp-json\/wp\/v2\/users\/29"}],"replies":[{"embeddable":true,"href":"https:\/\/groweriq.ca\/fr\/wp-json\/wp\/v2\/comments?post=15272"}],"version-history":[{"count":5,"href":"https:\/\/groweriq.ca\/fr\/wp-json\/wp\/v2\/pages\/15272\/revisions"}],"predecessor-version":[{"id":16766,"href":"https:\/\/groweriq.ca\/fr\/wp-json\/wp\/v2\/pages\/15272\/revisions\/16766"}],"wp:attachment":[{"href":"https:\/\/groweriq.ca\/fr\/wp-json\/wp\/v2\/media?parent=15272"}],"wp:term":[{"taxonomy":"category","embeddable":true,"href":"https:\/\/groweriq.ca\/fr\/wp-json\/wp\/v2\/categories?post=15272"},{"taxonomy":"post_tag","embeddable":true,"href":"https:\/\/groweriq.ca\/fr\/wp-json\/wp\/v2\/tags?post=15272"}],"curies":[{"name":"wp","href":"https:\/\/api.w.org\/{rel}","templated":true}]}}