{"id":15228,"date":"2022-12-05T16:29:56","date_gmt":"2022-12-05T21:29:56","guid":{"rendered":"https:\/\/groweriq.ca\/irie-craft-cannabis\/"},"modified":"2024-08-15T19:47:20","modified_gmt":"2024-08-15T23:47:20","slug":"irie-craft-cannabis","status":"publish","type":"page","link":"https:\/\/groweriq.ca\/fr\/irie-craft-cannabis\/","title":{"rendered":"Irie Craft Cannabis"},"content":{"rendered":"\n<div class=\"wp-block-columns is-layout-flex wp-container-core-columns-is-layout-9d6595d7 wp-block-columns-is-layout-flex\">\n<div class=\"wp-block-column is-layout-flow wp-block-column-is-layout-flow\" style=\"flex-basis:80%\">\n<p>Similaire \u00e0 l&rsquo;exp\u00e9rience de <a href=\"https:\/\/groweriq.ca\/fr\/comment-medcann-a-fait-confiance-aux-experts-de-groweriq\/\" target=\"_blank\" rel=\"noreferrer noopener\">Medcann<\/a> avec GrowerIQ, un producteur de cannabis en pleine croissance bas\u00e9 au Canada, est venu \u00e0 GrowerIQ, cherchant \u00e0 am\u00e9liorer ses capacit\u00e9s logicielles de la semence \u00e0 la vente. Ils avaient besoin de suivre les produits de la semence \u00e0 la vente, de g\u00e9rer les stocks et de cr\u00e9er un outil de reporting robuste pour leur \u00e9quipe. <\/p>\n\n\n\n<p>Voici ce qu&rsquo;ils avaient \u00e0 dire sur leur collaboration avec l&rsquo;\u00e9quipe de GrowerIQ et notre logiciel de gestion de la semence \u00e0 la vente. <\/p>\n<\/div>\n\n\n\n<div class=\"wp-block-column is-layout-flow wp-block-column-is-layout-flow\"><div class=\"wp-block-image x-image x-img x-img-thumbnail\">\n<figure class=\"aligncenter size-large\"><img decoding=\"async\" src=\"https:\/\/groweriq.ca\/wp-content\/uploads\/2022\/09\/Irie-Craft-Cannabis_hot-pink-01-2000x2000.jpg\" alt=\"\u00c9tude de cas Irie Craft Cannabis : comment le cannabis de GrowerIQ se compare aux autres.\"\/><\/figure>\n<\/div><\/div>\n<\/div>\n\n\n\n<h3 class=\"wp-block-heading\">Ce qu&rsquo;ils avaient \u00e0 dire<\/h3>\n\n\n\n<p class=\"has-medium-font-size\"><em>\u00ab\u00a0Je voulais juste vous contacter et vous faire savoir que votre \u00e9quipe de r\u00e9ussite client a \u00e9t\u00e9 formidable et tr\u00e8s impliqu\u00e9e dans la mise en place de GrowerIQ. Ils se sont surpass\u00e9s avec la configuration rapide de l&rsquo;environnement et ont \u00e9t\u00e9 extr\u00eamement utiles avec notre premi\u00e8re soumission mensuelle CTLS, non seulement ils ont \u00e9t\u00e9 utiles, mais ils se soucient vraiment du travail qu&rsquo;ils font et de notre succ\u00e8s. J&rsquo;ai travaill\u00e9 avec plusieurs autres entreprises de gestion de la semence \u00e0 la vente et leur programme n&rsquo;a rien \u00e0 voir avec ce syst\u00e8me, et le service \u00e0 la client\u00e8le n&rsquo;est m\u00eame pas proche de ce que GrowerIQ offre !\u00a0\u00bb<\/em><\/p>\n\n\n\n<blockquote class=\"wp-block-quote is-layout-flow wp-block-quote-is-layout-flow\">\n<p>J&rsquo;ai travaill\u00e9 avec plusieurs autres entreprises de gestion de la semence \u00e0 la vente et leur programme n&rsquo;a rien \u00e0 voir avec ce syst\u00e8me, et le service \u00e0 la client\u00e8le n&rsquo;est m\u00eame pas proche de ce que GrowerIQ offre !<\/p>\n<cite>Zach, Irie Craft Cannabis<\/cite><\/blockquote>\n\n\n\n<p>Pour en savoir plus sur les exp\u00e9riences d&rsquo;autres entreprises avec nous, consultez ces articles : <a href=\"https:\/\/groweriq.ca\/fr\/its-never-2-l8-pour-des-partenaires-de-premier-ordre\/\" target=\"_blank\" rel=\"noreferrer noopener\">It&rsquo;s Never 2 l8<\/a> et <a href=\"https:\/\/groweriq.ca\/fr\/master-plant-holdings-naviguer-dans-les-nouvelles-juridictions\/\" target=\"_blank\" rel=\"noreferrer noopener\">Master Plant<\/a>. Par ailleurs, nous serions ravis que vous lisiez nos articles sur nos r\u00e9cents financements ! : <a href=\"https:\/\/groweriq.ca\/fr\/2022\/10\/15\/groweriq-leve-un-capital-de-3-millions-de-dollars-pour-revolutionner-la-gestion-du-cannabis-dans-le-monde-entier\/\" target=\"_blank\" rel=\"noreferrer noopener\">GrowerIQ Seed<\/a> et <a href=\"https:\/\/groweriq.ca\/fr\/2022\/10\/03\/profil-de-betakit-groweriq-realise-une-levee-de-fonds-de-3-millions-de-dollars\/\" target=\"_blank\" rel=\"noreferrer noopener\">Betakit GrowerIQ<\/a>.<\/p>\n\n\n\n<h3 class=\"wp-block-heading\">Pour plus d&rsquo;informations<\/h3>\n\n\n\n<p>Le logiciel de gestion de la semence \u00e0 la vente de GrowerIQ est le moyen id\u00e9al de se lancer dans l&rsquo;industrie du cannabis. Gr\u00e2ce \u00e0 son interface conviviale et \u00e0 son ensemble complet de fonctionnalit\u00e9s, vous serez en mesure de vous faire une place dans le secteur en un rien de temps ! <\/p>\n\n\n\n<a class=\"x-btn\" href=\"https:\/\/groweriq.ca\/software\/cannabis-software\/\" style=\"outline: none; max-width: 500px;\">R\u00e9servez une d\u00e9monstration maintenant<\/a><p><\/p>\n\n\n<div class=\"cs-content x-global-block x-global-block-4174 e4174-e0\"><div class=\"x-section e4174-e2 m37y-0 m37y-1\"><div class=\"x-row x-container max width e4174-e3 m37y-3 m37y-4\"><div class=\"x-row-inner\"><div class=\"x-col e4174-e4 m37y-5\"><hr class=\"x-line e4174-e5 m37y-6\"\/><div class=\"x-text x-text-headline e4174-e6 m37y-7 m37y-8\"><div class=\"x-text-content\"><div class=\"x-text-content-text\"><h2 class=\"x-text-content-text-primary\">Recommended For You<\/h2>\n<\/div><\/div><\/div><div  class=\"x-recent-posts cf horizontal\"  data-x-element=\"recent_posts\" data-x-params=\"{&quot;fade&quot;:false}\" data-fade=\"false\" ><a class=\"x-recent-post3 with-image\" href=\"https:\/\/groweriq.ca\/fr\/2026\/03\/12\/acc-plafond-remboursement-cannabis-medical-2026\/\" title=\"Permalink to: &quot;ACC r\u00e9duit le plafond de remboursement du cannabis m\u00e9dical de 8,50 $\/g \u00e0 6,00 $\/g, en vigueur le 1er avril&quot;\"><article id=\"post-42362\" class=\"post-42362 post type-post status-publish format-standard has-post-thumbnail hentry category-seed-to-sale-3 tag-reglementation-du-cannabis\"><div class=\"entry-wrap\"><div class=\"x-recent-posts-img\" style=\"background-image: url(https:\/\/groweriq.ca\/wp-content\/uploads\/2026\/03\/groweriq-vac-cannabis-reimbursement-cap-reduction-2026-featured-930x520.jpg);\"><i class='x-framework-icon x-recent-posts-icon' data-x-icon-s='&#xf15c;' aria-hidden=true><\/i><\/div><div class=\"x-recent-posts-content\"><h3 class=\"h-recent-posts\">ACC r\u00e9duit le plafond de remboursement du cannabis m\u00e9dical de 8,50 $\/g \u00e0 6,00 $\/g, en vigueur le 1er avril<\/h3><span class=\"x-recent-posts-date\">12 mars 2026<\/span><\/div><\/div><\/article><\/a><a class=\"x-recent-post3 with-image\" href=\"https:\/\/groweriq.ca\/fr\/2024\/06\/04\/modele-complet-de-rapport-sur-le-cannabis-pour-2024\/\" title=\"Permalink to: &quot;Mod\u00e8le complet de rapport sur le cannabis pour 2024&quot;\"><article id=\"post-27730\" class=\"post-27730 post type-post status-publish format-standard has-post-thumbnail hentry category-groweriq-seed-to-sale-fr tag-entreprise-de-cannabis tag-reglementation-du-cannabis\"><div class=\"entry-wrap\"><div class=\"x-recent-posts-img\" style=\"background-image: url(https:\/\/groweriq.ca\/wp-content\/uploads\/2024\/03\/microsoft-365-oUbzU87d1Gc-unsplash-870x520.jpg);\"><i class='x-framework-icon x-recent-posts-icon' data-x-icon-s='&#xf15c;' aria-hidden=true><\/i><\/div><div class=\"x-recent-posts-content\"><h3 class=\"h-recent-posts\">Mod\u00e8le complet de rapport sur le cannabis pour 2024<\/h3><span class=\"x-recent-posts-date\">4 juin 2024<\/span><\/div><\/div><\/article><\/a><a class=\"x-recent-post3 with-image\" href=\"https:\/\/groweriq.ca\/fr\/2024\/06\/04\/serie-de-webinaires-highiq-zoom-de-groweriq-sur-lindustrie-janrx-inc\/\" title=\"Permalink to: &quot;S\u00e9rie de webinaires HighIQ : Zoom de GrowerIQ sur l&rsquo;industrie &#8211; JANrx Inc.&quot;\"><article id=\"post-27725\" class=\"post-27725 post type-post status-publish format-standard has-post-thumbnail hentry category-communique-de-presse category-medias category-webinaire tag-marche-mondial-du-cannabis tag-produits-de-cannabis tag-webinaire tag-zoom-sur-lindustrie\"><div class=\"entry-wrap\"><div class=\"x-recent-posts-img\" style=\"background-image: url(https:\/\/groweriq.ca\/wp-content\/uploads\/2024\/04\/Website-blog-header-banner-version_1-1740x-918-870x520.jpg);\"><i class='x-framework-icon x-recent-posts-icon' data-x-icon-s='&#xf15c;' aria-hidden=true><\/i><\/div><div class=\"x-recent-posts-content\"><h3 class=\"h-recent-posts\">S\u00e9rie de webinaires HighIQ : Zoom de GrowerIQ sur l&rsquo;industrie &#8211; JANrx Inc.<\/h3><span class=\"x-recent-posts-date\">4 juin 2024<\/span><\/div><\/div><\/article><\/a><\/div><\/div><\/div><\/div><\/div><div class=\"x-section e4174-e8 m37y-1 m37y-2\"><div class=\"x-container max width e4174-e9 m37y-a\"><div class=\"x-column x-sm x-1-2 e4174-e10 m37y-b\"><div class=\"x-text x-text-headline e4174-e11 m37y-8 m37y-9\"><div class=\"x-text-content\"><div class=\"x-text-content-text\"><h2 class=\"x-text-content-text-primary\"><span>About GrowerIQ<\/span><\/h2>\n<\/div><\/div><\/div><div class=\"x-content-area e4174-e12 m37y-c\">GrowerIQ is a complete cannabis production management platform. Ours is the first platform to integrate your facility systems, including sensors, building controls, QMS, and ERP, into a single simplified interface.\n<br\/><br\/>\n\nGrowerIQ is changing the way producers use software - transforming a regulatory requirement into a robust platform to learn, analyze, and improve performance. \n<br\/><br\/>\n\nTo find out more about GrowerIQ and how we can help, fill out the form to the right, start a chat, or <a class=\"link\" href=\"\/contact-us\/\">contact us<\/a>.<\/div><\/div><div class=\"x-column x-sm x-1-2 e4174-e13 m37y-b\"><div class=\"x-content-area x-hide-sm x-hide-xs e4174-e14 m37y-c\"><h2 style=\"color: white !important;\">Start today.<\/h2>\n<p style=\"color: white !important;\">Let us know how to reach you, and we'll get in touch to discuss your project.<\/p>\n<div class=\"salesforce_w2l_lead sf_one_column\"><form id=\"sf_form_salesforce_w2l_lead_4\" class=\"w2llead placeholders\" method=\"post\" action=\"#sf_form_salesforce_w2l_lead_4\"><div class=\"sf_field sf_field_first_name sf_type_text\">\t<input type=\"text\" placeholder=\"Name *\" value=\"\" id=\"sf_first_name\" class=\"w2linput text\" name=\"first_name\"  \/><div class=\"clearfix\"><\/div><\/div><div class=\"sf_field sf_field_email sf_type_text\">\t<input type=\"text\" placeholder=\"Email *\" value=\"\" id=\"sf_email\" class=\"w2linput text\" name=\"email\"  \/><div class=\"clearfix\"><\/div><\/div><div class=\"sf_field sf_field_description sf_type_textarea\">\t\t<textarea id=\"sf_description\" class=\"w2linput textarea\" name=\"description\" placeholder=\"Message\"><\/textarea><div class=\"clearfix\"><\/div><\/div>\t\t<input type=\"hidden\" id=\"sf_GCLID__c\" class=\"w2linput hidden\" name=\"GCLID__c\" value=\"\" \/>\t\t<input type=\"hidden\" id=\"sf_Utm_campaign__c\" class=\"w2linput hidden\" name=\"Utm_campaign__c\" value=\"\" \/>\t\t<input type=\"hidden\" id=\"sf_Utm_content__c\" class=\"w2linput hidden\" name=\"Utm_content__c\" value=\"\" \/>\t\t<input type=\"hidden\" id=\"sf_Utm_medium__c\" class=\"w2linput hidden\" name=\"Utm_medium__c\" value=\"\" \/>\t\t<input type=\"hidden\" id=\"sf_Utm_source__c\" class=\"w2linput hidden\" name=\"Utm_source__c\" value=\"\" \/>\t\t<input type=\"hidden\" id=\"sf_Utm_term__c\" class=\"w2linput hidden\" name=\"Utm_term__c\" value=\"\" \/>\t\t<input type=\"hidden\" id=\"sf_Referral_url__c\" class=\"w2linput hidden\" name=\"Referral_url__c\" value=\"\" \/>\t<input type=\"text\" name=\"message\" class=\"w2linput\" value=\"\" style=\"display: none;\" \/>\t<input type=\"hidden\" name=\"form_id\" class=\"w2linput\" value=\"4\" \/>\t<div class=\"w2lsubmit\"><input type=\"submit\" name=\"w2lsubmit\" class=\"w2linput submit\" value=\"Get Started\" \/><\/div><\/form><\/div>\n\n<p style=\"color: white !important; font-size: 9px !important; line-height: 15px !important;\">GrowerIQ does not share, sell, rent, or trade personally identifiable information with third parties for promotional purposes. <a href=\"\/privacy-policy\/\" style=\"color: white !important; text-decoration: underline !important;\">Privacy Policy<\/a><\/p><\/div><\/div><\/div><\/div><\/div>\n","protected":false},"excerpt":{"rendered":"<p>Irie Craft Cannabis ont estim\u00e9 que GrowerIQ s&rsquo;est surpass\u00e9 lors de la mise en place de son logiciel de la semence \u00e0 la vente. Lisez-en plus sur leur exp\u00e9rience.<\/p>\n","protected":false},"author":29,"featured_media":13716,"parent":0,"menu_order":0,"comment_status":"closed","ping_status":"closed","template":"","meta":{"_elementor_css":"","footnotes":""},"categories":[836,410,837],"tags":[213,587,518,581,158,727,588,599,817,514,604,729,155],"class_list":["post-15228","page","type-page","status-publish","has-post-thumbnail","hentry","category-etude-de-cas","category-non-classifiee","category-temoignage","tag-cannabis","tag-conseil-en-cannabis","tag-culture-du-cannabis","tag-entreprise-de-cannabis","tag-groweriq","tag-industrie-du-cannabis","tag-maitre-cultivateur","tag-marijuana-medicale","tag-master-plant","tag-plan-daffaires-pour-le-cannabis","tag-processus-doctroi-de-licences","tag-reglementation-du-cannabis","tag-seed-to-sale"],"_links":{"self":[{"href":"https:\/\/groweriq.ca\/fr\/wp-json\/wp\/v2\/pages\/15228","targetHints":{"allow":["GET"]}}],"collection":[{"href":"https:\/\/groweriq.ca\/fr\/wp-json\/wp\/v2\/pages"}],"about":[{"href":"https:\/\/groweriq.ca\/fr\/wp-json\/wp\/v2\/types\/page"}],"author":[{"embeddable":true,"href":"https:\/\/groweriq.ca\/fr\/wp-json\/wp\/v2\/users\/29"}],"replies":[{"embeddable":true,"href":"https:\/\/groweriq.ca\/fr\/wp-json\/wp\/v2\/comments?post=15228"}],"version-history":[{"count":3,"href":"https:\/\/groweriq.ca\/fr\/wp-json\/wp\/v2\/pages\/15228\/revisions"}],"predecessor-version":[{"id":16653,"href":"https:\/\/groweriq.ca\/fr\/wp-json\/wp\/v2\/pages\/15228\/revisions\/16653"}],"wp:featuredmedia":[{"embeddable":true,"href":"https:\/\/groweriq.ca\/fr\/wp-json\/wp\/v2\/media\/13716"}],"wp:attachment":[{"href":"https:\/\/groweriq.ca\/fr\/wp-json\/wp\/v2\/media?parent=15228"}],"wp:term":[{"taxonomy":"category","embeddable":true,"href":"https:\/\/groweriq.ca\/fr\/wp-json\/wp\/v2\/categories?post=15228"},{"taxonomy":"post_tag","embeddable":true,"href":"https:\/\/groweriq.ca\/fr\/wp-json\/wp\/v2\/tags?post=15228"}],"curies":[{"name":"wp","href":"https:\/\/api.w.org\/{rel}","templated":true}]}}