{"id":15152,"date":"2022-11-29T17:56:44","date_gmt":"2022-11-29T22:56:44","guid":{"rendered":"https:\/\/groweriq.ca\/grunelabs-suivre-le-cycle-de-vie-des-plantes-en-toute-simplicite\/"},"modified":"2024-08-15T19:47:08","modified_gmt":"2024-08-15T23:47:08","slug":"grunelabs-suivre-le-cycle-de-vie-des-plantes-en-toute-simplicite","status":"publish","type":"page","link":"https:\/\/groweriq.ca\/fr\/grunelabs-suivre-le-cycle-de-vie-des-plantes-en-toute-simplicite\/","title":{"rendered":"Gr\u00fcneLabs : Suivre le cycle de vie des plantes en toute simplicit\u00e9"},"content":{"rendered":"\n<div class=\"wp-block-columns is-layout-flex wp-container-core-columns-is-layout-9d6595d7 wp-block-columns-is-layout-flex\">\n<div class=\"wp-block-column is-layout-flow wp-block-column-is-layout-flow\" style=\"flex-basis:70%\">\n<p>Similaire \u00e0 celui de <a href=\"https:\/\/groweriq.ca\/fr\/comment-medcann-a-fait-confiance-aux-experts-de-groweriq\/\" target=\"_blank\" rel=\"noreferrer noopener\">Medcann<\/a>, <a href=\"https:\/\/grunelabs.com\/\" target=\"_blank\" rel=\"noreferrer noopener\">Gr\u00fcneLabs<\/a> est une soci\u00e9t\u00e9 biopharmaceutique internationale qui exerce ses activit\u00e9s en Uruguay et au Portugal. Ils sont \u00e0 la pointe de l&rsquo;innovation en mati\u00e8re de m\u00e9dicaments th\u00e9rapeutiques pour enfants, adultes et v\u00e9t\u00e9rinaires gr\u00e2ce \u00e0 une technologie de pointe dans le traitement des compos\u00e9s botaniques. Gr\u00fcneLabs produit du cannabis m\u00e9dicinal pour traiter les maladies neurologiques et d&rsquo;autres pathologies.<\/p>\n\n\n\n<p>Voici ce qu&rsquo;ils avaient \u00e0 dire sur notre logiciel de gestion de la semence \u00e0 la vente et sur la collaboration avec l&rsquo;\u00e9quipe de GrowerIQ. <\/p>\n<\/div>\n\n\n\n<div class=\"wp-block-column is-layout-flow wp-block-column-is-layout-flow\"><div class=\"wp-block-image x-image x-img x-img-thumbnail\">\n<figure class=\"aligncenter size-large\"><img decoding=\"async\" src=\"https:\/\/groweriq.ca\/wp-content\/uploads\/2022\/11\/GIQ.png\" alt=\"\"\/><\/figure>\n<\/div><\/div>\n<\/div>\n\n\n\n<h3 class=\"wp-block-heading\">Ce qu&rsquo;ils avaient \u00e0 dire<\/h3>\n\n\n\n<p>Gr\u00fcneLabs avait du mal \u00e0 suivre le cycle de vie de ses plantes et les actions n\u00e9cessaires pour garantir des cultures saines et efficaces. GrowerIQ a contribu\u00e9 \u00e0 r\u00e9soudre ce probl\u00e8me pour Gr\u00fcneLabs.<\/p>\n\n\n\n<blockquote class=\"wp-block-quote is-layout-flow wp-block-quote-is-layout-flow\">\n<p>Ce qui a permis \u00e0 GrowerIQ de se d\u00e9marquer des autres solutions de gestion de la semence \u00e0 la vente sur le march\u00e9, c&rsquo;est la facilit\u00e9 d&rsquo;utilisation du logiciel et la grande assistance de l&rsquo;\u00e9quipe de d\u00e9veloppement.<\/p>\n<cite><strong>Manuel<\/strong> P., chef des techniciens de culture chez Gr\u00fcneLabs<\/cite><\/blockquote>\n\n\n\n<p>Ils ont trouv\u00e9 que l&rsquo;int\u00e9gration et la mise en \u0153uvre du logiciel GrowerIQ \u00e9taient faciles et intuitives. GrowerIQ leur a apport\u00e9 toute l&rsquo;assistance dont ils avaient besoin et ils ont \u00e9conomis\u00e9 beaucoup de temps et d&rsquo;efforts apr\u00e8s \u00eatre pass\u00e9s de la tenue manuelle des dossiers au num\u00e9rique.<\/p>\n\n\n\n<p>Ce fut un plaisir de travailler avec vous, Gr\u00fcneLabs !<\/p>\n\n\n\n<h3 class=\"wp-block-heading\">Pour plus d&rsquo;informations<\/h3>\n\n\n\n<p>Le logiciel \u00ab\u00a0de la semance \u00e0 la vente\u00a0\u00bb de GrowerIQ est le moyen id\u00e9al pour am\u00e9liorer vos op\u00e9rations dans l&rsquo;industrie du cannabis. Gr\u00e2ce \u00e0 son interface conviviale et \u00e0 son ensemble complet de fonctionnalit\u00e9s, vous serez en mesure de vous faire une place dans le secteur en un rien de temps ! <\/p>\n\n\n\n<a class=\"x-btn\" href=\"https:\/\/groweriq.ca\/software\/cannabis-software\/\" style=\"outline: none; max-width: 500px;\">R\u00e9server une d\u00e9mo maintenant<\/a><p><\/p>\n\n\n<div class=\"cs-content x-global-block x-global-block-4174 e4174-e0\"><div class=\"x-section e4174-e2 m37y-0 m37y-1\"><div class=\"x-row x-container max width e4174-e3 m37y-3 m37y-4\"><div class=\"x-row-inner\"><div class=\"x-col e4174-e4 m37y-5\"><hr class=\"x-line e4174-e5 m37y-6\"\/><div class=\"x-text x-text-headline e4174-e6 m37y-7 m37y-8\"><div class=\"x-text-content\"><div class=\"x-text-content-text\"><h2 class=\"x-text-content-text-primary\">Recommended For You<\/h2>\n<\/div><\/div><\/div><div  class=\"x-recent-posts cf horizontal\"  data-x-element=\"recent_posts\" data-x-params=\"{&quot;fade&quot;:false}\" data-fade=\"false\" ><a class=\"x-recent-post3 with-image\" href=\"https:\/\/groweriq.ca\/fr\/2026\/03\/12\/acc-plafond-remboursement-cannabis-medical-2026\/\" title=\"Permalink to: &quot;ACC r\u00e9duit le plafond de remboursement du cannabis m\u00e9dical de 8,50 $\/g \u00e0 6,00 $\/g, en vigueur le 1er avril&quot;\"><article id=\"post-42362\" class=\"post-42362 post type-post status-publish format-standard has-post-thumbnail hentry category-seed-to-sale-3 tag-reglementation-du-cannabis\"><div class=\"entry-wrap\"><div class=\"x-recent-posts-img\" style=\"background-image: url(https:\/\/groweriq.ca\/wp-content\/uploads\/2026\/03\/groweriq-vac-cannabis-reimbursement-cap-reduction-2026-featured-930x520.jpg);\"><i class='x-framework-icon x-recent-posts-icon' data-x-icon-s='&#xf15c;' aria-hidden=true><\/i><\/div><div class=\"x-recent-posts-content\"><h3 class=\"h-recent-posts\">ACC r\u00e9duit le plafond de remboursement du cannabis m\u00e9dical de 8,50 $\/g \u00e0 6,00 $\/g, en vigueur le 1er avril<\/h3><span class=\"x-recent-posts-date\">12 mars 2026<\/span><\/div><\/div><\/article><\/a><a class=\"x-recent-post3 with-image\" href=\"https:\/\/groweriq.ca\/fr\/2024\/06\/04\/modele-complet-de-rapport-sur-le-cannabis-pour-2024\/\" title=\"Permalink to: &quot;Mod\u00e8le complet de rapport sur le cannabis pour 2024&quot;\"><article id=\"post-27730\" class=\"post-27730 post type-post status-publish format-standard has-post-thumbnail hentry category-groweriq-seed-to-sale-fr tag-entreprise-de-cannabis tag-reglementation-du-cannabis\"><div class=\"entry-wrap\"><div class=\"x-recent-posts-img\" style=\"background-image: url(https:\/\/groweriq.ca\/wp-content\/uploads\/2024\/03\/microsoft-365-oUbzU87d1Gc-unsplash-870x520.jpg);\"><i class='x-framework-icon x-recent-posts-icon' data-x-icon-s='&#xf15c;' aria-hidden=true><\/i><\/div><div class=\"x-recent-posts-content\"><h3 class=\"h-recent-posts\">Mod\u00e8le complet de rapport sur le cannabis pour 2024<\/h3><span class=\"x-recent-posts-date\">4 juin 2024<\/span><\/div><\/div><\/article><\/a><a class=\"x-recent-post3 with-image\" href=\"https:\/\/groweriq.ca\/fr\/2024\/06\/04\/serie-de-webinaires-highiq-zoom-de-groweriq-sur-lindustrie-janrx-inc\/\" title=\"Permalink to: &quot;S\u00e9rie de webinaires HighIQ : Zoom de GrowerIQ sur l&rsquo;industrie &#8211; JANrx Inc.&quot;\"><article id=\"post-27725\" class=\"post-27725 post type-post status-publish format-standard has-post-thumbnail hentry category-communique-de-presse category-medias category-webinaire tag-marche-mondial-du-cannabis tag-produits-de-cannabis tag-webinaire tag-zoom-sur-lindustrie\"><div class=\"entry-wrap\"><div class=\"x-recent-posts-img\" style=\"background-image: url(https:\/\/groweriq.ca\/wp-content\/uploads\/2024\/04\/Website-blog-header-banner-version_1-1740x-918-870x520.jpg);\"><i class='x-framework-icon x-recent-posts-icon' data-x-icon-s='&#xf15c;' aria-hidden=true><\/i><\/div><div class=\"x-recent-posts-content\"><h3 class=\"h-recent-posts\">S\u00e9rie de webinaires HighIQ : Zoom de GrowerIQ sur l&rsquo;industrie &#8211; JANrx Inc.<\/h3><span class=\"x-recent-posts-date\">4 juin 2024<\/span><\/div><\/div><\/article><\/a><\/div><\/div><\/div><\/div><\/div><div class=\"x-section e4174-e8 m37y-1 m37y-2\"><div class=\"x-container max width e4174-e9 m37y-a\"><div class=\"x-column x-sm x-1-2 e4174-e10 m37y-b\"><div class=\"x-text x-text-headline e4174-e11 m37y-8 m37y-9\"><div class=\"x-text-content\"><div class=\"x-text-content-text\"><h2 class=\"x-text-content-text-primary\"><span>About GrowerIQ<\/span><\/h2>\n<\/div><\/div><\/div><div class=\"x-content-area e4174-e12 m37y-c\">GrowerIQ is a complete cannabis production management platform. Ours is the first platform to integrate your facility systems, including sensors, building controls, QMS, and ERP, into a single simplified interface.\n<br\/><br\/>\n\nGrowerIQ is changing the way producers use software - transforming a regulatory requirement into a robust platform to learn, analyze, and improve performance. \n<br\/><br\/>\n\nTo find out more about GrowerIQ and how we can help, fill out the form to the right, start a chat, or <a class=\"link\" href=\"\/contact-us\/\">contact us<\/a>.<\/div><\/div><div class=\"x-column x-sm x-1-2 e4174-e13 m37y-b\"><div class=\"x-content-area x-hide-sm x-hide-xs e4174-e14 m37y-c\"><h2 style=\"color: white !important;\">Start today.<\/h2>\n<p style=\"color: white !important;\">Let us know how to reach you, and we'll get in touch to discuss your project.<\/p>\n<div class=\"salesforce_w2l_lead sf_one_column\"><form id=\"sf_form_salesforce_w2l_lead_4\" class=\"w2llead placeholders\" method=\"post\" action=\"#sf_form_salesforce_w2l_lead_4\"><div class=\"sf_field sf_field_first_name sf_type_text\">\t<input type=\"text\" placeholder=\"Name *\" value=\"\" id=\"sf_first_name\" class=\"w2linput text\" name=\"first_name\"  \/><div class=\"clearfix\"><\/div><\/div><div class=\"sf_field sf_field_email sf_type_text\">\t<input type=\"text\" placeholder=\"Email *\" value=\"\" id=\"sf_email\" class=\"w2linput text\" name=\"email\"  \/><div class=\"clearfix\"><\/div><\/div><div class=\"sf_field sf_field_description sf_type_textarea\">\t\t<textarea id=\"sf_description\" class=\"w2linput textarea\" name=\"description\" placeholder=\"Message\"><\/textarea><div class=\"clearfix\"><\/div><\/div>\t\t<input type=\"hidden\" id=\"sf_GCLID__c\" class=\"w2linput hidden\" name=\"GCLID__c\" value=\"\" \/>\t\t<input type=\"hidden\" id=\"sf_Utm_campaign__c\" class=\"w2linput hidden\" name=\"Utm_campaign__c\" value=\"\" \/>\t\t<input type=\"hidden\" id=\"sf_Utm_content__c\" class=\"w2linput hidden\" name=\"Utm_content__c\" value=\"\" \/>\t\t<input type=\"hidden\" id=\"sf_Utm_medium__c\" class=\"w2linput hidden\" name=\"Utm_medium__c\" value=\"\" \/>\t\t<input type=\"hidden\" id=\"sf_Utm_source__c\" class=\"w2linput hidden\" name=\"Utm_source__c\" value=\"\" \/>\t\t<input type=\"hidden\" id=\"sf_Utm_term__c\" class=\"w2linput hidden\" name=\"Utm_term__c\" value=\"\" \/>\t\t<input type=\"hidden\" id=\"sf_Referral_url__c\" class=\"w2linput hidden\" name=\"Referral_url__c\" value=\"\" \/>\t<input type=\"text\" name=\"message\" class=\"w2linput\" value=\"\" style=\"display: none;\" \/>\t<input type=\"hidden\" name=\"form_id\" class=\"w2linput\" value=\"4\" \/>\t<div class=\"w2lsubmit\"><input type=\"submit\" name=\"w2lsubmit\" class=\"w2linput submit\" value=\"Get Started\" \/><\/div><\/form><\/div>\n\n<p style=\"color: white !important; font-size: 9px !important; line-height: 15px !important;\">GrowerIQ does not share, sell, rent, or trade personally identifiable information with third parties for promotional purposes. <a href=\"\/privacy-policy\/\" style=\"color: white !important; text-decoration: underline !important;\">Privacy Policy<\/a><\/p><\/div><\/div><\/div><\/div><\/div>\n","protected":false},"excerpt":{"rendered":"<p>Gr\u00fcneLabs avait du mal \u00e0 suivre le cycle de vie de ses plantes et les actions n\u00e9cessaires pour garantir des cultures saines et efficaces.<\/p>\n","protected":false},"author":29,"featured_media":14806,"parent":0,"menu_order":0,"comment_status":"closed","ping_status":"closed","template":"","meta":{"_elementor_css":"","footnotes":""},"categories":[836,410,837],"tags":[213,587,518,581,158,727,588,599,817,514,604,729,155],"class_list":["post-15152","page","type-page","status-publish","has-post-thumbnail","hentry","category-etude-de-cas","category-non-classifiee","category-temoignage","tag-cannabis","tag-conseil-en-cannabis","tag-culture-du-cannabis","tag-entreprise-de-cannabis","tag-groweriq","tag-industrie-du-cannabis","tag-maitre-cultivateur","tag-marijuana-medicale","tag-master-plant","tag-plan-daffaires-pour-le-cannabis","tag-processus-doctroi-de-licences","tag-reglementation-du-cannabis","tag-seed-to-sale"],"_links":{"self":[{"href":"https:\/\/groweriq.ca\/fr\/wp-json\/wp\/v2\/pages\/15152","targetHints":{"allow":["GET"]}}],"collection":[{"href":"https:\/\/groweriq.ca\/fr\/wp-json\/wp\/v2\/pages"}],"about":[{"href":"https:\/\/groweriq.ca\/fr\/wp-json\/wp\/v2\/types\/page"}],"author":[{"embeddable":true,"href":"https:\/\/groweriq.ca\/fr\/wp-json\/wp\/v2\/users\/29"}],"replies":[{"embeddable":true,"href":"https:\/\/groweriq.ca\/fr\/wp-json\/wp\/v2\/comments?post=15152"}],"version-history":[{"count":4,"href":"https:\/\/groweriq.ca\/fr\/wp-json\/wp\/v2\/pages\/15152\/revisions"}],"predecessor-version":[{"id":16764,"href":"https:\/\/groweriq.ca\/fr\/wp-json\/wp\/v2\/pages\/15152\/revisions\/16764"}],"wp:featuredmedia":[{"embeddable":true,"href":"https:\/\/groweriq.ca\/fr\/wp-json\/wp\/v2\/media\/14806"}],"wp:attachment":[{"href":"https:\/\/groweriq.ca\/fr\/wp-json\/wp\/v2\/media?parent=15152"}],"wp:term":[{"taxonomy":"category","embeddable":true,"href":"https:\/\/groweriq.ca\/fr\/wp-json\/wp\/v2\/categories?post=15152"},{"taxonomy":"post_tag","embeddable":true,"href":"https:\/\/groweriq.ca\/fr\/wp-json\/wp\/v2\/tags?post=15152"}],"curies":[{"name":"wp","href":"https:\/\/api.w.org\/{rel}","templated":true}]}}