{"id":14069,"date":"2022-10-03T16:46:43","date_gmt":"2022-10-03T20:46:43","guid":{"rendered":"https:\/\/groweriq.ca\/master-plant-holdings-naviguer-dans-les-nouvelles-juridictions\/"},"modified":"2024-08-29T13:10:56","modified_gmt":"2024-08-29T17:10:56","slug":"master-plant-holdings-naviguer-dans-les-nouvelles-juridictions","status":"publish","type":"page","link":"https:\/\/groweriq.ca\/fr\/master-plant-holdings-naviguer-dans-les-nouvelles-juridictions\/","title":{"rendered":"Master Plant Holdings : \u00ab\u00a0Naviguer dans les nouvelles juridictions\u00a0\u00bb"},"content":{"rendered":"\n<h2 class=\"wp-block-heading\">Master Plant Holdings Inc, l&rsquo;une des principales plateformes europ\u00e9ennes de cannabis \u00e0 usage adulte centr\u00e9e sur le consommateur, est r\u00e9cemment devenue un client de GrowerIQ.<\/h2>\n\n\n\n<h3 class=\"wp-block-heading\">\u00c0 propos de Master Plant<\/h3>\n\n\n\n<div class=\"wp-block-columns is-layout-flex wp-container-core-columns-is-layout-9d6595d7 wp-block-columns-is-layout-flex\">\n<div class=\"wp-block-column is-layout-flow wp-block-column-is-layout-flow\" style=\"flex-basis:80%\">\n<p>Similaire \u00e0 <a href=\"https:\/\/groweriq.ca\/fr\/comment-medcann-a-fait-confiance-aux-experts-de-groweriq\/\" target=\"_blank\" rel=\"noreferrer noopener\">Medcann<\/a>, <a href=\"https:\/\/masterplant.co.uk\/about\/\" target=\"_blank\" rel=\"noreferrer noopener\">Master Plant<\/a> cr\u00e9e des produits et des technologies li\u00e9s au cannabis afin d&rsquo;int\u00e9grer des pratiques biologiques et technologiques avanc\u00e9es tout au long de la cha\u00eene de valeur pour permettre une croissance \u00e9thique et durable. Master Plant ouvre la voie \u00e0 la lib\u00e9ralisation compl\u00e8te du cannabis \u00e0 usage adulte en Europe. Leur vision est de devenir la premi\u00e8re plateforme europ\u00e9enne de cannabis \u00e0 usage adulte centr\u00e9e sur le consommateur et que leurs produits finaux de qualit\u00e9 changent positivement la vie de millions de personnes. <\/p>\n<\/div>\n\n\n\n<div class=\"wp-block-column is-layout-flow wp-block-column-is-layout-flow\" style=\"flex-basis:20%\">\n<figure class=\"wp-block-image size-large is-resized\"><img decoding=\"async\" src=\"https:\/\/groweriq.ca\/wp-content\/uploads\/2022\/09\/Untitled-design-300x300.png\" alt=\"Master Plant\" style=\"width:153px;height:153px\"\/><\/figure>\n<\/div>\n<\/div>\n\n\n\n<figure class=\"wp-block-image size-large x-image x-img x-img-thumbnail\"><img decoding=\"async\" src=\"https:\/\/groweriq.ca\/wp-content\/uploads\/2022\/09\/2-2000x1125.png\" alt=\"T\u00e9moignage de Master Plant : GrowerIQ a r\u00e9cemment \u00e9tabli un partenariat avec Master Plant Holdings Inc, l'une des principales plateformes europ\u00e9ennes de cannabis \u00e0 usage adulte centr\u00e9e sur le consommateur.\"\/><figcaption class=\"wp-element-caption\">La vision de Master Plant est de devenir la premi\u00e8re plateforme europ\u00e9enne de cannabis \u00e0 usage adulte centr\u00e9e sur le consommateur.<\/figcaption><\/figure>\n\n\n\n<h3 class=\"wp-block-heading\">Ce qu&rsquo;ils avaient \u00e0 dire<\/h3>\n\n\n\n<p>Le fondateur et directeur technique de Master Plant, Philip P., a d\u00e9clar\u00e9 ceci \u00e0 propos de notre partenariat : \u00ab\u00a0Nous aimerions exprimer notre gratitude pour les services de d\u00e9veloppement technique exceptionnels que nous avons re\u00e7us et continuons de recevoir via l&rsquo;\u00e9quipe de GrowerIQ. En tant qu&rsquo;entreprise qui s&rsquo;est d\u00e9velopp\u00e9e sur les march\u00e9s europ\u00e9ens et britanniques \u00e0 partir du Canada, nous avons fait face \u00e0 de nombreux d\u00e9fis pour naviguer dans de nouvelles juridictions et l&rsquo;expertise \u00e0 multiples facettes que GrowerIQ a \u00e9t\u00e9 en mesure de fournir, ayant d\u00e9montr\u00e9 sa connaissance de l&rsquo;industrie dans de nombreux cadres r\u00e9glementaires internationaux, s&rsquo;est av\u00e9r\u00e9e unique et inestimable.\u00a0\u00bb<br><\/p>\n\n\n\n<blockquote class=\"wp-block-quote is-layout-flow wp-block-quote-is-layout-flow\">\n<p>\u00ab\u00a0L&rsquo;impact positif sur notre activit\u00e9 a \u00e9t\u00e9 incommensurable et nous, chez Master Plant Holdings Inc, nous nous r\u00e9jouissons des futurs succ\u00e8s combin\u00e9s en collaboration avec GrowerIQ.\u00a0\u00bb<\/p>\n<cite>Philip P. &#8211; Fondateur et directeur technique de Master Plant<\/cite><\/blockquote>\n\n\n\n<p>Merci \u00e0 Philip et \u00e0 l&rsquo;\u00e9quipe de Master Plant pour votre fantastique t\u00e9moignage, nous nous r\u00e9jouissons de votre succ\u00e8s !<\/p>\n\n\n\n<p>Pour en savoir plus sur les exp\u00e9riences d&rsquo;autres entreprises avec nous, consultez ces articles : <a href=\"https:\/\/groweriq.ca\/fr\/irie-craft-cannabis\/\" target=\"_blank\" rel=\"noreferrer noopener\">Irie Craft Cannabis<\/a> et <a href=\"https:\/\/groweriq.ca\/fr\/its-never-2-l8-pour-des-partenaires-de-premier-ordre\/\" target=\"_blank\" rel=\"noreferrer noopener\">It&rsquo;s Never 2 l8<\/a>. Par ailleurs, nous serions ravis que vous lisiez nos articles sur nos r\u00e9cents financements ! : <a href=\"https:\/\/groweriq.ca\/fr\/2022\/10\/15\/groweriq-leve-un-capital-de-3-millions-de-dollars-pour-revolutionner-la-gestion-du-cannabis-dans-le-monde-entier\/\" target=\"_blank\" rel=\"noreferrer noopener\">GrowerIQ Seed<\/a> et <a href=\"https:\/\/groweriq.ca\/fr\/2022\/10\/03\/profil-de-betakit-groweriq-realise-une-levee-de-fonds-de-3-millions-de-dollars\/\" target=\"_blank\" rel=\"noreferrer noopener\">Betakit GrowerIQ<\/a>.<\/p>\n\n\n\n<h3 class=\"wp-block-heading\">En savoir plus<\/h3>\n\n\n\n<p>Le logiciel \u00ab\u00a0de la semence \u00e0 la vente\u00a0\u00bb de GrowerIQ est le moyen id\u00e9al de se lancer dans l&rsquo;industrie du cannabis. Gr\u00e2ce \u00e0 leur interface conviviale et \u00e0 ses nombreuses fonctionnalit\u00e9s compl\u00e8tes, vous serez en mesure de vous faire une place dans le secteur en un rien de temps ! <\/p>\n\n\n\n<a class=\"x-btn\" href=\"https:\/\/groweriq.ca\/software\/cannabis-software\/\" style=\"outline: none; max-width: 500px;\">En savoir plus sur le logiciel de gestion de la semence \u00e0 la vente<\/a><p><\/p>\n\n\n<div class=\"cs-content x-global-block x-global-block-4174 e4174-e0\"><div class=\"x-section e4174-e2 m37y-0 m37y-1\"><div class=\"x-row x-container max width e4174-e3 m37y-3 m37y-4\"><div class=\"x-row-inner\"><div class=\"x-col e4174-e4 m37y-5\"><hr class=\"x-line e4174-e5 m37y-6\"\/><div class=\"x-text x-text-headline e4174-e6 m37y-7 m37y-8\"><div class=\"x-text-content\"><div class=\"x-text-content-text\"><h2 class=\"x-text-content-text-primary\">Recommended For You<\/h2>\n<\/div><\/div><\/div><div  class=\"x-recent-posts cf horizontal\"  data-x-element=\"recent_posts\" data-x-params=\"{&quot;fade&quot;:false}\" data-fade=\"false\" ><a class=\"x-recent-post3 with-image\" href=\"https:\/\/groweriq.ca\/fr\/2026\/03\/12\/acc-plafond-remboursement-cannabis-medical-2026\/\" title=\"Permalink to: &quot;ACC r\u00e9duit le plafond de remboursement du cannabis m\u00e9dical de 8,50 $\/g \u00e0 6,00 $\/g, en vigueur le 1er avril&quot;\"><article id=\"post-42362\" class=\"post-42362 post type-post status-publish format-standard has-post-thumbnail hentry category-seed-to-sale-3 tag-reglementation-du-cannabis\"><div class=\"entry-wrap\"><div class=\"x-recent-posts-img\" style=\"background-image: url(https:\/\/groweriq.ca\/wp-content\/uploads\/2026\/03\/groweriq-vac-cannabis-reimbursement-cap-reduction-2026-featured-930x520.jpg);\"><i class='x-framework-icon x-recent-posts-icon' data-x-icon-s='&#xf15c;' aria-hidden=true><\/i><\/div><div class=\"x-recent-posts-content\"><h3 class=\"h-recent-posts\">ACC r\u00e9duit le plafond de remboursement du cannabis m\u00e9dical de 8,50 $\/g \u00e0 6,00 $\/g, en vigueur le 1er avril<\/h3><span class=\"x-recent-posts-date\">12 mars 2026<\/span><\/div><\/div><\/article><\/a><a class=\"x-recent-post3 with-image\" href=\"https:\/\/groweriq.ca\/fr\/2024\/06\/04\/modele-complet-de-rapport-sur-le-cannabis-pour-2024\/\" title=\"Permalink to: &quot;Mod\u00e8le complet de rapport sur le cannabis pour 2024&quot;\"><article id=\"post-27730\" class=\"post-27730 post type-post status-publish format-standard has-post-thumbnail hentry category-groweriq-seed-to-sale-fr tag-entreprise-de-cannabis tag-reglementation-du-cannabis\"><div class=\"entry-wrap\"><div class=\"x-recent-posts-img\" style=\"background-image: url(https:\/\/groweriq.ca\/wp-content\/uploads\/2024\/03\/microsoft-365-oUbzU87d1Gc-unsplash-870x520.jpg);\"><i class='x-framework-icon x-recent-posts-icon' data-x-icon-s='&#xf15c;' aria-hidden=true><\/i><\/div><div class=\"x-recent-posts-content\"><h3 class=\"h-recent-posts\">Mod\u00e8le complet de rapport sur le cannabis pour 2024<\/h3><span class=\"x-recent-posts-date\">4 juin 2024<\/span><\/div><\/div><\/article><\/a><a class=\"x-recent-post3 with-image\" href=\"https:\/\/groweriq.ca\/fr\/2024\/06\/04\/serie-de-webinaires-highiq-zoom-de-groweriq-sur-lindustrie-janrx-inc\/\" title=\"Permalink to: &quot;S\u00e9rie de webinaires HighIQ : Zoom de GrowerIQ sur l&rsquo;industrie &#8211; JANrx Inc.&quot;\"><article id=\"post-27725\" class=\"post-27725 post type-post status-publish format-standard has-post-thumbnail hentry category-communique-de-presse category-medias category-webinaire tag-marche-mondial-du-cannabis tag-produits-de-cannabis tag-webinaire tag-zoom-sur-lindustrie\"><div class=\"entry-wrap\"><div class=\"x-recent-posts-img\" style=\"background-image: url(https:\/\/groweriq.ca\/wp-content\/uploads\/2024\/04\/Website-blog-header-banner-version_1-1740x-918-870x520.jpg);\"><i class='x-framework-icon x-recent-posts-icon' data-x-icon-s='&#xf15c;' aria-hidden=true><\/i><\/div><div class=\"x-recent-posts-content\"><h3 class=\"h-recent-posts\">S\u00e9rie de webinaires HighIQ : Zoom de GrowerIQ sur l&rsquo;industrie &#8211; JANrx Inc.<\/h3><span class=\"x-recent-posts-date\">4 juin 2024<\/span><\/div><\/div><\/article><\/a><\/div><\/div><\/div><\/div><\/div><div class=\"x-section e4174-e8 m37y-1 m37y-2\"><div class=\"x-container max width e4174-e9 m37y-a\"><div class=\"x-column x-sm x-1-2 e4174-e10 m37y-b\"><div class=\"x-text x-text-headline e4174-e11 m37y-8 m37y-9\"><div class=\"x-text-content\"><div class=\"x-text-content-text\"><h2 class=\"x-text-content-text-primary\"><span>About GrowerIQ<\/span><\/h2>\n<\/div><\/div><\/div><div class=\"x-content-area e4174-e12 m37y-c\">GrowerIQ is a complete cannabis production management platform. Ours is the first platform to integrate your facility systems, including sensors, building controls, QMS, and ERP, into a single simplified interface.\n<br\/><br\/>\n\nGrowerIQ is changing the way producers use software - transforming a regulatory requirement into a robust platform to learn, analyze, and improve performance. \n<br\/><br\/>\n\nTo find out more about GrowerIQ and how we can help, fill out the form to the right, start a chat, or <a class=\"link\" href=\"\/contact-us\/\">contact us<\/a>.<\/div><\/div><div class=\"x-column x-sm x-1-2 e4174-e13 m37y-b\"><div class=\"x-content-area x-hide-sm x-hide-xs e4174-e14 m37y-c\"><h2 style=\"color: white !important;\">Start today.<\/h2>\n<p style=\"color: white !important;\">Let us know how to reach you, and we'll get in touch to discuss your project.<\/p>\n<div class=\"salesforce_w2l_lead sf_one_column\"><form id=\"sf_form_salesforce_w2l_lead_4\" class=\"w2llead placeholders\" method=\"post\" action=\"#sf_form_salesforce_w2l_lead_4\"><div class=\"sf_field sf_field_first_name sf_type_text\">\t<input type=\"text\" placeholder=\"Name *\" value=\"\" id=\"sf_first_name\" class=\"w2linput text\" name=\"first_name\"  \/><div class=\"clearfix\"><\/div><\/div><div class=\"sf_field sf_field_email sf_type_text\">\t<input type=\"text\" placeholder=\"Email *\" value=\"\" id=\"sf_email\" class=\"w2linput text\" name=\"email\"  \/><div class=\"clearfix\"><\/div><\/div><div class=\"sf_field sf_field_description sf_type_textarea\">\t\t<textarea id=\"sf_description\" class=\"w2linput textarea\" name=\"description\" placeholder=\"Message\"><\/textarea><div class=\"clearfix\"><\/div><\/div>\t\t<input type=\"hidden\" id=\"sf_GCLID__c\" class=\"w2linput hidden\" name=\"GCLID__c\" value=\"\" \/>\t\t<input type=\"hidden\" id=\"sf_Utm_campaign__c\" class=\"w2linput hidden\" name=\"Utm_campaign__c\" value=\"\" \/>\t\t<input type=\"hidden\" id=\"sf_Utm_content__c\" class=\"w2linput hidden\" name=\"Utm_content__c\" value=\"\" \/>\t\t<input type=\"hidden\" id=\"sf_Utm_medium__c\" class=\"w2linput hidden\" name=\"Utm_medium__c\" value=\"\" \/>\t\t<input type=\"hidden\" id=\"sf_Utm_source__c\" class=\"w2linput hidden\" name=\"Utm_source__c\" value=\"\" \/>\t\t<input type=\"hidden\" id=\"sf_Utm_term__c\" class=\"w2linput hidden\" name=\"Utm_term__c\" value=\"\" \/>\t\t<input type=\"hidden\" id=\"sf_Referral_url__c\" class=\"w2linput hidden\" name=\"Referral_url__c\" value=\"\" \/>\t<input type=\"text\" name=\"message\" class=\"w2linput\" value=\"\" style=\"display: none;\" \/>\t<input type=\"hidden\" name=\"form_id\" class=\"w2linput\" value=\"4\" \/>\t<div class=\"w2lsubmit\"><input type=\"submit\" name=\"w2lsubmit\" class=\"w2linput submit\" value=\"Get Started\" \/><\/div><\/form><\/div>\n\n<p style=\"color: white !important; font-size: 9px !important; line-height: 15px !important;\">GrowerIQ does not share, sell, rent, or trade personally identifiable information with third parties for promotional purposes. <a href=\"\/privacy-policy\/\" style=\"color: white !important; text-decoration: underline !important;\">Privacy Policy<\/a><\/p><\/div><\/div><\/div><\/div><\/div>\n","protected":false},"excerpt":{"rendered":"<p>GrowerIQ a r\u00e9cemment \u00e9tabli un partenariat avec Master Plant Holdings Inc, l&rsquo;une des principales plateformes europ\u00e9ennes de cannabis \u00e0 usage adulte centr\u00e9e sur le consommateur.<\/p>\n","protected":false},"author":29,"featured_media":0,"parent":0,"menu_order":0,"comment_status":"closed","ping_status":"closed","template":"","meta":{"_elementor_css":"","footnotes":""},"categories":[836,410,837],"tags":[213,587,518,581,158,727,588,599,817,514,604,729,155],"class_list":["post-14069","page","type-page","status-publish","hentry","category-etude-de-cas","category-non-classifiee","category-temoignage","tag-cannabis","tag-conseil-en-cannabis","tag-culture-du-cannabis","tag-entreprise-de-cannabis","tag-groweriq","tag-industrie-du-cannabis","tag-maitre-cultivateur","tag-marijuana-medicale","tag-master-plant","tag-plan-daffaires-pour-le-cannabis","tag-processus-doctroi-de-licences","tag-reglementation-du-cannabis","tag-seed-to-sale","no-post-thumbnail"],"_links":{"self":[{"href":"https:\/\/groweriq.ca\/fr\/wp-json\/wp\/v2\/pages\/14069","targetHints":{"allow":["GET"]}}],"collection":[{"href":"https:\/\/groweriq.ca\/fr\/wp-json\/wp\/v2\/pages"}],"about":[{"href":"https:\/\/groweriq.ca\/fr\/wp-json\/wp\/v2\/types\/page"}],"author":[{"embeddable":true,"href":"https:\/\/groweriq.ca\/fr\/wp-json\/wp\/v2\/users\/29"}],"replies":[{"embeddable":true,"href":"https:\/\/groweriq.ca\/fr\/wp-json\/wp\/v2\/comments?post=14069"}],"version-history":[{"count":6,"href":"https:\/\/groweriq.ca\/fr\/wp-json\/wp\/v2\/pages\/14069\/revisions"}],"predecessor-version":[{"id":16651,"href":"https:\/\/groweriq.ca\/fr\/wp-json\/wp\/v2\/pages\/14069\/revisions\/16651"}],"wp:attachment":[{"href":"https:\/\/groweriq.ca\/fr\/wp-json\/wp\/v2\/media?parent=14069"}],"wp:term":[{"taxonomy":"category","embeddable":true,"href":"https:\/\/groweriq.ca\/fr\/wp-json\/wp\/v2\/categories?post=14069"},{"taxonomy":"post_tag","embeddable":true,"href":"https:\/\/groweriq.ca\/fr\/wp-json\/wp\/v2\/tags?post=14069"}],"curies":[{"name":"wp","href":"https:\/\/api.w.org\/{rel}","templated":true}]}}