{"id":11904,"date":"2021-10-23T16:11:14","date_gmt":"2021-10-23T20:11:14","guid":{"rendered":"https:\/\/groweriq.ca\/le-conseil-en-cannabis-de-groweriq-manuel-de-qualite-et-assistance-en-matiere-de-flux-de-processus\/"},"modified":"2025-05-29T11:18:36","modified_gmt":"2025-05-29T15:18:36","slug":"le-conseil-en-cannabis-de-groweriq-manuel-de-qualite-et-assistance-en-matiere-de-flux-de-processus","status":"publish","type":"page","link":"https:\/\/groweriq.ca\/fr\/le-conseil-en-cannabis-de-groweriq-manuel-de-qualite-et-assistance-en-matiere-de-flux-de-processus\/","title":{"rendered":"Le conseil en cannabis de GrowerIQ : Manuel de qualit\u00e9 et assistance en mati\u00e8re de flux de processus"},"content":{"rendered":"\n<p>Lorsqu\u2019on entame une demande pour devenir producteur agr\u00e9\u00e9 (PL) de cannabis, il est courant de devoir g\u00e9rer de nouveaux \u00e9quipements, des logiciels sp\u00e9cialis\u00e9s et une multitude de PONs. Pourtant, de nombreux demandeurs ne disposent pas encore d\u2019un manuel de qualit\u00e9 ou d\u2019un <a class=\"\" href=\"https:\/\/groweriq.ca\/fr\/2021\/04\/11\/etablir-votre-plan-daffaires-pour-le-cannabis-les-3-principaux-defis-et-les-3-principales-solutions\/\">plan d&rsquo;affaires pour le cannabis<\/a> solide pour structurer leur d\u00e9marche. Ces outils strat\u00e9giques permettent de rassembler les processus op\u00e9rationnels, techniques et r\u00e9glementaires en un seul plan de gestion coh\u00e9rent. En int\u00e9grant un manuel de qualit\u00e9 d\u00e8s le d\u00e9part, les producteurs peuvent acc\u00e9l\u00e9rer leurs op\u00e9rations, \u00e9viter les incoh\u00e9rences et poser des bases solides pour la conformit\u00e9 et la croissance.<\/p>\n\n\n\n<p>Le <a class=\"\" href=\"https:\/\/groweriq.ca\/fr\/2021\/04\/16\/logiciel-seed-to-sale-systeme-de-management-de-la-qualite-du-cannabis\/\">programme d&rsquo;assurance qualit\u00e9<\/a> repose sur une hi\u00e9rarchie documentaire dans laquelle le manuel de qualit\u00e9 occupe une place strat\u00e9gique, juste apr\u00e8s les lois et r\u00e8glements applicables. Ce document de niveau 1 agit comme un cadre directeur, d\u00e9finissant comment les autres documents \u2013 tels que les PONs \u2013 s\u2019alignent avec les exigences r\u00e9glementaires. Bien que souvent n\u00e9glig\u00e9 par les demandeurs de licence, un manuel de qualit\u00e9 bien structur\u00e9 permet d\u2019unifier vos processus, d\u2019assurer la conformit\u00e9 et de soutenir une culture de qualit\u00e9. GrowerIQ vous aide \u00e0 b\u00e2tir ce fondement essentiel \u00e0 travers une solution compl\u00e8te de gestion, adapt\u00e9e \u00e0 chaque \u00e9tape de votre entreprise.<\/p>\n\n\n<div class=\"wp-block-image\">\n<figure class=\"aligncenter size-large\"><img fetchpriority=\"high\" decoding=\"async\" width=\"592\" height=\"358\" src=\"http:\/\/groweriq.ca\/wp-content\/uploads\/2021\/05\/heirarchy-of-documentation.jpg\" alt=\"niveaux de documentation de l'assurance qualit\u00e9\" class=\"wp-image-10693\" srcset=\"https:\/\/groweriq.ca\/wp-content\/uploads\/2021\/05\/heirarchy-of-documentation.jpg 592w, https:\/\/groweriq.ca\/wp-content\/uploads\/2021\/05\/heirarchy-of-documentation-300x181.jpg 300w, https:\/\/groweriq.ca\/wp-content\/uploads\/2021\/05\/heirarchy-of-documentation-100x60.jpg 100w\" sizes=\"(max-width: 592px) 100vw, 592px\" \/><figcaption class=\"wp-element-caption\">Bien que Sant\u00e9 Canada ne l\u2019impose pas, le manuel de qualit\u00e9 est souvent une exigence cl\u00e9 dans les r\u00e9glementations des BPF de l\u2019Union europ\u00e9enne. Il constitue \u00e9galement un levier puissant pour uniformiser vos op\u00e9rations, favoriser l&rsquo;efficacit\u00e9 et int\u00e9grer chaque processus dans un syst\u00e8me de gestion de la qualit\u00e9 bien d\u00e9fini. En l\u2019adoptant d\u00e8s les premi\u00e8res \u00e9tapes, votre entreprise pose les bases d\u2019une croissance durable et conforme.<\/figcaption><\/figure>\n<\/div>\n\n\n<h2 class=\"wp-block-heading\">Qu&rsquo;est-ce qu&rsquo;un manuel de qualit\u00e9 ?<\/h2>\n\n\n\n<p>Outre qu&rsquo;il d\u00e9finit les lois et r\u00e8glements applicables \u00e0 votre entreprise, le manuel qualit\u00e9 explique \u00e9galement comment les syst\u00e8mes de gestion de la qualit\u00e9 mettent en \u0153uvre ces exigences. Il doit contenir des informations sur les politiques et les proc\u00e9dures qui soutiennent le syst\u00e8me de gestion de la qualit\u00e9 de l&rsquo;entreprise. Consid\u00e9rez votre manuel qualit\u00e9 comme la m\u00e8re de toutes les proc\u00e9dures op\u00e9rationnelles normalis\u00e9es (PONs). Il s&rsquo;agit d&rsquo;un plan directeur sur la fa\u00e7on dont l&rsquo;installation fonctionne de mani\u00e8re coh\u00e9rente et dans le but de maintenir la qualit\u00e9 du produit.<\/p>\n\n\n\n<p>Vous pouvez consulter un mod\u00e8le de manuel qualit\u00e9 sur le <a href=\"https:\/\/www.who.int\/ihr\/training\/laboratory_quality\/quality_manual\/en\/\" target=\"_blank\" rel=\"noreferrer noopener\">site de l&rsquo;Organisation mondiale de la sant\u00e9 (OMS)<\/a>. Ce mod\u00e8le a \u00e9t\u00e9 con\u00e7u pour un laboratoire, mais il comporte n\u00e9anmoins tous les \u00e9l\u00e9ments essentiels d&rsquo;un manuel qualit\u00e9. Remarquez que son objectif principal est d&rsquo;obtenir la satisfaction du client par l&rsquo;application des syst\u00e8mes de qualit\u00e9, l&rsquo;am\u00e9lioration continue des syst\u00e8mes et la pr\u00e9vention de l&rsquo;apparition de non-conformit\u00e9s.<\/p>\n\n\n\n<p>Vous aimez cet article ? Nous Sommes s\u00fbrs que vous Aimerez Aussi les Suivants :&nbsp;<a href=\"https:\/\/groweriq.ca\/fr\/2021\/04\/02\/le-guide-ultime-des-procedures-operationnelles-normalisees-pour-lindustrie-du-cannabis-partie-ii\/\" target=\"_blank\" rel=\"noreferrer noopener\">Proc\u00e9dures Op\u00e9rationnelles Normalis\u00e9es pour le Cannabis<\/a>,&nbsp;<a href=\"https:\/\/groweriq.ca\/fr\/2021\/04\/06\/le-guide-ultime-des-pons-pour-lindustrie-du-cannabis-partie-i\/\" target=\"_blank\" rel=\"noreferrer noopener\">Pons du Cannabis<\/a>,&nbsp;<a href=\"https:\/\/groweriq.ca\/fr\/2021\/10\/22\/devriez-vous-obtenir-une-licence-de-recherche-sur-le-cannabis\/\" target=\"_blank\" rel=\"noreferrer noopener\">Devriez-vous Obtenir une Licence de Recherche sur le Cannabis ?<\/a>, et <a href=\"https:\/\/groweriq.ca\/fr\/2021\/10\/24\/recherche-sur-le-cannabis-2020-faits-et-statistiques-sur-lindustrie-du-cannabis\/\" target=\"_blank\" rel=\"noreferrer noopener\">Recherche sur le Cannabis<\/a>.<\/p>\n\n\n\n<h2 class=\"wp-block-heading\">Solutions du syst\u00e8me de gestion de la qualit\u00e9 de GrowerIQ<\/h2>\n\n\n\n<p>GrowerIQ offre des solutions compl\u00e8tes en mati\u00e8re de syst\u00e8mes de gestion de la qualit\u00e9. GrowerIQ peut cr\u00e9er des manuels de qualit\u00e9 personnalis\u00e9s pour votre entreprise de cannabis et fournir des PONs et des documents annexes qui garantissent que votre syst\u00e8me de gestion de la qualit\u00e9 fournit une infrastructure de gestion de la qualit\u00e9 sur laquelle votre installation peut fonctionner. Dans ce cadre, GrowerIQ peut \u00e9valuer vos flux de processus pour aider \u00e0 identifier les domaines o\u00f9 il existe des risques potentiels ou des suggestions d&rsquo;am\u00e9lioration.<\/p>\n\n\n\n<h2 class=\"wp-block-heading\">Solutions de conseil pour la gestion du cannabis de la semence \u00e0 la vente<\/h2>\n\n\n\n<p>Le logiciel GrowerIQ est un outil de syst\u00e8me de gestion de la qualit\u00e9. Il fonctionne \u00e9galement comme un ERP, un CRM et un logiciel de culture. Mais un syst\u00e8me de qualit\u00e9 complet englobe encore plus, et c&rsquo;est pourquoi les services de conseil en cannabis de GrowerIQ peuvent vous aider \u00e0 cr\u00e9er un syst\u00e8me de gestion de la qualit\u00e9 complet qui place votre entreprise sur la voie du succ\u00e8s et de la conformit\u00e9.<\/p>\n\n\n\n<h3 class=\"wp-block-heading\">Pour plus d&rsquo;informations<\/h3>\n\n\n\n<p>Les experts de <a href=\"https:\/\/groweriq.ca\/fr\/\" target=\"_blank\" rel=\"noreferrer noopener\">GrowerIQ<\/a> peuvent vous aider \u00e0 cr\u00e9er une entreprise internationale de cannabis couronn\u00e9e de succ\u00e8s et \u00e0 \u00e9voluer dans n&rsquo;importe quel cadre juridique. Pour en savoir plus, prenez contact d\u00e8s maintenant avec nos professionnels du cannabis en cliquant sur le bouton ou en remplissant le formulaire ci-dessous. <\/p>\n\n\n\n<a class=\"x-btn\" href=\"https:\/\/groweriq.ca\/consulting\/quality-manual-and-process-flow-support\/\" style=\"outline: none; max-width: 500px;\">Cr\u00e9ez votre manuel de qualit\u00e9 maintenant<\/a><p><\/p>\n\n\n<div class=\"cs-content x-global-block x-global-block-6565 e6565-e0\"><div class=\"x-section e6565-e2 m52d-0\"><div class=\"x-row x-container max width e6565-e3 m52d-1 m52d-2\"><div class=\"x-row-inner\"><div class=\"x-col e6565-e4 m52d-3\"><div class=\"x-text x-text-headline e6565-e5 m52d-4\"><div class=\"x-text-content\"><div class=\"x-text-content-text\"><h2 class=\"x-text-content-text-primary\">Recommended For You<\/h2>\n<\/div><\/div><\/div><div  class=\"x-recent-posts cf horizontal\"  data-x-element=\"recent_posts\" data-x-params=\"{&quot;fade&quot;:false}\" data-fade=\"false\" ><a class=\"x-recent-post3 with-image\" href=\"https:\/\/groweriq.ca\/fr\/2026\/03\/12\/acc-plafond-remboursement-cannabis-medical-2026\/\" title=\"Permalink to: &quot;ACC r\u00e9duit le plafond de remboursement du cannabis m\u00e9dical de 8,50 $\/g \u00e0 6,00 $\/g, en vigueur le 1er avril&quot;\"><article id=\"post-42362\" class=\"post-42362 post type-post status-publish format-standard has-post-thumbnail hentry category-seed-to-sale-3 tag-reglementation-du-cannabis\"><div class=\"entry-wrap\"><div class=\"x-recent-posts-img\" style=\"background-image: url(https:\/\/groweriq.ca\/wp-content\/uploads\/2026\/03\/groweriq-vac-cannabis-reimbursement-cap-reduction-2026-featured-930x520.jpg);\"><i class='x-framework-icon x-recent-posts-icon' data-x-icon-s='&#xf15c;' aria-hidden=true><\/i><\/div><div class=\"x-recent-posts-content\"><h3 class=\"h-recent-posts\">ACC r\u00e9duit le plafond de remboursement du cannabis m\u00e9dical de 8,50 $\/g \u00e0 6,00 $\/g, en vigueur le 1er avril<\/h3><span class=\"x-recent-posts-date\">12 mars 2026<\/span><\/div><\/div><\/article><\/a><a class=\"x-recent-post3 with-image\" href=\"https:\/\/groweriq.ca\/fr\/2024\/06\/04\/modele-complet-de-rapport-sur-le-cannabis-pour-2024\/\" title=\"Permalink to: &quot;Mod\u00e8le complet de rapport sur le cannabis pour 2024&quot;\"><article id=\"post-27730\" class=\"post-27730 post type-post status-publish format-standard has-post-thumbnail hentry category-groweriq-seed-to-sale-fr tag-entreprise-de-cannabis tag-reglementation-du-cannabis\"><div class=\"entry-wrap\"><div class=\"x-recent-posts-img\" style=\"background-image: url(https:\/\/groweriq.ca\/wp-content\/uploads\/2024\/03\/microsoft-365-oUbzU87d1Gc-unsplash-870x520.jpg);\"><i class='x-framework-icon x-recent-posts-icon' data-x-icon-s='&#xf15c;' aria-hidden=true><\/i><\/div><div class=\"x-recent-posts-content\"><h3 class=\"h-recent-posts\">Mod\u00e8le complet de rapport sur le cannabis pour 2024<\/h3><span class=\"x-recent-posts-date\">4 juin 2024<\/span><\/div><\/div><\/article><\/a><a class=\"x-recent-post3 with-image\" href=\"https:\/\/groweriq.ca\/fr\/2024\/06\/04\/serie-de-webinaires-highiq-zoom-de-groweriq-sur-lindustrie-janrx-inc\/\" title=\"Permalink to: &quot;S\u00e9rie de webinaires HighIQ : Zoom de GrowerIQ sur l&rsquo;industrie &#8211; JANrx Inc.&quot;\"><article id=\"post-27725\" class=\"post-27725 post type-post status-publish format-standard has-post-thumbnail hentry category-communique-de-presse category-medias category-webinaire tag-marche-mondial-du-cannabis tag-produits-de-cannabis tag-webinaire tag-zoom-sur-lindustrie\"><div class=\"entry-wrap\"><div class=\"x-recent-posts-img\" style=\"background-image: url(https:\/\/groweriq.ca\/wp-content\/uploads\/2024\/04\/Website-blog-header-banner-version_1-1740x-918-870x520.jpg);\"><i class='x-framework-icon x-recent-posts-icon' data-x-icon-s='&#xf15c;' aria-hidden=true><\/i><\/div><div class=\"x-recent-posts-content\"><h3 class=\"h-recent-posts\">S\u00e9rie de webinaires HighIQ : Zoom de GrowerIQ sur l&rsquo;industrie &#8211; JANrx Inc.<\/h3><span class=\"x-recent-posts-date\">4 juin 2024<\/span><\/div><\/div><\/article><\/a><\/div><\/div><\/div><\/div><\/div><\/div>\n\n\n<div class=\"cs-content x-global-block x-global-block-4174 e4174-e0\"><div class=\"x-section e4174-e2 m37y-0 m37y-1\"><div class=\"x-row x-container max width e4174-e3 m37y-3 m37y-4\"><div class=\"x-row-inner\"><div class=\"x-col e4174-e4 m37y-5\"><hr class=\"x-line e4174-e5 m37y-6\"\/><div class=\"x-text x-text-headline e4174-e6 m37y-7 m37y-8\"><div class=\"x-text-content\"><div class=\"x-text-content-text\"><h2 class=\"x-text-content-text-primary\">Recommended For You<\/h2>\n<\/div><\/div><\/div><div  class=\"x-recent-posts cf horizontal\"  data-x-element=\"recent_posts\" data-x-params=\"{&quot;fade&quot;:false}\" data-fade=\"false\" ><a class=\"x-recent-post3 with-image\" href=\"https:\/\/groweriq.ca\/fr\/2026\/03\/12\/acc-plafond-remboursement-cannabis-medical-2026\/\" title=\"Permalink to: &quot;ACC r\u00e9duit le plafond de remboursement du cannabis m\u00e9dical de 8,50 $\/g \u00e0 6,00 $\/g, en vigueur le 1er avril&quot;\"><article id=\"post-42362\" class=\"post-42362 post type-post status-publish format-standard has-post-thumbnail hentry category-seed-to-sale-3 tag-reglementation-du-cannabis\"><div class=\"entry-wrap\"><div class=\"x-recent-posts-img\" style=\"background-image: url(https:\/\/groweriq.ca\/wp-content\/uploads\/2026\/03\/groweriq-vac-cannabis-reimbursement-cap-reduction-2026-featured-930x520.jpg);\"><i class='x-framework-icon x-recent-posts-icon' data-x-icon-s='&#xf15c;' aria-hidden=true><\/i><\/div><div class=\"x-recent-posts-content\"><h3 class=\"h-recent-posts\">ACC r\u00e9duit le plafond de remboursement du cannabis m\u00e9dical de 8,50 $\/g \u00e0 6,00 $\/g, en vigueur le 1er avril<\/h3><span class=\"x-recent-posts-date\">12 mars 2026<\/span><\/div><\/div><\/article><\/a><a class=\"x-recent-post3 with-image\" href=\"https:\/\/groweriq.ca\/fr\/2024\/06\/04\/modele-complet-de-rapport-sur-le-cannabis-pour-2024\/\" title=\"Permalink to: &quot;Mod\u00e8le complet de rapport sur le cannabis pour 2024&quot;\"><article id=\"post-27730\" class=\"post-27730 post type-post status-publish format-standard has-post-thumbnail hentry category-groweriq-seed-to-sale-fr tag-entreprise-de-cannabis tag-reglementation-du-cannabis\"><div class=\"entry-wrap\"><div class=\"x-recent-posts-img\" style=\"background-image: url(https:\/\/groweriq.ca\/wp-content\/uploads\/2024\/03\/microsoft-365-oUbzU87d1Gc-unsplash-870x520.jpg);\"><i class='x-framework-icon x-recent-posts-icon' data-x-icon-s='&#xf15c;' aria-hidden=true><\/i><\/div><div class=\"x-recent-posts-content\"><h3 class=\"h-recent-posts\">Mod\u00e8le complet de rapport sur le cannabis pour 2024<\/h3><span class=\"x-recent-posts-date\">4 juin 2024<\/span><\/div><\/div><\/article><\/a><a class=\"x-recent-post3 with-image\" href=\"https:\/\/groweriq.ca\/fr\/2024\/06\/04\/serie-de-webinaires-highiq-zoom-de-groweriq-sur-lindustrie-janrx-inc\/\" title=\"Permalink to: &quot;S\u00e9rie de webinaires HighIQ : Zoom de GrowerIQ sur l&rsquo;industrie &#8211; JANrx Inc.&quot;\"><article id=\"post-27725\" class=\"post-27725 post type-post status-publish format-standard has-post-thumbnail hentry category-communique-de-presse category-medias category-webinaire tag-marche-mondial-du-cannabis tag-produits-de-cannabis tag-webinaire tag-zoom-sur-lindustrie\"><div class=\"entry-wrap\"><div class=\"x-recent-posts-img\" style=\"background-image: url(https:\/\/groweriq.ca\/wp-content\/uploads\/2024\/04\/Website-blog-header-banner-version_1-1740x-918-870x520.jpg);\"><i class='x-framework-icon x-recent-posts-icon' data-x-icon-s='&#xf15c;' aria-hidden=true><\/i><\/div><div class=\"x-recent-posts-content\"><h3 class=\"h-recent-posts\">S\u00e9rie de webinaires HighIQ : Zoom de GrowerIQ sur l&rsquo;industrie &#8211; JANrx Inc.<\/h3><span class=\"x-recent-posts-date\">4 juin 2024<\/span><\/div><\/div><\/article><\/a><\/div><\/div><\/div><\/div><\/div><div class=\"x-section e4174-e8 m37y-1 m37y-2\"><div class=\"x-container max width e4174-e9 m37y-a\"><div class=\"x-column x-sm x-1-2 e4174-e10 m37y-b\"><div class=\"x-text x-text-headline e4174-e11 m37y-8 m37y-9\"><div class=\"x-text-content\"><div class=\"x-text-content-text\"><h2 class=\"x-text-content-text-primary\"><span>About GrowerIQ<\/span><\/h2>\n<\/div><\/div><\/div><div class=\"x-content-area e4174-e12 m37y-c\">GrowerIQ is a complete cannabis production management platform. Ours is the first platform to integrate your facility systems, including sensors, building controls, QMS, and ERP, into a single simplified interface.\n<br\/><br\/>\n\nGrowerIQ is changing the way producers use software - transforming a regulatory requirement into a robust platform to learn, analyze, and improve performance. \n<br\/><br\/>\n\nTo find out more about GrowerIQ and how we can help, fill out the form to the right, start a chat, or <a class=\"link\" href=\"\/contact-us\/\">contact us<\/a>.<\/div><\/div><div class=\"x-column x-sm x-1-2 e4174-e13 m37y-b\"><div class=\"x-content-area x-hide-sm x-hide-xs e4174-e14 m37y-c\"><h2 style=\"color: white !important;\">Start today.<\/h2>\n<p style=\"color: white !important;\">Let us know how to reach you, and we'll get in touch to discuss your project.<\/p>\n<div class=\"salesforce_w2l_lead sf_one_column\"><form id=\"sf_form_salesforce_w2l_lead_4\" class=\"w2llead placeholders\" method=\"post\" action=\"#sf_form_salesforce_w2l_lead_4\"><div class=\"sf_field sf_field_first_name sf_type_text\">\t<input type=\"text\" placeholder=\"Name *\" value=\"\" id=\"sf_first_name\" class=\"w2linput text\" name=\"first_name\"  \/><div class=\"clearfix\"><\/div><\/div><div class=\"sf_field sf_field_email sf_type_text\">\t<input type=\"text\" placeholder=\"Email *\" value=\"\" id=\"sf_email\" class=\"w2linput text\" name=\"email\"  \/><div class=\"clearfix\"><\/div><\/div><div class=\"sf_field sf_field_description sf_type_textarea\">\t\t<textarea id=\"sf_description\" class=\"w2linput textarea\" name=\"description\" placeholder=\"Message\"><\/textarea><div class=\"clearfix\"><\/div><\/div>\t\t<input type=\"hidden\" id=\"sf_GCLID__c\" class=\"w2linput hidden\" name=\"GCLID__c\" value=\"\" \/>\t\t<input type=\"hidden\" id=\"sf_Utm_campaign__c\" class=\"w2linput hidden\" name=\"Utm_campaign__c\" value=\"\" \/>\t\t<input type=\"hidden\" id=\"sf_Utm_content__c\" class=\"w2linput hidden\" name=\"Utm_content__c\" value=\"\" \/>\t\t<input type=\"hidden\" id=\"sf_Utm_medium__c\" class=\"w2linput hidden\" name=\"Utm_medium__c\" value=\"\" \/>\t\t<input type=\"hidden\" id=\"sf_Utm_source__c\" class=\"w2linput hidden\" name=\"Utm_source__c\" value=\"\" \/>\t\t<input type=\"hidden\" id=\"sf_Utm_term__c\" class=\"w2linput hidden\" name=\"Utm_term__c\" value=\"\" \/>\t\t<input type=\"hidden\" id=\"sf_Referral_url__c\" class=\"w2linput hidden\" name=\"Referral_url__c\" value=\"\" \/>\t<input type=\"text\" name=\"message\" class=\"w2linput\" value=\"\" style=\"display: none;\" \/>\t<input type=\"hidden\" name=\"form_id\" class=\"w2linput\" value=\"4\" \/>\t<div class=\"w2lsubmit\"><input type=\"submit\" name=\"w2lsubmit\" class=\"w2linput submit\" value=\"Get Started\" \/><\/div><\/form><\/div>\n\n<p style=\"color: white !important; font-size: 9px !important; line-height: 15px !important;\">GrowerIQ does not share, sell, rent, or trade personally identifiable information with third parties for promotional purposes. <a href=\"\/privacy-policy\/\" style=\"color: white !important; text-decoration: underline !important;\">Privacy Policy<\/a><\/p><\/div><\/div><\/div><\/div><\/div>\n","protected":false},"excerpt":{"rendered":"<p>Un manuel de qualit\u00e9 est une excellente solution pour acc\u00e9l\u00e9rer les op\u00e9rations et rassembler tous les \u00e9l\u00e9ments de votre entreprise.<\/p>\n","protected":false},"author":10,"featured_media":35196,"parent":0,"menu_order":0,"comment_status":"closed","ping_status":"closed","template":"","meta":{"_elementor_css":"","footnotes":""},"categories":[735,736,509,460,733],"tags":[587,734,554],"class_list":["post-11904","page","type-page","status-publish","has-post-thumbnail","hentry","category-conseil","category-manuel-de-qualite","category-plan-daffaires-pour-le-cannabis","category-procedures-operationnelles-normalisees-pour-le-cannabis","category-processus-de-demande-de-lp","tag-conseil-en-cannabis","tag-manuel-de-qualite-du-cannabis","tag-systeme-de-management-de-la-qualite"],"_links":{"self":[{"href":"https:\/\/groweriq.ca\/fr\/wp-json\/wp\/v2\/pages\/11904","targetHints":{"allow":["GET"]}}],"collection":[{"href":"https:\/\/groweriq.ca\/fr\/wp-json\/wp\/v2\/pages"}],"about":[{"href":"https:\/\/groweriq.ca\/fr\/wp-json\/wp\/v2\/types\/page"}],"author":[{"embeddable":true,"href":"https:\/\/groweriq.ca\/fr\/wp-json\/wp\/v2\/users\/10"}],"replies":[{"embeddable":true,"href":"https:\/\/groweriq.ca\/fr\/wp-json\/wp\/v2\/comments?post=11904"}],"version-history":[{"count":7,"href":"https:\/\/groweriq.ca\/fr\/wp-json\/wp\/v2\/pages\/11904\/revisions"}],"predecessor-version":[{"id":16705,"href":"https:\/\/groweriq.ca\/fr\/wp-json\/wp\/v2\/pages\/11904\/revisions\/16705"}],"wp:featuredmedia":[{"embeddable":true,"href":"https:\/\/groweriq.ca\/fr\/wp-json\/wp\/v2\/media\/35196"}],"wp:attachment":[{"href":"https:\/\/groweriq.ca\/fr\/wp-json\/wp\/v2\/media?parent=11904"}],"wp:term":[{"taxonomy":"category","embeddable":true,"href":"https:\/\/groweriq.ca\/fr\/wp-json\/wp\/v2\/categories?post=11904"},{"taxonomy":"post_tag","embeddable":true,"href":"https:\/\/groweriq.ca\/fr\/wp-json\/wp\/v2\/tags?post=11904"}],"curies":[{"name":"wp","href":"https:\/\/api.w.org\/{rel}","templated":true}]}}