{"id":9492,"date":"2021-04-08T13:39:52","date_gmt":"2021-04-08T17:39:52","guid":{"rendered":"https:\/\/groweriq.ca\/como-obtener-una-licencia-de-cannabis-en-portugal\/"},"modified":"2023-08-28T14:06:29","modified_gmt":"2023-08-28T18:06:29","slug":"como-obtener-una-licencia-de-cannabis-en-portugal","status":"publish","type":"page","link":"https:\/\/groweriq.ca\/es\/como-obtener-una-licencia-de-cannabis-en-portugal\/","title":{"rendered":"C\u00f3mo Obtener una Licencia de Cannabis en Portugal"},"content":{"rendered":"<div id=\"cs-content\" class=\"cs-content\"><\/div>\n","protected":false},"excerpt":{"rendered":"<p>Adem\u00e1s de tener su propio programa de cannabis medicinal, Portugal tiene un gran clima y ubicaci\u00f3n para el cultivo de cannabis para la exportaci\u00f3n. El cannabis al aire libre crece bien en Portugal y se puede producir a un menor costo en comparaci\u00f3n con otras naciones Europeas con climas m\u00e1s fr\u00edos. Entonces, \u00bfc\u00f3mo se empieza a cultivar cannabis en Portugal?<\/p>\n","protected":false},"author":10,"featured_media":19066,"parent":0,"menu_order":0,"comment_status":"closed","ping_status":"closed","template":"","meta":{"_elementor_css":"","footnotes":""},"categories":[248,489,452,490,488],"tags":[292,386,491,381],"class_list":["post-9492","page","type-page","status-publish","has-post-thumbnail","hentry","category-cannabis-es","category-informacion-del-mercado","category-noticias-del-sector","category-portugal-es","category-proceso-de-concesion-de-licencias","tag-cultivo-de-cannabis","tag-marihuana-medicinal","tag-portugal-es","tag-proceso-de-concesion-de-licencias"],"_links":{"self":[{"href":"https:\/\/groweriq.ca\/es\/wp-json\/wp\/v2\/pages\/9492","targetHints":{"allow":["GET"]}}],"collection":[{"href":"https:\/\/groweriq.ca\/es\/wp-json\/wp\/v2\/pages"}],"about":[{"href":"https:\/\/groweriq.ca\/es\/wp-json\/wp\/v2\/types\/page"}],"author":[{"embeddable":true,"href":"https:\/\/groweriq.ca\/es\/wp-json\/wp\/v2\/users\/10"}],"replies":[{"embeddable":true,"href":"https:\/\/groweriq.ca\/es\/wp-json\/wp\/v2\/comments?post=9492"}],"version-history":[{"count":9,"href":"https:\/\/groweriq.ca\/es\/wp-json\/wp\/v2\/pages\/9492\/revisions"}],"predecessor-version":[{"id":22854,"href":"https:\/\/groweriq.ca\/es\/wp-json\/wp\/v2\/pages\/9492\/revisions\/22854"}],"wp:featuredmedia":[{"embeddable":true,"href":"https:\/\/groweriq.ca\/es\/wp-json\/wp\/v2\/media\/19066"}],"wp:attachment":[{"href":"https:\/\/groweriq.ca\/es\/wp-json\/wp\/v2\/media?parent=9492"}],"wp:term":[{"taxonomy":"category","embeddable":true,"href":"https:\/\/groweriq.ca\/es\/wp-json\/wp\/v2\/categories?post=9492"},{"taxonomy":"post_tag","embeddable":true,"href":"https:\/\/groweriq.ca\/es\/wp-json\/wp\/v2\/tags?post=9492"}],"curies":[{"name":"wp","href":"https:\/\/api.w.org\/{rel}","templated":true}]}}