{"id":6910,"date":"2020-08-17T09:25:12","date_gmt":"2020-08-17T13:25:12","guid":{"rendered":"https:\/\/groweriq.ca\/licencia-de-prueba-analitica\/"},"modified":"2023-08-28T14:09:53","modified_gmt":"2023-08-28T18:09:53","slug":"licencia-de-prueba-analitica","status":"publish","type":"page","link":"https:\/\/groweriq.ca\/es\/licencia-de-prueba-analitica\/","title":{"rendered":"Licencia de Prueba Anal\u00edtica"},"content":{"rendered":"<div id=\"cs-content\" class=\"cs-content\"><\/div>\n","protected":false},"excerpt":{"rendered":"<p>Otra de las nuevas clases de licencia que Health Canada ha introducido se refiere a las pruebas de producto. Este es un nicho \u00fanico dado que todos los dem\u00e1s titulares de licencias necesitar\u00e1n servicios de pruebas regulares para sus lotes. <\/p>\n","protected":false},"author":2,"featured_media":5417,"parent":0,"menu_order":0,"comment_status":"closed","ping_status":"closed","template":"","meta":{"_elementor_css":"","footnotes":""},"categories":[],"tags":[],"class_list":["post-6910","page","type-page","status-publish","has-post-thumbnail","hentry"],"_links":{"self":[{"href":"https:\/\/groweriq.ca\/es\/wp-json\/wp\/v2\/pages\/6910","targetHints":{"allow":["GET"]}}],"collection":[{"href":"https:\/\/groweriq.ca\/es\/wp-json\/wp\/v2\/pages"}],"about":[{"href":"https:\/\/groweriq.ca\/es\/wp-json\/wp\/v2\/types\/page"}],"author":[{"embeddable":true,"href":"https:\/\/groweriq.ca\/es\/wp-json\/wp\/v2\/users\/2"}],"replies":[{"embeddable":true,"href":"https:\/\/groweriq.ca\/es\/wp-json\/wp\/v2\/comments?post=6910"}],"version-history":[{"count":5,"href":"https:\/\/groweriq.ca\/es\/wp-json\/wp\/v2\/pages\/6910\/revisions"}],"predecessor-version":[{"id":22856,"href":"https:\/\/groweriq.ca\/es\/wp-json\/wp\/v2\/pages\/6910\/revisions\/22856"}],"wp:featuredmedia":[{"embeddable":true,"href":"https:\/\/groweriq.ca\/es\/wp-json\/wp\/v2\/media\/5417"}],"wp:attachment":[{"href":"https:\/\/groweriq.ca\/es\/wp-json\/wp\/v2\/media?parent=6910"}],"wp:term":[{"taxonomy":"category","embeddable":true,"href":"https:\/\/groweriq.ca\/es\/wp-json\/wp\/v2\/categories?post=6910"},{"taxonomy":"post_tag","embeddable":true,"href":"https:\/\/groweriq.ca\/es\/wp-json\/wp\/v2\/tags?post=6910"}],"curies":[{"name":"wp","href":"https:\/\/api.w.org\/{rel}","templated":true}]}}