{"id":6900,"date":"2020-08-16T11:12:06","date_gmt":"2020-08-16T15:12:06","guid":{"rendered":"https:\/\/groweriq.ca\/licencia-de-cultivo-de-vivero\/"},"modified":"2023-08-28T14:11:21","modified_gmt":"2023-08-28T18:11:21","slug":"licencia-de-cultivo-de-vivero","status":"publish","type":"page","link":"https:\/\/groweriq.ca\/es\/licencia-de-cultivo-de-vivero\/","title":{"rendered":"Licencia de Cultivo de Vivero"},"content":{"rendered":"<div id=\"cs-content\" class=\"cs-content\"><\/div>\n","protected":false},"excerpt":{"rendered":"<p>Health Canada introdujo varias nuevas clases de licencias de cultivo de cannabis con la Ley del Cannabis. La licencia de cultivo de vivero es definitivamente una actualizaci\u00f3n \u00fanica. Esculpe un nicho espec\u00edfico en el mercado orientado a los productores<\/p>\n","protected":false},"author":2,"featured_media":5385,"parent":0,"menu_order":0,"comment_status":"closed","ping_status":"closed","template":"","meta":{"_elementor_css":"","footnotes":""},"categories":[],"tags":[],"class_list":["post-6900","page","type-page","status-publish","has-post-thumbnail","hentry"],"_links":{"self":[{"href":"https:\/\/groweriq.ca\/es\/wp-json\/wp\/v2\/pages\/6900","targetHints":{"allow":["GET"]}}],"collection":[{"href":"https:\/\/groweriq.ca\/es\/wp-json\/wp\/v2\/pages"}],"about":[{"href":"https:\/\/groweriq.ca\/es\/wp-json\/wp\/v2\/types\/page"}],"author":[{"embeddable":true,"href":"https:\/\/groweriq.ca\/es\/wp-json\/wp\/v2\/users\/2"}],"replies":[{"embeddable":true,"href":"https:\/\/groweriq.ca\/es\/wp-json\/wp\/v2\/comments?post=6900"}],"version-history":[{"count":5,"href":"https:\/\/groweriq.ca\/es\/wp-json\/wp\/v2\/pages\/6900\/revisions"}],"predecessor-version":[{"id":22857,"href":"https:\/\/groweriq.ca\/es\/wp-json\/wp\/v2\/pages\/6900\/revisions\/22857"}],"wp:featuredmedia":[{"embeddable":true,"href":"https:\/\/groweriq.ca\/es\/wp-json\/wp\/v2\/media\/5385"}],"wp:attachment":[{"href":"https:\/\/groweriq.ca\/es\/wp-json\/wp\/v2\/media?parent=6900"}],"wp:term":[{"taxonomy":"category","embeddable":true,"href":"https:\/\/groweriq.ca\/es\/wp-json\/wp\/v2\/categories?post=6900"},{"taxonomy":"post_tag","embeddable":true,"href":"https:\/\/groweriq.ca\/es\/wp-json\/wp\/v2\/tags?post=6900"}],"curies":[{"name":"wp","href":"https:\/\/api.w.org\/{rel}","templated":true}]}}