{"id":6893,"date":"2020-08-16T10:34:20","date_gmt":"2020-08-16T14:34:20","guid":{"rendered":"https:\/\/groweriq.ca\/licencia-de-cultivo-estandar\/"},"modified":"2024-10-29T12:35:27","modified_gmt":"2024-10-29T16:35:27","slug":"licencia-de-cultivo-estandar","status":"publish","type":"page","link":"https:\/\/groweriq.ca\/es\/licencia-de-cultivo-estandar\/","title":{"rendered":"Licencia de Cultivo Est\u00e1ndar"},"content":{"rendered":"<div id=\"cs-content\" class=\"cs-content\"><\/div>\n","protected":false},"excerpt":{"rendered":"<p>Health Canada introdujo varias nuevas clases de licencias de cultivo de cannabis con la Ley del Cannabis. La licencia de cultivo est\u00e1ndar es perfecta para productores m\u00e1s grandes. Esta clase de licencia no tiene un l\u00edmite de producci\u00f3n,<\/p>\n","protected":false},"author":12,"featured_media":5420,"parent":0,"menu_order":0,"comment_status":"closed","ping_status":"closed","template":"","meta":{"_elementor_css":"","footnotes":""},"categories":[],"tags":[],"class_list":["post-6893","page","type-page","status-publish","has-post-thumbnail","hentry"],"_links":{"self":[{"href":"https:\/\/groweriq.ca\/es\/wp-json\/wp\/v2\/pages\/6893","targetHints":{"allow":["GET"]}}],"collection":[{"href":"https:\/\/groweriq.ca\/es\/wp-json\/wp\/v2\/pages"}],"about":[{"href":"https:\/\/groweriq.ca\/es\/wp-json\/wp\/v2\/types\/page"}],"author":[{"embeddable":true,"href":"https:\/\/groweriq.ca\/es\/wp-json\/wp\/v2\/users\/12"}],"replies":[{"embeddable":true,"href":"https:\/\/groweriq.ca\/es\/wp-json\/wp\/v2\/comments?post=6893"}],"version-history":[{"count":7,"href":"https:\/\/groweriq.ca\/es\/wp-json\/wp\/v2\/pages\/6893\/revisions"}],"predecessor-version":[{"id":22859,"href":"https:\/\/groweriq.ca\/es\/wp-json\/wp\/v2\/pages\/6893\/revisions\/22859"}],"wp:featuredmedia":[{"embeddable":true,"href":"https:\/\/groweriq.ca\/es\/wp-json\/wp\/v2\/media\/5420"}],"wp:attachment":[{"href":"https:\/\/groweriq.ca\/es\/wp-json\/wp\/v2\/media?parent=6893"}],"wp:term":[{"taxonomy":"category","embeddable":true,"href":"https:\/\/groweriq.ca\/es\/wp-json\/wp\/v2\/categories?post=6893"},{"taxonomy":"post_tag","embeddable":true,"href":"https:\/\/groweriq.ca\/es\/wp-json\/wp\/v2\/tags?post=6893"}],"curies":[{"name":"wp","href":"https:\/\/api.w.org\/{rel}","templated":true}]}}