{"id":6889,"date":"2020-08-16T09:42:05","date_gmt":"2020-08-16T13:42:05","guid":{"rendered":"https:\/\/groweriq.ca\/seleccion-de-cepa-y-abastecimiento-de-cannabis\/"},"modified":"2023-01-29T12:55:54","modified_gmt":"2023-01-29T17:55:54","slug":"seleccion-de-cepa-y-abastecimiento-de-cannabis","status":"publish","type":"page","link":"https:\/\/groweriq.ca\/es\/seleccion-de-cepa-y-abastecimiento-de-cannabis\/","title":{"rendered":"Selecci\u00f3n de Cepa y Abastecimiento de Cannabis"},"content":{"rendered":"<div id=\"cs-content\" class=\"cs-content\"><\/div>\n","protected":false},"excerpt":{"rendered":"<p>\u00bfQu\u00e9 gen\u00e9tica es la adecuada para su Productor con Licencia? La selecci\u00f3n de cepas de cannabis es una decisi\u00f3n crucial que configura su negocio de productores con licencia para el \u00e9xito. \u00bfC\u00f3mo se debe equilibrar la popularidad de la cepa, con el m\u00e1ximo rendimiento?<\/p>\n","protected":false},"author":12,"featured_media":4718,"parent":0,"menu_order":0,"comment_status":"closed","ping_status":"closed","template":"","meta":{"_elementor_css":"","footnotes":""},"categories":[],"tags":[],"class_list":["post-6889","page","type-page","status-publish","has-post-thumbnail","hentry"],"_links":{"self":[{"href":"https:\/\/groweriq.ca\/es\/wp-json\/wp\/v2\/pages\/6889","targetHints":{"allow":["GET"]}}],"collection":[{"href":"https:\/\/groweriq.ca\/es\/wp-json\/wp\/v2\/pages"}],"about":[{"href":"https:\/\/groweriq.ca\/es\/wp-json\/wp\/v2\/types\/page"}],"author":[{"embeddable":true,"href":"https:\/\/groweriq.ca\/es\/wp-json\/wp\/v2\/users\/12"}],"replies":[{"embeddable":true,"href":"https:\/\/groweriq.ca\/es\/wp-json\/wp\/v2\/comments?post=6889"}],"version-history":[{"count":3,"href":"https:\/\/groweriq.ca\/es\/wp-json\/wp\/v2\/pages\/6889\/revisions"}],"predecessor-version":[{"id":17144,"href":"https:\/\/groweriq.ca\/es\/wp-json\/wp\/v2\/pages\/6889\/revisions\/17144"}],"wp:featuredmedia":[{"embeddable":true,"href":"https:\/\/groweriq.ca\/es\/wp-json\/wp\/v2\/media\/4718"}],"wp:attachment":[{"href":"https:\/\/groweriq.ca\/es\/wp-json\/wp\/v2\/media?parent=6889"}],"wp:term":[{"taxonomy":"category","embeddable":true,"href":"https:\/\/groweriq.ca\/es\/wp-json\/wp\/v2\/categories?post=6889"},{"taxonomy":"post_tag","embeddable":true,"href":"https:\/\/groweriq.ca\/es\/wp-json\/wp\/v2\/tags?post=6889"}],"curies":[{"name":"wp","href":"https:\/\/api.w.org\/{rel}","templated":true}]}}