{"id":6877,"date":"2020-08-14T17:26:02","date_gmt":"2020-08-14T21:26:02","guid":{"rendered":"https:\/\/groweriq.ca\/planificacion-del-cultivo-de-cannabis\/"},"modified":"2024-10-29T12:35:59","modified_gmt":"2024-10-29T16:35:59","slug":"planificacion-del-cultivo-de-cannabis","status":"publish","type":"page","link":"https:\/\/groweriq.ca\/es\/planificacion-del-cultivo-de-cannabis\/","title":{"rendered":"Planificaci\u00f3n del Cultivo de Cannabis"},"content":{"rendered":"<div id=\"cs-content\" class=\"cs-content\"><\/div>\n","protected":false},"excerpt":{"rendered":"<p>\u00bfC\u00f3mo garantizar\u00e1 que sus plantas produzcan hasta el l\u00edmite de su gen\u00e9tica? Su empresa de productores con licencia no tendr\u00e1 \u00e9xito sin la planificaci\u00f3n de cultivo s\u00f3lido de cannabis. Los consultores de GrowerIQ, y nuestro Master Grower, elaborar\u00e1n un plan de cultivo que cumplan sus metas y garantice operaciones eficientes.<\/p>\n","protected":false},"author":2,"featured_media":4693,"parent":0,"menu_order":0,"comment_status":"closed","ping_status":"closed","template":"","meta":{"_elementor_css":"","footnotes":""},"categories":[],"tags":[],"class_list":["post-6877","page","type-page","status-publish","has-post-thumbnail","hentry"],"_links":{"self":[{"href":"https:\/\/groweriq.ca\/es\/wp-json\/wp\/v2\/pages\/6877","targetHints":{"allow":["GET"]}}],"collection":[{"href":"https:\/\/groweriq.ca\/es\/wp-json\/wp\/v2\/pages"}],"about":[{"href":"https:\/\/groweriq.ca\/es\/wp-json\/wp\/v2\/types\/page"}],"author":[{"embeddable":true,"href":"https:\/\/groweriq.ca\/es\/wp-json\/wp\/v2\/users\/2"}],"replies":[{"embeddable":true,"href":"https:\/\/groweriq.ca\/es\/wp-json\/wp\/v2\/comments?post=6877"}],"version-history":[{"count":4,"href":"https:\/\/groweriq.ca\/es\/wp-json\/wp\/v2\/pages\/6877\/revisions"}],"predecessor-version":[{"id":29675,"href":"https:\/\/groweriq.ca\/es\/wp-json\/wp\/v2\/pages\/6877\/revisions\/29675"}],"wp:featuredmedia":[{"embeddable":true,"href":"https:\/\/groweriq.ca\/es\/wp-json\/wp\/v2\/media\/4693"}],"wp:attachment":[{"href":"https:\/\/groweriq.ca\/es\/wp-json\/wp\/v2\/media?parent=6877"}],"wp:term":[{"taxonomy":"category","embeddable":true,"href":"https:\/\/groweriq.ca\/es\/wp-json\/wp\/v2\/categories?post=6877"},{"taxonomy":"post_tag","embeddable":true,"href":"https:\/\/groweriq.ca\/es\/wp-json\/wp\/v2\/tags?post=6877"}],"curies":[{"name":"wp","href":"https:\/\/api.w.org\/{rel}","templated":true}]}}