{"id":6860,"date":"2020-08-13T16:34:59","date_gmt":"2020-08-13T20:34:59","guid":{"rendered":"https:\/\/groweriq.ca\/plan-de-negocios-de-cannabis\/"},"modified":"2024-10-29T12:37:58","modified_gmt":"2024-10-29T16:37:58","slug":"plan-de-negocios-de-cannabis","status":"publish","type":"page","link":"https:\/\/groweriq.ca\/es\/plan-de-negocios-de-cannabis\/","title":{"rendered":"Plan de Negocios de Cannabis"},"content":{"rendered":"<div id=\"cs-content\" class=\"cs-content\"><\/div>\n","protected":false},"excerpt":{"rendered":"<p>\u00bfSu negocio florecer\u00e1 en un mercado en constante evoluci\u00f3n? El reciente Informe sobre el Cannabis de Deloitte proyecta que el tama\u00f1o del mercado recreativo canadiense vale hasta 4.300 millones de d\u00f3lares. Esto es muchas veces el tama\u00f1o del mercado actual.<\/p>\n","protected":false},"author":2,"featured_media":4658,"parent":0,"menu_order":0,"comment_status":"closed","ping_status":"closed","template":"","meta":{"_elementor_css":"","footnotes":""},"categories":[],"tags":[],"class_list":["post-6860","page","type-page","status-publish","has-post-thumbnail","hentry"],"_links":{"self":[{"href":"https:\/\/groweriq.ca\/es\/wp-json\/wp\/v2\/pages\/6860","targetHints":{"allow":["GET"]}}],"collection":[{"href":"https:\/\/groweriq.ca\/es\/wp-json\/wp\/v2\/pages"}],"about":[{"href":"https:\/\/groweriq.ca\/es\/wp-json\/wp\/v2\/types\/page"}],"author":[{"embeddable":true,"href":"https:\/\/groweriq.ca\/es\/wp-json\/wp\/v2\/users\/2"}],"replies":[{"embeddable":true,"href":"https:\/\/groweriq.ca\/es\/wp-json\/wp\/v2\/comments?post=6860"}],"version-history":[{"count":4,"href":"https:\/\/groweriq.ca\/es\/wp-json\/wp\/v2\/pages\/6860\/revisions"}],"predecessor-version":[{"id":29669,"href":"https:\/\/groweriq.ca\/es\/wp-json\/wp\/v2\/pages\/6860\/revisions\/29669"}],"wp:featuredmedia":[{"embeddable":true,"href":"https:\/\/groweriq.ca\/es\/wp-json\/wp\/v2\/media\/4658"}],"wp:attachment":[{"href":"https:\/\/groweriq.ca\/es\/wp-json\/wp\/v2\/media?parent=6860"}],"wp:term":[{"taxonomy":"category","embeddable":true,"href":"https:\/\/groweriq.ca\/es\/wp-json\/wp\/v2\/categories?post=6860"},{"taxonomy":"post_tag","embeddable":true,"href":"https:\/\/groweriq.ca\/es\/wp-json\/wp\/v2\/tags?post=6860"}],"curies":[{"name":"wp","href":"https:\/\/api.w.org\/{rel}","templated":true}]}}