{"id":6854,"date":"2020-08-12T14:16:33","date_gmt":"2020-08-12T18:16:33","guid":{"rendered":"https:\/\/groweriq.ca\/servicios-de-diseno-de-instalaciones\/"},"modified":"2025-03-27T11:58:15","modified_gmt":"2025-03-27T15:58:15","slug":"servicios-de-diseno-de-instalaciones","status":"publish","type":"page","link":"https:\/\/groweriq.ca\/es\/servicios-de-diseno-de-instalaciones\/","title":{"rendered":"Servicios de Dise\u00f1o de Instalaciones"},"content":{"rendered":"<div id=\"cs-content\" class=\"cs-content\"><\/div>\n","protected":false},"excerpt":{"rendered":"<p>\u00bfSu instalaci\u00f3n apoya sus procesos? El Master Grower (Experto Cultivador) de GrowerIQ, Shlomo Booklin, ha trabajado como Head Grower (Cultivador Principal) para algunas de las principales operaciones de cultivo de cannabis de Canad\u00e1, como Tilray y MedReleaf. Habiendo gestionado la producci\u00f3n de m\u00e1s de 100 millones de plantas,<\/p>\n","protected":false},"author":2,"featured_media":4635,"parent":0,"menu_order":0,"comment_status":"closed","ping_status":"closed","template":"","meta":{"_elementor_css":"","footnotes":""},"categories":[],"tags":[],"class_list":["post-6854","page","type-page","status-publish","has-post-thumbnail","hentry"],"_links":{"self":[{"href":"https:\/\/groweriq.ca\/es\/wp-json\/wp\/v2\/pages\/6854","targetHints":{"allow":["GET"]}}],"collection":[{"href":"https:\/\/groweriq.ca\/es\/wp-json\/wp\/v2\/pages"}],"about":[{"href":"https:\/\/groweriq.ca\/es\/wp-json\/wp\/v2\/types\/page"}],"author":[{"embeddable":true,"href":"https:\/\/groweriq.ca\/es\/wp-json\/wp\/v2\/users\/2"}],"replies":[{"embeddable":true,"href":"https:\/\/groweriq.ca\/es\/wp-json\/wp\/v2\/comments?post=6854"}],"version-history":[{"count":9,"href":"https:\/\/groweriq.ca\/es\/wp-json\/wp\/v2\/pages\/6854\/revisions"}],"predecessor-version":[{"id":29676,"href":"https:\/\/groweriq.ca\/es\/wp-json\/wp\/v2\/pages\/6854\/revisions\/29676"}],"wp:featuredmedia":[{"embeddable":true,"href":"https:\/\/groweriq.ca\/es\/wp-json\/wp\/v2\/media\/4635"}],"wp:attachment":[{"href":"https:\/\/groweriq.ca\/es\/wp-json\/wp\/v2\/media?parent=6854"}],"wp:term":[{"taxonomy":"category","embeddable":true,"href":"https:\/\/groweriq.ca\/es\/wp-json\/wp\/v2\/categories?post=6854"},{"taxonomy":"post_tag","embeddable":true,"href":"https:\/\/groweriq.ca\/es\/wp-json\/wp\/v2\/tags?post=6854"}],"curies":[{"name":"wp","href":"https:\/\/api.w.org\/{rel}","templated":true}]}}