{"id":27073,"date":"2024-05-09T16:12:27","date_gmt":"2024-05-09T20:12:27","guid":{"rendered":"https:\/\/groweriq.ca\/?page_id=27073"},"modified":"2025-03-27T16:04:02","modified_gmt":"2025-03-27T20:04:02","slug":"panacea-groweriq-juntos-por-el-crecimiento","status":"publish","type":"page","link":"https:\/\/groweriq.ca\/es\/client-case-studies\/panacea-groweriq-juntos-por-el-crecimiento\/","title":{"rendered":"Panacea &amp; GrowerIQ: Juntos por el Crecimiento"},"content":{"rendered":"\n<h2 class=\"subheader\">Panacea tuvo problemas con el ingreso de datos y errores humanos que afectaron la obtenci\u00f3n de los permisos y certificaciones correspondientes. Pero todo esto acab\u00f3 gracias a la tecnolog\u00eda GrowerIQ. A partir de entonces, Panacea tuvo un enorme crecimiento, con planes de obtener certificaciones internacionales.<\/h2>\n\n\n\n<p>Su objetivo principal es promover el desarrollo del mercado colombiano de cannabis y posicionarse en el mercado internacional con una materia prima org\u00e1nica con est\u00e1ndares de alta calidad y trazabilidad.<\/p>\n\n\n\n<p>Christian Cabrera y Laura Giraldo, cofundadores y gerentes de Panacea, nos llevan por un viaje a trav\u00e9s de los primeros a\u00f1os de la empresa dentro del a\u00fan naciente mercado colombiano de cannabis.<\/p>\n\n\n\n<p>Christian, cofundador y Gerente Comercial de Panacea, padeci\u00f3 desde muy joven una enfermedad dolorosa, pero por razones laborales, deb\u00eda someterse a chequeos m\u00e9dicos, por lo que el uso del cannabis no era una opci\u00f3n en ese momento. Su inquietud por los beneficios de la planta solo creci\u00f3 con el tiempo, llev\u00e1ndole a buscar m\u00e1s informaci\u00f3n sobre el producto y lo que esbozaba la legislaci\u00f3n colombiana en materia de cannabis.<\/p>\n\n\n\n<p>Junto a Laura Giraldo, una apasionada ingeniera con amplia experiencia en la ejecuci\u00f3n de procesos productivos eficientes y de alta calidad, y actual Gerente General de Panacea, comenzaron a dar los primeros pasos para establecer un emprendimiento para la producci\u00f3n de flor de cannabis.<\/p>\n\n\n\n<figure class=\"wp-block-image size-large is-resized x-image x-img x-img-thumbnail\"><img fetchpriority=\"high\" decoding=\"async\" width=\"2000\" height=\"1125\" src=\"https:\/\/groweriq.ca\/wp-content\/uploads\/2024\/05\/2-1-2000x1125.png\" alt=\"Panacea tuvo problemas con el ingreso de datos y errores humanos pero todo esto termin\u00f3 gracias a la tecnolog\u00eda GrowerIQ, Panacea tuvo un crecimiento enorme, con planes de obtener certificaciones internacionales.\" class=\"wp-image-27087\" style=\"width:840px;height:auto\" srcset=\"https:\/\/groweriq.ca\/wp-content\/uploads\/2024\/05\/2-1-2000x1125.png 2000w, https:\/\/groweriq.ca\/wp-content\/uploads\/2024\/05\/2-1-300x169.png 300w, https:\/\/groweriq.ca\/wp-content\/uploads\/2024\/05\/2-1-768x432.png 768w, https:\/\/groweriq.ca\/wp-content\/uploads\/2024\/05\/2-1-1536x864.png 1536w, https:\/\/groweriq.ca\/wp-content\/uploads\/2024\/05\/2-1-2048x1152.png 2048w, https:\/\/groweriq.ca\/wp-content\/uploads\/2024\/05\/2-1-100x56.png 100w, https:\/\/groweriq.ca\/wp-content\/uploads\/2024\/05\/2-1-870x489.png 870w, https:\/\/groweriq.ca\/wp-content\/uploads\/2024\/05\/2-1-1200x675.png 1200w\" sizes=\"(max-width: 2000px) 100vw, 2000px\" \/><figcaption class=\"wp-element-caption\">\u201cVenimos de una familia agricultora. Un d\u00eda con Laura nos sentamos a hablar del tema, nos enamoramos de esta industria y decidimos dejar todo atr\u00e1s y dedicarnos a esto\u201d<\/figcaption><\/figure>\n\n\n\n<h3 class=\"wp-block-heading\">Un Comienzo Dif\u00edcil<\/h3>\n\n\n\n<p>El comienzo estuvo lleno de tropiezos, ya que no hab\u00eda informaci\u00f3n espec\u00edfica sobre la industria del cannabis en Colombia, la cual estaba apenas en sus comienzos, y aquellos con experiencia en el sector, no est\u00e1n dispuestos a brindarles apoyo e informaci\u00f3n.<\/p>\n\n\n\n<blockquote class=\"wp-block-quote is-layout-flow wp-block-quote-is-layout-flow\">\n<p>\u201cLa gente en el mercado era muy cerrada, no quer\u00edan darnos informaci\u00f3n, tuvimos que comenzar desde cero, como eras competidor no te quer\u00edan ayudar en absolutamente nada\u201d<\/p>\n<\/blockquote>\n\n\n\n<p>Pese a no contar con ayuda, la experiencia de Christian en el \u00e1rea comercial y los conocimientos de Laura en producci\u00f3n y log\u00edstica, ambos consiguieron posicionar esta emergente empresa en el mercado nacional gracias a ofrecer un producto de flor seca, de calidad, de alta gen\u00e9tica, de buena trazabilidad que les permite tambi\u00e9n incursionar en el mercado internacional.<\/p>\n\n\n\n<h3 class=\"wp-block-heading\">Datos, Datos y m\u00e1s Datos<\/h3>\n\n\n\n<p>En un principio, los datos de la producci\u00f3n de la empresa se registraban en extensos formatos llenos de textos dif\u00edciles de entender, que eran almacenados en pilas y pilas de carpetas. Adem\u00e1s, exist\u00edan problemas con la entrada de datos y errores humanos que afectaban la obtenci\u00f3n de los permisos y certificaciones correspondientes. Pero todo esto termin\u00f3 gracias de la tecnolog\u00eda de GrowerIQ, de all\u00ed en adelante, Panacea tuvo un crecimiento enorme, con planes de obtener certificaciones internacionales.<\/p>\n\n\n\n<p>Los cofundadores vienen de dos industrias diferentes y ambos creen en la cultura organizacional, donde los datos correctos juegan un papel crucial en el proceso de toma de decisiones. Los datos proporcionados no solo ayudaron a entender al equipo de Panacea lo vital de cada proceso de producci\u00f3n, tambi\u00e9n ayudaron a que el equipo de GrowerIQ conociera cuales eran las necesidades de la empresa.<\/p>\n\n\n\n<figure class=\"wp-block-image size-full x-image x-img x-img-thumbnail\"><img decoding=\"async\" width=\"1600\" height=\"607\" src=\"https:\/\/groweriq.ca\/wp-content\/uploads\/2024\/05\/2abffe_27f0163010ae46838a07504146076b42mv2.webp\" alt=\"Panacea tuvo problemas con el ingreso de datos y errores humanos pero todo esto termin\u00f3 gracias a la tecnolog\u00eda GrowerIQ, Panacea tuvo un crecimiento enorme, con planes de obtener certificaciones internacionales.\" class=\"wp-image-27093\" srcset=\"https:\/\/groweriq.ca\/wp-content\/uploads\/2024\/05\/2abffe_27f0163010ae46838a07504146076b42mv2.webp 1600w, https:\/\/groweriq.ca\/wp-content\/uploads\/2024\/05\/2abffe_27f0163010ae46838a07504146076b42mv2-300x114.webp 300w, https:\/\/groweriq.ca\/wp-content\/uploads\/2024\/05\/2abffe_27f0163010ae46838a07504146076b42mv2-768x291.webp 768w, https:\/\/groweriq.ca\/wp-content\/uploads\/2024\/05\/2abffe_27f0163010ae46838a07504146076b42mv2-1536x583.webp 1536w, https:\/\/groweriq.ca\/wp-content\/uploads\/2024\/05\/2abffe_27f0163010ae46838a07504146076b42mv2-100x38.webp 100w, https:\/\/groweriq.ca\/wp-content\/uploads\/2024\/05\/2abffe_27f0163010ae46838a07504146076b42mv2-870x330.webp 870w, https:\/\/groweriq.ca\/wp-content\/uploads\/2024\/05\/2abffe_27f0163010ae46838a07504146076b42mv2-1200x455.webp 1200w\" sizes=\"(max-width: 1600px) 100vw, 1600px\" \/><figcaption class=\"wp-element-caption\">\u201c\u2026antes dedic\u00e1bamos mucho tiempo en recopilar todo tipo de datos que luego se sub\u00edan en la nube, solo para darnos cuenta de que la informaci\u00f3n registrada no era relevante\u201d<\/figcaption><\/figure>\n\n\n\n<h3 class=\"wp-block-heading\">Tecnolog\u00eda al Servicio del Productor<\/h3>\n\n\n\n<p>El equipo de Panacea siempre pens\u00f3 que el uso de la tecnolog\u00eda era una pieza clave para el crecimiento de cualquier empresa moderna.<\/p>\n\n\n\n<p>Con el software de GrowerIQ, el equipo de la empresa pudo entender por completo el paso a paso del proceso de producci\u00f3n e identificar los puntos cr\u00edticos que necesitaban mejora, y as\u00ed obtener un producto de la m\u00e1s alta calidad.<\/p>\n\n\n\n<blockquote class=\"wp-block-quote is-layout-flow wp-block-quote-is-layout-flow\">\n<p>\u201cSolo con la tecnolog\u00eda se ha podido entender cada parte del proceso, cada variable, cada aspecto agron\u00f3mico, lo que nos ha ayudado a replantear y hacer el an\u00e1lisis y las evaluaciones necesarias para plantear nuevas estrategias que se enfrenten a los desaf\u00edos de la industria y de la propia producci\u00f3n.\u201d<\/p>\n<cite>Christian, cofundador y Gerente Comercial de Panacea<\/cite><\/blockquote>\n\n\n\n<p>Otro de los aspectos por los cuales Panacea eligi\u00f3 a GrowerIQ, aparte de lo amigable del software, fue el factor humano y de acompa\u00f1amiento continuo. El acompa\u00f1amiento del equipo de GrowerIQ y su comprensi\u00f3n del proceso de producci\u00f3n han tra\u00eddo beneficios econ\u00f3micos y una ventaja competitiva en distintos mercados.<\/p>\n\n\n\n<blockquote class=\"wp-block-quote is-layout-flow wp-block-quote-is-layout-flow\">\n<p>\u201cCon el uso de la tecnolog\u00eda, Panacea ha podido bajar los costos de producci\u00f3n en un 21% con respecto al a\u00f1o anterior\u201d<\/p>\n<\/blockquote>\n\n\n\n<p>Christian y Laura tienen claro que para lograr un posicionamiento en el mercado del cannabis tanto nacional como internacional, as\u00ed como tambi\u00e9n ofrecer flor seca de la m\u00e1s alta calidad, requiere de alianzas estrat\u00e9gicas que permitan alcanzar los objetivos comerciales de la empresa, como es el caso de la colaboraci\u00f3n de Panacea y GrowerIQ.<\/p>\n\n\n\n<p>\u201cCon el software de GrowerIQ, est\u00e1s hablando con un socio que se encuentra en 14 pa\u00edses y que entendiendo los requerimientos de cada uno de esos pa\u00edses, lo que representa un valor agregado que proporciona beneficios tanto a nivel de producci\u00f3n como a nivel comercial.<\/p>\n\n\n\n<h3>M\u00e1s Informaci\u00f3n<\/h3>\n\n<p>El software de trazabilidad de GrowerIQ es la forma perfecta de iniciarse en la industria del cannabis. Gracias a su interfaz f\u00e1cil de usar y a sus numerosas y completas funciones, podr\u00e1s dejar tu huella en el sector en un abrir y cerrar de ojos.<\/p>\n\n\n\n<a class=\"x-btn\" href=\"https:\/\/groweriq.ca\/software\/cannabis-software\/\" style=\"outline: none; max-width: fit-content;\">M\u00e1s informaci\u00f3n sobre el software de Trazabilidad de Semilla a la Venta<\/a><p><\/p>\n\n\n<div class=\"cs-content x-global-block x-global-block-4174 e4174-e0\"><div class=\"x-section e4174-e2 m37y-0 m37y-1\"><div class=\"x-row x-container max width e4174-e3 m37y-3 m37y-4\"><div class=\"x-row-inner\"><div class=\"x-col e4174-e4 m37y-5\"><hr class=\"x-line e4174-e5 m37y-6\"\/><div class=\"x-text x-text-headline e4174-e6 m37y-7 m37y-8\"><div class=\"x-text-content\"><div class=\"x-text-content-text\"><h2 class=\"x-text-content-text-primary\">Recommended For You<\/h2>\n<\/div><\/div><\/div><div  class=\"x-recent-posts cf horizontal\"  data-x-element=\"recent_posts\" data-x-params=\"{&quot;fade&quot;:false}\" data-fade=\"false\" ><a class=\"x-recent-post3 with-image\" href=\"https:\/\/groweriq.ca\/es\/2024\/08\/27\/como-obtener-licencia-de-cannabis-en-malta\/\" title=\"Permalink to: &quot;C\u00f3mo Obtener Licencia de Cannabis en Malta&quot;\"><article id=\"post-30396\" class=\"post-30396 post type-post status-publish format-standard has-post-thumbnail hentry category-club-social-de-cannabis category-malta-es category-trazabilidad\"><div class=\"entry-wrap\"><div class=\"x-recent-posts-img\" style=\"background-image: url(https:\/\/groweriq.ca\/wp-content\/uploads\/2024\/04\/How-to-Get-a-Cannabis-License-in-Malta.jpeg);\"><i class='x-framework-icon x-recent-posts-icon' data-x-icon-s='&#xf15c;' aria-hidden=true><\/i><\/div><div class=\"x-recent-posts-content\"><h3 class=\"h-recent-posts\">C\u00f3mo Obtener Licencia de Cannabis en Malta<\/h3><span class=\"x-recent-posts-date\">27 de agosto de 2024<\/span><\/div><\/div><\/article><\/a><a class=\"x-recent-post3 with-image\" href=\"https:\/\/groweriq.ca\/es\/2024\/03\/11\/estadisticas-de-la-industria-del-cannabis-en-2024-hechos-y-estadisticas-sobre-la-industria-del-cannabis\/\" title=\"Permalink to: &quot;Estad\u00edsticas de la Industria del Cannabis en 2024: Hechos y estad\u00edsticas sobre la industria del cannabis&quot;\"><article id=\"post-25593\" class=\"post-25593 post type-post status-publish format-standard has-post-thumbnail hentry category-canada-es tag-industria-del-cannabis tag-negocio-de-cannabis\"><div class=\"entry-wrap\"><div class=\"x-recent-posts-img\" style=\"background-image: url(https:\/\/groweriq.ca\/wp-content\/uploads\/2019\/06\/HealthLicense3-930x520.png);\"><i class='x-framework-icon x-recent-posts-icon' data-x-icon-s='&#xf15c;' aria-hidden=true><\/i><\/div><div class=\"x-recent-posts-content\"><h3 class=\"h-recent-posts\">Estad\u00edsticas de la Industria del Cannabis en 2024: Hechos y estad\u00edsticas sobre la industria del cannabis<\/h3><span class=\"x-recent-posts-date\">11 de marzo de 2024<\/span><\/div><\/div><\/article><\/a><a class=\"x-recent-post3 with-image\" href=\"https:\/\/groweriq.ca\/es\/2024\/03\/04\/crm-semilla-a-venta-cuales-son-las-principales-funciones-a-considerar\/\" title=\"Permalink to: &quot;CRM Semilla a Venta: Cu\u00e1les son las principales funciones a considerar&quot;\"><article id=\"post-25553\" class=\"post-25553 post type-post status-publish format-standard has-post-thumbnail hentry category-trazabilidad tag-industria-del-cannabis tag-maestro-cultivador tag-negocio-de-cannabis\"><div class=\"entry-wrap\"><div class=\"x-recent-posts-img\" style=\"background-image: url(https:\/\/groweriq.ca\/wp-content\/uploads\/2020\/01\/SOP-02-opt-870x520.jpg);\"><i class='x-framework-icon x-recent-posts-icon' data-x-icon-s='&#xf15c;' aria-hidden=true><\/i><\/div><div class=\"x-recent-posts-content\"><h3 class=\"h-recent-posts\">CRM Semilla a Venta: Cu\u00e1les son las principales funciones a considerar<\/h3><span class=\"x-recent-posts-date\">4 de marzo de 2024<\/span><\/div><\/div><\/article><\/a><\/div><\/div><\/div><\/div><\/div><div class=\"x-section e4174-e8 m37y-1 m37y-2\"><div class=\"x-container max width e4174-e9 m37y-a\"><div class=\"x-column x-sm x-1-2 e4174-e10 m37y-b\"><div class=\"x-text x-text-headline e4174-e11 m37y-8 m37y-9\"><div class=\"x-text-content\"><div class=\"x-text-content-text\"><h2 class=\"x-text-content-text-primary\"><span>About GrowerIQ<\/span><\/h2>\n<\/div><\/div><\/div><div class=\"x-content-area e4174-e12 m37y-c\">GrowerIQ is a complete cannabis production management platform. Ours is the first platform to integrate your facility systems, including sensors, building controls, QMS, and ERP, into a single simplified interface.\n<br\/><br\/>\n\nGrowerIQ is changing the way producers use software - transforming a regulatory requirement into a robust platform to learn, analyze, and improve performance. \n<br\/><br\/>\n\nTo find out more about GrowerIQ and how we can help, fill out the form to the right, start a chat, or <a class=\"link\" href=\"\/contact-us\/\">contact us<\/a>.<\/div><\/div><div class=\"x-column x-sm x-1-2 e4174-e13 m37y-b\"><div class=\"x-content-area x-hide-sm x-hide-xs e4174-e14 m37y-c\"><h2 style=\"color: white !important;\">Start today.<\/h2>\n<p style=\"color: white !important;\">Let us know how to reach you, and we'll get in touch to discuss your project.<\/p>\n<div class=\"salesforce_w2l_lead sf_one_column\"><form id=\"sf_form_salesforce_w2l_lead_4\" class=\"w2llead placeholders\" method=\"post\" action=\"#sf_form_salesforce_w2l_lead_4\"><div class=\"sf_field sf_field_first_name sf_type_text\">\t<input type=\"text\" placeholder=\"Name *\" value=\"\" id=\"sf_first_name\" class=\"w2linput text\" name=\"first_name\"  \/><div class=\"clearfix\"><\/div><\/div><div class=\"sf_field sf_field_email sf_type_text\">\t<input type=\"text\" placeholder=\"Email *\" value=\"\" id=\"sf_email\" class=\"w2linput text\" name=\"email\"  \/><div class=\"clearfix\"><\/div><\/div><div class=\"sf_field sf_field_description sf_type_textarea\">\t\t<textarea id=\"sf_description\" class=\"w2linput textarea\" name=\"description\" placeholder=\"Message\"><\/textarea><div class=\"clearfix\"><\/div><\/div>\t\t<input type=\"hidden\" id=\"sf_GCLID__c\" class=\"w2linput hidden\" name=\"GCLID__c\" value=\"\" \/>\t\t<input type=\"hidden\" id=\"sf_Utm_campaign__c\" class=\"w2linput hidden\" name=\"Utm_campaign__c\" value=\"\" \/>\t\t<input type=\"hidden\" id=\"sf_Utm_content__c\" class=\"w2linput hidden\" name=\"Utm_content__c\" value=\"\" \/>\t\t<input type=\"hidden\" id=\"sf_Utm_medium__c\" class=\"w2linput hidden\" name=\"Utm_medium__c\" value=\"\" \/>\t\t<input type=\"hidden\" id=\"sf_Utm_source__c\" class=\"w2linput hidden\" name=\"Utm_source__c\" value=\"\" \/>\t\t<input type=\"hidden\" id=\"sf_Utm_term__c\" class=\"w2linput hidden\" name=\"Utm_term__c\" value=\"\" \/>\t\t<input type=\"hidden\" id=\"sf_Referral_url__c\" class=\"w2linput hidden\" name=\"Referral_url__c\" value=\"\" \/>\t<input type=\"text\" name=\"message\" class=\"w2linput\" value=\"\" style=\"display: none;\" \/>\t<input type=\"hidden\" name=\"form_id\" class=\"w2linput\" value=\"4\" \/>\t<div class=\"w2lsubmit\"><input type=\"submit\" name=\"w2lsubmit\" class=\"w2linput submit\" value=\"Get Started\" \/><\/div><\/form><\/div>\n\n<p style=\"color: white !important; font-size: 9px !important; line-height: 15px !important;\">GrowerIQ does not share, sell, rent, or trade personally identifiable information with third parties for promotional purposes. <a href=\"\/privacy-policy\/\" style=\"color: white !important; text-decoration: underline !important;\">Privacy Policy<\/a><\/p><\/div><\/div><\/div><\/div><\/div>\n","protected":false},"excerpt":{"rendered":"<p>Panacea tuvo problemas con el ingreso de datos y errores humanos pero todo esto termin\u00f3 gracias a la tecnolog\u00eda GrowerIQ, Panacea tuvo un crecimiento enorme, con planes de obtener certificaciones internacionales.<\/p>\n","protected":false},"author":29,"featured_media":27541,"parent":7010,"menu_order":0,"comment_status":"closed","ping_status":"closed","template":"","meta":{"_elementor_css":"","footnotes":""},"categories":[600,443,441,453,452,328,323,444,361],"tags":[387,378,325,824,1002,1256,370,1003,1004,949,366,609],"class_list":["post-27073","page","type-page","status-publish","has-post-thumbnail","hentry","category-analitica","category-caso-practico","category-groweriq-trazabilidad","category-internacional","category-noticias-del-sector","category-plan-de-negocios-de-cannabis","category-productor-con-licencia","category-testimonio","category-trazabilidad","tag-consultoria-de-cannabis","tag-industria-del-cannabis","tag-plan-de-negocios-de-cannabis","tag-software-de-cannabis","tag-software-de-gestion-empresarial-del-cannabis","tag-software-de-seguimiento-de-cannabis","tag-software-de-trazabilidad","tag-software-para-cadena-de-suministro-de-cannabis","tag-software-para-cultivo-de-cannabis","tag-tecnologia-del-cannabis","tag-trazabilidad","tag-venta-de-semillas-de-cannabis"],"_links":{"self":[{"href":"https:\/\/groweriq.ca\/es\/wp-json\/wp\/v2\/pages\/27073","targetHints":{"allow":["GET"]}}],"collection":[{"href":"https:\/\/groweriq.ca\/es\/wp-json\/wp\/v2\/pages"}],"about":[{"href":"https:\/\/groweriq.ca\/es\/wp-json\/wp\/v2\/types\/page"}],"author":[{"embeddable":true,"href":"https:\/\/groweriq.ca\/es\/wp-json\/wp\/v2\/users\/29"}],"replies":[{"embeddable":true,"href":"https:\/\/groweriq.ca\/es\/wp-json\/wp\/v2\/comments?post=27073"}],"version-history":[{"count":4,"href":"https:\/\/groweriq.ca\/es\/wp-json\/wp\/v2\/pages\/27073\/revisions"}],"predecessor-version":[{"id":27548,"href":"https:\/\/groweriq.ca\/es\/wp-json\/wp\/v2\/pages\/27073\/revisions\/27548"}],"up":[{"embeddable":true,"href":"https:\/\/groweriq.ca\/es\/wp-json\/wp\/v2\/pages\/7010"}],"wp:featuredmedia":[{"embeddable":true,"href":"https:\/\/groweriq.ca\/es\/wp-json\/wp\/v2\/media\/27541"}],"wp:attachment":[{"href":"https:\/\/groweriq.ca\/es\/wp-json\/wp\/v2\/media?parent=27073"}],"wp:term":[{"taxonomy":"category","embeddable":true,"href":"https:\/\/groweriq.ca\/es\/wp-json\/wp\/v2\/categories?post=27073"},{"taxonomy":"post_tag","embeddable":true,"href":"https:\/\/groweriq.ca\/es\/wp-json\/wp\/v2\/tags?post=27073"}],"curies":[{"name":"wp","href":"https:\/\/api.w.org\/{rel}","templated":true}]}}