{"id":16514,"date":"2023-01-24T17:22:27","date_gmt":"2023-01-24T22:22:27","guid":{"rendered":"https:\/\/groweriq.ca\/its-never-2-l8-para-socios-de-maxima-calidad\/"},"modified":"2025-07-20T22:03:25","modified_gmt":"2025-07-21T02:03:25","slug":"its-never-2-l8-para-socios-de-maxima-calidad","status":"publish","type":"page","link":"https:\/\/groweriq.ca\/es\/its-never-2-l8-para-socios-de-maxima-calidad\/","title":{"rendered":"\u00abIT&#8217;S NEVER 2 L8\u00bb para Socios de M\u00e1xima Calidad"},"content":{"rendered":"\n<h2 class=\"wp-block-heading\">It&#8217;s Never 2 L8, una empresa l\u00edder de cannabis con sede en Suiza, necesitaba poder hacer un seguimiento de sus productos desde la semilla hasta la venta, pero sin un sistema unificado de registro corr\u00eda el riesgo de incumplir la normativa y perder tiempo y dinero debido a la ineficacia.<\/h2>\n\n<h3 class=\"wp-block-heading\">Acerca de It&#8217;s Never 2 L8 Cannabis<\/h3>\n\n<p>Antes de empezar con este post, queremos asegurarnos de que se ha enterado de nuestro <a href=\"https:\/\/groweriq.ca\/2019\/04\/05\/groweriq-is-more-than-seed-to-sale-software\/\" target=\"_blank\" rel=\"noreferrer noopener\"><strong>software de cultivo de cannabis<\/strong><\/a>. Si a\u00fan no lo ha hecho, le recomendamos que consulte el enlace antes de seguir leyendo este art\u00edculo.<\/p>\n\n<p>It&#8217;s Never 2 L8, una empresa de cannabis que se enorgullece de sus rigurosas normas de control de calidad y de sus productos de alta calidad, ha estado buscando una plataforma de software que le ayude a cumplir la normativa en constante cambio. La empresa quer\u00eda un software dise\u00f1ado espec\u00edficamente para sus instalaciones de cultivo interior de 2 150 pies cuadrados, con una interfaz de usuario intuitiva y un servicio de atenci\u00f3n al cliente receptivo. Tambi\u00e9n necesitaban una plataforma en varios idiomas para facilitar su uso a su equipo internacional.<\/p>\n\n<figure class=\"wp-block-image size-large x-image x-img x-img-thumbnail\"><img fetchpriority=\"high\" decoding=\"async\" width=\"2000\" height=\"1125\" src=\"https:\/\/groweriq.ca\/wp-content\/uploads\/2022\/10\/6-1-2000x1125.png\" alt=\"GrowerIQ, una soluci&#xF3;n anal&#xED;tica para el cannabis desarrollada de acuerdo con las normas GMP de la UE, es la elecci&#xF3;n perfecta para los cultivadores que se esfuerzan por crear productos seguros y de calidad.\" class=\"wp-image-14223\"\/ style=\"aspect-ratio:16\/9;object-fit:cover\" srcset=\"https:\/\/groweriq.ca\/wp-content\/uploads\/2022\/10\/6-1-2000x1125.png 2000w, https:\/\/groweriq.ca\/wp-content\/uploads\/2022\/10\/6-1-300x169.png 300w, https:\/\/groweriq.ca\/wp-content\/uploads\/2022\/10\/6-1-768x432.png 768w, https:\/\/groweriq.ca\/wp-content\/uploads\/2022\/10\/6-1-1536x864.png 1536w, https:\/\/groweriq.ca\/wp-content\/uploads\/2022\/10\/6-1-2048x1152.png 2048w, https:\/\/groweriq.ca\/wp-content\/uploads\/2022\/10\/6-1-100x56.png 100w, https:\/\/groweriq.ca\/wp-content\/uploads\/2022\/10\/6-1-870x489.png 870w, https:\/\/groweriq.ca\/wp-content\/uploads\/2022\/10\/6-1-1200x675.png 1200w\" sizes=\"(max-width: 2000px) 100vw, 2000px\" \/><figcaption class=\"wp-element-caption\">GrowerIQ, una soluci\u00f3n de an\u00e1lisis del cannabis desarrollada de acuerdo con las normas GMP de la UE, es la elecci\u00f3n perfecta para It&#8217;s Never 2 L8, la empresa suiza de cannabis que se esfuerza por crear productos seguros y de calidad.<\/figcaption><\/figure>\n<h3 class=\"wp-block-heading\">Por Qu\u00e9 Eligieron GrowerIQ<\/h3>\n\n<p>It&#8217;s Never 2 L8 eligi\u00f3 GrowerIQ desarrollado de acuerdo con las normas GMP de la UE, por lo que es la soluci\u00f3n perfecta para los productores de cannabis que se preocupan por la calidad y seguridad del producto. Esto significa que el programa cumple estrictas directrices para mantener un alto nivel de seguridad, control de calidad y trazabilidad en todas las fases de crecimiento, desde la fase de pl\u00e1ntula hasta la cosecha. Como GrowerIQ es el \u00fanico software ERP para cannabis que cumple estas normas, se sintieron c\u00f3modos al elegirlo como plataforma. <\/p>\n\n<blockquote class=\"wp-block-quote is-layout-flow wp-block-quote-is-layout-flow\">\n<p>\u00abEl equipo de GrowerIQ tambi\u00e9n es muy receptivo y conocedor de la industria del cannabis. Esto les convirti\u00f3 en el socio perfecto para las necesidades de It&#8217;s Never 2 L8. Gracias a GrowerIQ, ahora podemos hacer un seguimiento sencillo de nuestros productos de cannabis desde la semilla hasta la venta, y asegurarnos de que cumplen todos los est\u00e1ndares de calidad.\u00bb<\/p>\n<cite>Jonas D., Fundador, It\u2019s Never 2 L8 Cannabis<\/cite><\/blockquote>\n\n<p>El equipo de GrowerIQ est\u00e1 aqu\u00ed para ayudarle a alcanzar los est\u00e1ndares de calidad adecuados en lo que se refiere a sus productos, y eso significa reducir riesgos y cumplir las estrictas normativas, garantizando al mismo tiempo el cumplimiento de las mejores pr\u00e1cticas. Estamos orgullosos de asociarnos con una empresa como It&#8217;s Never 2 L8, y nos complace darles la bienvenida como nuevos clientes.<\/p>\n\n<p>Ahora que casi ha terminado de leer este post, queremos asegurarnos de que contin\u00fae su viaje de aprendizaje (que, como hemos mencionado antes, \u00a1nunca deber\u00eda terminar!) despu\u00e9s de este post. He aqu\u00ed algunas historias de asociaci\u00f3n con GrowerIQ que creemos que le encantar\u00e1n: <a href=\"https:\/\/groweriq.ca\/client-case-studies\/irie-craft-cannabis\/\" target=\"_blank\" rel=\"noreferrer noopener\"><strong>Irie Craft Cannabis<\/strong><\/a>, <a href=\"https:\/\/groweriq.ca\/es\/caso-practico-de-germanabis-superacion-de-la-adversidad-presupuestaria\/\" target=\"_blank\" rel=\"noreferrer noopener\"><strong>Germanabis GrowerIQ Case Study<\/strong><\/a>, <a href=\"https:\/\/groweriq.ca\/es\/master-grower-case-study-modernizacion-de-la-experiencia-creciente\/\" target=\"_blank\" rel=\"noreferrer noopener\"><strong>Master Grower Case Study<\/strong><\/a>, <a href=\"https:\/\/groweriq.ca\/2021\/07\/16\/groweriq-announces-partnership-with-portuguese-lab-lef-infosaude\/\" target=\"_blank\" rel=\"noreferrer noopener\"><strong>GrowerIQ Partnership LEF<\/strong><\/a>, <a href=\"https:\/\/groweriq.ca\/client-case-studies\/309lab-tightening-the-nuts-and-bolts\/\" target=\"_blank\" rel=\"noreferrer noopener\"><strong>309Lab: Tightening the Nuts and Bolts<\/strong><\/a>, <a href=\"https:\/\/groweriq.ca\/partnerships\/groweriq-cann-grow-rich\/\" target=\"_blank\" rel=\"noreferrer noopener\"><strong>Cann Grow Rich<\/strong><\/a>, <a href=\"https:\/\/groweriq.ca\/partnerships\/lef-lab-infosaude-portugal\/\" target=\"_blank\" rel=\"noreferrer noopener\"><strong>LEF Infosa\u00fade Lab<\/strong><\/a>, <a href=\"https:\/\/groweriq.ca\/es\/2020\/10\/21\/groweriq-anuncia-su-colaboracion-con-la-universidad-dalhousie\/\" target=\"_blank\" rel=\"noreferrer noopener\"><strong>Dalhousie Cannabis Course<\/strong><\/a>, <a href=\"https:\/\/groweriq.ca\/es\/grunelabs-el-seguimiento-de-los-ciclos-de-vida-de-las-plantas-es-facil\/\" target=\"_blank\" rel=\"noreferrer noopener\"><strong>Gr\u00fcneLabs<\/strong><\/a>, <a href=\"https:\/\/groweriq.ca\/es\/medcann-confia-en-los-expertos-de-groweriq\/\" target=\"_blank\" rel=\"noreferrer noopener\"><strong>Medcann<\/strong><\/a>, <a href=\"https:\/\/groweriq.ca\/es\/como-meditative-greens-confio-en-los-expertos-de-la-industria-del-cannabis-en-groweriq\/\" target=\"_blank\" rel=\"noreferrer noopener\"><strong>Meditative Greens<\/strong><\/a>, y <a href=\"https:\/\/groweriq.ca\/es\/master-plant-holdings-navigating-new-jurisdictions\/\" target=\"_blank\" rel=\"noreferrer noopener\"><strong>Master Plant<\/strong><\/a>.<\/p>\n\n<h3 class=\"wp-block-heading\">M\u00e1s Informaci\u00f3n<\/h3>\n\n<p>El software de trazabilidad de GrowerIQ es la forma perfecta de iniciarse en la industria del cannabis. Gracias a su interfaz f\u00e1cil de usar y a sus numerosas y completas funciones, podr\u00e1s dejar tu huella en el sector en un abrir y cerrar de ojos. <\/p>\n\n<a class=\"x-btn\" href=\"https:\/\/groweriq.ca\/software\/cannabis-software\/\" style=\"outline: none; max-width: fit-content;\"><strong>M\u00e1s informaci\u00f3n sobre el software de Trazabilidad de Semilla a la Venta<\/strong><\/a><p><\/p>\n<div class=\"cs-content x-global-block x-global-block-4174 e4174-e0\"><div class=\"x-section e4174-e2 m37y-0 m37y-1\"><div class=\"x-row x-container max width e4174-e3 m37y-3 m37y-4\"><div class=\"x-row-inner\"><div class=\"x-col e4174-e4 m37y-5\"><hr class=\"x-line e4174-e5 m37y-6\"\/><div class=\"x-text x-text-headline e4174-e6 m37y-7 m37y-8\"><div class=\"x-text-content\"><div class=\"x-text-content-text\"><h2 class=\"x-text-content-text-primary\">Recommended For You<\/h2>\n<\/div><\/div><\/div><div  class=\"x-recent-posts cf horizontal\"  data-x-element=\"recent_posts\" data-x-params=\"{&quot;fade&quot;:false}\" data-fade=\"false\" ><a class=\"x-recent-post3 with-image\" href=\"https:\/\/groweriq.ca\/es\/2024\/08\/27\/como-obtener-licencia-de-cannabis-en-malta\/\" title=\"Permalink to: &quot;C\u00f3mo Obtener Licencia de Cannabis en Malta&quot;\"><article id=\"post-30396\" class=\"post-30396 post type-post status-publish format-standard has-post-thumbnail hentry category-club-social-de-cannabis category-malta-es category-trazabilidad\"><div class=\"entry-wrap\"><div class=\"x-recent-posts-img\" style=\"background-image: url(https:\/\/groweriq.ca\/wp-content\/uploads\/2024\/04\/How-to-Get-a-Cannabis-License-in-Malta.jpeg);\"><i class='x-framework-icon x-recent-posts-icon' data-x-icon-s='&#xf15c;' aria-hidden=true><\/i><\/div><div class=\"x-recent-posts-content\"><h3 class=\"h-recent-posts\">C\u00f3mo Obtener Licencia de Cannabis en Malta<\/h3><span class=\"x-recent-posts-date\">27 de agosto de 2024<\/span><\/div><\/div><\/article><\/a><a class=\"x-recent-post3 with-image\" href=\"https:\/\/groweriq.ca\/es\/2024\/03\/11\/estadisticas-de-la-industria-del-cannabis-en-2024-hechos-y-estadisticas-sobre-la-industria-del-cannabis\/\" title=\"Permalink to: &quot;Estad\u00edsticas de la Industria del Cannabis en 2024: Hechos y estad\u00edsticas sobre la industria del cannabis&quot;\"><article id=\"post-25593\" class=\"post-25593 post type-post status-publish format-standard has-post-thumbnail hentry category-canada-es tag-industria-del-cannabis tag-negocio-de-cannabis\"><div class=\"entry-wrap\"><div class=\"x-recent-posts-img\" style=\"background-image: url(https:\/\/groweriq.ca\/wp-content\/uploads\/2019\/06\/HealthLicense3-930x520.png);\"><i class='x-framework-icon x-recent-posts-icon' data-x-icon-s='&#xf15c;' aria-hidden=true><\/i><\/div><div class=\"x-recent-posts-content\"><h3 class=\"h-recent-posts\">Estad\u00edsticas de la Industria del Cannabis en 2024: Hechos y estad\u00edsticas sobre la industria del cannabis<\/h3><span class=\"x-recent-posts-date\">11 de marzo de 2024<\/span><\/div><\/div><\/article><\/a><a class=\"x-recent-post3 with-image\" href=\"https:\/\/groweriq.ca\/es\/2024\/03\/04\/crm-semilla-a-venta-cuales-son-las-principales-funciones-a-considerar\/\" title=\"Permalink to: &quot;CRM Semilla a Venta: Cu\u00e1les son las principales funciones a considerar&quot;\"><article id=\"post-25553\" class=\"post-25553 post type-post status-publish format-standard has-post-thumbnail hentry category-trazabilidad tag-industria-del-cannabis tag-maestro-cultivador tag-negocio-de-cannabis\"><div class=\"entry-wrap\"><div class=\"x-recent-posts-img\" style=\"background-image: url(https:\/\/groweriq.ca\/wp-content\/uploads\/2020\/01\/SOP-02-opt-870x520.jpg);\"><i class='x-framework-icon x-recent-posts-icon' data-x-icon-s='&#xf15c;' aria-hidden=true><\/i><\/div><div class=\"x-recent-posts-content\"><h3 class=\"h-recent-posts\">CRM Semilla a Venta: Cu\u00e1les son las principales funciones a considerar<\/h3><span class=\"x-recent-posts-date\">4 de marzo de 2024<\/span><\/div><\/div><\/article><\/a><\/div><\/div><\/div><\/div><\/div><div class=\"x-section e4174-e8 m37y-1 m37y-2\"><div class=\"x-container max width e4174-e9 m37y-a\"><div class=\"x-column x-sm x-1-2 e4174-e10 m37y-b\"><div class=\"x-text x-text-headline e4174-e11 m37y-8 m37y-9\"><div class=\"x-text-content\"><div class=\"x-text-content-text\"><h2 class=\"x-text-content-text-primary\"><span>About GrowerIQ<\/span><\/h2>\n<\/div><\/div><\/div><div class=\"x-content-area e4174-e12 m37y-c\">GrowerIQ is a complete cannabis production management platform. Ours is the first platform to integrate your facility systems, including sensors, building controls, QMS, and ERP, into a single simplified interface.\n<br\/><br\/>\n\nGrowerIQ is changing the way producers use software - transforming a regulatory requirement into a robust platform to learn, analyze, and improve performance. \n<br\/><br\/>\n\nTo find out more about GrowerIQ and how we can help, fill out the form to the right, start a chat, or <a class=\"link\" href=\"\/contact-us\/\">contact us<\/a>.<\/div><\/div><div class=\"x-column x-sm x-1-2 e4174-e13 m37y-b\"><div class=\"x-content-area x-hide-sm x-hide-xs e4174-e14 m37y-c\"><h2 style=\"color: white !important;\">Start today.<\/h2>\n<p style=\"color: white !important;\">Let us know how to reach you, and we'll get in touch to discuss your project.<\/p>\n<div class=\"salesforce_w2l_lead sf_one_column\"><form id=\"sf_form_salesforce_w2l_lead_4\" class=\"w2llead placeholders\" method=\"post\" action=\"#sf_form_salesforce_w2l_lead_4\"><div class=\"sf_field sf_field_first_name sf_type_text\">\t<input type=\"text\" placeholder=\"Name *\" value=\"\" id=\"sf_first_name\" class=\"w2linput text\" name=\"first_name\"  \/><div class=\"clearfix\"><\/div><\/div><div class=\"sf_field sf_field_email sf_type_text\">\t<input type=\"text\" placeholder=\"Email *\" value=\"\" id=\"sf_email\" class=\"w2linput text\" name=\"email\"  \/><div class=\"clearfix\"><\/div><\/div><div class=\"sf_field sf_field_description sf_type_textarea\">\t\t<textarea id=\"sf_description\" class=\"w2linput textarea\" name=\"description\" placeholder=\"Message\"><\/textarea><div class=\"clearfix\"><\/div><\/div>\t\t<input type=\"hidden\" id=\"sf_GCLID__c\" class=\"w2linput hidden\" name=\"GCLID__c\" value=\"\" \/>\t\t<input type=\"hidden\" id=\"sf_Utm_campaign__c\" class=\"w2linput hidden\" name=\"Utm_campaign__c\" value=\"\" \/>\t\t<input type=\"hidden\" id=\"sf_Utm_content__c\" class=\"w2linput hidden\" name=\"Utm_content__c\" value=\"\" \/>\t\t<input type=\"hidden\" id=\"sf_Utm_medium__c\" class=\"w2linput hidden\" name=\"Utm_medium__c\" value=\"\" \/>\t\t<input type=\"hidden\" id=\"sf_Utm_source__c\" class=\"w2linput hidden\" name=\"Utm_source__c\" value=\"\" \/>\t\t<input type=\"hidden\" id=\"sf_Utm_term__c\" class=\"w2linput hidden\" name=\"Utm_term__c\" value=\"\" \/>\t\t<input type=\"hidden\" id=\"sf_Referral_url__c\" class=\"w2linput hidden\" name=\"Referral_url__c\" value=\"\" \/>\t<input type=\"text\" name=\"message\" class=\"w2linput\" value=\"\" style=\"display: none;\" \/>\t<input type=\"hidden\" name=\"form_id\" class=\"w2linput\" value=\"4\" \/>\t<div class=\"w2lsubmit\"><input type=\"submit\" name=\"w2lsubmit\" class=\"w2linput submit\" value=\"Get Started\" \/><\/div><\/form><\/div>\n\n<p style=\"color: white !important; font-size: 9px !important; line-height: 15px !important;\">GrowerIQ does not share, sell, rent, or trade personally identifiable information with third parties for promotional purposes. <a href=\"\/privacy-policy\/\" style=\"color: white !important; text-decoration: underline !important;\">Privacy Policy<\/a><\/p><\/div><\/div><\/div><\/div><\/div>\n\n","protected":false},"excerpt":{"rendered":"<p>GrowerIQ es la elecci\u00f3n perfecta para It&#8217;s Never 2 L8, la empresa suiza de cannabis que se esfuerza por crear productos de calidad y seguros para los consumidores.<\/p>\n","protected":false},"author":29,"featured_media":14232,"parent":0,"menu_order":0,"comment_status":"closed","ping_status":"closed","template":"","meta":{"_elementor_css":"","footnotes":""},"categories":[714,443,441,453,948,444,361],"tags":[320,473,445,387,377,292,822,378,679,374,386,326,325,381,369,824,370,949,609],"class_list":["post-16514","page","type-page","status-publish","has-post-thumbnail","hentry","category-asociaciones","category-caso-practico","category-groweriq-trazabilidad","category-internacional","category-software-de-gestion-del-cannabis","category-testimonio","category-trazabilidad","tag-cannabis-es","tag-cannabis-erp-es-2","tag-caso-practico","tag-consultoria-de-cannabis","tag-crecimiento-del-cannabis","tag-cultivo-de-cannabis","tag-fabricacion-de-cannabis","tag-industria-del-cannabis","tag-licencia-de-cannabis","tag-maestro-cultivador","tag-marihuana-medicinal","tag-negocio-de-cannabis","tag-plan-de-negocios-de-cannabis","tag-proceso-de-concesion-de-licencias","tag-regulacion-del-cannabis","tag-software-de-cannabis","tag-software-de-trazabilidad","tag-tecnologia-del-cannabis","tag-venta-de-semillas-de-cannabis"],"_links":{"self":[{"href":"https:\/\/groweriq.ca\/es\/wp-json\/wp\/v2\/pages\/16514","targetHints":{"allow":["GET"]}}],"collection":[{"href":"https:\/\/groweriq.ca\/es\/wp-json\/wp\/v2\/pages"}],"about":[{"href":"https:\/\/groweriq.ca\/es\/wp-json\/wp\/v2\/types\/page"}],"author":[{"embeddable":true,"href":"https:\/\/groweriq.ca\/es\/wp-json\/wp\/v2\/users\/29"}],"replies":[{"embeddable":true,"href":"https:\/\/groweriq.ca\/es\/wp-json\/wp\/v2\/comments?post=16514"}],"version-history":[{"count":2,"href":"https:\/\/groweriq.ca\/es\/wp-json\/wp\/v2\/pages\/16514\/revisions"}],"predecessor-version":[{"id":17249,"href":"https:\/\/groweriq.ca\/es\/wp-json\/wp\/v2\/pages\/16514\/revisions\/17249"}],"wp:featuredmedia":[{"embeddable":true,"href":"https:\/\/groweriq.ca\/es\/wp-json\/wp\/v2\/media\/14232"}],"wp:attachment":[{"href":"https:\/\/groweriq.ca\/es\/wp-json\/wp\/v2\/media?parent=16514"}],"wp:term":[{"taxonomy":"category","embeddable":true,"href":"https:\/\/groweriq.ca\/es\/wp-json\/wp\/v2\/categories?post=16514"},{"taxonomy":"post_tag","embeddable":true,"href":"https:\/\/groweriq.ca\/es\/wp-json\/wp\/v2\/tags?post=16514"}],"curies":[{"name":"wp","href":"https:\/\/api.w.org\/{rel}","templated":true}]}}