{"id":15555,"date":"2022-12-13T08:09:17","date_gmt":"2022-12-13T13:09:17","guid":{"rendered":"https:\/\/groweriq.ca\/medcann-confia-en-los-expertos-de-groweriq\/"},"modified":"2024-08-15T19:44:32","modified_gmt":"2024-08-15T23:44:32","slug":"medcann-confia-en-los-expertos-de-groweriq","status":"publish","type":"page","link":"https:\/\/groweriq.ca\/es\/medcann-confia-en-los-expertos-de-groweriq\/","title":{"rendered":"Medcann Conf\u00eda en los Expertos de GrowerIQ"},"content":{"rendered":"\n<h2 class=\"wp-block-heading\">Medcann se centra en su estrategia gen\u00e9tica del cannabis esforz\u00e1ndose por ofrecer al mercado mundial variedades gen\u00e9ticas de cannabis y c\u00e1\u00f1amo de la m\u00e1s alta calidad, de origen y suministro de semillas legales.<\/h2>\n\n\n\n<h3 class=\"wp-block-heading\">Acerca de Medcann<\/h3>\n\n\n\n<div class=\"wp-block-columns are-vertically-aligned-center is-layout-flex wp-container-core-columns-is-layout-9d6595d7 wp-block-columns-is-layout-flex\">\n<div class=\"wp-block-column is-vertically-aligned-center is-layout-flow wp-block-column-is-layout-flow\" style=\"flex-basis:75%\">\n<p>Antes de empezar con este post, queremos asegurarnos de que se ha enterado de nuestro <a href=\"https:\/\/groweriq.ca\/2019\/04\/05\/groweriq-is-more-than-seed-to-sale-software\/\" target=\"_blank\" rel=\"noreferrer noopener\">software de cultivo de cannabis<\/a>. Si a\u00fan no lo ha hecho, le recomendamos que consulte el enlace antes de seguir leyendo este art\u00edculo.<\/p>\n\n\n\n<p>Medcann es una empresa innovadora de cultivo de cannabis con sede en Canad\u00e1 y operaciones en Espa\u00f1a, Per\u00fa y Colombia. Medcann cuenta con 800 hect\u00e1reas de terreno en Bogot\u00e1 (Colombia).<br><br>Jason, Director de Informaci\u00f3n de Medcann, ha trabajado en el sector tecnol\u00f3gico durante m\u00e1s de 20 a\u00f1os, lo que le llev\u00f3 a desempe\u00f1ar el cargo de Director de Informaci\u00f3n de una empresa de cannabis medicinal. Esto es lo que ten\u00eda que decir sobre la reciente investigaci\u00f3n de Medcann sobre el software de semilla a venta y su experiencia con el Software de apoyo a los procedimientos operativos y de semilla a venta de GrowerIQ:<\/p>\n<\/div>\n\n\n\n<div class=\"wp-block-column is-vertically-aligned-center is-layout-flow wp-block-column-is-layout-flow\" style=\"flex-basis:20%\">\n<figure class=\"wp-block-image size-large is-resized x-image x-img x-img-thumbnail\"><img decoding=\"async\" src=\"https:\/\/groweriq.ca\/wp-content\/uploads\/2022\/10\/GIQ-Logos.png\" alt=\"Estudio de caso GrowerIQ de Medcann\" style=\"width:165px;height:165px\"\/><\/figure>\n<\/div>\n<\/div>\n\n\n\n<p>\u00abDurante el proceso de evaluaci\u00f3n y selecci\u00f3n del sistema de informaci\u00f3n que se utilizar\u00e1 en la operaci\u00f3n de campo de Medcann, <strong>GrowerIQ destac\u00f3 como la herramienta m\u00e1s completa para nuestro negocio<\/strong>. Su flexibilidad a la hora de ampliar la soluci\u00f3n, sus m\u00f3dulos complementarios y el apoyo constante y excelente que recibimos del proveedor hicieron de GrowerIQ la soluci\u00f3n m\u00e1s completa.\u00bb<\/p>\n\n\n\n<figure class=\"wp-block-image size-large x-image x-img x-img-thumbnail\"><img decoding=\"async\" src=\"https:\/\/groweriq.ca\/wp-content\/uploads\/2022\/10\/Copy-of-GIQ_Blogs_Case-Study-2000x1125.png\" alt=\"\"\/><figcaption class=\"wp-element-caption\">Medcann se centra en su estrategia gen\u00e9tica del cannabis, esforz\u00e1ndose por ofrecer al mercado mundial variedades de origen legal y suministro de semillas.<\/figcaption><\/figure>\n\n\n\n<p>\u00abEn Medcann llevamos a cabo una evaluaci\u00f3n y selecci\u00f3n del sistema de software que se utilizar\u00eda en el funcionamiento de la empresa. Para este trabajo, se ha llevado a cabo una investigaci\u00f3n de <strong>m\u00e1s de 20 sistemas inform\u00e1ticos especializados en el sector del cannabis (de la semilla a la venta).<\/strong>, donde se evaluaron un gran n\u00famero de caracter\u00edsticas, entre las que se encontraban las de mayor peso en la matriz de selecci\u00f3n:<\/p>\n\n\n\n<ul class=\"wp-block-list\">\n<li>Precio<\/li>\n\n\n\n<li>\u00cdndice de Contenidos (TOC)<\/li>\n\n\n\n<li>ROI (Retorno de la Inversi\u00f3n)<\/li>\n\n\n\n<li>La flexibilidad de la herramienta para llevar a cabo personalizaciones (un aspecto muy relevante en una industria nueva).<\/li>\n\n\n\n<li>Cumplimiento de la normativa (clave para la industria del cannabis)<\/li>\n\n\n\n<li>Acompa\u00f1amiento de socios<\/li>\n\n\n\n<li>Innovaci\u00f3n\u00bb<\/li>\n<\/ul>\n\n\n\n<blockquote class=\"wp-block-quote is-layout-flow wp-block-quote-is-layout-flow\">\n<p>\u00abEl resultado de la evaluaci\u00f3n nos dio 2 soluciones como las mejores opciones siendo GrowerIQ la m\u00e1s completa por su flexibilidad a la hora de ampliar sus soluciones, sus m\u00f3dulos complementarios y el constante y excelente soporte que recibimos del equipo de GrowerIQ.\u00bb<\/p>\n<cite>Jason, CIO de Medcann<\/cite><\/blockquote>\n\n\n\n<p>\u00abGrowerIQ es un sistema que no s\u00f3lo ayuda a mejorar la operatividad, la trazabilidad y el cumplimiento, sino que tambi\u00e9n es muy \u00fatil para cuestiones de control de calidad gracias al m\u00f3dulo QMS que incluye. Por no hablar de la oportunidad que puede suponer para las empresas aprovechar las funcionalidades integradas de inteligencia artificial. <strong>Recomiendo encarecidamente este sistema<\/strong>.\u00bb<\/p>\n\n\n\n<p>Gracias a Jason y al equipo de Medcann por su apoyo a GrowerIQ como su proveedor de software de semilla a venta y \u00a1esperamos muchos a\u00f1os felices de rendimientos para usted!<\/p>\n\n\n\n<p>Ahora que casi ha terminado de leer este post, queremos asegurarnos de que contin\u00fae su viaje de aprendizaje (que, como hemos mencionado antes, \u00a1nunca deber\u00eda terminar!) despu\u00e9s de este post. He aqu\u00ed algunas historias de asociaci\u00f3n con GrowerIQ que creemos que le encantar\u00e1n: <a href=\"https:\/\/groweriq.ca\/2019\/04\/05\/groweriq-is-more-than-seed-to-sale-software\/groweriq.ca\/client-case-studies\/irie-craft-cannabis\/\" target=\"_blank\" rel=\"noreferrer noopener\">Irie Craft Cannabis<\/a>, <a href=\"https:\/\/groweriq.ca\/2019\/04\/05\/groweriq-is-more-than-seed-to-sale-software\/groweriq.ca\/client-case-studies\/germanabis-case-study-overcoming-budget-adversity\/\" target=\"_blank\" rel=\"noreferrer noopener\">Germanabis GrowerIQ Estudio,<\/a> <a href=\"https:\/\/groweriq.ca\/2019\/04\/05\/groweriq-is-more-than-seed-to-sale-software\/groweriq.ca\/client-case-studies\/master-grower-case-study-modernizing-the-growing-experience\/\" target=\"_blank\" rel=\"noreferrer noopener\">Master Grower Case Study<\/a>, <a href=\"https:\/\/groweriq.ca\/2021\/07\/16\/groweriq-announces-partnership-with-portuguese-lab-lef-infosaude\/\" target=\"_blank\" rel=\"noreferrer noopener\">GrowerIQ Partnership LEF<\/a> <a href=\"https:\/\/groweriq.ca\/2019\/04\/05\/groweriq-is-more-than-seed-to-sale-software\/groweriq.ca\/309lab-tightening-the-nuts-and-bolts\/\" target=\"_blank\" rel=\"noreferrer noopener\">309Lab: Apretando Tuercas y Tornillos<\/a>, <a href=\"https:\/\/groweriq.ca\/2019\/04\/05\/groweriq-is-more-than-seed-to-sale-software\/groweriq.ca\/partnerships\/groweriq-cann-grow-rich\/\" target=\"_blank\" rel=\"noreferrer noopener\">Cann Grow Rich,<\/a> <a href=\"https:\/\/groweriq.ca\/2019\/04\/05\/groweriq-is-more-than-seed-to-sale-software\/groweriq.ca\/partnerships\/lef-lab-infosaude-portugal\/\" target=\"_blank\" rel=\"noreferrer noopener\">LEF Infosa\u00fade Lab<\/a>, <a href=\"https:\/\/groweriq.ca\/2019\/11\/07\/groweriq-announces-collaboration-with-dalhousie-university\/\" target=\"_blank\" rel=\"noreferrer noopener\">Dalhousie Cannabis Course<\/a>, <a href=\"https:\/\/groweriq.ca\/2019\/04\/05\/groweriq-is-more-than-seed-to-sale-software\/groweriq.ca\/client-case-studies\/grunelabs-tracking-plant-lifecyles-made-easy\/\" target=\"_blank\" rel=\"noreferrer noopener\">Gr\u00fcneLabs<\/a>, <a href=\"https:\/\/groweriq.ca\/2019\/04\/05\/groweriq-is-more-than-seed-to-sale-software\/groweriq.ca\/client-case-studies\/how-meditative-greens-relied-on-the-cannabis-industry-experts-at-groweriq\/\" target=\"_blank\" rel=\"noreferrer noopener\">Meditative Greens<\/a>, <a href=\"https:\/\/groweriq.ca\/2019\/04\/05\/groweriq-is-more-than-seed-to-sale-software\/groweriq.ca\/client-case-studies\/its-never-l8\/\" target=\"_blank\" rel=\"noreferrer noopener\">It&#8217;s Never 2 L8<\/a>, y <a href=\"https:\/\/groweriq.ca\/2019\/04\/05\/groweriq-is-more-than-seed-to-sale-software\/groweriq.ca\/client-case-studies\/master-plant-holdings\/\" target=\"_blank\" rel=\"noreferrer noopener\">Master Plant<\/a>.<\/p>\n\n\n\n<h3 class=\"wp-block-heading\" id=\"block-649226e2-1ca4-467b-bdb0-0b32ff21637c\">M\u00e1s Informaci\u00f3n<\/h3>\n\n\n\n<p id=\"block-edd2ad88-b77c-497b-8370-fa0a826d3401\">El software de trazabilidad de GrowerIQ es la forma perfecta de iniciarse en la industria del cannabis. Con su interfaz f\u00e1cil de usar y sus numerosas y completas funciones, podr\u00e1 hacerse un hueco en el sector en un abrir y cerrar de ojos.<\/p>\n\n\n\n<a class=\"x-btn\" href=\"https:\/\/groweriq.ca\/software\/cannabis-software\/\" style=\"outline: none; max-width: fit-content;\">M\u00e1s informaci\u00f3n sobre el software de Trazabilidad de Semilla a la Venta<\/a><p><\/p>\n\n\n<div class=\"cs-content x-global-block x-global-block-4174 e4174-e0\"><div class=\"x-section e4174-e2 m37y-0 m37y-1\"><div class=\"x-row x-container max width e4174-e3 m37y-3 m37y-4\"><div class=\"x-row-inner\"><div class=\"x-col e4174-e4 m37y-5\"><hr class=\"x-line e4174-e5 m37y-6\"\/><div class=\"x-text x-text-headline e4174-e6 m37y-7 m37y-8\"><div class=\"x-text-content\"><div class=\"x-text-content-text\"><h2 class=\"x-text-content-text-primary\">Recommended For You<\/h2>\n<\/div><\/div><\/div><div  class=\"x-recent-posts cf horizontal\"  data-x-element=\"recent_posts\" data-x-params=\"{&quot;fade&quot;:false}\" data-fade=\"false\" ><a class=\"x-recent-post3 with-image\" href=\"https:\/\/groweriq.ca\/es\/2024\/08\/27\/como-obtener-licencia-de-cannabis-en-malta\/\" title=\"Permalink to: &quot;C\u00f3mo Obtener Licencia de Cannabis en Malta&quot;\"><article id=\"post-30396\" class=\"post-30396 post type-post status-publish format-standard has-post-thumbnail hentry category-club-social-de-cannabis category-malta-es category-trazabilidad\"><div class=\"entry-wrap\"><div class=\"x-recent-posts-img\" style=\"background-image: url(https:\/\/groweriq.ca\/wp-content\/uploads\/2024\/04\/How-to-Get-a-Cannabis-License-in-Malta.jpeg);\"><i class='x-framework-icon x-recent-posts-icon' data-x-icon-s='&#xf15c;' aria-hidden=true><\/i><\/div><div class=\"x-recent-posts-content\"><h3 class=\"h-recent-posts\">C\u00f3mo Obtener Licencia de Cannabis en Malta<\/h3><span class=\"x-recent-posts-date\">27 de agosto de 2024<\/span><\/div><\/div><\/article><\/a><a class=\"x-recent-post3 with-image\" href=\"https:\/\/groweriq.ca\/es\/2024\/03\/11\/estadisticas-de-la-industria-del-cannabis-en-2024-hechos-y-estadisticas-sobre-la-industria-del-cannabis\/\" title=\"Permalink to: &quot;Estad\u00edsticas de la Industria del Cannabis en 2024: Hechos y estad\u00edsticas sobre la industria del cannabis&quot;\"><article id=\"post-25593\" class=\"post-25593 post type-post status-publish format-standard has-post-thumbnail hentry category-canada-es tag-industria-del-cannabis tag-negocio-de-cannabis\"><div class=\"entry-wrap\"><div class=\"x-recent-posts-img\" style=\"background-image: url(https:\/\/groweriq.ca\/wp-content\/uploads\/2019\/06\/HealthLicense3-930x520.png);\"><i class='x-framework-icon x-recent-posts-icon' data-x-icon-s='&#xf15c;' aria-hidden=true><\/i><\/div><div class=\"x-recent-posts-content\"><h3 class=\"h-recent-posts\">Estad\u00edsticas de la Industria del Cannabis en 2024: Hechos y estad\u00edsticas sobre la industria del cannabis<\/h3><span class=\"x-recent-posts-date\">11 de marzo de 2024<\/span><\/div><\/div><\/article><\/a><a class=\"x-recent-post3 with-image\" href=\"https:\/\/groweriq.ca\/es\/2024\/03\/04\/crm-semilla-a-venta-cuales-son-las-principales-funciones-a-considerar\/\" title=\"Permalink to: &quot;CRM Semilla a Venta: Cu\u00e1les son las principales funciones a considerar&quot;\"><article id=\"post-25553\" class=\"post-25553 post type-post status-publish format-standard has-post-thumbnail hentry category-trazabilidad tag-industria-del-cannabis tag-maestro-cultivador tag-negocio-de-cannabis\"><div class=\"entry-wrap\"><div class=\"x-recent-posts-img\" style=\"background-image: url(https:\/\/groweriq.ca\/wp-content\/uploads\/2020\/01\/SOP-02-opt-870x520.jpg);\"><i class='x-framework-icon x-recent-posts-icon' data-x-icon-s='&#xf15c;' aria-hidden=true><\/i><\/div><div class=\"x-recent-posts-content\"><h3 class=\"h-recent-posts\">CRM Semilla a Venta: Cu\u00e1les son las principales funciones a considerar<\/h3><span class=\"x-recent-posts-date\">4 de marzo de 2024<\/span><\/div><\/div><\/article><\/a><\/div><\/div><\/div><\/div><\/div><div class=\"x-section e4174-e8 m37y-1 m37y-2\"><div class=\"x-container max width e4174-e9 m37y-a\"><div class=\"x-column x-sm x-1-2 e4174-e10 m37y-b\"><div class=\"x-text x-text-headline e4174-e11 m37y-8 m37y-9\"><div class=\"x-text-content\"><div class=\"x-text-content-text\"><h2 class=\"x-text-content-text-primary\"><span>About GrowerIQ<\/span><\/h2>\n<\/div><\/div><\/div><div class=\"x-content-area e4174-e12 m37y-c\">GrowerIQ is a complete cannabis production management platform. Ours is the first platform to integrate your facility systems, including sensors, building controls, QMS, and ERP, into a single simplified interface.\n<br\/><br\/>\n\nGrowerIQ is changing the way producers use software - transforming a regulatory requirement into a robust platform to learn, analyze, and improve performance. \n<br\/><br\/>\n\nTo find out more about GrowerIQ and how we can help, fill out the form to the right, start a chat, or <a class=\"link\" href=\"\/contact-us\/\">contact us<\/a>.<\/div><\/div><div class=\"x-column x-sm x-1-2 e4174-e13 m37y-b\"><div class=\"x-content-area x-hide-sm x-hide-xs e4174-e14 m37y-c\"><h2 style=\"color: white !important;\">Start today.<\/h2>\n<p style=\"color: white !important;\">Let us know how to reach you, and we'll get in touch to discuss your project.<\/p>\n<div class=\"salesforce_w2l_lead sf_one_column\"><form id=\"sf_form_salesforce_w2l_lead_4\" class=\"w2llead placeholders\" method=\"post\" action=\"#sf_form_salesforce_w2l_lead_4\"><div class=\"sf_field sf_field_first_name sf_type_text\">\t<input type=\"text\" placeholder=\"Name *\" value=\"\" id=\"sf_first_name\" class=\"w2linput text\" name=\"first_name\"  \/><div class=\"clearfix\"><\/div><\/div><div class=\"sf_field sf_field_email sf_type_text\">\t<input type=\"text\" placeholder=\"Email *\" value=\"\" id=\"sf_email\" class=\"w2linput text\" name=\"email\"  \/><div class=\"clearfix\"><\/div><\/div><div class=\"sf_field sf_field_description sf_type_textarea\">\t\t<textarea id=\"sf_description\" class=\"w2linput textarea\" name=\"description\" placeholder=\"Message\"><\/textarea><div class=\"clearfix\"><\/div><\/div>\t\t<input type=\"hidden\" id=\"sf_GCLID__c\" class=\"w2linput hidden\" name=\"GCLID__c\" value=\"\" \/>\t\t<input type=\"hidden\" id=\"sf_Utm_campaign__c\" class=\"w2linput hidden\" name=\"Utm_campaign__c\" value=\"\" \/>\t\t<input type=\"hidden\" id=\"sf_Utm_content__c\" class=\"w2linput hidden\" name=\"Utm_content__c\" value=\"\" \/>\t\t<input type=\"hidden\" id=\"sf_Utm_medium__c\" class=\"w2linput hidden\" name=\"Utm_medium__c\" value=\"\" \/>\t\t<input type=\"hidden\" id=\"sf_Utm_source__c\" class=\"w2linput hidden\" name=\"Utm_source__c\" value=\"\" \/>\t\t<input type=\"hidden\" id=\"sf_Utm_term__c\" class=\"w2linput hidden\" name=\"Utm_term__c\" value=\"\" \/>\t\t<input type=\"hidden\" id=\"sf_Referral_url__c\" class=\"w2linput hidden\" name=\"Referral_url__c\" value=\"\" \/>\t<input type=\"text\" name=\"message\" class=\"w2linput\" value=\"\" style=\"display: none;\" \/>\t<input type=\"hidden\" name=\"form_id\" class=\"w2linput\" value=\"4\" \/>\t<div class=\"w2lsubmit\"><input type=\"submit\" name=\"w2lsubmit\" class=\"w2linput submit\" value=\"Get Started\" \/><\/div><\/form><\/div>\n\n<p style=\"color: white !important; font-size: 9px !important; line-height: 15px !important;\">GrowerIQ does not share, sell, rent, or trade personally identifiable information with third parties for promotional purposes. <a href=\"\/privacy-policy\/\" style=\"color: white !important; text-decoration: underline !important;\">Privacy Policy<\/a><\/p><\/div><\/div><\/div><\/div><\/div>\n","protected":false},"excerpt":{"rendered":"<p>Medcann se centra en su estrategia gen\u00e9tica del cannabis, esforz\u00e1ndose por ofrecer al mercado mundial variedades gen\u00e9ticas de cannabis y c\u00e1\u00f1amo de alta calidad.<\/p>\n","protected":false},"author":29,"featured_media":0,"parent":0,"menu_order":0,"comment_status":"closed","ping_status":"closed","template":"","meta":{"_elementor_css":"","footnotes":""},"categories":[443,453,823,361],"tags":[320,387,292,378,374,386,326,325,381,369],"class_list":["post-15555","page","type-page","status-publish","hentry","category-caso-practico","category-internacional","category-software-de-cannabis","category-trazabilidad","tag-cannabis-es","tag-consultoria-de-cannabis","tag-cultivo-de-cannabis","tag-industria-del-cannabis","tag-maestro-cultivador","tag-marihuana-medicinal","tag-negocio-de-cannabis","tag-plan-de-negocios-de-cannabis","tag-proceso-de-concesion-de-licencias","tag-regulacion-del-cannabis","no-post-thumbnail"],"_links":{"self":[{"href":"https:\/\/groweriq.ca\/es\/wp-json\/wp\/v2\/pages\/15555","targetHints":{"allow":["GET"]}}],"collection":[{"href":"https:\/\/groweriq.ca\/es\/wp-json\/wp\/v2\/pages"}],"about":[{"href":"https:\/\/groweriq.ca\/es\/wp-json\/wp\/v2\/types\/page"}],"author":[{"embeddable":true,"href":"https:\/\/groweriq.ca\/es\/wp-json\/wp\/v2\/users\/29"}],"replies":[{"embeddable":true,"href":"https:\/\/groweriq.ca\/es\/wp-json\/wp\/v2\/comments?post=15555"}],"version-history":[{"count":5,"href":"https:\/\/groweriq.ca\/es\/wp-json\/wp\/v2\/pages\/15555\/revisions"}],"predecessor-version":[{"id":17248,"href":"https:\/\/groweriq.ca\/es\/wp-json\/wp\/v2\/pages\/15555\/revisions\/17248"}],"wp:attachment":[{"href":"https:\/\/groweriq.ca\/es\/wp-json\/wp\/v2\/media?parent=15555"}],"wp:term":[{"taxonomy":"category","embeddable":true,"href":"https:\/\/groweriq.ca\/es\/wp-json\/wp\/v2\/categories?post=15555"},{"taxonomy":"post_tag","embeddable":true,"href":"https:\/\/groweriq.ca\/es\/wp-json\/wp\/v2\/tags?post=15555"}],"curies":[{"name":"wp","href":"https:\/\/api.w.org\/{rel}","templated":true}]}}