{"id":15219,"date":"2022-12-05T10:57:44","date_gmt":"2022-12-05T15:57:44","guid":{"rendered":"https:\/\/groweriq.ca\/grunelabs-el-seguimiento-de-los-ciclos-de-vida-de-las-plantas-es-facil\/"},"modified":"2024-08-15T19:46:50","modified_gmt":"2024-08-15T23:46:50","slug":"grunelabs-el-seguimiento-de-los-ciclos-de-vida-de-las-plantas-es-facil","status":"publish","type":"page","link":"https:\/\/groweriq.ca\/es\/grunelabs-el-seguimiento-de-los-ciclos-de-vida-de-las-plantas-es-facil\/","title":{"rendered":"Gr\u00fcneLabs: El Seguimiento de los Ciclos de Vida de las Plantas es f\u00e1cil"},"content":{"rendered":"\n<div class=\"wp-block-columns is-layout-flex wp-container-core-columns-is-layout-9d6595d7 wp-block-columns-is-layout-flex\">\n<div class=\"wp-block-column is-layout-flow wp-block-column-is-layout-flow\" style=\"flex-basis:70%\">\n<p>Antes de empezar con este post, queremos asegurarnos de que se ha enterado de nuestro <a href=\"https:\/\/groweriq.ca\/2019\/04\/05\/groweriq-is-more-than-seed-to-sale-software\/\" target=\"_blank\" rel=\"noreferrer noopener\">software de cultivo de cannabis<\/a>. Si a\u00fan no lo ha hecho, le recomendamos que consulte el enlace antes de seguir leyendo este art\u00edculo.<\/p>\n\n\n\n<p><a href=\"https:\/\/grunelabs.com\/\" target=\"_blank\" rel=\"noreferrer noopener\">Gr\u00fcneLabs<\/a> es una empresa biofarmac\u00e9utica global con operaciones en Uruguay y Portugal. Lideran la innovaci\u00f3n en medicamentos terap\u00e9uticos para ni\u00f1os, adultos y usos veterinarios gracias a la alta tecnolog\u00eda en el procesamiento de compuestos bot\u00e1nicos. Gr\u00fcneLabs produce cannabis medicinal para tratar enfermedades neurol\u00f3gicas y otras patolog\u00edas.<\/p>\n\n\n\n<p>Esto es lo que dijeron sobre nuestro software para la venta de semillas y el trabajo con el equipo de GrowerIQ. <\/p>\n<\/div>\n\n\n\n<div class=\"wp-block-column is-layout-flow wp-block-column-is-layout-flow\"><div class=\"wp-block-image x-image x-img x-img-thumbnail\">\n<figure class=\"aligncenter size-large\"><img decoding=\"async\" src=\"https:\/\/groweriq.ca\/wp-content\/uploads\/2022\/11\/GIQ.png\" alt=\"\"\/><\/figure>\n<\/div><\/div>\n<\/div>\n\n\n\n<h3 class=\"wp-block-heading\">Lo Que Dicen<\/h3>\n\n\n\n<p>Gr\u00fcneLabs se esforzaba por hacer un seguimiento de los ciclos de vida de sus plantas y de las acciones necesarias para garantizar unos cultivos sanos y eficientes. GrowerIQ ha sido fundamental para resolver este problema para Gr\u00fcneLabs.<\/p>\n\n\n\n<blockquote class=\"wp-block-quote is-layout-flow wp-block-quote-is-layout-flow\">\n<p>Lo que hizo que GrowerIQ se diferenciara de otras soluciones de venta de semillas del mercado fue la facilidad de uso del software y el gran apoyo del equipo de desarrollo.<\/p>\n<cite><strong>Manuel<\/strong> P., Chief of Cultivation Technicians at Gr\u00fcneLabs<\/cite><\/blockquote>\n\n\n\n<p>La incorporaci\u00f3n y la implantaci\u00f3n del software GrowerIQ les resultaron f\u00e1ciles e intuitivas. Tuvieron todo el apoyo que necesitaban de GrowerIQ, y ahorraron mucho tiempo y esfuerzo tras pasar del registro manual al digital.<\/p>\n\n\n\n<p>Ha sido un placer trabajar con ustedes, Gr\u00fcneLabs.<\/p>\n\n\n\n<p>Ahora que casi ha terminado de leer este post, queremos asegurarnos de que contin\u00fae su viaje de aprendizaje (que, como hemos mencionado antes, \u00a1nunca deber\u00eda terminar!) despu\u00e9s de este post. He aqu\u00ed algunas historias de asociaci\u00f3n con GrowerIQ que creemos que le encantar\u00e1n: <a href=\"https:\/\/groweriq.ca\/2019\/04\/05\/groweriq-is-more-than-seed-to-sale-software\/groweriq.ca\/client-case-studies\/irie-craft-cannabis\/\" target=\"_blank\" rel=\"noreferrer noopener\">Irie Craft Cannabis<\/a>, <a href=\"https:\/\/groweriq.ca\/2019\/04\/05\/groweriq-is-more-than-seed-to-sale-software\/groweriq.ca\/client-case-studies\/germanabis-case-study-overcoming-budget-adversity\/\" target=\"_blank\" rel=\"noreferrer noopener\">Germanabis GrowerIQ Estudio de Caso<\/a>, <a href=\"https:\/\/groweriq.ca\/2019\/04\/05\/groweriq-is-more-than-seed-to-sale-software\/groweriq.ca\/client-case-studies\/master-grower-case-study-modernizing-the-growing-experience\/\" target=\"_blank\" rel=\"noreferrer noopener\">Master Grower Case Study<\/a>, <a href=\"https:\/\/groweriq.ca\/2021\/07\/16\/groweriq-announces-partnership-with-portuguese-lab-lef-infosaude\/\" target=\"_blank\" rel=\"noreferrer noopener\">GrowerIQ Alianza con LEF<\/a>, <a href=\"https:\/\/groweriq.ca\/2019\/04\/05\/groweriq-is-more-than-seed-to-sale-software\/groweriq.ca\/309lab-tightening-the-nuts-and-bolts\/\" target=\"_blank\" rel=\"noreferrer noopener\">309Lab: Apretando Tuercas y Tornillos<\/a>, <a href=\"https:\/\/groweriq.ca\/2019\/04\/05\/groweriq-is-more-than-seed-to-sale-software\/groweriq.ca\/partnerships\/groweriq-cann-grow-rich\/\" target=\"_blank\" rel=\"noreferrer noopener\">Cann Grow Rich<\/a>, <a href=\"https:\/\/groweriq.ca\/2019\/04\/05\/groweriq-is-more-than-seed-to-sale-software\/groweriq.ca\/partnerships\/lef-lab-infosaude-portugal\/\" target=\"_blank\" rel=\"noreferrer noopener\">LEF Infosa\u00fade Lab<\/a>, <a href=\"https:\/\/groweriq.ca\/2019\/11\/07\/groweriq-announces-collaboration-with-dalhousie-university\/\" target=\"_blank\" rel=\"noreferrer noopener\">Dalhousie Cannabis Course<\/a>, <a href=\"https:\/\/groweriq.ca\/2019\/04\/05\/groweriq-is-more-than-seed-to-sale-software\/groweriq.ca\/client-case-studies\/how-medcann-relied-on-the-experts-at-groweriq\/\" target=\"_blank\" rel=\"noreferrer noopener\">Medcann<\/a>, <a href=\"https:\/\/groweriq.ca\/2019\/04\/05\/groweriq-is-more-than-seed-to-sale-software\/groweriq.ca\/client-case-studies\/how-meditative-greens-relied-on-the-cannabis-industry-experts-at-groweriq\/\" target=\"_blank\" rel=\"noreferrer noopener\">Meditative Greens<\/a>, <a href=\"https:\/\/groweriq.ca\/2019\/04\/05\/groweriq-is-more-than-seed-to-sale-software\/groweriq.ca\/client-case-studies\/its-never-l8\/\" target=\"_blank\" rel=\"noreferrer noopener\">It&#8217;s Never 2 L8<\/a>, y <a href=\"https:\/\/groweriq.ca\/2019\/04\/05\/groweriq-is-more-than-seed-to-sale-software\/groweriq.ca\/client-case-studies\/master-plant-holdings\/\" target=\"_blank\" rel=\"noreferrer noopener\">Master Plant<\/a>.<\/p>\n\n\n\n<h3 class=\"wp-block-heading\">M\u00e1s Informaci\u00f3n<\/h3>\n\n\n\n<p>El software de trazabilidad de semilla-a-venta de GrowerIQ es la manera perfecta de mejorar sus operaciones en la industria del cannabis. Con su interfaz f\u00e1cil de usar y su completo conjunto de funciones, podr\u00e1 dejar su huella en la industria en un abrir y cerrar de ojos. <\/p>\n\n\n\n<a class=\"x-btn\" href=\"https:\/\/groweriq.ca\/software\/cannabis-software\/\" style=\"outline: none; max-width: fit-content;\">Reserve ya una Demostraci\u00f3n<\/a><p><\/p>\n\n\n<div class=\"cs-content x-global-block x-global-block-4174 e4174-e0\"><div class=\"x-section e4174-e2 m37y-0 m37y-1\"><div class=\"x-row x-container max width e4174-e3 m37y-3 m37y-4\"><div class=\"x-row-inner\"><div class=\"x-col e4174-e4 m37y-5\"><hr class=\"x-line e4174-e5 m37y-6\"\/><div class=\"x-text x-text-headline e4174-e6 m37y-7 m37y-8\"><div class=\"x-text-content\"><div class=\"x-text-content-text\"><h2 class=\"x-text-content-text-primary\">Recommended For You<\/h2>\n<\/div><\/div><\/div><div  class=\"x-recent-posts cf horizontal\"  data-x-element=\"recent_posts\" data-x-params=\"{&quot;fade&quot;:false}\" data-fade=\"false\" ><a class=\"x-recent-post3 with-image\" href=\"https:\/\/groweriq.ca\/es\/2024\/08\/27\/como-obtener-licencia-de-cannabis-en-malta\/\" title=\"Permalink to: &quot;C\u00f3mo Obtener Licencia de Cannabis en Malta&quot;\"><article id=\"post-30396\" class=\"post-30396 post type-post status-publish format-standard has-post-thumbnail hentry category-club-social-de-cannabis category-malta-es category-trazabilidad\"><div class=\"entry-wrap\"><div class=\"x-recent-posts-img\" style=\"background-image: url(https:\/\/groweriq.ca\/wp-content\/uploads\/2024\/04\/How-to-Get-a-Cannabis-License-in-Malta.jpeg);\"><i class='x-framework-icon x-recent-posts-icon' data-x-icon-s='&#xf15c;' aria-hidden=true><\/i><\/div><div class=\"x-recent-posts-content\"><h3 class=\"h-recent-posts\">C\u00f3mo Obtener Licencia de Cannabis en Malta<\/h3><span class=\"x-recent-posts-date\">27 de agosto de 2024<\/span><\/div><\/div><\/article><\/a><a class=\"x-recent-post3 with-image\" href=\"https:\/\/groweriq.ca\/es\/2024\/03\/11\/estadisticas-de-la-industria-del-cannabis-en-2024-hechos-y-estadisticas-sobre-la-industria-del-cannabis\/\" title=\"Permalink to: &quot;Estad\u00edsticas de la Industria del Cannabis en 2024: Hechos y estad\u00edsticas sobre la industria del cannabis&quot;\"><article id=\"post-25593\" class=\"post-25593 post type-post status-publish format-standard has-post-thumbnail hentry category-canada-es tag-industria-del-cannabis tag-negocio-de-cannabis\"><div class=\"entry-wrap\"><div class=\"x-recent-posts-img\" style=\"background-image: url(https:\/\/groweriq.ca\/wp-content\/uploads\/2019\/06\/HealthLicense3-930x520.png);\"><i class='x-framework-icon x-recent-posts-icon' data-x-icon-s='&#xf15c;' aria-hidden=true><\/i><\/div><div class=\"x-recent-posts-content\"><h3 class=\"h-recent-posts\">Estad\u00edsticas de la Industria del Cannabis en 2024: Hechos y estad\u00edsticas sobre la industria del cannabis<\/h3><span class=\"x-recent-posts-date\">11 de marzo de 2024<\/span><\/div><\/div><\/article><\/a><a class=\"x-recent-post3 with-image\" href=\"https:\/\/groweriq.ca\/es\/2024\/03\/04\/crm-semilla-a-venta-cuales-son-las-principales-funciones-a-considerar\/\" title=\"Permalink to: &quot;CRM Semilla a Venta: Cu\u00e1les son las principales funciones a considerar&quot;\"><article id=\"post-25553\" class=\"post-25553 post type-post status-publish format-standard has-post-thumbnail hentry category-trazabilidad tag-industria-del-cannabis tag-maestro-cultivador tag-negocio-de-cannabis\"><div class=\"entry-wrap\"><div class=\"x-recent-posts-img\" style=\"background-image: url(https:\/\/groweriq.ca\/wp-content\/uploads\/2020\/01\/SOP-02-opt-870x520.jpg);\"><i class='x-framework-icon x-recent-posts-icon' data-x-icon-s='&#xf15c;' aria-hidden=true><\/i><\/div><div class=\"x-recent-posts-content\"><h3 class=\"h-recent-posts\">CRM Semilla a Venta: Cu\u00e1les son las principales funciones a considerar<\/h3><span class=\"x-recent-posts-date\">4 de marzo de 2024<\/span><\/div><\/div><\/article><\/a><\/div><\/div><\/div><\/div><\/div><div class=\"x-section e4174-e8 m37y-1 m37y-2\"><div class=\"x-container max width e4174-e9 m37y-a\"><div class=\"x-column x-sm x-1-2 e4174-e10 m37y-b\"><div class=\"x-text x-text-headline e4174-e11 m37y-8 m37y-9\"><div class=\"x-text-content\"><div class=\"x-text-content-text\"><h2 class=\"x-text-content-text-primary\"><span>About GrowerIQ<\/span><\/h2>\n<\/div><\/div><\/div><div class=\"x-content-area e4174-e12 m37y-c\">GrowerIQ is a complete cannabis production management platform. Ours is the first platform to integrate your facility systems, including sensors, building controls, QMS, and ERP, into a single simplified interface.\n<br\/><br\/>\n\nGrowerIQ is changing the way producers use software - transforming a regulatory requirement into a robust platform to learn, analyze, and improve performance. \n<br\/><br\/>\n\nTo find out more about GrowerIQ and how we can help, fill out the form to the right, start a chat, or <a class=\"link\" href=\"\/contact-us\/\">contact us<\/a>.<\/div><\/div><div class=\"x-column x-sm x-1-2 e4174-e13 m37y-b\"><div class=\"x-content-area x-hide-sm x-hide-xs e4174-e14 m37y-c\"><h2 style=\"color: white !important;\">Start today.<\/h2>\n<p style=\"color: white !important;\">Let us know how to reach you, and we'll get in touch to discuss your project.<\/p>\n<div class=\"salesforce_w2l_lead sf_one_column\"><form id=\"sf_form_salesforce_w2l_lead_4\" class=\"w2llead placeholders\" method=\"post\" action=\"#sf_form_salesforce_w2l_lead_4\"><div class=\"sf_field sf_field_first_name sf_type_text\">\t<input type=\"text\" placeholder=\"Name *\" value=\"\" id=\"sf_first_name\" class=\"w2linput text\" name=\"first_name\"  \/><div class=\"clearfix\"><\/div><\/div><div class=\"sf_field sf_field_email sf_type_text\">\t<input type=\"text\" placeholder=\"Email *\" value=\"\" id=\"sf_email\" class=\"w2linput text\" name=\"email\"  \/><div class=\"clearfix\"><\/div><\/div><div class=\"sf_field sf_field_description sf_type_textarea\">\t\t<textarea id=\"sf_description\" class=\"w2linput textarea\" name=\"description\" placeholder=\"Message\"><\/textarea><div class=\"clearfix\"><\/div><\/div>\t\t<input type=\"hidden\" id=\"sf_GCLID__c\" class=\"w2linput hidden\" name=\"GCLID__c\" value=\"\" \/>\t\t<input type=\"hidden\" id=\"sf_Utm_campaign__c\" class=\"w2linput hidden\" name=\"Utm_campaign__c\" value=\"\" \/>\t\t<input type=\"hidden\" id=\"sf_Utm_content__c\" class=\"w2linput hidden\" name=\"Utm_content__c\" value=\"\" \/>\t\t<input type=\"hidden\" id=\"sf_Utm_medium__c\" class=\"w2linput hidden\" name=\"Utm_medium__c\" value=\"\" \/>\t\t<input type=\"hidden\" id=\"sf_Utm_source__c\" class=\"w2linput hidden\" name=\"Utm_source__c\" value=\"\" \/>\t\t<input type=\"hidden\" id=\"sf_Utm_term__c\" class=\"w2linput hidden\" name=\"Utm_term__c\" value=\"\" \/>\t\t<input type=\"hidden\" id=\"sf_Referral_url__c\" class=\"w2linput hidden\" name=\"Referral_url__c\" value=\"\" \/>\t<input type=\"text\" name=\"message\" class=\"w2linput\" value=\"\" style=\"display: none;\" \/>\t<input type=\"hidden\" name=\"form_id\" class=\"w2linput\" value=\"4\" \/>\t<div class=\"w2lsubmit\"><input type=\"submit\" name=\"w2lsubmit\" class=\"w2linput submit\" value=\"Get Started\" \/><\/div><\/form><\/div>\n\n<p style=\"color: white !important; font-size: 9px !important; line-height: 15px !important;\">GrowerIQ does not share, sell, rent, or trade personally identifiable information with third parties for promotional purposes. <a href=\"\/privacy-policy\/\" style=\"color: white !important; text-decoration: underline !important;\">Privacy Policy<\/a><\/p><\/div><\/div><\/div><\/div><\/div>\n","protected":false},"excerpt":{"rendered":"<p>Gr\u00fcneLabs se esforzaba por hacer un seguimiento de los ciclos de vida de sus plantas y de las acciones necesarias para garantizar unos cultivos sanos y eficientes.<\/p>\n","protected":false},"author":29,"featured_media":14809,"parent":0,"menu_order":0,"comment_status":"closed","ping_status":"closed","template":"","meta":{"_elementor_css":"","footnotes":""},"categories":[443,444,361],"tags":[320,387,292,364,378,374,386,895,326,325,381,369,366],"class_list":["post-15219","page","type-page","status-publish","has-post-thumbnail","hentry","category-caso-practico","category-testimonio","category-trazabilidad","tag-cannabis-es","tag-consultoria-de-cannabis","tag-cultivo-de-cannabis","tag-groweriq-es","tag-industria-del-cannabis","tag-maestro-cultivador","tag-marihuana-medicinal","tag-master-plant-es","tag-negocio-de-cannabis","tag-plan-de-negocios-de-cannabis","tag-proceso-de-concesion-de-licencias","tag-regulacion-del-cannabis","tag-trazabilidad"],"_links":{"self":[{"href":"https:\/\/groweriq.ca\/es\/wp-json\/wp\/v2\/pages\/15219","targetHints":{"allow":["GET"]}}],"collection":[{"href":"https:\/\/groweriq.ca\/es\/wp-json\/wp\/v2\/pages"}],"about":[{"href":"https:\/\/groweriq.ca\/es\/wp-json\/wp\/v2\/types\/page"}],"author":[{"embeddable":true,"href":"https:\/\/groweriq.ca\/es\/wp-json\/wp\/v2\/users\/29"}],"replies":[{"embeddable":true,"href":"https:\/\/groweriq.ca\/es\/wp-json\/wp\/v2\/comments?post=15219"}],"version-history":[{"count":5,"href":"https:\/\/groweriq.ca\/es\/wp-json\/wp\/v2\/pages\/15219\/revisions"}],"predecessor-version":[{"id":17260,"href":"https:\/\/groweriq.ca\/es\/wp-json\/wp\/v2\/pages\/15219\/revisions\/17260"}],"wp:featuredmedia":[{"embeddable":true,"href":"https:\/\/groweriq.ca\/es\/wp-json\/wp\/v2\/media\/14809"}],"wp:attachment":[{"href":"https:\/\/groweriq.ca\/es\/wp-json\/wp\/v2\/media?parent=15219"}],"wp:term":[{"taxonomy":"category","embeddable":true,"href":"https:\/\/groweriq.ca\/es\/wp-json\/wp\/v2\/categories?post=15219"},{"taxonomy":"post_tag","embeddable":true,"href":"https:\/\/groweriq.ca\/es\/wp-json\/wp\/v2\/tags?post=15219"}],"curies":[{"name":"wp","href":"https:\/\/api.w.org\/{rel}","templated":true}]}}