{"id":14944,"date":"2022-11-22T06:30:33","date_gmt":"2022-11-22T11:30:33","guid":{"rendered":"https:\/\/groweriq.ca\/master-plant-holdings-navigating-new-jurisdictions\/"},"modified":"2024-08-15T19:43:34","modified_gmt":"2024-08-15T23:43:34","slug":"master-plant-holdings-navigating-new-jurisdictions","status":"publish","type":"page","link":"https:\/\/groweriq.ca\/es\/master-plant-holdings-navigating-new-jurisdictions\/","title":{"rendered":"Master Plant Holdings: \u00abNavigating New Jurisdictions\u00bb"},"content":{"rendered":"\n<h2 class=\"wp-block-heading\">Master Plant Holdings Inc, una de las principales plataformas europeas de cannabis para adultos centrada en el consumidor, se ha convertido recientemente en cliente de GrowerIQ.<\/h2>\n\n\n\n<h3 class=\"wp-block-heading\">Acerca de Master Plant<\/h3>\n\n\n\n<div class=\"wp-block-columns is-layout-flex wp-container-core-columns-is-layout-9d6595d7 wp-block-columns-is-layout-flex\">\n<div class=\"wp-block-column is-layout-flow wp-block-column-is-layout-flow\" style=\"flex-basis:80%\">\n<p>Antes de empezar, queremos que sepas que GrowerIQ ofrece <a href=\"https:\/\/groweriq.ca\/es\/la-herramienta-mas-completa-para-nuestro-negocio-medcann\/\" target=\"_blank\" rel=\"noreferrer noopener\">la herramienta m\u00e1s completa<\/a>. Haga clic en el recurso vinculado para obtener m\u00e1s informaci\u00f3n sobre la raz\u00f3n detr\u00e1s de esto.<\/p>\n\n\n\n<p><a href=\"https:\/\/masterplant.co.uk\/about\/\" target=\"_blank\" rel=\"noreferrer noopener\">Master Plant<\/a> crea productos y tecnolog\u00edas relacionados con el cannabis para integrar pr\u00e1cticas org\u00e1nicas y tecnol\u00f3gicas avanzadas en toda la cadena de valor que permitan un crecimiento \u00e9tico y sostenible. Master Plant est\u00e1 abriendo el camino hacia la completa liberalizaci\u00f3n del cannabis para adultos en Europa. Su visi\u00f3n es convertirse en la principal plataforma europea de consumo de cannabis para adultos y que sus productos finales de calidad cambien positivamente la vida de millones de personas. <\/p>\n<\/div>\n\n\n\n<div class=\"wp-block-column is-layout-flow wp-block-column-is-layout-flow\" style=\"flex-basis:20%\">\n<figure class=\"wp-block-image size-large is-resized\"><img decoding=\"async\" src=\"https:\/\/groweriq.ca\/wp-content\/uploads\/2022\/09\/Untitled-design-300x300.png\" alt=\"Master Plant\" style=\"width:153px;height:153px\"\/><\/figure>\n<\/div>\n<\/div>\n\n\n\n<figure class=\"wp-block-image size-large x-image x-img x-img-thumbnail\"><img decoding=\"async\" src=\"https:\/\/groweriq.ca\/wp-content\/uploads\/2022\/09\/2-2000x1125.png\" alt=\"Testimonio de Master Plant: GrowerIQ se ha asociado recientemente con Master Plant Holdings Inc, una de las principales plataformas de cannabis para adultos centradas en el consumidor de Europa.\"\/><figcaption class=\"wp-element-caption\">La visi\u00f3n de Master Plant es convertirse en la principal plataforma europea de cannabis para adultos centrada en el consumidor.<\/figcaption><\/figure>\n\n\n\n<h3 class=\"wp-block-heading\">Lo Que Dicen<\/h3>\n\n\n\n<p>El fundador y director de tecnolog\u00eda de Master Plant, Philip P., dijo lo siguiente sobre nuestra asociaci\u00f3n: \u00abNos gustar\u00eda expresar nuestra gratitud por los excelentes servicios de desarrollo t\u00e9cnico que hemos recibido y seguimos recibiendo a trav\u00e9s del equipo de GrowerIQ. Como empresa que se ha expandido a los grandes mercados de Europa y el Reino Unido desde Canad\u00e1, nos enfrentamos a numerosos desaf\u00edos al navegar por nuevas jurisdicciones y la experiencia multifac\u00e9tica que GrowerIQ ha sido capaz de proporcionar, habiendo demostrado el conocimiento de la industria a trav\u00e9s de numerosos marcos regulatorios internacionales, ha demostrado ser \u00fanica e inestimable.\u00bb<br><\/p>\n\n\n\n<blockquote class=\"wp-block-quote is-layout-flow wp-block-quote-is-layout-flow\">\n<p>\u00abEl impacto positivo en nuestro negocio ha sido inconmensurable y en Master Plant Holdings Inc. esperamos un futuro \u00e9xito combinado en colaboraci\u00f3n con GrowerIQ.\u00bb<\/p>\n<cite>Philip P. &#8211; Fundador de Master Plant y CTO<\/cite><\/blockquote>\n\n\n\n<p>Gracias a Philip y al equipo de Master Plant por su fant\u00e1stico testimonio.<\/p>\n\n\n\n<p>Hemos ayudado a innumerables empresas m\u00e1s. Eche un vistazo a otros estudios de casos:<\/p>\n\n\n\n<ul class=\"wp-block-list\">\n<li><a href=\"https:\/\/groweriq.ca\/es\/medcann-confia-en-los-expertos-de-groweriq\/\" target=\"_blank\" rel=\"noreferrer noopener\">Medcann<\/a><\/li>\n\n\n\n<li><a href=\"https:\/\/groweriq.ca\/es\/grunelabs-el-seguimiento-de-los-ciclos-de-vida-de-las-plantas-es-facil\/\" target=\"_blank\" rel=\"noreferrer noopener\">Gr\u00fcneLabs<\/a><\/li>\n\n\n\n<li><a href=\"https:\/\/groweriq.ca\/es\/2020\/10\/21\/groweriq-anuncia-su-colaboracion-con-la-universidad-dalhousie\/\" target=\"_blank\" rel=\"noreferrer noopener\">Curso de Cannabis Dalhousie<\/a><\/li>\n\n\n\n<li><a href=\"https:\/\/groweriq.ca\/es\/caso-practico-de-germanabis-superacion-de-la-adversidad-presupuestaria\/\" target=\"_blank\" rel=\"noreferrer noopener\">Estudio de Caso de Germanabis GrowerIQ<\/a><\/li>\n<\/ul>\n\n\n\n<h3 class=\"wp-block-heading\">M\u00e1s Informaci\u00f3n<\/h3>\n\n\n\n<p>El software de trazabilidad de GrowerIQ es la forma perfecta de iniciarse en la industria del cannabis. Gracias a su interfaz f\u00e1cil de usar y a sus numerosas y completas funciones, podr\u00e1s dejar tu huella en el sector en un abrir y cerrar de ojos. <\/p>\n\n\n\n<a class=\"x-btn\" href=\"https:\/\/groweriq.ca\/software\/cannabis-software\/\" style=\"outline: none; max-width: fit-content;\">M\u00e1s informaci\u00f3n sobre el software de Trazabilidad de Semilla a la Venta<\/a><p><\/p>\n\n\n<div class=\"cs-content x-global-block x-global-block-4174 e4174-e0\"><div class=\"x-section e4174-e2 m37y-0 m37y-1\"><div class=\"x-row x-container max width e4174-e3 m37y-3 m37y-4\"><div class=\"x-row-inner\"><div class=\"x-col e4174-e4 m37y-5\"><hr class=\"x-line e4174-e5 m37y-6\"\/><div class=\"x-text x-text-headline e4174-e6 m37y-7 m37y-8\"><div class=\"x-text-content\"><div class=\"x-text-content-text\"><h2 class=\"x-text-content-text-primary\">Recommended For You<\/h2>\n<\/div><\/div><\/div><div  class=\"x-recent-posts cf horizontal\"  data-x-element=\"recent_posts\" data-x-params=\"{&quot;fade&quot;:false}\" data-fade=\"false\" ><a class=\"x-recent-post3 with-image\" href=\"https:\/\/groweriq.ca\/es\/2024\/08\/27\/como-obtener-licencia-de-cannabis-en-malta\/\" title=\"Permalink to: &quot;C\u00f3mo Obtener Licencia de Cannabis en Malta&quot;\"><article id=\"post-30396\" class=\"post-30396 post type-post status-publish format-standard has-post-thumbnail hentry category-club-social-de-cannabis category-malta-es category-trazabilidad\"><div class=\"entry-wrap\"><div class=\"x-recent-posts-img\" style=\"background-image: url(https:\/\/groweriq.ca\/wp-content\/uploads\/2024\/04\/How-to-Get-a-Cannabis-License-in-Malta.jpeg);\"><i class='x-framework-icon x-recent-posts-icon' data-x-icon-s='&#xf15c;' aria-hidden=true><\/i><\/div><div class=\"x-recent-posts-content\"><h3 class=\"h-recent-posts\">C\u00f3mo Obtener Licencia de Cannabis en Malta<\/h3><span class=\"x-recent-posts-date\">27 de agosto de 2024<\/span><\/div><\/div><\/article><\/a><a class=\"x-recent-post3 with-image\" href=\"https:\/\/groweriq.ca\/es\/2024\/03\/11\/estadisticas-de-la-industria-del-cannabis-en-2024-hechos-y-estadisticas-sobre-la-industria-del-cannabis\/\" title=\"Permalink to: &quot;Estad\u00edsticas de la Industria del Cannabis en 2024: Hechos y estad\u00edsticas sobre la industria del cannabis&quot;\"><article id=\"post-25593\" class=\"post-25593 post type-post status-publish format-standard has-post-thumbnail hentry category-canada-es tag-industria-del-cannabis tag-negocio-de-cannabis\"><div class=\"entry-wrap\"><div class=\"x-recent-posts-img\" style=\"background-image: url(https:\/\/groweriq.ca\/wp-content\/uploads\/2019\/06\/HealthLicense3-930x520.png);\"><i class='x-framework-icon x-recent-posts-icon' data-x-icon-s='&#xf15c;' aria-hidden=true><\/i><\/div><div class=\"x-recent-posts-content\"><h3 class=\"h-recent-posts\">Estad\u00edsticas de la Industria del Cannabis en 2024: Hechos y estad\u00edsticas sobre la industria del cannabis<\/h3><span class=\"x-recent-posts-date\">11 de marzo de 2024<\/span><\/div><\/div><\/article><\/a><a class=\"x-recent-post3 with-image\" href=\"https:\/\/groweriq.ca\/es\/2024\/03\/04\/crm-semilla-a-venta-cuales-son-las-principales-funciones-a-considerar\/\" title=\"Permalink to: &quot;CRM Semilla a Venta: Cu\u00e1les son las principales funciones a considerar&quot;\"><article id=\"post-25553\" class=\"post-25553 post type-post status-publish format-standard has-post-thumbnail hentry category-trazabilidad tag-industria-del-cannabis tag-maestro-cultivador tag-negocio-de-cannabis\"><div class=\"entry-wrap\"><div class=\"x-recent-posts-img\" style=\"background-image: url(https:\/\/groweriq.ca\/wp-content\/uploads\/2020\/01\/SOP-02-opt-870x520.jpg);\"><i class='x-framework-icon x-recent-posts-icon' data-x-icon-s='&#xf15c;' aria-hidden=true><\/i><\/div><div class=\"x-recent-posts-content\"><h3 class=\"h-recent-posts\">CRM Semilla a Venta: Cu\u00e1les son las principales funciones a considerar<\/h3><span class=\"x-recent-posts-date\">4 de marzo de 2024<\/span><\/div><\/div><\/article><\/a><\/div><\/div><\/div><\/div><\/div><div class=\"x-section e4174-e8 m37y-1 m37y-2\"><div class=\"x-container max width e4174-e9 m37y-a\"><div class=\"x-column x-sm x-1-2 e4174-e10 m37y-b\"><div class=\"x-text x-text-headline e4174-e11 m37y-8 m37y-9\"><div class=\"x-text-content\"><div class=\"x-text-content-text\"><h2 class=\"x-text-content-text-primary\"><span>About GrowerIQ<\/span><\/h2>\n<\/div><\/div><\/div><div class=\"x-content-area e4174-e12 m37y-c\">GrowerIQ is a complete cannabis production management platform. Ours is the first platform to integrate your facility systems, including sensors, building controls, QMS, and ERP, into a single simplified interface.\n<br\/><br\/>\n\nGrowerIQ is changing the way producers use software - transforming a regulatory requirement into a robust platform to learn, analyze, and improve performance. \n<br\/><br\/>\n\nTo find out more about GrowerIQ and how we can help, fill out the form to the right, start a chat, or <a class=\"link\" href=\"\/contact-us\/\">contact us<\/a>.<\/div><\/div><div class=\"x-column x-sm x-1-2 e4174-e13 m37y-b\"><div class=\"x-content-area x-hide-sm x-hide-xs e4174-e14 m37y-c\"><h2 style=\"color: white !important;\">Start today.<\/h2>\n<p style=\"color: white !important;\">Let us know how to reach you, and we'll get in touch to discuss your project.<\/p>\n<div class=\"salesforce_w2l_lead sf_one_column\"><form id=\"sf_form_salesforce_w2l_lead_4\" class=\"w2llead placeholders\" method=\"post\" action=\"#sf_form_salesforce_w2l_lead_4\"><div class=\"sf_field sf_field_first_name sf_type_text\">\t<input type=\"text\" placeholder=\"Name *\" value=\"\" id=\"sf_first_name\" class=\"w2linput text\" name=\"first_name\"  \/><div class=\"clearfix\"><\/div><\/div><div class=\"sf_field sf_field_email sf_type_text\">\t<input type=\"text\" placeholder=\"Email *\" value=\"\" id=\"sf_email\" class=\"w2linput text\" name=\"email\"  \/><div class=\"clearfix\"><\/div><\/div><div class=\"sf_field sf_field_description sf_type_textarea\">\t\t<textarea id=\"sf_description\" class=\"w2linput textarea\" name=\"description\" placeholder=\"Message\"><\/textarea><div class=\"clearfix\"><\/div><\/div>\t\t<input type=\"hidden\" id=\"sf_GCLID__c\" class=\"w2linput hidden\" name=\"GCLID__c\" value=\"\" \/>\t\t<input type=\"hidden\" id=\"sf_Utm_campaign__c\" class=\"w2linput hidden\" name=\"Utm_campaign__c\" value=\"\" \/>\t\t<input type=\"hidden\" id=\"sf_Utm_content__c\" class=\"w2linput hidden\" name=\"Utm_content__c\" value=\"\" \/>\t\t<input type=\"hidden\" id=\"sf_Utm_medium__c\" class=\"w2linput hidden\" name=\"Utm_medium__c\" value=\"\" \/>\t\t<input type=\"hidden\" id=\"sf_Utm_source__c\" class=\"w2linput hidden\" name=\"Utm_source__c\" value=\"\" \/>\t\t<input type=\"hidden\" id=\"sf_Utm_term__c\" class=\"w2linput hidden\" name=\"Utm_term__c\" value=\"\" \/>\t\t<input type=\"hidden\" id=\"sf_Referral_url__c\" class=\"w2linput hidden\" name=\"Referral_url__c\" value=\"\" \/>\t<input type=\"text\" name=\"message\" class=\"w2linput\" value=\"\" style=\"display: none;\" \/>\t<input type=\"hidden\" name=\"form_id\" class=\"w2linput\" value=\"4\" \/>\t<div class=\"w2lsubmit\"><input type=\"submit\" name=\"w2lsubmit\" class=\"w2linput submit\" value=\"Get Started\" \/><\/div><\/form><\/div>\n\n<p style=\"color: white !important; font-size: 9px !important; line-height: 15px !important;\">GrowerIQ does not share, sell, rent, or trade personally identifiable information with third parties for promotional purposes. <a href=\"\/privacy-policy\/\" style=\"color: white !important; text-decoration: underline !important;\">Privacy Policy<\/a><\/p><\/div><\/div><\/div><\/div><\/div>\n","protected":false},"excerpt":{"rendered":"<p>GrowerIQ se ha asociado recientemente con Master Plant Holdings Inc, una de las principales plataformas europeas de cannabis para adultos.<\/p>\n","protected":false},"author":29,"featured_media":0,"parent":0,"menu_order":0,"comment_status":"closed","ping_status":"closed","template":"","meta":{"_elementor_css":"","footnotes":""},"categories":[443,444,361],"tags":[320,387,292,364,378,374,386,895,326,325,381,369,366],"class_list":["post-14944","page","type-page","status-publish","hentry","category-caso-practico","category-testimonio","category-trazabilidad","tag-cannabis-es","tag-consultoria-de-cannabis","tag-cultivo-de-cannabis","tag-groweriq-es","tag-industria-del-cannabis","tag-maestro-cultivador","tag-marihuana-medicinal","tag-master-plant-es","tag-negocio-de-cannabis","tag-plan-de-negocios-de-cannabis","tag-proceso-de-concesion-de-licencias","tag-regulacion-del-cannabis","tag-trazabilidad","no-post-thumbnail"],"_links":{"self":[{"href":"https:\/\/groweriq.ca\/es\/wp-json\/wp\/v2\/pages\/14944","targetHints":{"allow":["GET"]}}],"collection":[{"href":"https:\/\/groweriq.ca\/es\/wp-json\/wp\/v2\/pages"}],"about":[{"href":"https:\/\/groweriq.ca\/es\/wp-json\/wp\/v2\/types\/page"}],"author":[{"embeddable":true,"href":"https:\/\/groweriq.ca\/es\/wp-json\/wp\/v2\/users\/29"}],"replies":[{"embeddable":true,"href":"https:\/\/groweriq.ca\/es\/wp-json\/wp\/v2\/comments?post=14944"}],"version-history":[{"count":5,"href":"https:\/\/groweriq.ca\/es\/wp-json\/wp\/v2\/pages\/14944\/revisions"}],"predecessor-version":[{"id":17109,"href":"https:\/\/groweriq.ca\/es\/wp-json\/wp\/v2\/pages\/14944\/revisions\/17109"}],"wp:attachment":[{"href":"https:\/\/groweriq.ca\/es\/wp-json\/wp\/v2\/media?parent=14944"}],"wp:term":[{"taxonomy":"category","embeddable":true,"href":"https:\/\/groweriq.ca\/es\/wp-json\/wp\/v2\/categories?post=14944"},{"taxonomy":"post_tag","embeddable":true,"href":"https:\/\/groweriq.ca\/es\/wp-json\/wp\/v2\/tags?post=14944"}],"curies":[{"name":"wp","href":"https:\/\/api.w.org\/{rel}","templated":true}]}}