{"id":13437,"date":"2022-08-07T16:10:05","date_gmt":"2022-08-07T20:10:05","guid":{"rendered":"https:\/\/groweriq.ca\/asociaciones\/programa-de-socios-de-servicios\/"},"modified":"2025-05-15T12:32:15","modified_gmt":"2025-05-15T16:32:15","slug":"programa-de-socios-de-servicios","status":"publish","type":"page","link":"https:\/\/groweriq.ca\/es\/asociaciones\/programa-de-socios-de-servicios\/","title":{"rendered":"Programa de Socios de Servicios"},"content":{"rendered":"\n<h1>Nuestros socios de servicios impulsan su crecimiento y el de sus clientes con acceso directo a las herramientas de ventas, la metodolog\u00eda y la experiencia de GrowerIQ.<\/h1>\n\n\n\n<p>&nbsp;<\/p>\n\n\n\n<p><br \/><br \/><\/p>\n<center>\n<h2><b>\u00bfPor qu\u00e9 asociarse con GrowerIQ?<\/b><\/h2>\n<\/center>\n\n\n\n<div class=\"wp-block-columns is-layout-flex wp-container-core-columns-is-layout-9d6595d7 wp-block-columns-is-layout-flex\">\n<div class=\"wp-block-column has-background is-layout-flow wp-block-column-is-layout-flow\" style=\"background-color:#f3f3f3\">\n<br \/>\n\n\n<div class=\"wp-block-image\">\n<figure class=\"aligncenter size-large is-resized\"><img decoding=\"async\" src=\"https:\/\/groweriq.ca\/wp-content\/uploads\/2022\/06\/icons8-economic-growth-64-1.png\" alt=\"Programa de Socios de Servicios de GrowerIQ\" style=\"width:64px;height:64px\"\/><\/figure>\n<\/div>\n\n\n<h3 class=\"wp-block-heading\">Crecer con el l\u00edder del sector<\/h3>\n\n\n\n<p class=\"has-text-align-center\"><p>Con una cuota de mercado l\u00edder en jurisdicciones de todo el mundo, es probable que GrowerIQ ya est\u00e9 operando en su regi\u00f3n. Asociarse con los mejores le permite <strong>cerrar m\u00e1s tratos<\/strong> y expandirse hacia nuevas l\u00edneas de servicio.<\/p><\/p>\n\n\n\n<br \/>\n<\/div>\n\n\n\n<div class=\"wp-block-column has-background is-layout-flow wp-block-column-is-layout-flow\" style=\"background-color:#f3f3f3\">\n<br \/>\n\n\n<div class=\"wp-block-image\">\n<figure class=\"aligncenter size-large\"><img decoding=\"async\" src=\"https:\/\/groweriq.ca\/wp-content\/uploads\/2022\/06\/icons8-earth-planet-64.png\" alt=\"Programa de Socios de Servicios de GrowerIQ\"\/><\/figure>\n<\/div>\n\n\n<h3 class=\"wp-block-heading\">Ampl\u00ede el negocio de sus clientes<\/h3>\n\n\n\n<p class=\"has-text-align-center\"><p>Las instalaciones de producci\u00f3n de \u00e9xito aprovechan la mejor tecnolog\u00eda disponible para impulsar la eficiencia y cumplir la normativa. Las empresas m\u00e1s eficientes escalan y se convierten en l\u00edderes del sector. <strong>Permita a sus clientes escalar<\/strong> con GrowerIQ.<\/p><\/p>\n\n\n\n<br \/>\n<\/div>\n\n\n\n<div class=\"wp-block-column has-background is-layout-flow wp-block-column-is-layout-flow\" style=\"background-color:#f3f3f3\">\n<br \/>\n\n\n<div class=\"wp-block-image\">\n<figure class=\"aligncenter size-large\"><img decoding=\"async\" src=\"https:\/\/groweriq.ca\/wp-content\/uploads\/2022\/06\/icons8-barcode-approve-64.png\" alt=\"Programa de Socios de Servicios de GrowerIQ\"\/><\/figure>\n<\/div>\n\n\n<h3 class=\"wp-block-heading\">Convi\u00e9rtete en un experto en tecnolog\u00eda del cannabis<\/h3>\n\n\n\n<p class=\"has-text-align-center\"><p>Entre las ventajas de pertenecer al programa de socios de servicio se incluye el acceso a materiales de formaci\u00f3n, material de ventas, demostraciones de productos y formaci\u00f3n en seminarios web. Le proporcionamos las herramientas para <strong>convertirse en un experto en tecnolog\u00eda del cannabis<\/strong><\/p><\/p>\n\n\n\n<br \/>\n<\/div>\n<\/div>\n\n\n\n<p><br \/><br \/><\/p>\n<h2><b>Potencie Su Negocio<\/b><\/h2>\n\n\n\n<div class=\"wp-block-columns is-layout-flex wp-container-core-columns-is-layout-9d6595d7 wp-block-columns-is-layout-flex\">\n<div class=\"wp-block-column is-layout-flow wp-block-column-is-layout-flow\" style=\"flex-basis:100%\">\n<div class=\"wp-block-group\"><div class=\"wp-block-group__inner-container is-layout-flow wp-block-group-is-layout-flow\">\n<div class=\"wp-block-columns is-layout-flex wp-container-core-columns-is-layout-9d6595d7 wp-block-columns-is-layout-flex\">\n<div class=\"wp-block-column is-layout-flow wp-block-column-is-layout-flow\">\n<p><a href=\"https:\/\/groweriq.ca\/es\/\">GrowerIQ <\/a>recibe consultas de todo el mundo. Nos apoyamos en nuestra incre\u00edble red de socios seleccionados para llevar a cabo esta labor de asesoramiento con la profesionalidad y la atenci\u00f3n al detalle por las que somos conocidos.<\/p>\n\n\n\n<p>\u00bfLe suena a usted?<\/p>\n\n\n\n<p>Solicite el <strong>Programa de Socios de Servicios<\/strong> para acceder a esta corriente de negocio, o para ofrecer a sus clientes actuales una plataforma ERP para cannabis l\u00edder en el sector y <a href=\"https:\/\/groweriq.ca\/2019\/04\/05\/groweriq-is-more-than-seed-to-sale-software\/\" target=\"_blank\" rel=\"noreferrer noopener\">software de cultivo de cannabis<\/a>. Los socios de servicio de <a href=\"https:\/\/groweriq.ca\/es\/\" data-type=\"link\" data-id=\"https:\/\/groweriq.ca\/es\/\">GrowerIQ<\/a> reciben una formaci\u00f3n completa, material de ventas y generosos incentivos del programa de referencias.<\/p>\n\n\n\n<p><strong>Potencie su negocio hoy mismo asoci\u00e1ndose con GrowerIQ.<\/strong><\/p>\n\n\n\n<p>&nbsp;<\/p>\n<\/div>\n\n\n\n<div class=\"wp-block-column is-layout-flow wp-block-column-is-layout-flow\">\n<figure class=\"wp-block-image size-large\"><img decoding=\"async\" src=\"https:\/\/groweriq.ca\/wp-content\/uploads\/2021\/03\/Germanabis-quote-V1.jpg\" alt=\"Programa de Socios de Servicios de GrowerIQ\" title=\"Asociaci\u00f3n entre Germanabis y GrowerIQ\"\/><\/figure>\n<\/div>\n<\/div>\n<\/div><\/div>\n<\/div>\n<\/div>\n\n\n\n<center>\n<h2><b>\u00bfQui\u00e9n Debe Inscribirse en el Programa de Socios de Servicios?<\/b><\/h2>\n<\/center>\n\n\n\n<div class=\"wp-block-columns is-layout-flex wp-container-core-columns-is-layout-9d6595d7 wp-block-columns-is-layout-flex\">\n<div class=\"wp-block-column is-layout-flow wp-block-column-is-layout-flow\" style=\"flex-basis:100%\"><\/div>\n<\/div>\n\n\n\n<div class=\"wp-block-columns is-layout-flex wp-container-core-columns-is-layout-9d6595d7 wp-block-columns-is-layout-flex\">\n<div class=\"wp-block-column is-layout-flow wp-block-column-is-layout-flow\">\n<h2><strong>Externalizaci\u00f3n de Procesos Empresariales<\/strong><\/h2>\n\n\n\n<p class=\"has-text-align-center\"><p>Nuestros socios locales de BPO e integradores son expertos en la plataforma GrowerIQ, y ayudan a integrar la gran variedad de sistemas in situ para lograr la m\u00e1xima integraci\u00f3n.<\/p><\/p>\n<\/div>\n\n\n\n<div class=\"wp-block-column is-layout-flow wp-block-column-is-layout-flow\">\n<h2><strong>Consultor\u00edas<\/strong><\/h2>\n\n\n\n<p class=\"has-text-align-center\"><p>Nuestros socios consultores aprovechan el historial de cumplimiento de confianza de nuestra plataforma de gesti\u00f3n del cannabis y su alcance mundial para garantizar que sus clientes sigan cumpliendo las normas y tengan \u00e9xito.<\/p><\/p>\n<\/div>\n<\/div>\n\n\n\n<p>\u00a0<\/p>\n<center>\n<h2><b>\u00bfQuiere Convertirse en Socio de GrowerIQ?<\/b><\/h2>\n<\/center>\n\n\n\n<div class=\"wp-block-columns is-layout-flex wp-container-core-columns-is-layout-9d6595d7 wp-block-columns-is-layout-flex\">\n<div class=\"wp-block-column is-layout-flow wp-block-column-is-layout-flow\">\n<h2 style=\"font-size: 25px;\"><strong>Aplicar<\/strong><\/h2>\n\n\n<div class=\"wp-block-image\">\n<figure class=\"aligncenter size-large is-resized\"><img decoding=\"async\" src=\"https:\/\/groweriq.ca\/wp-content\/uploads\/2022\/06\/icons8-mail-100.png\" alt=\"Programa de Socios de Servicios de GrowerIQ\" style=\"width:100px;height:100px\"\/><\/figure>\n<\/div>\n\n\n<p class=\"has-text-align-center\"><p>Los consultores, las agencias y los BPO son bienvenidos. Si encaja bien, programaremos una llamada de presentaci\u00f3n. Aseg\u00farese de incluir su enfoque regional y el perfil t\u00edpico del cliente.<\/p><\/p>\n<\/div>\n\n\n\n<div class=\"wp-block-column is-layout-flow wp-block-column-is-layout-flow\">\n<h2 style=\"font-size: 25px;\"><strong>Firma<\/strong><\/h2>\n\n\n<div class=\"wp-block-image\">\n<figure class=\"aligncenter size-large\"><img decoding=\"async\" src=\"https:\/\/groweriq.ca\/wp-content\/uploads\/2022\/06\/icons8-message-quality-100.png\" alt=\"Programa de Socios de Servicios de GrowerIQ\"\/><\/figure>\n<\/div>\n\n\n<p class=\"has-text-align-center\"><p>Compartiremos con usted nuestro acuerdo oficial. Una vez que lo haya revisado y firmado, estar\u00e1 listo.<\/p><\/p>\n<\/div>\n\n\n\n<div class=\"wp-block-column is-layout-flow wp-block-column-is-layout-flow\">\n<h2 style=\"font-size: 25px;\"><strong>A bordo<\/strong><\/h2>\n\n\n<div class=\"wp-block-image\">\n<figure class=\"aligncenter size-large\"><img decoding=\"async\" src=\"https:\/\/groweriq.ca\/wp-content\/uploads\/2022\/06\/icons8-classroom-100.png\" alt=\"Programa de Socios de Servicios de GrowerIQ\"\/><\/figure>\n<\/div>\n\n\n<p class=\"has-text-align-center\"><p>Por \u00faltimo, pondremos en marcha su proceso de incorporaci\u00f3n y formaci\u00f3n para que pueda desarrollar su estrategia GrowerIQ.<\/p><\/p>\n<\/div>\n<\/div>\n\n\n<div class=\"cs-content x-global-block x-global-block-12954 e12954-e0\"><div class=\"x-section e12954-e1 m9zu-0\"><div class=\"x-container max width e12954-e2 m9zu-1\"><div class=\"x-column x-sm x-1-2 e12954-e3 m9zu-2\"><span class=\"x-image e12954-e4 m9zu-3 x-image x-image x-img x-img-thumbnail\"><img fetchpriority=\"high\" decoding=\"async\" src=\"http:\/\/groweriq.ca\/wp-content\/uploads\/2022\/06\/HighRes1-opt-w-logo.png\" width=\"2000\" height=\"1040\" alt=\"Image\"><\/span><div class=\"x-content-area e12954-e5 m9zu-4\"><p>GrowerIQ is the first platform to bring together all of the fragmented systems required by cannabis production facilities around the world.<\/p>\n\n<p>Get started on your partnership with a world leader in cannabis technology by filling out the application form.<\/p><\/div><\/div><div class=\"x-column x-sm x-1-2 e12954-e6 m9zu-2\"><div class=\"x-content-area e12954-e7 m9zu-4\"><h2 style=\"color: white !important;\">Apply Now.<\/h2>\n<p style=\"color: white !important;\">Let us know how to reach you, and we'll get in touch to review your application.<\/p>\n<div class=\"salesforce_w2l_lead sf_one_column\"><form id=\"sf_form_salesforce_w2l_lead_8\" class=\"w2llead placeholders\" method=\"post\" action=\"#sf_form_salesforce_w2l_lead_8\"><div class=\"sf_field sf_field_first_name sf_type_text\">\t<input type=\"text\" placeholder=\"Name *\" value=\"\" id=\"sf_first_name\" class=\"w2linput text\" name=\"first_name\"  \/><div class=\"clearfix\"><\/div><\/div><div class=\"sf_field sf_field_email sf_type_text\">\t<input type=\"text\" placeholder=\"Email *\" value=\"\" id=\"sf_email\" class=\"w2linput text\" name=\"email\"  \/><div class=\"clearfix\"><\/div><\/div><div class=\"sf_field sf_field_description sf_type_textarea\">\t\t<textarea id=\"sf_description\" class=\"w2linput textarea\" name=\"description\" placeholder=\"Message\"><\/textarea><div class=\"clearfix\"><\/div><\/div>\t\t<input type=\"hidden\" id=\"sf_GCLID__c\" class=\"w2linput hidden\" name=\"GCLID__c\" value=\"\" \/>\t\t<input type=\"hidden\" id=\"sf_Utm_campaign__c\" class=\"w2linput hidden\" name=\"Utm_campaign__c\" value=\"\" \/>\t\t<input type=\"hidden\" id=\"sf_Utm_content__c\" class=\"w2linput hidden\" name=\"Utm_content__c\" value=\"\" \/>\t\t<input type=\"hidden\" id=\"sf_Utm_medium__c\" class=\"w2linput hidden\" name=\"Utm_medium__c\" value=\"\" \/>\t\t<input type=\"hidden\" id=\"sf_Utm_source__c\" class=\"w2linput hidden\" name=\"Utm_source__c\" value=\"\" \/>\t\t<input type=\"hidden\" id=\"sf_Utm_term__c\" class=\"w2linput hidden\" name=\"Utm_term__c\" value=\"\" \/>\t\t<input type=\"hidden\" id=\"sf_Referral_url__c\" class=\"w2linput hidden\" name=\"Referral_url__c\" value=\"\" \/>\t<input type=\"text\" name=\"message\" class=\"w2linput\" value=\"\" style=\"display: none;\" \/>\t<input type=\"hidden\" name=\"form_id\" class=\"w2linput\" value=\"8\" \/>\t<div class=\"w2lsubmit\"><input type=\"submit\" name=\"w2lsubmit\" class=\"w2linput submit\" value=\"Grow My Business Now\" \/><\/div><\/form><\/div>\n\n<p style=\"color: white !important; font-size: 9px !important; line-height: 15px !important;\">GrowerIQ does not share, sell, rent, or trade personally identifiable information with third parties for promotional purposes. <a href=\"\/privacy-policy\/\" style=\"color: white !important; text-decoration: underline !important;\">Privacy Policy<\/a><\/p><\/div><\/div><\/div><\/div><\/div>\n","protected":false},"excerpt":{"rendered":"<p>Aprenda a integrarse con GrowerIQ y desbloquee oportunidades de generar ingresos con nuestro Programa de Socios de Servicios.<\/p>\n","protected":false},"author":12,"featured_media":13151,"parent":12229,"menu_order":0,"comment_status":"closed","ping_status":"closed","template":"template-layout-full-width.php","meta":{"_elementor_css":"","footnotes":""},"categories":[795,794],"tags":[797,796],"class_list":["post-13437","page","type-page","status-publish","has-post-thumbnail","hentry","category-programa-de-socios-de-servicios","category-socio-del-canal","tag-programa-de-socios-de-servicios","tag-socio-del-canal"],"_links":{"self":[{"href":"https:\/\/groweriq.ca\/es\/wp-json\/wp\/v2\/pages\/13437","targetHints":{"allow":["GET"]}}],"collection":[{"href":"https:\/\/groweriq.ca\/es\/wp-json\/wp\/v2\/pages"}],"about":[{"href":"https:\/\/groweriq.ca\/es\/wp-json\/wp\/v2\/types\/page"}],"author":[{"embeddable":true,"href":"https:\/\/groweriq.ca\/es\/wp-json\/wp\/v2\/users\/12"}],"replies":[{"embeddable":true,"href":"https:\/\/groweriq.ca\/es\/wp-json\/wp\/v2\/comments?post=13437"}],"version-history":[{"count":6,"href":"https:\/\/groweriq.ca\/es\/wp-json\/wp\/v2\/pages\/13437\/revisions"}],"predecessor-version":[{"id":29673,"href":"https:\/\/groweriq.ca\/es\/wp-json\/wp\/v2\/pages\/13437\/revisions\/29673"}],"up":[{"embeddable":true,"href":"https:\/\/groweriq.ca\/es\/wp-json\/wp\/v2\/pages\/12229"}],"wp:featuredmedia":[{"embeddable":true,"href":"https:\/\/groweriq.ca\/es\/wp-json\/wp\/v2\/media\/13151"}],"wp:attachment":[{"href":"https:\/\/groweriq.ca\/es\/wp-json\/wp\/v2\/media?parent=13437"}],"wp:term":[{"taxonomy":"category","embeddable":true,"href":"https:\/\/groweriq.ca\/es\/wp-json\/wp\/v2\/categories?post=13437"},{"taxonomy":"post_tag","embeddable":true,"href":"https:\/\/groweriq.ca\/es\/wp-json\/wp\/v2\/tags?post=13437"}],"curies":[{"name":"wp","href":"https:\/\/api.w.org\/{rel}","templated":true}]}}