{"id":12540,"date":"2022-06-05T12:20:58","date_gmt":"2022-06-05T16:20:58","guid":{"rendered":"https:\/\/groweriq.ca\/como-obtener-una-licencia-de-cultivo-de-cannabis-en-san-vicente-y-las-granadinas\/"},"modified":"2023-01-29T10:37:41","modified_gmt":"2023-01-29T15:37:41","slug":"como-obtener-una-licencia-de-cultivo-de-cannabis-en-san-vicente-y-las-granadinas","status":"publish","type":"page","link":"https:\/\/groweriq.ca\/es\/como-obtener-una-licencia-de-cultivo-de-cannabis-en-san-vicente-y-las-granadinas\/","title":{"rendered":"C\u00f3mo Obtener una Licencia de Cultivo de Cannabis en San Vicente y las Granadinas"},"content":{"rendered":"\n<h2 class=\"subheader wp-block-heading\">San Vicente y las Granadinas tienen grandes esperanzas en su industria de la marihuana medicinal, \u00bfpodr\u00eda <em>usted<\/em> ser uno de los actores locales o internacionales de este nuevo mercado del cannabis?<\/h2>\n\n\n\n<p>Antes de empezar, si a\u00fan no tienes tu&nbsp;<a href=\"https:\/\/groweriq.ca\/es\/como-obtener-una-licencia-de-cannabis-en-espana\/\" target=\"_blank\" rel=\"noreferrer noopener\">Licencia de Cannabis en Espa\u00f1a<\/a>, \u00a1te instamos a que la obtengas cuanto antes! Haz clic en el enlace para obtener una gu\u00eda sobre c\u00f3mo obtener tu licencia.<\/p>\n\n\n\n<p>Cuando se piensa en el cannabis en el Caribe, es probable que Jamaica sea la primera isla que viene a nuestra mente. Sin embargo, otros pa\u00edses de las islas est\u00e1n presentando activamente una legislaci\u00f3n favorable al cannabis. La naci\u00f3n caribe\u00f1a de San Vicente y las Granadinas (SVG) comenz\u00f3 a despenalizar la marihuana en 2018 y ha legalizado el uso y la fabricaci\u00f3n de marihuana medicinal. En 2019, tanto las empresas internacionales como las locales recibieron licencias de cultivo de cannabis para San Vicente y las Granadinas. Matt Lamers de reportes de <a rel=\"noreferrer noopener\" href=\"https:\/\/mjbizdaily.com\/first-medicinal-cannabis-licensces-granted-in-st-vincent-and-the-grenadines\/\" target=\"_blank\">Marijuana Business Daily<\/a> :<\/p>\n\n\n\n<blockquote class=\"wp-block-quote is-layout-flow wp-block-quote-is-layout-flow\">\n<p>Diez empresas con miembros del consejo de administraci\u00f3n procedentes de Canad\u00e1, el Caribe, Europa y \u00c1frica fueron algunas de las que obtuvieron las primeras nuevas licencias. Las 24 restantes se destinaron a agricultores individuales locales o a cooperativas agr\u00edcolas con un n\u00famero total de miembros de m\u00e1s de 100 cultivadores, seg\u00fan un comunicado de la Autoridad del Cannabis Medicinal (MCA). La MCA espera aprobar otras 200 licencias de cultivo antes del 1 de septiembre [2019].<\/p>\n<\/blockquote>\n\n\n\n<p>\u00bfQu\u00e9 hay que hacer para obtener una licencia de cannabis en San Vicente y las Granadinas?<\/p>\n\n\n\n<h2 class=\"wp-block-heading\">Legalizaci\u00f3n del Cannabis en San Vicente y las Granadinas<\/h2>\n\n\n\n<p>En SVG, la marihuana medicinal puede obtenerse si la prescribe un m\u00e9dico para una enfermedad que cumpla los requisitos. El cannabis es dispensado por las farmacias y los farmac\u00e9uticos que tienen la autorizaci\u00f3n, o por un cuidador autorizado. Las recetas individuales no pueden superar un suministro de 30 d\u00edas.<\/p>\n\n\n\n<h3 class=\"wp-block-heading\">Condiciones que Califican para la Marihuana Medicinal en San Vicente y las Granadinas<\/h3>\n\n\n\n<ul class=\"wp-block-list\">\n<li>Dolor asociado al c\u00e1ncer<\/li>\n\n\n\n<li>N\u00e1useas y v\u00f3mitos graves y resistentes al tratamiento debido a la quimioterapia<\/li>\n\n\n\n<li>Estado de VIH\/SIDA o Hepatitis B positivo<\/li>\n\n\n\n<li>Pacientes de la enfermedad de Parkinson<\/li>\n\n\n\n<li>Pacientes con esclerosis m\u00faltiple (EM)<\/li>\n\n\n\n<li>Pacientes con epilepsia severa intratable o S\u00edndrome de Dravet<\/li>\n\n\n\n<li>Pacientes con da\u00f1os en el tejido nervioso de la m\u00e9dula espinal con indicaci\u00f3n neurol\u00f3gica objetiva de espasticidad intratable<\/li>\n\n\n\n<li>Pacientes con TEPT, ansiedad, depresi\u00f3n, trastornos del sue\u00f1o y autismo<\/li>\n\n\n\n<li>Artritis reumatoide o cualquier otro trastorno inflamatorio cr\u00f3nico similar con afecciones graves o debilitantes<\/li>\n\n\n\n<li>Dolor cr\u00f3nico<\/li>\n\n\n\n<li>Otras enfermedades como el glaucoma, la anemia de c\u00e9lulas falciformes, la enfermedad de Alzheimer y la enfermedad de Crohn<\/li>\n<\/ul>\n\n\n\n<p>Las normas para el consumo de cannabis proh\u00edben el consumo de marihuana medicinal en espacios p\u00fablicos, cuando se conduce un veh\u00edculo y en residencias privadas que sean guarder\u00edas autorizadas.<\/p>\n\n\n\n<h2 class=\"wp-block-heading\">Clasificaci\u00f3n de las Drogas en San Vicente y las Granadinas<\/h2>\n\n\n\n<p>San Vicente y las Granadinas no cuenta con un programa nacional de lucha contra las drogas totalmente establecido y financiado, pero s\u00ed tiene <a rel=\"noreferrer noopener\" href=\"http:\/\/www.cicad.oas.org\/MEM\/ENG\/Reports\/Fourth%20Round%20Full\/St%20Vincent%20-%20Fourth%20Round%20-%20ENG.pdf\" target=\"_blank\">alguna legislaci\u00f3n<\/a> para el control de las drogas. A partir de 2020, SVG ha puesto en marcha la <a rel=\"noreferrer noopener\" href=\"https:\/\/mca.vc\/cannabis-cultivation-amnesty-act\/\" target=\"_blank\">Ley de Amnist\u00eda del Cultivo de Cannabis<\/a>, que permite a los cultivadores ilegales de marihuana entregar los cultivos del mercado negro. La ley no condena a estos cultivadores, sino que les ayuda a pasar al cultivo legal con fines medicinales.<\/p>\n\n\n\n<p>SVG tambi\u00e9n ha despenalizado la tenencia de hasta 56 gramos de marihuana, lo que no dar\u00e1 lugar a antecedentes penales. Tambi\u00e9n se ha despenalizado fumar marihuana en privado, pero su consumo recreativo en p\u00fablico sigue siendo un delito. El uso del Cannabis para <a rel=\"noreferrer noopener\" href=\"http:\/\/www.gov.vc\/images\/PoliciesActsAndBills\/The_Permitted_Use_of_Cannabis_for_Religious_Purposes_Act_ACT_of-2018.pdf\" target=\"_blank\">prop\u00f3sitos religiosos<\/a> tambi\u00e9n est\u00e1 despenalizado en SVG.<\/p>\n\n\n\n<h2 class=\"wp-block-heading\">Marihuana Medicinal en San Vicente y las Granadinas<\/h2>\n\n\n\n<p>Las tarifas de las licencias de cultivo de cannabis en San Vicente y las Granadinas oscilan entre los 2,67 millones de d\u00f3lares del Caribe Oriental (aproximadamente un mill\u00f3n de d\u00f3lares) para un permiso de clase E y los 100.000 d\u00f3lares del Caribe Oriental para la clase A, lo que hace que la concesi\u00f3n de licencias en SVG sea asequible. Las islas son un lugar de cultivo muy atractivo por su rico suelo volc\u00e1nico y su clima tropical (abundante sol y lluvia), que hace posible el cultivo durante todo el a\u00f1o.<\/p>\n\n\n\n<p>Sin embargo, el clima ideal para el cultivo de cannabis no permite que las <a rel=\"noreferrer noopener\" href=\"https:\/\/www.mmjdaily.com\/article\/9235778\/growing-on-volcanic-soil-cannabis-in-st-vincent-and-the-grenadines\/\" target=\"_blank\">variedades extranjeras<\/a> conocidas den buenos resultados all\u00ed. Hay m\u00e1s amenazas de moho y plagas que en Norteam\u00e9rica o Europa, lo que dificulta que las cepas extranjeras se aclimaten al entorno. Las variedades locales no est\u00e1n totalmente feminizadas, por lo que hay que trabajar para establecer variedades feminizadas y que puedan tolerar las plagas y los pat\u00f3genos aut\u00f3ctonos de la isla.<\/p>\n\n\n\n<p>La exposici\u00f3n a la luz del sol del Caribe y las diferentes altitudes de las islas son otros factores que las cepas extranjeras tendr\u00e1n que soportar. Esto significa que actualmente hay una gran demanda para que los criadores desarrollen cepas de marihuana medicinal que puedan prosperar en el clima de San Vicente.<\/p>\n\n\n\n<h2 class=\"wp-block-heading\">Regulaci\u00f3n de la Marihuana Medicinal en San Vicente y las Granadinas<\/h2>\n\n\n\n<p>La ley que regula la marihuana medicinal en SVG se llama \u00ab<span class=\"has-inline-color has-very-dark-gray-color\"><a rel=\"noreferrer noopener\" href=\"https:\/\/mca.vc\/legislation\/saint-vincent-and-the-grenadines-medicinal-cannabis-industry-act-2018\/#Part4\" target=\"_blank\">Ley de la Industria del Cannabis Medicinal de San Vicente y las Granadinas de 2018<\/a><\/span>\u201d Esta normativa establece las leyes para el cultivo de cannabis medicinal y fija los procedimientos de concesi\u00f3n de licencias para todas las actividades relacionadas. Las diferentes licencias disponibles son:<\/p>\n\n\n\n<ul class=\"wp-block-list\">\n<li>Licencia de cultivo de cannabis medicinal (est\u00e1ndar)<\/li>\n\n\n\n<li>Licencia de cultivo tradicional para que los ciudadanos solos puedan cultivar cannabis en determinadas condiciones<\/li>\n\n\n\n<li>Licencia de transporte para el cannabis medicinal<\/li>\n\n\n\n<li>Licencia de fabricaci\u00f3n de cannabis medicinal<\/li>\n\n\n\n<li>Licencias de dispensaci\u00f3n y venta de cannabis<\/li>\n\n\n\n<li>Licencias de importaci\u00f3n y exportaci\u00f3n de cannabis<\/li>\n\n\n\n<li>Licencia de investigaci\u00f3n para la marihuana medicinal<\/li>\n<\/ul>\n\n\n\n<h2 class=\"wp-block-heading\">C\u00f3mo Obtener una Licencia de Marihuana Medicinal en San Vicente y las Granadinas<\/h2>\n\n\n\n<p>El <a rel=\"noreferrer noopener\" href=\"https:\/\/mca.vc\/application-process\/\" target=\"_blank\">proceso para obtener<\/a> licencias de marihuana medicinal en San Vicente y las Granadinas est\u00e1 bien establecido. Adem\u00e1s de los tr\u00e1mites para la obtenci\u00f3n de la licencia, los solicitantes tienen que superar la comprobaci\u00f3n de sus antecedentes y pagar las tasas correspondientes. Antes de conceder la licencia, es necesario inspeccionar el local. De este modo, el proceso es similar al de Canad\u00e1, que exige un emplazamiento totalmente construido para obtener una licencia de cultivo.<\/p>\n\n\n\n<p>Hay cinco clases diferentes de licencias de cultivo: A, B, C, D y E, y se utiliza el mismo formulario de solicitud para las licencias de cultivo y otras licencias relacionadas, como las de transporte, dispensaci\u00f3n y fabricaci\u00f3n. Adem\u00e1s de la informaci\u00f3n sobre la propiedad y las finanzas, los solicitantes de licencias de fabricaci\u00f3n deben presentar lo siguiente:<\/p>\n\n\n\n<ul class=\"wp-block-list\">\n<li>Un esquema detallado de los locales<\/li>\n\n\n\n<li>Una descripci\u00f3n de los procedimientos de control de inventario que se cumplen<\/li>\n\n\n\n<li>Una descripci\u00f3n de los procedimientos de control de calidad que se cumplen<\/li>\n\n\n\n<li>Una descripci\u00f3n del proceso de transporte<\/li>\n\n\n\n<li>Una descripci\u00f3n de los procedimientos de seguridad que se cumplen<\/li>\n\n\n\n<li>Una descripci\u00f3n de los procedimientos de eliminaci\u00f3n de residuos que cumplen la normativa<\/li>\n\n\n\n<li>Una declaraci\u00f3n escrita firmada por el propietario del local, en la que se identifique la ubicaci\u00f3n f\u00edsica de la propiedad y se reconozca y consienta la fabricaci\u00f3n de cannabis medicinal en el local<\/li>\n<\/ul>\n\n\n\n<p>Las diferentes licencias de cultivo se clasifican por la superficie que se encuentra en los l\u00edmites que est\u00e1n \u00abasegurados de acuerdo con las directrices emitidas por la Autoridad\u00bb y satisfacen las regulaciones de la Ley de la Industria del Cannabis Medicinal.<\/p>\n\n\n\n<ul class=\"wp-block-list\">\n<li>Clase A- hasta 1 acre<\/li>\n\n\n\n<li>Clase B- 1 a 5 acres<\/li>\n\n\n\n<li>Clase C- 5 a 25 acres<\/li>\n\n\n\n<li>Clase D- 25 a 100 acres<\/li>\n\n\n\n<li>Clase E de 100 a 300 acres<\/li>\n<\/ul>\n\n\n\n<p>En general, la solicitud de licencia es muy sencilla. Pero los que necesiten una licencia de fabricaci\u00f3n tendr\u00e1n que establecer un plan de seguridad y un sistema de gesti\u00f3n de la calidad. La normativa sobre el cannabis de San Vicente y las Granadinas hace una sutil menci\u00f3n a las normas de calidad que tiene importantes implicaciones.<\/p>\n\n\n\n<blockquote class=\"wp-block-quote is-layout-flow wp-block-quote-is-layout-flow\">\n<p>Todo el cannabis que se suministre en San Vicente y las Granadinas en virtud de esta ley deber\u00e1 cumplir con las normas para los mercados especificados, incluyendo, pero no limitado a, GMP, GPP, comercio justo, Global GAP, Eurep GAP, USDA o FDA, GAP, org\u00e1nico y otras normas que puedan ser especificadas por la Autoridad de vez en cuando.<\/p>\n<cite>Ley de la industria del Cannabis Medicinal de San Vicente y las Granadinas de 2018<\/cite><\/blockquote>\n\n\n\n<p>Esto significa que, en su caso, deben cumplirse otras normas. Por lo tanto, se espera que un cultivador opere de acuerdo con las BPA (Buenas Pr\u00e1cticas Agr\u00edcolas). En el caso de los fabricantes, las agencias esperan que se cumplan los requisitos de las buenas pr\u00e1cticas de fabricaci\u00f3n. Y si quiere vender cannabis ecol\u00f3gico, tendr\u00e1 que cumplir con las certificaciones ecol\u00f3gicas.<\/p>\n\n\n\n<h2 class=\"wp-block-heading\">Registro de la Marihuana Medicinal en San Vicente y las Granadinas<\/h2>\n\n\n\n<p>El mantenimiento de registros es una de las tareas m\u00e1s importantes para un negocio de cannabis. Sus registros son muy importantes porque son uno de los documentos definitorios que demuestran que est\u00e1 cultivando cannabis legalmente.<\/p>\n\n\n\n<h3 class=\"wp-block-heading\">\u00bfQu\u00e9 Debe Controlar Su Software De Venta De Semillas?<\/h3>\n\n\n\n<p>Si cultiva marihuana en SVG, tendr\u00e1 que hacer un seguimiento de la informaci\u00f3n sobre su cultivo, venta, distribuci\u00f3n y pruebas. La informaci\u00f3n espec\u00edfica que su software de trazabilidad de venta de semillas tendr\u00e1 que rastrear es muy parecida a la informaci\u00f3n requerida por Health Canada.<\/p>\n\n\n\n<ul class=\"wp-block-list\">\n<li>N\u00fameros de lote<\/li>\n\n\n\n<li>Cantidad de plantas plantadas y cosechadas<\/li>\n\n\n\n<li>Registros de identificaci\u00f3n de plantas<\/li>\n\n\n\n<li>Registros de las actividades de cultivo<\/li>\n\n\n\n<li>Destrucci\u00f3n y eliminaci\u00f3n de plantas<\/li>\n\n\n\n<li>Registros de c\u00f3mo\/donde\/cuando\/los tipos de plantas y semillas se han obtenido<\/li>\n\n\n\n<li>Registros de seguridad<\/li>\n\n\n\n<li>Registros de saneamiento<\/li>\n\n\n\n<li>Procedimientos, inspecciones y medidas de control de calidad<\/li>\n\n\n\n<li>Registros de pruebas<\/li>\n\n\n\n<li>Registros de ventas y transporte<\/li>\n<\/ul>\n\n\n\n<p>La Ley de la Industria del Cannabis Medicinal exige a los solicitantes de licencias de cultivo que presenten \u00ab&#8230;una propuesta para la implantaci\u00f3n de un sistema de control, seguimiento y localizaci\u00f3n de todo el cannabis cultivado en las instalaciones propuestas&#8230;\u00bb Esto significa que el software \u00abde la semilla a la venta\u00bb es una herramienta vital para cumplir con los requisitos de la licencia.<\/p>\n\n\n\n<h2 class=\"wp-block-heading\">El Cannabis en San Vicente y las Granadinas: Mirando al futuro<\/h2>\n\n\n\n<p>San Vicente y las Granadinas est\u00e1n muy entusiasmados con la promoci\u00f3n de su programa de cannabis medicinal y son bienvenidos los emprendimientos cann\u00e1bicos tanto locales como internacionales. Con normas muy parecidas a las de Canad\u00e1, se trata de un proceso normativo conocido. <\/p>\n\n\n\n<p>Aunque la Ley de la Industria del Cannabis Medicinal de SVG es exhaustiva y f\u00e1cil de digerir, querr\u00e1 averiguar con los reguladores locales c\u00f3mo aplican los requisitos adicionales, como las BPF y las BPA, que podr\u00edan requerir m\u00e1s medidas de cumplimiento, y pr\u00e1cticas de garant\u00eda de calidad m\u00e1s complejas, como validaciones de procesos y estudios de idoneidad de m\u00e9todos de prueba. <\/p>\n\n\n\n<p>Si te ha gustado esta gu\u00eda, estamos seguros de que eres un cultivador ambicioso y de que te encantar\u00e1n estas gu\u00edas para obtener el carnet en m\u00e1s pa\u00edses. Echa un vistazo a estos recursos relacionados a continuaci\u00f3n:<\/p>\n\n\n\n<ul class=\"wp-block-list\">\n<li><a href=\"https:\/\/groweriq.ca\/es\/como-obtener-una-licencia-de-cannabis-en-mexico\/\" target=\"_blank\" rel=\"noreferrer noopener\">C\u00f3mo Obtener una Licencia de Cannabis en M\u00e9xico<\/a><\/li>\n\n\n\n<li><a href=\"https:\/\/groweriq.ca\/es\/como-obtener-una-licencia-de-cannabis-en-argentina\/\" target=\"_blank\" rel=\"noreferrer noopener\">Licencia de Cannabis en Argentina<\/a><\/li>\n\n\n\n<li><a href=\"https:\/\/groweriq.ca\/es\/como-obtener-una-licencia-de-cannabis-en-colombia\/\" target=\"_blank\" rel=\"noreferrer noopener\">Licencia de Cannabis en Colombia<\/a><\/li>\n\n\n\n<li><a href=\"https:\/\/groweriq.ca\/es\/como-obtener-una-licencia-de-cannabis-en-ecuador\/\" target=\"_blank\" rel=\"noreferrer noopener\">C\u00f3mo obtener una Licencia de Cannabis en Ecuador<\/a><\/li>\n\n\n\n<li><a href=\"https:\/\/groweriq.ca\/es\/como-obtener-una-licencia-de-cannabis-en-peru\/\" target=\"_blank\" rel=\"noreferrer noopener\">C\u00f3mo obtener una Licencia de Cannabis en Per\u00fa<\/a><\/li>\n\n\n\n<li><a href=\"https:\/\/groweriq.ca\/es\/como-obtener-una-licencia-de-cannabis-en-portugal\/\" target=\"_blank\" rel=\"noreferrer noopener\">C\u00f3mo obtener una Licencia de Cannabis en Portugal<\/a><\/li>\n<\/ul>\n\n\n\n<h3 class=\"wp-block-heading\">M\u00e1s Informaci\u00f3n<\/h3>\n\n\n\n<p>El software de trazabilidad de Semilla a la Venta de <a href=\"https:\/\/groweriq.ca\/es\/\" target=\"_blank\" rel=\"noreferrer noopener\">GrowerIQ<\/a> es un sistema fundamental para ayudarle a cumplir con el cultivo de marihuana medicinal en SVG. Nuestros expertos pueden ayudarle a crear una empresa internacional de cannabis exitosa y esforzarse dentro de cualquier marco legal. Para obtener m\u00e1s informaci\u00f3n, en contacto con nuestros profesionales de cannabis completando el siguiente formulario. <\/p>\n\n\n<div class=\"cs-content x-global-block x-global-block-4174 e4174-e0\"><div class=\"x-section e4174-e2 m37y-0 m37y-1\"><div class=\"x-row x-container max width e4174-e3 m37y-3 m37y-4\"><div class=\"x-row-inner\"><div class=\"x-col e4174-e4 m37y-5\"><hr class=\"x-line e4174-e5 m37y-6\"\/><div class=\"x-text x-text-headline e4174-e6 m37y-7 m37y-8\"><div class=\"x-text-content\"><div class=\"x-text-content-text\"><h2 class=\"x-text-content-text-primary\">Recommended For You<\/h2>\n<\/div><\/div><\/div><div  class=\"x-recent-posts cf horizontal\"  data-x-element=\"recent_posts\" data-x-params=\"{&quot;fade&quot;:false}\" data-fade=\"false\" ><a class=\"x-recent-post3 with-image\" href=\"https:\/\/groweriq.ca\/es\/2024\/08\/27\/como-obtener-licencia-de-cannabis-en-malta\/\" title=\"Permalink to: &quot;C\u00f3mo Obtener Licencia de Cannabis en Malta&quot;\"><article id=\"post-30396\" class=\"post-30396 post type-post status-publish format-standard has-post-thumbnail hentry category-club-social-de-cannabis category-malta-es category-trazabilidad\"><div class=\"entry-wrap\"><div class=\"x-recent-posts-img\" style=\"background-image: url(https:\/\/groweriq.ca\/wp-content\/uploads\/2024\/04\/How-to-Get-a-Cannabis-License-in-Malta.jpeg);\"><i class='x-framework-icon x-recent-posts-icon' data-x-icon-s='&#xf15c;' aria-hidden=true><\/i><\/div><div class=\"x-recent-posts-content\"><h3 class=\"h-recent-posts\">C\u00f3mo Obtener Licencia de Cannabis en Malta<\/h3><span class=\"x-recent-posts-date\">27 de agosto de 2024<\/span><\/div><\/div><\/article><\/a><a class=\"x-recent-post3 with-image\" href=\"https:\/\/groweriq.ca\/es\/2024\/03\/11\/estadisticas-de-la-industria-del-cannabis-en-2024-hechos-y-estadisticas-sobre-la-industria-del-cannabis\/\" title=\"Permalink to: &quot;Estad\u00edsticas de la Industria del Cannabis en 2024: Hechos y estad\u00edsticas sobre la industria del cannabis&quot;\"><article id=\"post-25593\" class=\"post-25593 post type-post status-publish format-standard has-post-thumbnail hentry category-canada-es tag-industria-del-cannabis tag-negocio-de-cannabis\"><div class=\"entry-wrap\"><div class=\"x-recent-posts-img\" style=\"background-image: url(https:\/\/groweriq.ca\/wp-content\/uploads\/2019\/06\/HealthLicense3-930x520.png);\"><i class='x-framework-icon x-recent-posts-icon' data-x-icon-s='&#xf15c;' aria-hidden=true><\/i><\/div><div class=\"x-recent-posts-content\"><h3 class=\"h-recent-posts\">Estad\u00edsticas de la Industria del Cannabis en 2024: Hechos y estad\u00edsticas sobre la industria del cannabis<\/h3><span class=\"x-recent-posts-date\">11 de marzo de 2024<\/span><\/div><\/div><\/article><\/a><a class=\"x-recent-post3 with-image\" href=\"https:\/\/groweriq.ca\/es\/2024\/03\/04\/crm-semilla-a-venta-cuales-son-las-principales-funciones-a-considerar\/\" title=\"Permalink to: &quot;CRM Semilla a Venta: Cu\u00e1les son las principales funciones a considerar&quot;\"><article id=\"post-25553\" class=\"post-25553 post type-post status-publish format-standard has-post-thumbnail hentry category-trazabilidad tag-industria-del-cannabis tag-maestro-cultivador tag-negocio-de-cannabis\"><div class=\"entry-wrap\"><div class=\"x-recent-posts-img\" style=\"background-image: url(https:\/\/groweriq.ca\/wp-content\/uploads\/2020\/01\/SOP-02-opt-870x520.jpg);\"><i class='x-framework-icon x-recent-posts-icon' data-x-icon-s='&#xf15c;' aria-hidden=true><\/i><\/div><div class=\"x-recent-posts-content\"><h3 class=\"h-recent-posts\">CRM Semilla a Venta: Cu\u00e1les son las principales funciones a considerar<\/h3><span class=\"x-recent-posts-date\">4 de marzo de 2024<\/span><\/div><\/div><\/article><\/a><\/div><\/div><\/div><\/div><\/div><div class=\"x-section e4174-e8 m37y-1 m37y-2\"><div class=\"x-container max width e4174-e9 m37y-a\"><div class=\"x-column x-sm x-1-2 e4174-e10 m37y-b\"><div class=\"x-text x-text-headline e4174-e11 m37y-8 m37y-9\"><div class=\"x-text-content\"><div class=\"x-text-content-text\"><h2 class=\"x-text-content-text-primary\"><span>About GrowerIQ<\/span><\/h2>\n<\/div><\/div><\/div><div class=\"x-content-area e4174-e12 m37y-c\">GrowerIQ is a complete cannabis production management platform. Ours is the first platform to integrate your facility systems, including sensors, building controls, QMS, and ERP, into a single simplified interface.\n<br\/><br\/>\n\nGrowerIQ is changing the way producers use software - transforming a regulatory requirement into a robust platform to learn, analyze, and improve performance. \n<br\/><br\/>\n\nTo find out more about GrowerIQ and how we can help, fill out the form to the right, start a chat, or <a class=\"link\" href=\"\/contact-us\/\">contact us<\/a>.<\/div><\/div><div class=\"x-column x-sm x-1-2 e4174-e13 m37y-b\"><div class=\"x-content-area x-hide-sm x-hide-xs e4174-e14 m37y-c\"><h2 style=\"color: white !important;\">Start today.<\/h2>\n<p style=\"color: white !important;\">Let us know how to reach you, and we'll get in touch to discuss your project.<\/p>\n<div class=\"salesforce_w2l_lead sf_one_column\"><form id=\"sf_form_salesforce_w2l_lead_4\" class=\"w2llead placeholders\" method=\"post\" action=\"#sf_form_salesforce_w2l_lead_4\"><div class=\"sf_field sf_field_first_name sf_type_text\">\t<input type=\"text\" placeholder=\"Name *\" value=\"\" id=\"sf_first_name\" class=\"w2linput text\" name=\"first_name\"  \/><div class=\"clearfix\"><\/div><\/div><div class=\"sf_field sf_field_email sf_type_text\">\t<input type=\"text\" placeholder=\"Email *\" value=\"\" id=\"sf_email\" class=\"w2linput text\" name=\"email\"  \/><div class=\"clearfix\"><\/div><\/div><div class=\"sf_field sf_field_description sf_type_textarea\">\t\t<textarea id=\"sf_description\" class=\"w2linput textarea\" name=\"description\" placeholder=\"Message\"><\/textarea><div class=\"clearfix\"><\/div><\/div>\t\t<input type=\"hidden\" id=\"sf_GCLID__c\" class=\"w2linput hidden\" name=\"GCLID__c\" value=\"\" \/>\t\t<input type=\"hidden\" id=\"sf_Utm_campaign__c\" class=\"w2linput hidden\" name=\"Utm_campaign__c\" value=\"\" \/>\t\t<input type=\"hidden\" id=\"sf_Utm_content__c\" class=\"w2linput hidden\" name=\"Utm_content__c\" value=\"\" \/>\t\t<input type=\"hidden\" id=\"sf_Utm_medium__c\" class=\"w2linput hidden\" name=\"Utm_medium__c\" value=\"\" \/>\t\t<input type=\"hidden\" id=\"sf_Utm_source__c\" class=\"w2linput hidden\" name=\"Utm_source__c\" value=\"\" \/>\t\t<input type=\"hidden\" id=\"sf_Utm_term__c\" class=\"w2linput hidden\" name=\"Utm_term__c\" value=\"\" \/>\t\t<input type=\"hidden\" id=\"sf_Referral_url__c\" class=\"w2linput hidden\" name=\"Referral_url__c\" value=\"\" \/>\t<input type=\"text\" name=\"message\" class=\"w2linput\" value=\"\" style=\"display: none;\" \/>\t<input type=\"hidden\" name=\"form_id\" class=\"w2linput\" value=\"4\" \/>\t<div class=\"w2lsubmit\"><input type=\"submit\" name=\"w2lsubmit\" class=\"w2linput submit\" value=\"Get Started\" \/><\/div><\/form><\/div>\n\n<p style=\"color: white !important; font-size: 9px !important; line-height: 15px !important;\">GrowerIQ does not share, sell, rent, or trade personally identifiable information with third parties for promotional purposes. <a href=\"\/privacy-policy\/\" style=\"color: white !important; text-decoration: underline !important;\">Privacy Policy<\/a><\/p><\/div><\/div><\/div><\/div><\/div>\n","protected":false},"excerpt":{"rendered":"<p>C\u00f3mo Obtener una Licencia de Cannabis en San Vicente y las Granadinas. GrowerIQ es el mejor producto de cultivo de cannabis para hacer crecer su negocio.<\/p>\n","protected":false},"author":12,"featured_media":19084,"parent":0,"menu_order":0,"comment_status":"closed","ping_status":"closed","template":"","meta":{"_elementor_css":"","footnotes":""},"categories":[248,489,453,488,775],"tags":[320,292,325,776],"class_list":["post-12540","page","type-page","status-publish","has-post-thumbnail","hentry","category-cannabis-es","category-informacion-del-mercado","category-internacional","category-proceso-de-concesion-de-licencias","category-san-vicente","tag-cannabis-es","tag-cultivo-de-cannabis","tag-plan-de-negocios-de-cannabis","tag-san-vicente"],"_links":{"self":[{"href":"https:\/\/groweriq.ca\/es\/wp-json\/wp\/v2\/pages\/12540","targetHints":{"allow":["GET"]}}],"collection":[{"href":"https:\/\/groweriq.ca\/es\/wp-json\/wp\/v2\/pages"}],"about":[{"href":"https:\/\/groweriq.ca\/es\/wp-json\/wp\/v2\/types\/page"}],"author":[{"embeddable":true,"href":"https:\/\/groweriq.ca\/es\/wp-json\/wp\/v2\/users\/12"}],"replies":[{"embeddable":true,"href":"https:\/\/groweriq.ca\/es\/wp-json\/wp\/v2\/comments?post=12540"}],"version-history":[{"count":83,"href":"https:\/\/groweriq.ca\/es\/wp-json\/wp\/v2\/pages\/12540\/revisions"}],"predecessor-version":[{"id":17077,"href":"https:\/\/groweriq.ca\/es\/wp-json\/wp\/v2\/pages\/12540\/revisions\/17077"}],"wp:featuredmedia":[{"embeddable":true,"href":"https:\/\/groweriq.ca\/es\/wp-json\/wp\/v2\/media\/19084"}],"wp:attachment":[{"href":"https:\/\/groweriq.ca\/es\/wp-json\/wp\/v2\/media?parent=12540"}],"wp:term":[{"taxonomy":"category","embeddable":true,"href":"https:\/\/groweriq.ca\/es\/wp-json\/wp\/v2\/categories?post=12540"},{"taxonomy":"post_tag","embeddable":true,"href":"https:\/\/groweriq.ca\/es\/wp-json\/wp\/v2\/tags?post=12540"}],"curies":[{"name":"wp","href":"https:\/\/api.w.org\/{rel}","templated":true}]}}