{"id":12252,"date":"2022-03-09T14:32:11","date_gmt":"2022-03-09T19:32:11","guid":{"rendered":"https:\/\/groweriq.ca\/reservar-el-demo-de-trazabilidad-de-la-semilla-a-la-venta\/"},"modified":"2024-10-29T12:36:25","modified_gmt":"2024-10-29T16:36:25","slug":"reservar-el-demo-de-trazabilidad-de-la-semilla-a-la-venta","status":"publish","type":"page","link":"https:\/\/groweriq.ca\/es\/reservar-el-demo-de-trazabilidad-de-la-semilla-a-la-venta\/","title":{"rendered":"Reservar Demo Semilla a la Venta"},"content":{"rendered":"<div id=\"cs-content\" class=\"cs-content\"><\/div>\n","protected":false},"excerpt":{"rendered":"<p>Compruebe usted mismo c\u00f3mo el software de GrowerIQ para la gesti\u00f3n del cannabis desde la semilla hasta la venta a\u00fana cumplimiento de normativas, ERP\/an\u00e1lisis, supervisi\u00f3n medioambiental y control de instalaciones.<\/p>\n","protected":false},"author":12,"featured_media":5335,"parent":0,"menu_order":0,"comment_status":"closed","ping_status":"closed","template":"template-blank-8.php","meta":{"_elementor_css":"","footnotes":""},"categories":[],"tags":[],"class_list":["post-12252","page","type-page","status-publish","has-post-thumbnail","hentry"],"_links":{"self":[{"href":"https:\/\/groweriq.ca\/es\/wp-json\/wp\/v2\/pages\/12252","targetHints":{"allow":["GET"]}}],"collection":[{"href":"https:\/\/groweriq.ca\/es\/wp-json\/wp\/v2\/pages"}],"about":[{"href":"https:\/\/groweriq.ca\/es\/wp-json\/wp\/v2\/types\/page"}],"author":[{"embeddable":true,"href":"https:\/\/groweriq.ca\/es\/wp-json\/wp\/v2\/users\/12"}],"replies":[{"embeddable":true,"href":"https:\/\/groweriq.ca\/es\/wp-json\/wp\/v2\/comments?post=12252"}],"version-history":[{"count":4,"href":"https:\/\/groweriq.ca\/es\/wp-json\/wp\/v2\/pages\/12252\/revisions"}],"predecessor-version":[{"id":29582,"href":"https:\/\/groweriq.ca\/es\/wp-json\/wp\/v2\/pages\/12252\/revisions\/29582"}],"wp:featuredmedia":[{"embeddable":true,"href":"https:\/\/groweriq.ca\/es\/wp-json\/wp\/v2\/media\/5335"}],"wp:attachment":[{"href":"https:\/\/groweriq.ca\/es\/wp-json\/wp\/v2\/media?parent=12252"}],"wp:term":[{"taxonomy":"category","embeddable":true,"href":"https:\/\/groweriq.ca\/es\/wp-json\/wp\/v2\/categories?post=12252"},{"taxonomy":"post_tag","embeddable":true,"href":"https:\/\/groweriq.ca\/es\/wp-json\/wp\/v2\/tags?post=12252"}],"curies":[{"name":"wp","href":"https:\/\/api.w.org\/{rel}","templated":true}]}}