{"id":12247,"date":"2022-03-09T12:44:34","date_gmt":"2022-03-09T17:44:34","guid":{"rendered":"https:\/\/groweriq.ca\/consultoria-de-cannabis-groweriq-creacion-revision-y-personalizacion-de-poe\/"},"modified":"2023-01-28T10:50:41","modified_gmt":"2023-01-28T15:50:41","slug":"consultoria-de-cannabis-groweriq-creacion-revision-y-personalizacion-de-poe","status":"publish","type":"page","link":"https:\/\/groweriq.ca\/es\/consultoria-de-cannabis-groweriq-creacion-revision-y-personalizacion-de-poe\/","title":{"rendered":"Consultor\u00eda de Cannabis GrowerIQ: Creaci\u00f3n, revisi\u00f3n y personalizaci\u00f3n de POE"},"content":{"rendered":"\n<p>Antes de empezar, si a\u00fan no conoces los&nbsp;<a href=\"https:\/\/groweriq.ca\/es\/2020\/08\/04\/la-guia-definitiva-de-los-poe-para-la-industria-de-cannabis-parte-i\/\" target=\"_blank\" rel=\"noreferrer noopener\">Poes de Cannabis<\/a>, \u00a1te instamos a que consultes nuestro recurso enlazado para aprender sobre ellos!<\/p>\n\n\n\n<p>Los Procedimientos Operativos Est\u00e1ndarizados (POEs) son una parte muy importante de su solicitud de licencia de cannabis. Se espera que todos los solicitantes de licencias tengan un conjunto completo y exhaustivo de POEs. En la gesti\u00f3n de la calidad, un Manual de Calidad explica qu\u00e9 normas y leyes se aplican a una empresa. Los POEs son documentos \u00abhijos\u00bb del manual de calidad que explican c\u00f3mo se realizan las actividades de forma controlada para cumplir esas leyes y reglamentos. Por lo tanto, la creaci\u00f3n del POE es un paso muy importante para cualquier proyecto.<\/p>\n\n\n\n<p>Muchos solicitantes de licencias de cannabis obtendr\u00e1n sus POEs de un tercero. Las Plantillas de Procedimientos Operativos Estandarizados para el Cannabis son una buena manera de empezar, pero todas ellas deben adaptarse a su negocio espec\u00edfico. Aunque pueda conseguir plantillas para la mayor\u00eda de sus POEs, habr\u00e1 algunos que tendr\u00e1 que escribir usted mismo. Dejar la personalizaci\u00f3n de los POEs para el \u00faltimo momento es un gran error. No querr\u00e1 esperar hasta el \u00faltimo momento y descubrir que le falta uno. <\/p>\n\n\n\n<p>Puede evitar el caos y los retrasos trabajando con GrowerIQ. GrowerIQ ofrece plantillas para los procedimientos operativos estandarizados (POEs) principales y documentos auxiliares seleccionados, como instrucciones de trabajo y formularios. Nuestro equipo de consultores y profesionales de la garant\u00eda de calidad puede proporcionarle plantillas completas de POE para el cannabis, ayudarle en la creaci\u00f3n y personalizaci\u00f3n de POE y abordar cualquier posible carencia y necesidad de POE para que no haya sorpresas cuando presente su solicitud.<\/p>\n\n\n\n<h3 class=\"wp-block-heading\">Servicios GrowerIQ<\/h3>\n\n\n\n<ul class=\"wp-block-list\">\n<li>An\u00e1lisis de brechas de los grupos de POEs existentes<\/li>\n\n\n\n<li>Creaci\u00f3n, edici\u00f3n y revisi\u00f3n de POEs<\/li>\n\n\n\n<li>Redacci\u00f3n de nuevo POE a medida <\/li>\n\n\n\n<li>Se puede adquirir un set de procedimientos operativos estandarizados GPP\/GMP para el cannabis, totalmente personalizados.<\/li>\n<\/ul>\n\n\n\n<h2 class=\"wp-block-heading\">\u00bfQu\u00e9 Procedimientos Operativos Estandarizados para el Cannabis exige Health Canada?<\/h2>\n\n\n\n<p>Health Canada exige que se disponga de Procedimientos Operativos Estandarizados para todas las actividades relacionadas con la producci\u00f3n, el procesamiento y la fabricaci\u00f3n de cannabis [1]. Esto incluye actividades indirectas como el saneamiento, el mantenimiento de registros, la formaci\u00f3n de los empleados y mucho m\u00e1s. Los POEs deben tener un formato estandarizado. Normalmente, los POEs tienen secciones que incluyen el prop\u00f3sito y el alcance, las definiciones, las responsabilidades, el procedimiento real, las referencias y, lo que es m\u00e1s importante, un registro de control de cambios que documenta cualquier modificaci\u00f3n realizada.<\/p>\n\n\n\n<h3 class=\"wp-block-heading\">Ejemplos de POEs Principales para Empresas de Cannabis<\/h3>\n\n\n\n<ul class=\"wp-block-list\">\n<li>Saneamiento del lugar y del equipo<\/li>\n\n\n\n<li>Higiene de los empleados<\/li>\n\n\n\n<li>Distribuci\u00f3n, incluida la transferencia, y recepci\u00f3n de cannabis e ingredientes<\/li>\n\n\n\n<li>Producci\u00f3n y procesamiento de cannabis e ingredientes<\/li>\n\n\n\n<li>Muestreo y an\u00e1lisis del cannabis<\/li>\n\n\n\n<li>Empaque y etiquetado<\/li>\n\n\n\n<li>Almacenamiento del producto y los suministros, incluido el procedimiento de cuarentena y liberaci\u00f3n<\/li>\n<\/ul>\n\n\n\n<p>Ahora que est\u00e1s cerca del final del art\u00edculo, quer\u00edamos hacerte una lista para ayudarte a continuar tu viaje de aprendizaje (\u00a1que nunca deber\u00eda terminar!). \u00c9chale un vistazo cuando termines de leer este art\u00edculo:\u00a0<a href=\"https:\/\/groweriq.ca\/es\/2021\/07\/02\/deberia-obtener-una-licencia-de-investigacion-sobre-el-cannabis\/\" target=\"_blank\" rel=\"noreferrer noopener\">\u00bfDebe obtener una Licencia de Investigaci\u00f3n de Cannabis?<\/a>,\u00a0<a href=\"https:\/\/groweriq.ca\/es\/2021\/02\/25\/robotica-para-el-cultivo-comercial-de-cannabis\/\" target=\"_blank\" rel=\"noreferrer noopener\">El Cultivo de Cannabis Comercial<\/a>,\u00a0<a href=\"https:\/\/groweriq.ca\/es\/2021\/02\/22\/como-hacer-crecer-su-negocio-de-cannabis-8-ideas-del-maestro-cultivador-shlomo-booklin\/\" target=\"_blank\" rel=\"noreferrer noopener\">C\u00f3mo Hacer Crecer Tu Negocio De Cannabis<\/a>,\u00a0<a href=\"https:\/\/groweriq.ca\/es\/2021\/04\/01\/investigacion-sobre-el-cannabis-2020-datos-y-estadisticas-sobre-la-industria-del-cannabis\/\" target=\"_blank\" rel=\"noreferrer noopener\">Investigaci\u00f3n sobre el Cannabis<\/a>,\u00a0<a href=\"https:\/\/groweriq.ca\/es\/2020\/10\/25\/como-convertirse-en-un-productor-con-licencia-de-cannabis\/\" target=\"_blank\" rel=\"noreferrer noopener\">Productor de Cannabis Con Licencia<\/a>, y\u00a0<a href=\"https:\/\/groweriq.ca\/es\/2020\/10\/27\/creacion-de-su-plan-de-negocios-de-cannabis-los-3-principales-desafios-y-las-3-mejores-soluciones\/\" target=\"_blank\" rel=\"noreferrer noopener\">Plan de Negocios de Cannabis<\/a>.<\/p>\n\n\n\n<h3 class=\"wp-block-heading\">M\u00e1s Informaci\u00f3n<\/h3>\n\n\n\n<p><a href=\"https:\/\/groweriq.ca\/es\/\" target=\"_blank\" rel=\"noreferrer noopener\">Los expertos de GrowerIQ<\/a> puede ayudarle a crear una empresa de cannabis de \u00e9xito y a esforzarse dentro de cualquier marco legal. Para obtener m\u00e1s informaci\u00f3n, p\u00f3ngase en contacto con nuestros profesionales del sector del cannabis haciendo clic en el bot\u00f3n y rellenando el siguiente formulario. <\/p>\n\n\n\n<a class=\"x-btn\" href=\"https:\/\/groweriq.ca\/consulting\/standard-operating-procedures\" style=\"max-width: 500px\">Personalice sus POEs ahora<\/a><p><\/p>\n\n\n<div class=\"cs-content x-global-block x-global-block-6565 e6565-e0\"><div class=\"x-section e6565-e2 m52d-0\"><div class=\"x-row x-container max width e6565-e3 m52d-1 m52d-2\"><div class=\"x-row-inner\"><div class=\"x-col e6565-e4 m52d-3\"><div class=\"x-text x-text-headline e6565-e5 m52d-4\"><div class=\"x-text-content\"><div class=\"x-text-content-text\"><h2 class=\"x-text-content-text-primary\">Recommended For You<\/h2>\n<\/div><\/div><\/div><div  class=\"x-recent-posts cf horizontal\"  data-x-element=\"recent_posts\" data-x-params=\"{&quot;fade&quot;:false}\" data-fade=\"false\" ><a class=\"x-recent-post3 with-image\" href=\"https:\/\/groweriq.ca\/es\/2024\/08\/27\/como-obtener-licencia-de-cannabis-en-malta\/\" title=\"Permalink to: &quot;C\u00f3mo Obtener Licencia de Cannabis en Malta&quot;\"><article id=\"post-30396\" class=\"post-30396 post type-post status-publish format-standard has-post-thumbnail hentry category-club-social-de-cannabis category-malta-es category-trazabilidad\"><div class=\"entry-wrap\"><div class=\"x-recent-posts-img\" style=\"background-image: url(https:\/\/groweriq.ca\/wp-content\/uploads\/2024\/04\/How-to-Get-a-Cannabis-License-in-Malta.jpeg);\"><i class='x-framework-icon x-recent-posts-icon' data-x-icon-s='&#xf15c;' aria-hidden=true><\/i><\/div><div class=\"x-recent-posts-content\"><h3 class=\"h-recent-posts\">C\u00f3mo Obtener Licencia de Cannabis en Malta<\/h3><span class=\"x-recent-posts-date\">27 de agosto de 2024<\/span><\/div><\/div><\/article><\/a><a class=\"x-recent-post3 with-image\" href=\"https:\/\/groweriq.ca\/es\/2024\/03\/11\/estadisticas-de-la-industria-del-cannabis-en-2024-hechos-y-estadisticas-sobre-la-industria-del-cannabis\/\" title=\"Permalink to: &quot;Estad\u00edsticas de la Industria del Cannabis en 2024: Hechos y estad\u00edsticas sobre la industria del cannabis&quot;\"><article id=\"post-25593\" class=\"post-25593 post type-post status-publish format-standard has-post-thumbnail hentry category-canada-es tag-industria-del-cannabis tag-negocio-de-cannabis\"><div class=\"entry-wrap\"><div class=\"x-recent-posts-img\" style=\"background-image: url(https:\/\/groweriq.ca\/wp-content\/uploads\/2019\/06\/HealthLicense3-930x520.png);\"><i class='x-framework-icon x-recent-posts-icon' data-x-icon-s='&#xf15c;' aria-hidden=true><\/i><\/div><div class=\"x-recent-posts-content\"><h3 class=\"h-recent-posts\">Estad\u00edsticas de la Industria del Cannabis en 2024: Hechos y estad\u00edsticas sobre la industria del cannabis<\/h3><span class=\"x-recent-posts-date\">11 de marzo de 2024<\/span><\/div><\/div><\/article><\/a><a class=\"x-recent-post3 with-image\" href=\"https:\/\/groweriq.ca\/es\/2024\/03\/04\/crm-semilla-a-venta-cuales-son-las-principales-funciones-a-considerar\/\" title=\"Permalink to: &quot;CRM Semilla a Venta: Cu\u00e1les son las principales funciones a considerar&quot;\"><article id=\"post-25553\" class=\"post-25553 post type-post status-publish format-standard has-post-thumbnail hentry category-trazabilidad tag-industria-del-cannabis tag-maestro-cultivador tag-negocio-de-cannabis\"><div class=\"entry-wrap\"><div class=\"x-recent-posts-img\" style=\"background-image: url(https:\/\/groweriq.ca\/wp-content\/uploads\/2020\/01\/SOP-02-opt-870x520.jpg);\"><i class='x-framework-icon x-recent-posts-icon' data-x-icon-s='&#xf15c;' aria-hidden=true><\/i><\/div><div class=\"x-recent-posts-content\"><h3 class=\"h-recent-posts\">CRM Semilla a Venta: Cu\u00e1les son las principales funciones a considerar<\/h3><span class=\"x-recent-posts-date\">4 de marzo de 2024<\/span><\/div><\/div><\/article><\/a><\/div><\/div><\/div><\/div><\/div><\/div>\n\n\n\n<br><br><div class=\"e4174-8 x-container max width\">\n    \n<div class=\"e4174-9 x-column x-sm x-1-2\">\n    \n<div class=\"e4174-10 x-text x-text-headline\">\n  <div class=\"x-text-content\"><div class=\"x-text-content-text\"><h2 class=\"x-text-content-text-primary\"><span>Acerca de GrowerIQ<\/span><\/h2><\/div><\/div>\n<\/div>\n\n<div class=\"e4174-11 x-bar-content-area globalBlockFooter\">\n GrowerIQ es una completa plataforma de gesti\u00f3n del cultivo de cannabis, dise\u00f1ada en colaboraci\u00f3n con el Maestro Cultivador, Shlomo Booklin. La nuestra es la primera plataforma que integra los sistemas de sus instalaciones, incluidos los sensores, los controles del edificio, el SGC y el ERP, en una \u00fanica interfaz simplificada.\n<br><br>\n\nLa empresa incorpor\u00f3 a la plataforma los conocimientos de los m\u00e1s de 30 a\u00f1os de experiencia de Shlomo como agr\u00f3nomo. GrowerIQ aprovecha la tecnolog\u00eda patentada de aprendizaje autom\u00e1tico para mejorar la automatizaci\u00f3n de las instalaciones y proporcionar a los cultivadores informaci\u00f3n para mejorar la calidad y la consistencia. GrowerIQ est\u00e1 cambiando el modo en que los cultivadores utilizan el software, transformando un requisito normativo en una s\u00f3lida plataforma para aprender, analizar y mejorar el rendimiento de los cultivos. \n<br><br>\n\nPara saber m\u00e1s sobre GrowerIQ y c\u00f3mo podemos ayudarle, diligencie el formulario de la derecha, inicie un chat o <a class=\"link\" href=\"https:\/\/groweriq.ca\/es\/contactenos\/\">cont\u00e1ctenos<\/a>.<\/div>\n<\/div>\n\n<div class=\"e4174-12 x-column x-sm x-1-2 x-hide-sm x-hide-xs\" style=\"padding: 25px\">\n    \n<div class=\"e4174-13 x-bar-content-area x-hide-sm x-hide-xs\">\n  <h2 style=\"color: white !important\">Comience hoy mismo.<\/h2>\n<p style=\"color: white !important\">D\u00edganos c\u00f3mo contactarnos con usted y nos pondremos en contacto para hablar de su proyecto.<\/p>\n<div class=\"salesforce_w2l_lead sf_one_column\">\n<div class=\"sf_field sf_field_first_name sf_type_text\">\t<div class=\"clearfix\"><\/div>\n<\/div>\n<div class=\"sf_field sf_field_email sf_type_text\">\t<div class=\"clearfix\"><\/div>\n<\/div>\n<div class=\"sf_field sf_field_description sf_type_textarea\">\t\t<textarea id=\"sf_description\" class=\"w2linput textarea\" name=\"description\"><\/textarea><div class=\"clearfix\"><\/div>\n<\/div>\t\t<div class=\"w2lsubmit\"><\/div>\n<\/div>\n\n<p style=\"color: white !important;font-size: 9px !important;line-height: 15px !important\">GrowerIQ no comparte, vende, alquila o intercambia informaci\u00f3n personal identificable con terceros con fines promocionales. <a href=\"https:\/\/groweriq.ca\/privacy-policy\/\" style=\"color: white !important;text-decoration: underline !important\">Pol\u00edtica de Privacidad<\/a><\/p>\n<\/div>\n<\/div>\n<\/div>\n<br><br>\n\n\n\n<h2 class=\"wp-block-heading\">Referencias<\/h2>\n\n\n\n<ol class=\"wp-block-list\">\n<li>Health Canada. <a href=\"https:\/\/www.canada.ca\/en\/health-canada\/services\/cannabis-regulations-licensed-producers\/good-production-practices-guide\/guidance-document.html#a5\" target=\"_blank\" rel=\"noreferrer noopener\">Guidance document: Good production practices guide for cannabis<\/a>. Canada.ca. Publicado 2019. Accedido Mayo 10, 2021.<\/li>\n<\/ol>\n","protected":false},"excerpt":{"rendered":"<p>Antes de empezar, si a\u00fan no conoces los&nbsp;Poes de Cannabis, \u00a1te instamos a que consultes nuestro recurso enlazado para aprender sobre ellos! Los Procedimientos Operativos Est\u00e1ndarizados (POEs) son una parte muy importante de su solicitud de licencia de cannabis. Se espera que todos los solicitantes &#8230; <\/p>\n<div><a href=\"https:\/\/groweriq.ca\/es\/2024\/03\/04\/crm-semilla-a-venta-cuales-son-las-principales-funciones-a-considerar\/\" class=\"more-link\">Read More<\/a><\/div>\n","protected":false},"author":10,"featured_media":0,"parent":0,"menu_order":0,"comment_status":"closed","ping_status":"closed","template":"","meta":{"_elementor_css":"","footnotes":""},"categories":[682,362,323],"tags":[387,749,750,680],"class_list":["post-12247","page","type-page","status-publish","hentry","category-consultoria","category-garantia-de-calidad","category-productor-con-licencia","tag-consultoria-de-cannabis","tag-poes-en-cannabis","tag-procedimientos-operativos-estandarizados","tag-solicitud-de-licencia-de-cannabis","no-post-thumbnail"],"_links":{"self":[{"href":"https:\/\/groweriq.ca\/es\/wp-json\/wp\/v2\/pages\/12247","targetHints":{"allow":["GET"]}}],"collection":[{"href":"https:\/\/groweriq.ca\/es\/wp-json\/wp\/v2\/pages"}],"about":[{"href":"https:\/\/groweriq.ca\/es\/wp-json\/wp\/v2\/types\/page"}],"author":[{"embeddable":true,"href":"https:\/\/groweriq.ca\/es\/wp-json\/wp\/v2\/users\/10"}],"replies":[{"embeddable":true,"href":"https:\/\/groweriq.ca\/es\/wp-json\/wp\/v2\/comments?post=12247"}],"version-history":[{"count":5,"href":"https:\/\/groweriq.ca\/es\/wp-json\/wp\/v2\/pages\/12247\/revisions"}],"predecessor-version":[{"id":17021,"href":"https:\/\/groweriq.ca\/es\/wp-json\/wp\/v2\/pages\/12247\/revisions\/17021"}],"wp:attachment":[{"href":"https:\/\/groweriq.ca\/es\/wp-json\/wp\/v2\/media?parent=12247"}],"wp:term":[{"taxonomy":"category","embeddable":true,"href":"https:\/\/groweriq.ca\/es\/wp-json\/wp\/v2\/categories?post=12247"},{"taxonomy":"post_tag","embeddable":true,"href":"https:\/\/groweriq.ca\/es\/wp-json\/wp\/v2\/tags?post=12247"}],"curies":[{"name":"wp","href":"https:\/\/api.w.org\/{rel}","templated":true}]}}