{"id":12229,"date":"2022-02-27T06:18:51","date_gmt":"2022-02-27T11:18:51","guid":{"rendered":"https:\/\/groweriq.ca\/asociaciones\/"},"modified":"2022-08-06T15:26:42","modified_gmt":"2022-08-06T19:26:42","slug":"asociaciones","status":"publish","type":"page","link":"https:\/\/groweriq.ca\/es\/asociaciones\/","title":{"rendered":"Asociaciones"},"content":{"rendered":"<div id=\"cs-content\" class=\"cs-content\"><\/div>\n\n<p><\/p>\n","protected":false},"excerpt":{"rendered":"<p>GrowerIQ tiene el privilegio de trabajar con una gama incre\u00edblemente diversa de clientes y socios de \u00e9xito. Lea algunos de sus casos pr\u00e1cticos aqu\u00ed, o solicite nuestro Programa de Socios de Servicios para potenciar su negocio hoy mismo.<\/p>\n","protected":false},"author":12,"featured_media":11483,"parent":0,"menu_order":0,"comment_status":"closed","ping_status":"closed","template":"","meta":{"_elementor_css":"","footnotes":""},"categories":[714,781,782],"tags":[783,785,784],"class_list":["post-12229","page","type-page","status-publish","has-post-thumbnail","hentry","category-asociaciones","category-channel-partner","category-service-partner-program","tag-channel-partner","tag-partnerships","tag-service-partner-program"],"_links":{"self":[{"href":"https:\/\/groweriq.ca\/es\/wp-json\/wp\/v2\/pages\/12229","targetHints":{"allow":["GET"]}}],"collection":[{"href":"https:\/\/groweriq.ca\/es\/wp-json\/wp\/v2\/pages"}],"about":[{"href":"https:\/\/groweriq.ca\/es\/wp-json\/wp\/v2\/types\/page"}],"author":[{"embeddable":true,"href":"https:\/\/groweriq.ca\/es\/wp-json\/wp\/v2\/users\/12"}],"replies":[{"embeddable":true,"href":"https:\/\/groweriq.ca\/es\/wp-json\/wp\/v2\/comments?post=12229"}],"version-history":[{"count":3,"href":"https:\/\/groweriq.ca\/es\/wp-json\/wp\/v2\/pages\/12229\/revisions"}],"predecessor-version":[{"id":13403,"href":"https:\/\/groweriq.ca\/es\/wp-json\/wp\/v2\/pages\/12229\/revisions\/13403"}],"wp:featuredmedia":[{"embeddable":true,"href":"https:\/\/groweriq.ca\/es\/wp-json\/wp\/v2\/media\/11483"}],"wp:attachment":[{"href":"https:\/\/groweriq.ca\/es\/wp-json\/wp\/v2\/media?parent=12229"}],"wp:term":[{"taxonomy":"category","embeddable":true,"href":"https:\/\/groweriq.ca\/es\/wp-json\/wp\/v2\/categories?post=12229"},{"taxonomy":"post_tag","embeddable":true,"href":"https:\/\/groweriq.ca\/es\/wp-json\/wp\/v2\/tags?post=12229"}],"curies":[{"name":"wp","href":"https:\/\/api.w.org\/{rel}","templated":true}]}}