{"id":12187,"date":"2022-02-14T10:50:49","date_gmt":"2022-02-14T15:50:49","guid":{"rendered":"https:\/\/groweriq.ca\/persona-de-garantia-de-calidad-fraccionada-para-negocios-de-cannabis\/"},"modified":"2023-01-27T18:46:20","modified_gmt":"2023-01-27T23:46:20","slug":"persona-de-garantia-de-calidad-fraccionada-para-negocios-de-cannabis","status":"publish","type":"page","link":"https:\/\/groweriq.ca\/es\/persona-de-garantia-de-calidad-fraccionada-para-negocios-de-cannabis\/","title":{"rendered":"Persona de Garant\u00eda de Calidad Fraccionada para Negocios de Cannabis"},"content":{"rendered":"\n<p>Antes de empezar, si a\u00fan no conoces los&nbsp;<a href=\"https:\/\/groweriq.ca\/es\/2020\/08\/04\/la-guia-definitiva-de-los-poe-para-la-industria-de-cannabis-parte-i\/\" target=\"_blank\" rel=\"noreferrer noopener\">Poes de Cannabis<\/a>, \u00a1te instamos a que consultes nuestro recurso enlazado para aprender sobre ellos!<\/p>\n\n\n\n<p>Cuando solicite su licencia de procesamiento de cannabis, r\u00e1pidamente quedar\u00e1 claro que necesita una persona que garantice la calidad para que le ayude a crear procedimientos operativos est\u00e1ndarizados (POE) y se asegure de que su negocio est\u00e1 dise\u00f1ado para cumplir la normativa. Una Persona de Garant\u00eda de Calidad (QAP) fraccionada es similar a una QAP aprobada, pero no es necesario que est\u00e9 in situ en todo momento. Esto puede ser una gran ventaja para aquellos que no est\u00e1n preparados para contratar a una persona de control de calidad a tiempo completo en el momento de preparar y presentar su solicitud de licencia de cannabis. Esto tambi\u00e9n es una ventaja para los procesadores m\u00e1s peque\u00f1os una vez obtenida su licencia, ya que puede que no haya suficiente trabajo diario para justificar un empleado de garant\u00eda de calidad a tiempo completo. El QAP es necesario para las licencias de procesamiento y las licencias de microprocesamiento de cannabis, pero es opcional para aquellos que s\u00f3lo cultivan. <\/p>\n\n\n\n<h2 class=\"wp-block-heading\">Trabajar con un QAP Fraccionado para la Concesi\u00f3n de Licencias de Cannabis<\/h2>\n\n\n\n<p>Cuando se trabaja con un QAP fraccionado, \u00e9ste est\u00e1 disponible para visitar su centro durante periodos espec\u00edficos para supervisar cualquier actividad, as\u00ed como para ayudar y guiar al personal en cualquier cuesti\u00f3n relacionada con la garant\u00eda de calidad. Para apoyar continuamente a los titulares de licencias, una persona de garant\u00eda de calidad (QAP) proporcionar\u00e1 conocimientos t\u00e9cnicos e informaci\u00f3n para garantizar que las actividades y los procesos se lleven a cabo en relaci\u00f3n con el Reglamento sobre el cannabis.<\/p>\n\n\n\n<h3 class=\"wp-block-heading\">\u00bfCu\u00e1l es la Diferencia entre una Persona de Garant\u00eda de Calidad y un QAP Fraccionado?<\/h3>\n\n\n\n<p>La \u00fanica diferencia entre una Persona de Garant\u00eda de Calidad y un QAP Fraccionado es que el QAP Fraccionado no est\u00e1 obligado a estar in situ a tiempo completo, siempre que un programa de trabajo organizado con un resumen de las funciones y responsabilidades para el centro autorizado, cumpla con la normativa seg\u00fan la solicitud de licencia.<\/p>\n\n\n\n<h2 class=\"wp-block-heading\">C\u00f3mo un QAP Fraccionado Puede Ayudar a su Negocio de Cannabis<\/h2>\n\n\n\n<p>Trabajar con un QAP fraccionado no es muy diferente de contratar a una persona de garant\u00eda de calidad a tiempo completo, salvo que no est\u00e1 in situ todos los d\u00edas. Las funciones de un QAP Fraccionado incluyen:<\/p>\n\n\n\n<ul class=\"wp-block-list\">\n<li>Elaboraci\u00f3n y aprobaci\u00f3n de los POEs<\/li>\n\n\n\n<li>Gesti\u00f3n del control de plagas y pruebas de plaguicidas<\/li>\n\n\n\n<li>Control de calidad relativo al movimiento, almacenamiento y distribuci\u00f3n de sustancias<\/li>\n\n\n\n<li>GPP en lo que respecta a las instalaciones (incluida la filtraci\u00f3n y ventilaci\u00f3n del aire, la iluminaci\u00f3n, el suministro de agua, el control de la temperatura y la humedad, y la eliminaci\u00f3n de residuos), el equipo (incluidos los medios de transporte), el saneamiento y la higiene y protecci\u00f3n de los empleados<\/li>\n\n\n\n<li>Investigaciones y mitigaci\u00f3n de riesgos en relaci\u00f3n con:\n<ul class=\"wp-block-list\">\n<li>Cannabis o ingredientes que suponen un riesgo para la salud humana<\/li>\n\n\n\n<li>No se cumplen los requisitos de las Partes 5 o 6<\/li>\n<\/ul>\n<\/li>\n\n\n\n<li>Gesti\u00f3n e investigaci\u00f3n de reclamaciones<\/li>\n\n\n\n<li>Aprobaci\u00f3n de la calidad de los productos antes de su puesta a la venta<\/li>\n\n\n\n<li>Pruebas anal\u00edticas y validaci\u00f3n de m\u00e9todos de prueba<\/li>\n\n\n\n<li>Contaminantes microbianos y qu\u00edmicos<\/li>\n\n\n\n<li>Pruebas de desintegraci\u00f3n\/disoluci\u00f3n, si aplica<\/li>\n\n\n\n<li>Contenido de cannabinoides, (THC, THCA, CBD y CBDA, seg\u00fan corresponda)<\/li>\n\n\n\n<li>Recogida y retenci\u00f3n de muestras<\/li>\n<\/ul>\n\n\n\n<h2 class=\"wp-block-heading\">\u00bfPor qu\u00e9 elegir una persona de garant\u00eda de calidad fraccionada GrowerIQ?<\/h2>\n\n\n\n<p>Adem\u00e1s de las numerosas funciones que pueden desempe\u00f1ar, un QAP fraccionado puede ayudarle a presentar los informes mensuales a Health Canada y a la Canadian Revenue Agency (CRA). Su negocio puede ser m\u00e1s fuerte y el cumplimiento se puede agilizar trabajando con un QAP fraccionado que est\u00e9 familiarizado con el software de trazabilidad de GowerIQ y los servicios SOP. Si est\u00e1 pensando en aprovechar las plantillas y el software SOP de GrowerIQ, un QAP fraccionado puede ayudarle a personalizarlos para su negocio y asegurarse de que se aplican correctamente.<\/p>\n\n\n\n<p>Tambi\u00e9n, ahora que est\u00e1s cerca del final del art\u00edculo, quer\u00edamos hacerte una lista para ayudarte a continuar tu viaje de aprendizaje (\u00a1que nunca deber\u00eda terminar!). \u00c9chale un vistazo cuando termines de leer este art\u00edculo:\u00a0<a href=\"https:\/\/groweriq.ca\/es\/2021\/07\/02\/deberia-obtener-una-licencia-de-investigacion-sobre-el-cannabis\/\" target=\"_blank\" rel=\"noreferrer noopener\">\u00bfDebe obtener una Licencia de Investigaci\u00f3n de Cannabis?<\/a>,\u00a0<a href=\"https:\/\/groweriq.ca\/es\/2021\/02\/25\/robotica-para-el-cultivo-comercial-de-cannabis\/\" target=\"_blank\" rel=\"noreferrer noopener\">El Cultivo de Cannabis Comercial<\/a>,\u00a0<a href=\"https:\/\/groweriq.ca\/es\/2021\/02\/22\/como-hacer-crecer-su-negocio-de-cannabis-8-ideas-del-maestro-cultivador-shlomo-booklin\/\" target=\"_blank\" rel=\"noreferrer noopener\">C\u00f3mo Hacer Crecer Tu Negocio De Cannabis<\/a>,\u00a0<a href=\"https:\/\/groweriq.ca\/es\/2021\/04\/01\/investigacion-sobre-el-cannabis-2020-datos-y-estadisticas-sobre-la-industria-del-cannabis\/\" target=\"_blank\" rel=\"noreferrer noopener\">Investigaci\u00f3n sobre el Cannabis<\/a>,\u00a0<a href=\"https:\/\/groweriq.ca\/es\/2020\/10\/25\/como-convertirse-en-un-productor-con-licencia-de-cannabis\/\" target=\"_blank\" rel=\"noreferrer noopener\">Productor de Cannabis Con Licencia<\/a>, y\u00a0<a href=\"https:\/\/groweriq.ca\/es\/2020\/10\/27\/creacion-de-su-plan-de-negocios-de-cannabis-los-3-principales-desafios-y-las-3-mejores-soluciones\/\" target=\"_blank\" rel=\"noreferrer noopener\">Plan de Negocios de Cannabis<\/a>. <\/p>\n\n\n\n<h2 class=\"wp-block-heading\">M\u00e1s informaci\u00f3n<\/h2>\n\n\n\n<p>\u00bfTodav\u00eda no est\u00e1 seguro de si una persona de Garant\u00eda de Calidad Fraccionada es adecuada para su negocio? Contacte a los <a href=\"https:\/\/groweriq.ca\/es\/\" target=\"_blank\" rel=\"noreferrer noopener\">consultores profesionales de GrowerIQ<\/a> Tanto si se trata de nuevas empresas como de trabajadores experimentados, nuestros expertos pueden ayudarle a crear una empresa de cannabis de \u00e9xito que se ajuste a cualquier marco legal. Para obtener m\u00e1s informaci\u00f3n, p\u00f3ngase en contacto con nuestros profesionales del cannabis haciendo clic en el bot\u00f3n o rellenando el siguiente formulario. <\/p>\n\n\n\n<a class=\"x-btn\" href=\"https:\/\/groweriq.ca\/consulting\/industry-expertise\/\" style=\"outline: none; max-width: 500px;\">Hable con nuestros asesores expertos<\/a><p><\/p>\n\n\n<div class=\"cs-content x-global-block x-global-block-4174 e4174-e0\"><div class=\"x-section e4174-e2 m37y-0 m37y-1\"><div class=\"x-row x-container max width e4174-e3 m37y-3 m37y-4\"><div class=\"x-row-inner\"><div class=\"x-col e4174-e4 m37y-5\"><hr class=\"x-line e4174-e5 m37y-6\"\/><div class=\"x-text x-text-headline e4174-e6 m37y-7 m37y-8\"><div class=\"x-text-content\"><div class=\"x-text-content-text\"><h2 class=\"x-text-content-text-primary\">Recommended For You<\/h2>\n<\/div><\/div><\/div><div  class=\"x-recent-posts cf horizontal\"  data-x-element=\"recent_posts\" data-x-params=\"{&quot;fade&quot;:false}\" data-fade=\"false\" ><a class=\"x-recent-post3 with-image\" href=\"https:\/\/groweriq.ca\/es\/2024\/08\/27\/como-obtener-licencia-de-cannabis-en-malta\/\" title=\"Permalink to: &quot;C\u00f3mo Obtener Licencia de Cannabis en Malta&quot;\"><article id=\"post-30396\" class=\"post-30396 post type-post status-publish format-standard has-post-thumbnail hentry category-club-social-de-cannabis category-malta-es category-trazabilidad\"><div class=\"entry-wrap\"><div class=\"x-recent-posts-img\" style=\"background-image: url(https:\/\/groweriq.ca\/wp-content\/uploads\/2024\/04\/How-to-Get-a-Cannabis-License-in-Malta.jpeg);\"><i class='x-framework-icon x-recent-posts-icon' data-x-icon-s='&#xf15c;' aria-hidden=true><\/i><\/div><div class=\"x-recent-posts-content\"><h3 class=\"h-recent-posts\">C\u00f3mo Obtener Licencia de Cannabis en Malta<\/h3><span class=\"x-recent-posts-date\">27 de agosto de 2024<\/span><\/div><\/div><\/article><\/a><a class=\"x-recent-post3 with-image\" href=\"https:\/\/groweriq.ca\/es\/2024\/03\/11\/estadisticas-de-la-industria-del-cannabis-en-2024-hechos-y-estadisticas-sobre-la-industria-del-cannabis\/\" title=\"Permalink to: &quot;Estad\u00edsticas de la Industria del Cannabis en 2024: Hechos y estad\u00edsticas sobre la industria del cannabis&quot;\"><article id=\"post-25593\" class=\"post-25593 post type-post status-publish format-standard has-post-thumbnail hentry category-canada-es tag-industria-del-cannabis tag-negocio-de-cannabis\"><div class=\"entry-wrap\"><div class=\"x-recent-posts-img\" style=\"background-image: url(https:\/\/groweriq.ca\/wp-content\/uploads\/2019\/06\/HealthLicense3-930x520.png);\"><i class='x-framework-icon x-recent-posts-icon' data-x-icon-s='&#xf15c;' aria-hidden=true><\/i><\/div><div class=\"x-recent-posts-content\"><h3 class=\"h-recent-posts\">Estad\u00edsticas de la Industria del Cannabis en 2024: Hechos y estad\u00edsticas sobre la industria del cannabis<\/h3><span class=\"x-recent-posts-date\">11 de marzo de 2024<\/span><\/div><\/div><\/article><\/a><a class=\"x-recent-post3 with-image\" href=\"https:\/\/groweriq.ca\/es\/2024\/03\/04\/crm-semilla-a-venta-cuales-son-las-principales-funciones-a-considerar\/\" title=\"Permalink to: &quot;CRM Semilla a Venta: Cu\u00e1les son las principales funciones a considerar&quot;\"><article id=\"post-25553\" class=\"post-25553 post type-post status-publish format-standard has-post-thumbnail hentry category-trazabilidad tag-industria-del-cannabis tag-maestro-cultivador tag-negocio-de-cannabis\"><div class=\"entry-wrap\"><div class=\"x-recent-posts-img\" style=\"background-image: url(https:\/\/groweriq.ca\/wp-content\/uploads\/2020\/01\/SOP-02-opt-870x520.jpg);\"><i class='x-framework-icon x-recent-posts-icon' data-x-icon-s='&#xf15c;' aria-hidden=true><\/i><\/div><div class=\"x-recent-posts-content\"><h3 class=\"h-recent-posts\">CRM Semilla a Venta: Cu\u00e1les son las principales funciones a considerar<\/h3><span class=\"x-recent-posts-date\">4 de marzo de 2024<\/span><\/div><\/div><\/article><\/a><\/div><\/div><\/div><\/div><\/div><div class=\"x-section e4174-e8 m37y-1 m37y-2\"><div class=\"x-container max width e4174-e9 m37y-a\"><div class=\"x-column x-sm x-1-2 e4174-e10 m37y-b\"><div class=\"x-text x-text-headline e4174-e11 m37y-8 m37y-9\"><div class=\"x-text-content\"><div class=\"x-text-content-text\"><h2 class=\"x-text-content-text-primary\"><span>About GrowerIQ<\/span><\/h2>\n<\/div><\/div><\/div><div class=\"x-content-area e4174-e12 m37y-c\">GrowerIQ is a complete cannabis production management platform. Ours is the first platform to integrate your facility systems, including sensors, building controls, QMS, and ERP, into a single simplified interface.\n<br\/><br\/>\n\nGrowerIQ is changing the way producers use software - transforming a regulatory requirement into a robust platform to learn, analyze, and improve performance. \n<br\/><br\/>\n\nTo find out more about GrowerIQ and how we can help, fill out the form to the right, start a chat, or <a class=\"link\" href=\"\/contact-us\/\">contact us<\/a>.<\/div><\/div><div class=\"x-column x-sm x-1-2 e4174-e13 m37y-b\"><div class=\"x-content-area x-hide-sm x-hide-xs e4174-e14 m37y-c\"><h2 style=\"color: white !important;\">Start today.<\/h2>\n<p style=\"color: white !important;\">Let us know how to reach you, and we'll get in touch to discuss your project.<\/p>\n<div class=\"salesforce_w2l_lead sf_one_column\"><form id=\"sf_form_salesforce_w2l_lead_4\" class=\"w2llead placeholders\" method=\"post\" action=\"#sf_form_salesforce_w2l_lead_4\"><div class=\"sf_field sf_field_first_name sf_type_text\">\t<input type=\"text\" placeholder=\"Name *\" value=\"\" id=\"sf_first_name\" class=\"w2linput text\" name=\"first_name\"  \/><div class=\"clearfix\"><\/div><\/div><div class=\"sf_field sf_field_email sf_type_text\">\t<input type=\"text\" placeholder=\"Email *\" value=\"\" id=\"sf_email\" class=\"w2linput text\" name=\"email\"  \/><div class=\"clearfix\"><\/div><\/div><div class=\"sf_field sf_field_description sf_type_textarea\">\t\t<textarea id=\"sf_description\" class=\"w2linput textarea\" name=\"description\" placeholder=\"Message\"><\/textarea><div class=\"clearfix\"><\/div><\/div>\t\t<input type=\"hidden\" id=\"sf_GCLID__c\" class=\"w2linput hidden\" name=\"GCLID__c\" value=\"\" \/>\t\t<input type=\"hidden\" id=\"sf_Utm_campaign__c\" class=\"w2linput hidden\" name=\"Utm_campaign__c\" value=\"\" \/>\t\t<input type=\"hidden\" id=\"sf_Utm_content__c\" class=\"w2linput hidden\" name=\"Utm_content__c\" value=\"\" \/>\t\t<input type=\"hidden\" id=\"sf_Utm_medium__c\" class=\"w2linput hidden\" name=\"Utm_medium__c\" value=\"\" \/>\t\t<input type=\"hidden\" id=\"sf_Utm_source__c\" class=\"w2linput hidden\" name=\"Utm_source__c\" value=\"\" \/>\t\t<input type=\"hidden\" id=\"sf_Utm_term__c\" class=\"w2linput hidden\" name=\"Utm_term__c\" value=\"\" \/>\t\t<input type=\"hidden\" id=\"sf_Referral_url__c\" class=\"w2linput hidden\" name=\"Referral_url__c\" value=\"\" \/>\t<input type=\"text\" name=\"message\" class=\"w2linput\" value=\"\" style=\"display: none;\" \/>\t<input type=\"hidden\" name=\"form_id\" class=\"w2linput\" value=\"4\" \/>\t<div class=\"w2lsubmit\"><input type=\"submit\" name=\"w2lsubmit\" class=\"w2linput submit\" value=\"Get Started\" \/><\/div><\/form><\/div>\n\n<p style=\"color: white !important; font-size: 9px !important; line-height: 15px !important;\">GrowerIQ does not share, sell, rent, or trade personally identifiable information with third parties for promotional purposes. <a href=\"\/privacy-policy\/\" style=\"color: white !important; text-decoration: underline !important;\">Privacy Policy<\/a><\/p><\/div><\/div><\/div><\/div><\/div>\n\n\n<div class=\"cs-content x-global-block x-global-block-4174 e4174-e0\"><div class=\"x-section e4174-e2 m37y-0 m37y-1\"><div class=\"x-row x-container max width e4174-e3 m37y-3 m37y-4\"><div class=\"x-row-inner\"><div class=\"x-col e4174-e4 m37y-5\"><hr class=\"x-line e4174-e5 m37y-6\"\/><div class=\"x-text x-text-headline e4174-e6 m37y-7 m37y-8\"><div class=\"x-text-content\"><div class=\"x-text-content-text\"><h2 class=\"x-text-content-text-primary\">Recommended For You<\/h2>\n<\/div><\/div><\/div><div  class=\"x-recent-posts cf horizontal\"  data-x-element=\"recent_posts\" data-x-params=\"{&quot;fade&quot;:false}\" data-fade=\"false\" ><a class=\"x-recent-post3 with-image\" href=\"https:\/\/groweriq.ca\/es\/2024\/08\/27\/como-obtener-licencia-de-cannabis-en-malta\/\" title=\"Permalink to: &quot;C\u00f3mo Obtener Licencia de Cannabis en Malta&quot;\"><article id=\"post-30396\" class=\"post-30396 post type-post status-publish format-standard has-post-thumbnail hentry category-club-social-de-cannabis category-malta-es category-trazabilidad\"><div class=\"entry-wrap\"><div class=\"x-recent-posts-img\" style=\"background-image: url(https:\/\/groweriq.ca\/wp-content\/uploads\/2024\/04\/How-to-Get-a-Cannabis-License-in-Malta.jpeg);\"><i class='x-framework-icon x-recent-posts-icon' data-x-icon-s='&#xf15c;' aria-hidden=true><\/i><\/div><div class=\"x-recent-posts-content\"><h3 class=\"h-recent-posts\">C\u00f3mo Obtener Licencia de Cannabis en Malta<\/h3><span class=\"x-recent-posts-date\">27 de agosto de 2024<\/span><\/div><\/div><\/article><\/a><a class=\"x-recent-post3 with-image\" href=\"https:\/\/groweriq.ca\/es\/2024\/03\/11\/estadisticas-de-la-industria-del-cannabis-en-2024-hechos-y-estadisticas-sobre-la-industria-del-cannabis\/\" title=\"Permalink to: &quot;Estad\u00edsticas de la Industria del Cannabis en 2024: Hechos y estad\u00edsticas sobre la industria del cannabis&quot;\"><article id=\"post-25593\" class=\"post-25593 post type-post status-publish format-standard has-post-thumbnail hentry category-canada-es tag-industria-del-cannabis tag-negocio-de-cannabis\"><div class=\"entry-wrap\"><div class=\"x-recent-posts-img\" style=\"background-image: url(https:\/\/groweriq.ca\/wp-content\/uploads\/2019\/06\/HealthLicense3-930x520.png);\"><i class='x-framework-icon x-recent-posts-icon' data-x-icon-s='&#xf15c;' aria-hidden=true><\/i><\/div><div class=\"x-recent-posts-content\"><h3 class=\"h-recent-posts\">Estad\u00edsticas de la Industria del Cannabis en 2024: Hechos y estad\u00edsticas sobre la industria del cannabis<\/h3><span class=\"x-recent-posts-date\">11 de marzo de 2024<\/span><\/div><\/div><\/article><\/a><a class=\"x-recent-post3 with-image\" href=\"https:\/\/groweriq.ca\/es\/2024\/03\/04\/crm-semilla-a-venta-cuales-son-las-principales-funciones-a-considerar\/\" title=\"Permalink to: &quot;CRM Semilla a Venta: Cu\u00e1les son las principales funciones a considerar&quot;\"><article id=\"post-25553\" class=\"post-25553 post type-post status-publish format-standard has-post-thumbnail hentry category-trazabilidad tag-industria-del-cannabis tag-maestro-cultivador tag-negocio-de-cannabis\"><div class=\"entry-wrap\"><div class=\"x-recent-posts-img\" style=\"background-image: url(https:\/\/groweriq.ca\/wp-content\/uploads\/2020\/01\/SOP-02-opt-870x520.jpg);\"><i class='x-framework-icon x-recent-posts-icon' data-x-icon-s='&#xf15c;' aria-hidden=true><\/i><\/div><div class=\"x-recent-posts-content\"><h3 class=\"h-recent-posts\">CRM Semilla a Venta: Cu\u00e1les son las principales funciones a considerar<\/h3><span class=\"x-recent-posts-date\">4 de marzo de 2024<\/span><\/div><\/div><\/article><\/a><\/div><\/div><\/div><\/div><\/div><div class=\"x-section e4174-e8 m37y-1 m37y-2\"><div class=\"x-container max width e4174-e9 m37y-a\"><div class=\"x-column x-sm x-1-2 e4174-e10 m37y-b\"><div class=\"x-text x-text-headline e4174-e11 m37y-8 m37y-9\"><div class=\"x-text-content\"><div class=\"x-text-content-text\"><h2 class=\"x-text-content-text-primary\"><span>About GrowerIQ<\/span><\/h2>\n<\/div><\/div><\/div><div class=\"x-content-area e4174-e12 m37y-c\">GrowerIQ is a complete cannabis production management platform. Ours is the first platform to integrate your facility systems, including sensors, building controls, QMS, and ERP, into a single simplified interface.\n<br\/><br\/>\n\nGrowerIQ is changing the way producers use software - transforming a regulatory requirement into a robust platform to learn, analyze, and improve performance. \n<br\/><br\/>\n\nTo find out more about GrowerIQ and how we can help, fill out the form to the right, start a chat, or <a class=\"link\" href=\"\/contact-us\/\">contact us<\/a>.<\/div><\/div><div class=\"x-column x-sm x-1-2 e4174-e13 m37y-b\"><div class=\"x-content-area x-hide-sm x-hide-xs e4174-e14 m37y-c\"><h2 style=\"color: white !important;\">Start today.<\/h2>\n<p style=\"color: white !important;\">Let us know how to reach you, and we'll get in touch to discuss your project.<\/p>\n<div class=\"salesforce_w2l_lead sf_one_column\"><form id=\"sf_form_salesforce_w2l_lead_4\" class=\"w2llead placeholders\" method=\"post\" action=\"#sf_form_salesforce_w2l_lead_4\"><div class=\"sf_field sf_field_first_name sf_type_text\">\t<input type=\"text\" placeholder=\"Name *\" value=\"\" id=\"sf_first_name\" class=\"w2linput text\" name=\"first_name\"  \/><div class=\"clearfix\"><\/div><\/div><div class=\"sf_field sf_field_email sf_type_text\">\t<input type=\"text\" placeholder=\"Email *\" value=\"\" id=\"sf_email\" class=\"w2linput text\" name=\"email\"  \/><div class=\"clearfix\"><\/div><\/div><div class=\"sf_field sf_field_description sf_type_textarea\">\t\t<textarea id=\"sf_description\" class=\"w2linput textarea\" name=\"description\" placeholder=\"Message\"><\/textarea><div class=\"clearfix\"><\/div><\/div>\t\t<input type=\"hidden\" id=\"sf_GCLID__c\" class=\"w2linput hidden\" name=\"GCLID__c\" value=\"\" \/>\t\t<input type=\"hidden\" id=\"sf_Utm_campaign__c\" class=\"w2linput hidden\" name=\"Utm_campaign__c\" value=\"\" \/>\t\t<input type=\"hidden\" id=\"sf_Utm_content__c\" class=\"w2linput hidden\" name=\"Utm_content__c\" value=\"\" \/>\t\t<input type=\"hidden\" id=\"sf_Utm_medium__c\" class=\"w2linput hidden\" name=\"Utm_medium__c\" value=\"\" \/>\t\t<input type=\"hidden\" id=\"sf_Utm_source__c\" class=\"w2linput hidden\" name=\"Utm_source__c\" value=\"\" \/>\t\t<input type=\"hidden\" id=\"sf_Utm_term__c\" class=\"w2linput hidden\" name=\"Utm_term__c\" value=\"\" \/>\t\t<input type=\"hidden\" id=\"sf_Referral_url__c\" class=\"w2linput hidden\" name=\"Referral_url__c\" value=\"\" \/>\t<input type=\"text\" name=\"message\" class=\"w2linput\" value=\"\" style=\"display: none;\" \/>\t<input type=\"hidden\" name=\"form_id\" class=\"w2linput\" value=\"4\" \/>\t<div class=\"w2lsubmit\"><input type=\"submit\" name=\"w2lsubmit\" class=\"w2linput submit\" value=\"Get Started\" \/><\/div><\/form><\/div>\n\n<p style=\"color: white !important; font-size: 9px !important; line-height: 15px !important;\">GrowerIQ does not share, sell, rent, or trade personally identifiable information with third parties for promotional purposes. <a href=\"\/privacy-policy\/\" style=\"color: white !important; text-decoration: underline !important;\">Privacy Policy<\/a><\/p><\/div><\/div><\/div><\/div><\/div>\n","protected":false},"excerpt":{"rendered":"<p> Una Persona de Garant\u00eda de Calidad (QAP) fraccionada es similar a una QAP aprobada, pero no es necesario que est\u00e9 in situ en todo momento. Esto puede ser una gran ventaja para aquellos que no est\u00e1n preparados para contratar a una persona de control de calidad a tiempo completo en el momento de preparar y presentar su solicitud de licencia de cannabis.<\/p>\n","protected":false},"author":10,"featured_media":0,"parent":0,"menu_order":0,"comment_status":"closed","ping_status":"closed","template":"","meta":{"_elementor_css":"","footnotes":""},"categories":[362,250,488],"tags":[608,381],"class_list":["post-12187","page","type-page","status-publish","hentry","category-garantia-de-calidad","category-lp-proceso-de-aplicacion","category-proceso-de-concesion-de-licencias","tag-garantia-de-calidad","tag-proceso-de-concesion-de-licencias","no-post-thumbnail"],"_links":{"self":[{"href":"https:\/\/groweriq.ca\/es\/wp-json\/wp\/v2\/pages\/12187","targetHints":{"allow":["GET"]}}],"collection":[{"href":"https:\/\/groweriq.ca\/es\/wp-json\/wp\/v2\/pages"}],"about":[{"href":"https:\/\/groweriq.ca\/es\/wp-json\/wp\/v2\/types\/page"}],"author":[{"embeddable":true,"href":"https:\/\/groweriq.ca\/es\/wp-json\/wp\/v2\/users\/10"}],"replies":[{"embeddable":true,"href":"https:\/\/groweriq.ca\/es\/wp-json\/wp\/v2\/comments?post=12187"}],"version-history":[{"count":7,"href":"https:\/\/groweriq.ca\/es\/wp-json\/wp\/v2\/pages\/12187\/revisions"}],"predecessor-version":[{"id":17002,"href":"https:\/\/groweriq.ca\/es\/wp-json\/wp\/v2\/pages\/12187\/revisions\/17002"}],"wp:attachment":[{"href":"https:\/\/groweriq.ca\/es\/wp-json\/wp\/v2\/media?parent=12187"}],"wp:term":[{"taxonomy":"category","embeddable":true,"href":"https:\/\/groweriq.ca\/es\/wp-json\/wp\/v2\/categories?post=12187"},{"taxonomy":"post_tag","embeddable":true,"href":"https:\/\/groweriq.ca\/es\/wp-json\/wp\/v2\/tags?post=12187"}],"curies":[{"name":"wp","href":"https:\/\/api.w.org\/{rel}","templated":true}]}}