{"id":12141,"date":"2022-02-01T14:42:47","date_gmt":"2022-02-01T19:42:47","guid":{"rendered":"https:\/\/groweriq.ca\/comercializacion-del-cannabis-la-venta-de-sus-productos\/"},"modified":"2023-01-27T18:50:59","modified_gmt":"2023-01-27T23:50:59","slug":"comercializacion-del-cannabis-la-venta-de-sus-productos","status":"publish","type":"page","link":"https:\/\/groweriq.ca\/es\/comercializacion-del-cannabis-la-venta-de-sus-productos\/","title":{"rendered":"Comercializaci\u00f3n del Cannabis: La Venta de sus Productos"},"content":{"rendered":"\n<p>Antes de empezar, si a\u00fan no conoces los&nbsp;<a href=\"https:\/\/groweriq.ca\/es\/2020\/08\/04\/la-guia-definitiva-de-los-poe-para-la-industria-de-cannabis-parte-i\/\" target=\"_blank\" rel=\"noreferrer noopener\">Poes de Cannabis<\/a>, \u00a1te instamos a que consultes nuestro recurso enlazado para aprender sobre ellos!<\/p>\n\n\n\n<p>Una vez que te conviertas en un productor de cannabis con licencia, puedes empezar a pensar en la comercializaci\u00f3n de tus productos. Muchos cultivadores de cannabis optan por vender sus productos \u00fanicamente al por mayor a otras empresas de transformaci\u00f3n. Sin embargo, los m\u00e1rgenes de beneficio de la venta al por mayor son estrechos, y comercializar sus propios productos es una buena manera de atraer tarifas m\u00e1s altas. La comercializaci\u00f3n puede ser un reto porque cada provincia Canadiense tiene diferentes leyes que rigen las normas y diferentes procesos para vender los productos. Adem\u00e1s de crear una marca, tendr\u00e1 que superar otros procesos normativos. Cuando trabaja con GrowerIQ, puede estar seguro de que se abordar\u00e1n esos matices para ayudarle a agilizar el proceso de comercializaci\u00f3n.<\/p>\n\n\n\n<h2 class=\"wp-block-heading\">Requisitos para la Comercializaci\u00f3n del Cannabis<\/h2>\n\n\n\n<p>Como se ha mencionado, cada provincia tiene algunas diferencias en cuanto a los requisitos de comercializaci\u00f3n del cannabis. En general, todas las provincias exigir\u00e1n los siguientes procesos y documentos:<\/p>\n\n\n\n<ul class=\"wp-block-list\">\n<li>Calificaci\u00f3n de los Proveedores<\/li>\n\n\n\n<li>Actualizaci\u00f3n de la lista y la descripci\u00f3n de los procedimientos normalizados de trabajo (SOP)<\/li>\n\n\n\n<li>Organigramas<\/li>\n\n\n\n<li>Principales inversores<\/li>\n<\/ul>\n\n\n\n<p>Estos procesos y documentos son partes importantes del sistema de calidad de una empresa de cannabis. Ya dispondr\u00e1 de organigramas, una lista de inversores clave y una lista y descripci\u00f3n de sus procedimientos operativos normalizados a partir de su solicitud de licencia de cannabis. Sin embargo, la puesta en marcha de su proceso de calificaci\u00f3n de proveedores puede suponer algunos nuevos retos.<\/p>\n\n\n\n<h2 class=\"wp-block-heading\">Introducci\u00f3n de Productos Comerciales de Cannabis en el Mercado<\/h2>\n\n\n\n<p>Cada provincia tiene sus propios <a href=\"https:\/\/www.canada.ca\/en\/health-canada\/services\/drugs-medication\/cannabis\/laws-regulations\/provinces-territories.html\" target=\"_blank\" rel=\"noreferrer noopener\">requisitos espec\u00edficos<\/a> para el embalaje, el etiquetado, las im\u00e1genes de los productos y la entrega de los mismos. Asimismo, hay diferentes agencias que compran productos comerciales para su venta online y al por menor. He aqu\u00ed un breve resumen de algunas provincias y sus diferentes sistemas de venta de cannabis. <\/p>\n\n\n\n<h3 class=\"wp-block-heading\">Venta de Cannabis en Nueva Brunswick<\/h3>\n\n\n\n<p>En Nueva Brunswick, el organismo que rige la venta de cannabis es la New Brunswick Liquor Corporation (ANBL). Tanto la venta online como la venta al por menor son gestionadas por el gobierno. Nueva Brunswick acepta propuestas de proveedores de cannabis en forma de manifestaci\u00f3n de inter\u00e9s. Este documento tiene que enumerar el producto comercial de cannabis que desea vender e incluir los criterios espec\u00edficos de la lista y los criterios del producto, y tambi\u00e9n piden que presente una presentaci\u00f3n detallada de la marca.<\/p>\n\n\n\n<h3 class=\"wp-block-heading\">Venta de Cannabis en Nueva Escocia<\/h3>\n\n\n\n<p>En Nueva Escocia, el organismo rector de la venta de cannabis es la Nova Scotia Liquor Corporation (NSLC). Tanto la venta online como la venta al por menor son gestionadas por el gobierno. Nueva Escocia utiliza un sistema de licitaci\u00f3n electr\u00f3nica llamado SAP Ariba. Este sistema permite al gobierno adquirir productos comercializados mediante la publicaci\u00f3n de concursos abiertos e invitaciones a los proveedores. Una vez que haya creado un perfil, podr\u00e1 crear un perfil de proveedor y explorar las oportunidades.<\/p>\n\n\n\n<h3 class=\"wp-block-heading\">Venta de Cannabis en la Isla del Principe Eduardo<\/h3>\n\n\n\n<p>En la Isla del Pr\u00edncipe Eduardo, el organismo que rige la venta de cannabis es la Corporaci\u00f3n de Gesti\u00f3n del Cannabis de la Isla del Pr\u00edncipe Eduardo (PEICMC). Al igual que en Nueva Brunswick y Nueva Escocia, las ventas en l\u00ednea y al por menor son gestionadas por el gobierno. El proceso de venta de productos comerciales de cannabis comienza completando el Formulario de Listado de Cannabis de PEI. Los productos se eval\u00faan para asegurarse de que cumplen los criterios de las gamas de cannabinoides aceptables, el envasado y el etiquetado, y las normas de garant\u00eda de calidad.<\/p>\n\n\n\n<h3 class=\"wp-block-heading\">Venta de Cannabis en Terranova y Labrador<\/h3>\n\n\n\n<p>En Terranova y Labrador, el organismo rector de la venta de cannabis es la Labrador Liquor Corporation (NLC). La venta en l\u00ednea la gestiona el gobierno, pero la venta al por menor la gestionan empresas privadas. El NLC utiliza un sistema en el que solicita propuestas a los mayoristas para satisfacer la necesidad de productos de cannabis al por menor.<\/p>\n\n\n\n<h2 class=\"wp-block-heading\">Comercializaci\u00f3n de Cannabis con GrowerIQ<\/h2>\n\n\n\n<p>GrowerIQ ofrece apoyo y orientaci\u00f3n personalizados para ayudar a los productores con licencia m\u00e1s all\u00e1 del proceso de autorizaci\u00f3n. Tenemos la experiencia y los conocimientos que necesita para ser un productor de cannabis competitivo y con \u00e9xito. Al ayudar a crear empresas con sistemas de calidad s\u00f3lidos, GrowerIQ ayuda a las empresas a llevar productos de alta calidad al mercado. Si quiere comercializar sus productos de cannabis, podemos ayudarle a asegurarse de que se cumplen todos los requisitos y ayudarle a navegar por el proceso de llevar sus productos al mercado.<\/p>\n\n\n\n<p>Tambi\u00e9n, ahora que est\u00e1s cerca del final del art\u00edculo, quer\u00edamos hacerte una lista para ayudarte a continuar tu viaje de aprendizaje (\u00a1que nunca deber\u00eda terminar!). \u00c9chale un vistazo cuando termines de leer este art\u00edculo:\u00a0<a href=\"https:\/\/groweriq.ca\/es\/2021\/07\/02\/deberia-obtener-una-licencia-de-investigacion-sobre-el-cannabis\/\" target=\"_blank\" rel=\"noreferrer noopener\">\u00bfDebe obtener una Licencia de Investigaci\u00f3n de Cannabis?<\/a>,\u00a0<a href=\"https:\/\/groweriq.ca\/es\/2021\/02\/25\/robotica-para-el-cultivo-comercial-de-cannabis\/\" target=\"_blank\" rel=\"noreferrer noopener\">El Cultivo de Cannabis Comercial<\/a>,\u00a0<a href=\"https:\/\/groweriq.ca\/es\/2021\/02\/22\/como-hacer-crecer-su-negocio-de-cannabis-8-ideas-del-maestro-cultivador-shlomo-booklin\/\" target=\"_blank\" rel=\"noreferrer noopener\">C\u00f3mo Hacer Crecer Tu Negocio De Cannabis<\/a>,\u00a0<a href=\"https:\/\/groweriq.ca\/es\/2021\/04\/01\/investigacion-sobre-el-cannabis-2020-datos-y-estadisticas-sobre-la-industria-del-cannabis\/\" target=\"_blank\" rel=\"noreferrer noopener\">Investigaci\u00f3n sobre el Cannabis<\/a>,\u00a0<a href=\"https:\/\/groweriq.ca\/es\/2020\/10\/25\/como-convertirse-en-un-productor-con-licencia-de-cannabis\/\" target=\"_blank\" rel=\"noreferrer noopener\">Productor de Cannabis Con Licencia<\/a>, y\u00a0<a href=\"https:\/\/groweriq.ca\/es\/2020\/10\/27\/creacion-de-su-plan-de-negocios-de-cannabis-los-3-principales-desafios-y-las-3-mejores-soluciones\/\" target=\"_blank\" rel=\"noreferrer noopener\">Plan de Negocios de Cannabis<\/a>.<\/p>\n\n\n\n<h2 class=\"wp-block-heading\">M\u00e1s informaci\u00f3n<\/h2>\n\n\n\n<p>Desde el cultivo de su primer lote hasta ayudarle a comercializar sus productos, GrowerIQ puede ayudar a que su negocio de cannabis se desarrolle dentro de cualquier marco legal o regi\u00f3n. Haga clic en el bot\u00f3n o rellene el siguiente formulario para ponerse en contacto con nuestros asesores y comenzar hoy mismo.<\/p>\n\n\n\n<a class=\"x-btn\" href=\"https:\/\/groweriq.ca\/consulting\/industry-expertise\/\" style=\"outline: none; max-width: 500px;\">Hable con nuestros asesores expertos<\/a><p><\/p>\n\n\n<div class=\"cs-content x-global-block x-global-block-4174 e4174-e0\"><div class=\"x-section e4174-e2 m37y-0 m37y-1\"><div class=\"x-row x-container max width e4174-e3 m37y-3 m37y-4\"><div class=\"x-row-inner\"><div class=\"x-col e4174-e4 m37y-5\"><hr class=\"x-line e4174-e5 m37y-6\"\/><div class=\"x-text x-text-headline e4174-e6 m37y-7 m37y-8\"><div class=\"x-text-content\"><div class=\"x-text-content-text\"><h2 class=\"x-text-content-text-primary\">Recommended For You<\/h2>\n<\/div><\/div><\/div><div  class=\"x-recent-posts cf horizontal\"  data-x-element=\"recent_posts\" data-x-params=\"{&quot;fade&quot;:false}\" data-fade=\"false\" ><a class=\"x-recent-post3 with-image\" href=\"https:\/\/groweriq.ca\/es\/2024\/08\/27\/como-obtener-licencia-de-cannabis-en-malta\/\" title=\"Permalink to: &quot;C\u00f3mo Obtener Licencia de Cannabis en Malta&quot;\"><article id=\"post-30396\" class=\"post-30396 post type-post status-publish format-standard has-post-thumbnail hentry category-club-social-de-cannabis category-malta-es category-trazabilidad\"><div class=\"entry-wrap\"><div class=\"x-recent-posts-img\" style=\"background-image: url(https:\/\/groweriq.ca\/wp-content\/uploads\/2024\/04\/How-to-Get-a-Cannabis-License-in-Malta.jpeg);\"><i class='x-framework-icon x-recent-posts-icon' data-x-icon-s='&#xf15c;' aria-hidden=true><\/i><\/div><div class=\"x-recent-posts-content\"><h3 class=\"h-recent-posts\">C\u00f3mo Obtener Licencia de Cannabis en Malta<\/h3><span class=\"x-recent-posts-date\">27 de agosto de 2024<\/span><\/div><\/div><\/article><\/a><a class=\"x-recent-post3 with-image\" href=\"https:\/\/groweriq.ca\/es\/2024\/03\/11\/estadisticas-de-la-industria-del-cannabis-en-2024-hechos-y-estadisticas-sobre-la-industria-del-cannabis\/\" title=\"Permalink to: &quot;Estad\u00edsticas de la Industria del Cannabis en 2024: Hechos y estad\u00edsticas sobre la industria del cannabis&quot;\"><article id=\"post-25593\" class=\"post-25593 post type-post status-publish format-standard has-post-thumbnail hentry category-canada-es tag-industria-del-cannabis tag-negocio-de-cannabis\"><div class=\"entry-wrap\"><div class=\"x-recent-posts-img\" style=\"background-image: url(https:\/\/groweriq.ca\/wp-content\/uploads\/2019\/06\/HealthLicense3-930x520.png);\"><i class='x-framework-icon x-recent-posts-icon' data-x-icon-s='&#xf15c;' aria-hidden=true><\/i><\/div><div class=\"x-recent-posts-content\"><h3 class=\"h-recent-posts\">Estad\u00edsticas de la Industria del Cannabis en 2024: Hechos y estad\u00edsticas sobre la industria del cannabis<\/h3><span class=\"x-recent-posts-date\">11 de marzo de 2024<\/span><\/div><\/div><\/article><\/a><a class=\"x-recent-post3 with-image\" href=\"https:\/\/groweriq.ca\/es\/2024\/03\/04\/crm-semilla-a-venta-cuales-son-las-principales-funciones-a-considerar\/\" title=\"Permalink to: &quot;CRM Semilla a Venta: Cu\u00e1les son las principales funciones a considerar&quot;\"><article id=\"post-25553\" class=\"post-25553 post type-post status-publish format-standard has-post-thumbnail hentry category-trazabilidad tag-industria-del-cannabis tag-maestro-cultivador tag-negocio-de-cannabis\"><div class=\"entry-wrap\"><div class=\"x-recent-posts-img\" style=\"background-image: url(https:\/\/groweriq.ca\/wp-content\/uploads\/2020\/01\/SOP-02-opt-870x520.jpg);\"><i class='x-framework-icon x-recent-posts-icon' data-x-icon-s='&#xf15c;' aria-hidden=true><\/i><\/div><div class=\"x-recent-posts-content\"><h3 class=\"h-recent-posts\">CRM Semilla a Venta: Cu\u00e1les son las principales funciones a considerar<\/h3><span class=\"x-recent-posts-date\">4 de marzo de 2024<\/span><\/div><\/div><\/article><\/a><\/div><\/div><\/div><\/div><\/div><div class=\"x-section e4174-e8 m37y-1 m37y-2\"><div class=\"x-container max width e4174-e9 m37y-a\"><div class=\"x-column x-sm x-1-2 e4174-e10 m37y-b\"><div class=\"x-text x-text-headline e4174-e11 m37y-8 m37y-9\"><div class=\"x-text-content\"><div class=\"x-text-content-text\"><h2 class=\"x-text-content-text-primary\"><span>About GrowerIQ<\/span><\/h2>\n<\/div><\/div><\/div><div class=\"x-content-area e4174-e12 m37y-c\">GrowerIQ is a complete cannabis production management platform. Ours is the first platform to integrate your facility systems, including sensors, building controls, QMS, and ERP, into a single simplified interface.\n<br\/><br\/>\n\nGrowerIQ is changing the way producers use software - transforming a regulatory requirement into a robust platform to learn, analyze, and improve performance. \n<br\/><br\/>\n\nTo find out more about GrowerIQ and how we can help, fill out the form to the right, start a chat, or <a class=\"link\" href=\"\/contact-us\/\">contact us<\/a>.<\/div><\/div><div class=\"x-column x-sm x-1-2 e4174-e13 m37y-b\"><div class=\"x-content-area x-hide-sm x-hide-xs e4174-e14 m37y-c\"><h2 style=\"color: white !important;\">Start today.<\/h2>\n<p style=\"color: white !important;\">Let us know how to reach you, and we'll get in touch to discuss your project.<\/p>\n<div class=\"salesforce_w2l_lead sf_one_column\"><form id=\"sf_form_salesforce_w2l_lead_4\" class=\"w2llead placeholders\" method=\"post\" action=\"#sf_form_salesforce_w2l_lead_4\"><div class=\"sf_field sf_field_first_name sf_type_text\">\t<input type=\"text\" placeholder=\"Name *\" value=\"\" id=\"sf_first_name\" class=\"w2linput text\" name=\"first_name\"  \/><div class=\"clearfix\"><\/div><\/div><div class=\"sf_field sf_field_email sf_type_text\">\t<input type=\"text\" placeholder=\"Email *\" value=\"\" id=\"sf_email\" class=\"w2linput text\" name=\"email\"  \/><div class=\"clearfix\"><\/div><\/div><div class=\"sf_field sf_field_description sf_type_textarea\">\t\t<textarea id=\"sf_description\" class=\"w2linput textarea\" name=\"description\" placeholder=\"Message\"><\/textarea><div class=\"clearfix\"><\/div><\/div>\t\t<input type=\"hidden\" id=\"sf_GCLID__c\" class=\"w2linput hidden\" name=\"GCLID__c\" value=\"\" \/>\t\t<input type=\"hidden\" id=\"sf_Utm_campaign__c\" class=\"w2linput hidden\" name=\"Utm_campaign__c\" value=\"\" \/>\t\t<input type=\"hidden\" id=\"sf_Utm_content__c\" class=\"w2linput hidden\" name=\"Utm_content__c\" value=\"\" \/>\t\t<input type=\"hidden\" id=\"sf_Utm_medium__c\" class=\"w2linput hidden\" name=\"Utm_medium__c\" value=\"\" \/>\t\t<input type=\"hidden\" id=\"sf_Utm_source__c\" class=\"w2linput hidden\" name=\"Utm_source__c\" value=\"\" \/>\t\t<input type=\"hidden\" id=\"sf_Utm_term__c\" class=\"w2linput hidden\" name=\"Utm_term__c\" value=\"\" \/>\t\t<input type=\"hidden\" id=\"sf_Referral_url__c\" class=\"w2linput hidden\" name=\"Referral_url__c\" value=\"\" \/>\t<input type=\"text\" name=\"message\" class=\"w2linput\" value=\"\" style=\"display: none;\" \/>\t<input type=\"hidden\" name=\"form_id\" class=\"w2linput\" value=\"4\" \/>\t<div class=\"w2lsubmit\"><input type=\"submit\" name=\"w2lsubmit\" class=\"w2linput submit\" value=\"Get Started\" \/><\/div><\/form><\/div>\n\n<p style=\"color: white !important; font-size: 9px !important; line-height: 15px !important;\">GrowerIQ does not share, sell, rent, or trade personally identifiable information with third parties for promotional purposes. <a href=\"\/privacy-policy\/\" style=\"color: white !important; text-decoration: underline !important;\">Privacy Policy<\/a><\/p><\/div><\/div><\/div><\/div><\/div>\n\n\n<div class=\"cs-content x-global-block x-global-block-4174 e4174-e0\"><div class=\"x-section e4174-e2 m37y-0 m37y-1\"><div class=\"x-row x-container max width e4174-e3 m37y-3 m37y-4\"><div class=\"x-row-inner\"><div class=\"x-col e4174-e4 m37y-5\"><hr class=\"x-line e4174-e5 m37y-6\"\/><div class=\"x-text x-text-headline e4174-e6 m37y-7 m37y-8\"><div class=\"x-text-content\"><div class=\"x-text-content-text\"><h2 class=\"x-text-content-text-primary\">Recommended For You<\/h2>\n<\/div><\/div><\/div><div  class=\"x-recent-posts cf horizontal\"  data-x-element=\"recent_posts\" data-x-params=\"{&quot;fade&quot;:false}\" data-fade=\"false\" ><a class=\"x-recent-post3 with-image\" href=\"https:\/\/groweriq.ca\/es\/2024\/08\/27\/como-obtener-licencia-de-cannabis-en-malta\/\" title=\"Permalink to: &quot;C\u00f3mo Obtener Licencia de Cannabis en Malta&quot;\"><article id=\"post-30396\" class=\"post-30396 post type-post status-publish format-standard has-post-thumbnail hentry category-club-social-de-cannabis category-malta-es category-trazabilidad\"><div class=\"entry-wrap\"><div class=\"x-recent-posts-img\" style=\"background-image: url(https:\/\/groweriq.ca\/wp-content\/uploads\/2024\/04\/How-to-Get-a-Cannabis-License-in-Malta.jpeg);\"><i class='x-framework-icon x-recent-posts-icon' data-x-icon-s='&#xf15c;' aria-hidden=true><\/i><\/div><div class=\"x-recent-posts-content\"><h3 class=\"h-recent-posts\">C\u00f3mo Obtener Licencia de Cannabis en Malta<\/h3><span class=\"x-recent-posts-date\">27 de agosto de 2024<\/span><\/div><\/div><\/article><\/a><a class=\"x-recent-post3 with-image\" href=\"https:\/\/groweriq.ca\/es\/2024\/03\/11\/estadisticas-de-la-industria-del-cannabis-en-2024-hechos-y-estadisticas-sobre-la-industria-del-cannabis\/\" title=\"Permalink to: &quot;Estad\u00edsticas de la Industria del Cannabis en 2024: Hechos y estad\u00edsticas sobre la industria del cannabis&quot;\"><article id=\"post-25593\" class=\"post-25593 post type-post status-publish format-standard has-post-thumbnail hentry category-canada-es tag-industria-del-cannabis tag-negocio-de-cannabis\"><div class=\"entry-wrap\"><div class=\"x-recent-posts-img\" style=\"background-image: url(https:\/\/groweriq.ca\/wp-content\/uploads\/2019\/06\/HealthLicense3-930x520.png);\"><i class='x-framework-icon x-recent-posts-icon' data-x-icon-s='&#xf15c;' aria-hidden=true><\/i><\/div><div class=\"x-recent-posts-content\"><h3 class=\"h-recent-posts\">Estad\u00edsticas de la Industria del Cannabis en 2024: Hechos y estad\u00edsticas sobre la industria del cannabis<\/h3><span class=\"x-recent-posts-date\">11 de marzo de 2024<\/span><\/div><\/div><\/article><\/a><a class=\"x-recent-post3 with-image\" href=\"https:\/\/groweriq.ca\/es\/2024\/03\/04\/crm-semilla-a-venta-cuales-son-las-principales-funciones-a-considerar\/\" title=\"Permalink to: &quot;CRM Semilla a Venta: Cu\u00e1les son las principales funciones a considerar&quot;\"><article id=\"post-25553\" class=\"post-25553 post type-post status-publish format-standard has-post-thumbnail hentry category-trazabilidad tag-industria-del-cannabis tag-maestro-cultivador tag-negocio-de-cannabis\"><div class=\"entry-wrap\"><div class=\"x-recent-posts-img\" style=\"background-image: url(https:\/\/groweriq.ca\/wp-content\/uploads\/2020\/01\/SOP-02-opt-870x520.jpg);\"><i class='x-framework-icon x-recent-posts-icon' data-x-icon-s='&#xf15c;' aria-hidden=true><\/i><\/div><div class=\"x-recent-posts-content\"><h3 class=\"h-recent-posts\">CRM Semilla a Venta: Cu\u00e1les son las principales funciones a considerar<\/h3><span class=\"x-recent-posts-date\">4 de marzo de 2024<\/span><\/div><\/div><\/article><\/a><\/div><\/div><\/div><\/div><\/div><div class=\"x-section e4174-e8 m37y-1 m37y-2\"><div class=\"x-container max width e4174-e9 m37y-a\"><div class=\"x-column x-sm x-1-2 e4174-e10 m37y-b\"><div class=\"x-text x-text-headline e4174-e11 m37y-8 m37y-9\"><div class=\"x-text-content\"><div class=\"x-text-content-text\"><h2 class=\"x-text-content-text-primary\"><span>About GrowerIQ<\/span><\/h2>\n<\/div><\/div><\/div><div class=\"x-content-area e4174-e12 m37y-c\">GrowerIQ is a complete cannabis production management platform. Ours is the first platform to integrate your facility systems, including sensors, building controls, QMS, and ERP, into a single simplified interface.\n<br\/><br\/>\n\nGrowerIQ is changing the way producers use software - transforming a regulatory requirement into a robust platform to learn, analyze, and improve performance. \n<br\/><br\/>\n\nTo find out more about GrowerIQ and how we can help, fill out the form to the right, start a chat, or <a class=\"link\" href=\"\/contact-us\/\">contact us<\/a>.<\/div><\/div><div class=\"x-column x-sm x-1-2 e4174-e13 m37y-b\"><div class=\"x-content-area x-hide-sm x-hide-xs e4174-e14 m37y-c\"><h2 style=\"color: white !important;\">Start today.<\/h2>\n<p style=\"color: white !important;\">Let us know how to reach you, and we'll get in touch to discuss your project.<\/p>\n<div class=\"salesforce_w2l_lead sf_one_column\"><form id=\"sf_form_salesforce_w2l_lead_4\" class=\"w2llead placeholders\" method=\"post\" action=\"#sf_form_salesforce_w2l_lead_4\"><div class=\"sf_field sf_field_first_name sf_type_text\">\t<input type=\"text\" placeholder=\"Name *\" value=\"\" id=\"sf_first_name\" class=\"w2linput text\" name=\"first_name\"  \/><div class=\"clearfix\"><\/div><\/div><div class=\"sf_field sf_field_email sf_type_text\">\t<input type=\"text\" placeholder=\"Email *\" value=\"\" id=\"sf_email\" class=\"w2linput text\" name=\"email\"  \/><div class=\"clearfix\"><\/div><\/div><div class=\"sf_field sf_field_description sf_type_textarea\">\t\t<textarea id=\"sf_description\" class=\"w2linput textarea\" name=\"description\" placeholder=\"Message\"><\/textarea><div class=\"clearfix\"><\/div><\/div>\t\t<input type=\"hidden\" id=\"sf_GCLID__c\" class=\"w2linput hidden\" name=\"GCLID__c\" value=\"\" \/>\t\t<input type=\"hidden\" id=\"sf_Utm_campaign__c\" class=\"w2linput hidden\" name=\"Utm_campaign__c\" value=\"\" \/>\t\t<input type=\"hidden\" id=\"sf_Utm_content__c\" class=\"w2linput hidden\" name=\"Utm_content__c\" value=\"\" \/>\t\t<input type=\"hidden\" id=\"sf_Utm_medium__c\" class=\"w2linput hidden\" name=\"Utm_medium__c\" value=\"\" \/>\t\t<input type=\"hidden\" id=\"sf_Utm_source__c\" class=\"w2linput hidden\" name=\"Utm_source__c\" value=\"\" \/>\t\t<input type=\"hidden\" id=\"sf_Utm_term__c\" class=\"w2linput hidden\" name=\"Utm_term__c\" value=\"\" \/>\t\t<input type=\"hidden\" id=\"sf_Referral_url__c\" class=\"w2linput hidden\" name=\"Referral_url__c\" value=\"\" \/>\t<input type=\"text\" name=\"message\" class=\"w2linput\" value=\"\" style=\"display: none;\" \/>\t<input type=\"hidden\" name=\"form_id\" class=\"w2linput\" value=\"4\" \/>\t<div class=\"w2lsubmit\"><input type=\"submit\" name=\"w2lsubmit\" class=\"w2linput submit\" value=\"Get Started\" \/><\/div><\/form><\/div>\n\n<p style=\"color: white !important; font-size: 9px !important; line-height: 15px !important;\">GrowerIQ does not share, sell, rent, or trade personally identifiable information with third parties for promotional purposes. <a href=\"\/privacy-policy\/\" style=\"color: white !important; text-decoration: underline !important;\">Privacy Policy<\/a><\/p><\/div><\/div><\/div><\/div><\/div>\n","protected":false},"excerpt":{"rendered":"<p>Los m\u00e1rgenes de beneficio de la venta al por mayor son ajustados, y comercializar sus propios productos es una forma de conseguir mayores m\u00e1rgenes. La comercializaci\u00f3n puede ser un reto porque cada provincia canadiense tiene diferentes leyes que rigen las normas y diferentes procesos para vender los productos. Adem\u00e1s de crear una marca, tendr\u00e1 que superar otros procesos normativos. <\/p>\n","protected":false},"author":10,"featured_media":0,"parent":0,"menu_order":0,"comment_status":"closed","ping_status":"closed","template":"","meta":{"_elementor_css":"","footnotes":""},"categories":[247,328],"tags":[746,326,747],"class_list":["post-12141","page","type-page","status-publish","hentry","category-canada-es","category-plan-de-negocios-de-cannabis","tag-canada-es","tag-negocio-de-cannabis","tag-productos-de-cannabis","no-post-thumbnail"],"_links":{"self":[{"href":"https:\/\/groweriq.ca\/es\/wp-json\/wp\/v2\/pages\/12141","targetHints":{"allow":["GET"]}}],"collection":[{"href":"https:\/\/groweriq.ca\/es\/wp-json\/wp\/v2\/pages"}],"about":[{"href":"https:\/\/groweriq.ca\/es\/wp-json\/wp\/v2\/types\/page"}],"author":[{"embeddable":true,"href":"https:\/\/groweriq.ca\/es\/wp-json\/wp\/v2\/users\/10"}],"replies":[{"embeddable":true,"href":"https:\/\/groweriq.ca\/es\/wp-json\/wp\/v2\/comments?post=12141"}],"version-history":[{"count":4,"href":"https:\/\/groweriq.ca\/es\/wp-json\/wp\/v2\/pages\/12141\/revisions"}],"predecessor-version":[{"id":17005,"href":"https:\/\/groweriq.ca\/es\/wp-json\/wp\/v2\/pages\/12141\/revisions\/17005"}],"wp:attachment":[{"href":"https:\/\/groweriq.ca\/es\/wp-json\/wp\/v2\/media?parent=12141"}],"wp:term":[{"taxonomy":"category","embeddable":true,"href":"https:\/\/groweriq.ca\/es\/wp-json\/wp\/v2\/categories?post=12141"},{"taxonomy":"post_tag","embeddable":true,"href":"https:\/\/groweriq.ca\/es\/wp-json\/wp\/v2\/tags?post=12141"}],"curies":[{"name":"wp","href":"https:\/\/api.w.org\/{rel}","templated":true}]}}