{"id":12129,"date":"2022-01-26T11:11:50","date_gmt":"2022-01-26T16:11:50","guid":{"rendered":"https:\/\/groweriq.ca\/como-obtener-una-licencia-de-cannabis-en-ecuador\/"},"modified":"2023-01-29T10:34:47","modified_gmt":"2023-01-29T15:34:47","slug":"como-obtener-una-licencia-de-cannabis-en-ecuador","status":"publish","type":"page","link":"https:\/\/groweriq.ca\/es\/como-obtener-una-licencia-de-cannabis-en-ecuador\/","title":{"rendered":"C\u00f3mo Obtener una Licencia de Cannabis en Ecuador"},"content":{"rendered":"\n<h2 class=\"wp-block-heading\"><em>Ecuador se ha unido a Suiza, Sud\u00e1frica y Tailandia en la legalizaci\u00f3n del c\u00e1\u00f1amo con hasta un 1% de THC, \u00bfc\u00f3mo se puede obtener la licencia para cultivar?<\/em><\/h2>\n\n\n\n<p>Antes de empezar, si a\u00fan no tienes tu <a href=\"https:\/\/groweriq.ca\/es\/como-obtener-una-licencia-de-cannabis-en-espana\/\" target=\"_blank\" rel=\"noreferrer noopener\">Licencia de Cannabis en Espa\u00f1a<\/a>, \u00a1te instamos a que la obtengas cuanto antes! Haz clic en el enlace para obtener una gu\u00eda sobre c\u00f3mo obtener tu licencia.<\/p>\n\n\n\n<p>Ecuador sigue la tendencia de legalizaci\u00f3n del cannabis de muchas naciones sudamericanas, como <a href=\"https:\/\/groweriq.ca\/how-to-get-a-cannabis-license-in-colombia\/\" target=\"_blank\" rel=\"noreferrer noopener\">Colombia<\/a> en su frontera norte. Sin embargo, la legalizaci\u00f3n del cannabis en Ecuador se limitar\u00e1 al c\u00e1\u00f1amo industrial y al c\u00e1\u00f1amo no psicoactivo rico en CBD. Con un entorno natural ideal para el cultivo de cannabis, este nuevo mercado podr\u00eda tener mucho que ofrecer. Lea a continuaci\u00f3n para saber c\u00f3mo obtener una licencia de cannabis en Ecuador.<\/p>\n\n\n\n<h2 class=\"wp-block-heading\">Legalizaci\u00f3n del Cannabis en Ecuador<\/h2>\n\n\n\n<p>En diciembre de 2019, Gaceta Oficial n\u00famero 107, que contiene \u00abLey Org\u00e1nica Reformatoria al C\u00f3digo Org\u00e1nico Integral Penal.\u00bb Esta legislaci\u00f3n modific\u00f3 la Ley del C\u00f3digo Org\u00e1nico Penal de Ecuador para eliminar el c\u00e1\u00f1amo con menos de 1% de THC de su lista de sustancias psicoactivas controladas y permitir su uso medicinal. La producci\u00f3n de cannabis en Ecuador ha sido despenalizada para el c\u00e1\u00f1amo y los cambios para permitir los permisos de cultivo entraron en vigor en 2020.<\/p>\n\n\n\n<h2 class=\"wp-block-heading\">Regulaci\u00f3n del Cannabis en Ecuador<\/h2>\n\n\n\n<p>El cultivo de c\u00e1\u00f1amo est\u00e1 regulado por el Ministerio de Agricultura y Ganader\u00eda de Ecuador. <a href=\"https:\/\/www.mmjdaily.com\/article\/9261713\/cannabis-production-licenses-in-ecuador\/\" target=\"_blank\" rel=\"noreferrer noopener\">MMJ Daily informa<\/a> que el Ministerio de Agricultura y Ganader\u00eda (MAG) conceder\u00e1 siete tipos de licencias para la producci\u00f3n de cannabis no psicoactivo y c\u00e1\u00f1amo industrial en Ecuador. La normativa que regula el cultivo de cannabis en Ecuador es el Acuerdo Ministerial n\u00ba 109 y <a href=\"https:\/\/www.agricultura.gob.ec\/wp-content\/uploads\/2020\/12\/Acuerdo-Ministerial-No.-141.-Tarifario-Canamo.pdf\" target=\"_blank\" rel=\"noreferrer noopener\">Acuerdo Ministerial n\u00ba 141<\/a>.<\/p>\n\n\n\n<p>El <a href=\"https:\/\/www.agricultura.gob.ec\/canamo\/\" target=\"_blank\" rel=\"noreferrer noopener\">Sitio web del Ministerio<\/a> proporciona formularios de requisitos generales que incluyen un formulario de solicitud de licencia, un formulario para revelar la financiaci\u00f3n legal del cultivo, un plan de producci\u00f3n agr\u00edcola, un plan de procesamiento y una lista de anexos y documentos espec\u00edficos para cada tipo de licencia. La licencia se basa en el tipo de cultivo (c\u00e1\u00f1amo industrial o c\u00e1\u00f1amo con alto contenido de CBD), el tama\u00f1o del cultivo y el tipo de actividad (cultivo, procesamiento, importaci\u00f3n y exportaci\u00f3n, etc.). Para obtener una licencia de cannabis en Ecuador, usted debe ser considerado como \u00abPersonas jur\u00eddicas legalmente constituidas o domiciliadas en la Rep\u00fablica del Ecuador\u00bb. Esto incluye a los residentes y a las personas jur\u00eddicas.<\/p>\n\n\n\n<h3 class=\"wp-block-heading\">Obtener una Licencia de Cannabis en Ecuador<\/h3>\n\n\n\n<p>En Ecuador se puede solicitar la licencia de cannabis de forma presencial o virtual. Una vez cumplimentados los formularios necesarios de la p\u00e1gina web del Ministerio, se pueden llevar copias f\u00edsicas y digitales a la ventanilla presencial del Ministerio o escanearlas y enviarlas virtualmente a la direcci\u00f3n de correo electr\u00f3nico que aparece en su p\u00e1gina web. Una vez pagadas las tasas, las licencias se tramitan en una plataforma digital.<\/p>\n\n\n\n<h2 class=\"wp-block-heading\">Ecuador exige un programa inform\u00e1tico para la venta de semillas<\/h2>\n\n\n\n<p>Ecuador exige el uso de un programa inform\u00e1tico para la venta de semillas para el cultivo de cannabis. El software de trazabilidad \u00abde la semilla a la venta\u00bb garantiza el seguimiento de las plantas de cannabis desde el momento en que se reciben las semillas o los clones hasta el momento en que se cosechan y venden las plantas. As\u00ed se garantiza que todas las plantas est\u00e1n contabilizadas y se demuestra que los cultivadores cumplen todos los requisitos legales. El software de trazabilidad de GrowerIQ Semilla a la Venta es una gran opci\u00f3n para los cultivadores de cannabis de cualquier pa\u00eds. Se ha desarrollado para cumplir las normas internacionales y puede personalizarse para adaptarse a sus necesidades espec\u00edficas.<\/p>\n\n\n\n<p>Adem\u00e1s del software, GrowerIQ ofrece servicios de consultor\u00eda para ayudar a los cultivadores a obtener licencias de cannabis y optimizar sus operaciones comerciales. Adem\u00e1s del software, GrowerIQ ofrece servicios de consultor\u00eda para ayudar a los cultivadores a obtener licencias de cannabis y optimizar sus operaciones comerciales. Cuando trabaja con GrowerIQ, puede estar preparado para el \u00e9xito y apoyado con conocimientos y experiencia l\u00edderes en la industria.<\/p>\n\n\n\n<p>Si te ha gustado esta gu\u00eda, estamos seguros de que eres un cultivador ambicioso y de que te encantar\u00e1n estas gu\u00edas para obtener el carnet en m\u00e1s pa\u00edses. Echa un vistazo a estos recursos relacionados a continuaci\u00f3n:<\/p>\n\n\n\n<ul class=\"wp-block-list\">\n<li><a href=\"https:\/\/groweriq.ca\/es\/como-obtener-una-licencia-de-cannabis-en-mexico\/\" target=\"_blank\" rel=\"noreferrer noopener\">C\u00f3mo Obtener una Licencia de Cannabis en M\u00e9xico<\/a><\/li>\n\n\n\n<li><a href=\"https:\/\/groweriq.ca\/es\/como-obtener-una-licencia-de-cannabis-en-argentina\/\" target=\"_blank\" rel=\"noreferrer noopener\">Licencia de Cannabis en Argentina<\/a><\/li>\n\n\n\n<li><a href=\"https:\/\/groweriq.ca\/es\/como-obtener-una-licencia-de-cannabis-en-colombia\/\" target=\"_blank\" rel=\"noreferrer noopener\">Licencia de Cannabis en Colombia<\/a><\/li>\n\n\n\n<li><a href=\"https:\/\/groweriq.ca\/es\/como-obtener-una-licencia-de-cannabis-en-peru\/\" target=\"_blank\" rel=\"noreferrer noopener\">C\u00f3mo obtener una Licencia de Cannabis en Per\u00fa<\/a><\/li>\n\n\n\n<li><a href=\"https:\/\/groweriq.ca\/es\/como-obtener-una-licencia-de-cannabis-en-portugal\/\" target=\"_blank\" rel=\"noreferrer noopener\">C\u00f3mo obtener una Licencia de Cannabis en Portugal<\/a><\/li>\n\n\n\n<li><a href=\"https:\/\/groweriq.ca\/es\/como-obtener-una-licencia-de-cultivo-de-cannabis-en-san-vicente-y-las-granadinas\/\" target=\"_blank\" rel=\"noreferrer noopener\">C\u00f3mo Obtener una Licencia de Cannabis en San Vicente<\/a><\/li>\n<\/ul>\n\n\n\n<h3 class=\"wp-block-heading\">M\u00e1s Informaci\u00f3n<\/h3>\n\n\n\n<p>El software de <a href=\"https:\/\/groweriq.ca\/es\/\" target=\"_blank\" rel=\"noreferrer noopener\">GrowerIQ<\/a> es un sistema cr\u00edtico para ayudarle a cumplir con el cultivo de marihuana medicinal en Ecuador. Nuestros expertos pueden ayudarle a crear una empresa internacional de cannabis exitosa y esforzarse dentro de cualquier marco legal. Para obtener m\u00e1s informaci\u00f3n, p\u00f3ngase en contacto con nuestros asesores profesionales en materia de cannabis diligenciando el siguiente formulario. <\/p>\n\n\n\n<a class=\"x-btn\" href=\"https:\/\/groweriq.ca\/consulting\/industry-expertise\/\" style=\"outline: none; max-width: 500px;\">Hable con nuestros asesores expertos<\/a><p><\/p>\n\n\n<div class=\"cs-content x-global-block x-global-block-4174 e4174-e0\"><div class=\"x-section e4174-e2 m37y-0 m37y-1\"><div class=\"x-row x-container max width e4174-e3 m37y-3 m37y-4\"><div class=\"x-row-inner\"><div class=\"x-col e4174-e4 m37y-5\"><hr class=\"x-line e4174-e5 m37y-6\"\/><div class=\"x-text x-text-headline e4174-e6 m37y-7 m37y-8\"><div class=\"x-text-content\"><div class=\"x-text-content-text\"><h2 class=\"x-text-content-text-primary\">Recommended For You<\/h2>\n<\/div><\/div><\/div><div  class=\"x-recent-posts cf horizontal\"  data-x-element=\"recent_posts\" data-x-params=\"{&quot;fade&quot;:false}\" data-fade=\"false\" ><a class=\"x-recent-post3 with-image\" href=\"https:\/\/groweriq.ca\/es\/2024\/08\/27\/como-obtener-licencia-de-cannabis-en-malta\/\" title=\"Permalink to: &quot;C\u00f3mo Obtener Licencia de Cannabis en Malta&quot;\"><article id=\"post-30396\" class=\"post-30396 post type-post status-publish format-standard has-post-thumbnail hentry category-club-social-de-cannabis category-malta-es category-trazabilidad\"><div class=\"entry-wrap\"><div class=\"x-recent-posts-img\" style=\"background-image: url(https:\/\/groweriq.ca\/wp-content\/uploads\/2024\/04\/How-to-Get-a-Cannabis-License-in-Malta.jpeg);\"><i class='x-framework-icon x-recent-posts-icon' data-x-icon-s='&#xf15c;' aria-hidden=true><\/i><\/div><div class=\"x-recent-posts-content\"><h3 class=\"h-recent-posts\">C\u00f3mo Obtener Licencia de Cannabis en Malta<\/h3><span class=\"x-recent-posts-date\">27 de agosto de 2024<\/span><\/div><\/div><\/article><\/a><a class=\"x-recent-post3 with-image\" href=\"https:\/\/groweriq.ca\/es\/2024\/03\/11\/estadisticas-de-la-industria-del-cannabis-en-2024-hechos-y-estadisticas-sobre-la-industria-del-cannabis\/\" title=\"Permalink to: &quot;Estad\u00edsticas de la Industria del Cannabis en 2024: Hechos y estad\u00edsticas sobre la industria del cannabis&quot;\"><article id=\"post-25593\" class=\"post-25593 post type-post status-publish format-standard has-post-thumbnail hentry category-canada-es tag-industria-del-cannabis tag-negocio-de-cannabis\"><div class=\"entry-wrap\"><div class=\"x-recent-posts-img\" style=\"background-image: url(https:\/\/groweriq.ca\/wp-content\/uploads\/2019\/06\/HealthLicense3-930x520.png);\"><i class='x-framework-icon x-recent-posts-icon' data-x-icon-s='&#xf15c;' aria-hidden=true><\/i><\/div><div class=\"x-recent-posts-content\"><h3 class=\"h-recent-posts\">Estad\u00edsticas de la Industria del Cannabis en 2024: Hechos y estad\u00edsticas sobre la industria del cannabis<\/h3><span class=\"x-recent-posts-date\">11 de marzo de 2024<\/span><\/div><\/div><\/article><\/a><a class=\"x-recent-post3 with-image\" href=\"https:\/\/groweriq.ca\/es\/2024\/03\/04\/crm-semilla-a-venta-cuales-son-las-principales-funciones-a-considerar\/\" title=\"Permalink to: &quot;CRM Semilla a Venta: Cu\u00e1les son las principales funciones a considerar&quot;\"><article id=\"post-25553\" class=\"post-25553 post type-post status-publish format-standard has-post-thumbnail hentry category-trazabilidad tag-industria-del-cannabis tag-maestro-cultivador tag-negocio-de-cannabis\"><div class=\"entry-wrap\"><div class=\"x-recent-posts-img\" style=\"background-image: url(https:\/\/groweriq.ca\/wp-content\/uploads\/2020\/01\/SOP-02-opt-870x520.jpg);\"><i class='x-framework-icon x-recent-posts-icon' data-x-icon-s='&#xf15c;' aria-hidden=true><\/i><\/div><div class=\"x-recent-posts-content\"><h3 class=\"h-recent-posts\">CRM Semilla a Venta: Cu\u00e1les son las principales funciones a considerar<\/h3><span class=\"x-recent-posts-date\">4 de marzo de 2024<\/span><\/div><\/div><\/article><\/a><\/div><\/div><\/div><\/div><\/div><div class=\"x-section e4174-e8 m37y-1 m37y-2\"><div class=\"x-container max width e4174-e9 m37y-a\"><div class=\"x-column x-sm x-1-2 e4174-e10 m37y-b\"><div class=\"x-text x-text-headline e4174-e11 m37y-8 m37y-9\"><div class=\"x-text-content\"><div class=\"x-text-content-text\"><h2 class=\"x-text-content-text-primary\"><span>About GrowerIQ<\/span><\/h2>\n<\/div><\/div><\/div><div class=\"x-content-area e4174-e12 m37y-c\">GrowerIQ is a complete cannabis production management platform. Ours is the first platform to integrate your facility systems, including sensors, building controls, QMS, and ERP, into a single simplified interface.\n<br\/><br\/>\n\nGrowerIQ is changing the way producers use software - transforming a regulatory requirement into a robust platform to learn, analyze, and improve performance. \n<br\/><br\/>\n\nTo find out more about GrowerIQ and how we can help, fill out the form to the right, start a chat, or <a class=\"link\" href=\"\/contact-us\/\">contact us<\/a>.<\/div><\/div><div class=\"x-column x-sm x-1-2 e4174-e13 m37y-b\"><div class=\"x-content-area x-hide-sm x-hide-xs e4174-e14 m37y-c\"><h2 style=\"color: white !important;\">Start today.<\/h2>\n<p style=\"color: white !important;\">Let us know how to reach you, and we'll get in touch to discuss your project.<\/p>\n<div class=\"salesforce_w2l_lead sf_one_column\"><form id=\"sf_form_salesforce_w2l_lead_4\" class=\"w2llead placeholders\" method=\"post\" action=\"#sf_form_salesforce_w2l_lead_4\"><div class=\"sf_field sf_field_first_name sf_type_text\">\t<input type=\"text\" placeholder=\"Name *\" value=\"\" id=\"sf_first_name\" class=\"w2linput text\" name=\"first_name\"  \/><div class=\"clearfix\"><\/div><\/div><div class=\"sf_field sf_field_email sf_type_text\">\t<input type=\"text\" placeholder=\"Email *\" value=\"\" id=\"sf_email\" class=\"w2linput text\" name=\"email\"  \/><div class=\"clearfix\"><\/div><\/div><div class=\"sf_field sf_field_description sf_type_textarea\">\t\t<textarea id=\"sf_description\" class=\"w2linput textarea\" name=\"description\" placeholder=\"Message\"><\/textarea><div class=\"clearfix\"><\/div><\/div>\t\t<input type=\"hidden\" id=\"sf_GCLID__c\" class=\"w2linput hidden\" name=\"GCLID__c\" value=\"\" \/>\t\t<input type=\"hidden\" id=\"sf_Utm_campaign__c\" class=\"w2linput hidden\" name=\"Utm_campaign__c\" value=\"\" \/>\t\t<input type=\"hidden\" id=\"sf_Utm_content__c\" class=\"w2linput hidden\" name=\"Utm_content__c\" value=\"\" \/>\t\t<input type=\"hidden\" id=\"sf_Utm_medium__c\" class=\"w2linput hidden\" name=\"Utm_medium__c\" value=\"\" \/>\t\t<input type=\"hidden\" id=\"sf_Utm_source__c\" class=\"w2linput hidden\" name=\"Utm_source__c\" value=\"\" \/>\t\t<input type=\"hidden\" id=\"sf_Utm_term__c\" class=\"w2linput hidden\" name=\"Utm_term__c\" value=\"\" \/>\t\t<input type=\"hidden\" id=\"sf_Referral_url__c\" class=\"w2linput hidden\" name=\"Referral_url__c\" value=\"\" \/>\t<input type=\"text\" name=\"message\" class=\"w2linput\" value=\"\" style=\"display: none;\" \/>\t<input type=\"hidden\" name=\"form_id\" class=\"w2linput\" value=\"4\" \/>\t<div class=\"w2lsubmit\"><input type=\"submit\" name=\"w2lsubmit\" class=\"w2linput submit\" value=\"Get Started\" \/><\/div><\/form><\/div>\n\n<p style=\"color: white !important; font-size: 9px !important; line-height: 15px !important;\">GrowerIQ does not share, sell, rent, or trade personally identifiable information with third parties for promotional purposes. <a href=\"\/privacy-policy\/\" style=\"color: white !important; text-decoration: underline !important;\">Privacy Policy<\/a><\/p><\/div><\/div><\/div><\/div><\/div>\n","protected":false},"excerpt":{"rendered":"<p>Ecuador sigue la tendencia de legalizaci\u00f3n del cannabis de muchas naciones sudamericanas, como Colombia en su frontera norte. Sin embargo, la legalizaci\u00f3n del cannabis en Ecuador se limitar\u00e1 al c\u00e1\u00f1amo industrial y al c\u00e1\u00f1amo no psicoactivo rico en CBD. Con un entorno natural ideal para el cultivo de cannabis, este nuevo mercado podr\u00eda tener mucho que ofrecer.<\/p>\n","protected":false},"author":10,"featured_media":19072,"parent":0,"menu_order":0,"comment_status":"closed","ping_status":"closed","template":"","meta":{"_elementor_css":"","footnotes":""},"categories":[745,453,380,250],"tags":[744,378,381],"class_list":["post-12129","page","type-page","status-publish","has-post-thumbnail","hentry","category-ecuador-es","category-internacional","category-legalizacion","category-lp-proceso-de-aplicacion","tag-ecuador-es","tag-industria-del-cannabis","tag-proceso-de-concesion-de-licencias"],"_links":{"self":[{"href":"https:\/\/groweriq.ca\/es\/wp-json\/wp\/v2\/pages\/12129","targetHints":{"allow":["GET"]}}],"collection":[{"href":"https:\/\/groweriq.ca\/es\/wp-json\/wp\/v2\/pages"}],"about":[{"href":"https:\/\/groweriq.ca\/es\/wp-json\/wp\/v2\/types\/page"}],"author":[{"embeddable":true,"href":"https:\/\/groweriq.ca\/es\/wp-json\/wp\/v2\/users\/10"}],"replies":[{"embeddable":true,"href":"https:\/\/groweriq.ca\/es\/wp-json\/wp\/v2\/comments?post=12129"}],"version-history":[{"count":13,"href":"https:\/\/groweriq.ca\/es\/wp-json\/wp\/v2\/pages\/12129\/revisions"}],"predecessor-version":[{"id":17074,"href":"https:\/\/groweriq.ca\/es\/wp-json\/wp\/v2\/pages\/12129\/revisions\/17074"}],"wp:featuredmedia":[{"embeddable":true,"href":"https:\/\/groweriq.ca\/es\/wp-json\/wp\/v2\/media\/19072"}],"wp:attachment":[{"href":"https:\/\/groweriq.ca\/es\/wp-json\/wp\/v2\/media?parent=12129"}],"wp:term":[{"taxonomy":"category","embeddable":true,"href":"https:\/\/groweriq.ca\/es\/wp-json\/wp\/v2\/categories?post=12129"},{"taxonomy":"post_tag","embeddable":true,"href":"https:\/\/groweriq.ca\/es\/wp-json\/wp\/v2\/tags?post=12129"}],"curies":[{"name":"wp","href":"https:\/\/api.w.org\/{rel}","templated":true}]}}