{"id":10931,"date":"2021-06-14T18:10:18","date_gmt":"2021-06-14T22:10:18","guid":{"rendered":"https:\/\/groweriq.ca\/asesoramiento-sobre-el-cannabis-gestion-de-los-avisos-de-rmi-e-itf\/"},"modified":"2023-01-29T10:44:36","modified_gmt":"2023-01-29T15:44:36","slug":"asesoramiento-sobre-el-cannabis-gestion-de-los-avisos-de-rmi-e-itf","status":"publish","type":"page","link":"https:\/\/groweriq.ca\/es\/asesoramiento-sobre-el-cannabis-gestion-de-los-avisos-de-rmi-e-itf\/","title":{"rendered":"Consultor\u00eda de Cannabis: Gesti\u00f3n de las Notificaciones RMI e ITR"},"content":{"rendered":"\n<p>Antes de empezar, si a\u00fan no tienes tu&nbsp;<a href=\"https:\/\/groweriq.ca\/es\/como-obtener-una-licencia-de-cannabis-en-espana\/\" target=\"_blank\" rel=\"noreferrer noopener\">Licencia de Cannabis en Espa\u00f1a<\/a>, \u00a1te instamos a que la obtengas cuanto antes! Haz clic en el enlace para obtener una gu\u00eda sobre c\u00f3mo obtener tu licencia.<\/p>\n\n\n\n<p>La solicitud de licencia de cannabis es s\u00f3lo el primero de muchos pasos en el proceso de convertirse en un negocio de cannabis con licencia. Una empresa que se encuentre en la fase de tramitaci\u00f3n de la licencia ya habr\u00e1 tenido que construir un sitio plenamente operativo (por ejemplo, un almac\u00e9n, un<a href=\"https:\/\/groweriq.ca\/2020\/07\/03\/how-to-set-up-your-cannabis-greenhouse\/\" target=\"_blank\" rel=\"noreferrer noopener\">invernadero<\/a>, o cualquier otro lugar), crear y presentar un paquete de pruebas del sitio y presentar documentaci\u00f3n adicional de apoyo. Una vez que se inicie el proceso de revisi\u00f3n de su solicitud, es posible que haya que tomar medidas adicionales. En los casos en los que una solicitud est\u00e9 incompleta, puede recibir una notificaci\u00f3n de solicitud de m\u00e1s informaci\u00f3n (RMI) o una notificaci\u00f3n de intenci\u00f3n de rechazo (ITR). Si recibe uno o m\u00e1s de estos memorandos, no hay necesidad de entrar en p\u00e1nico, los consultores de cannabis en GrowerIQ est\u00e1n aqu\u00ed para ayudar.<\/p>\n\n\n\n<h3 class=\"wp-block-heading\">\u00bfC\u00f3mo Pueden nuetros Expertos en Consultor\u00eda de Cannabis Ayudarle a Responder a las Notificaciones del RMI y del ITF?<\/h3>\n\n\n\n<ul class=\"wp-block-list\">\n<li>Revisar la presentaci\u00f3n de la solicitud de cannabis para identificar problemas<\/li>\n\n\n\n<li>Elaborar estrategias y preparar respuestas formales a las Notificaciones de RMI e ITF<\/li>\n\n\n\n<li>Comunicarse con los reguladores y participar en teleconferencias para apoyarlo<\/li>\n\n\n\n<li>Llenar espacios como los SOPs que faltan y actualizar los documentos<\/li>\n<\/ul>\n\n\n\n<h2 class=\"wp-block-heading\">\u00bfQu\u00e9 son las Notificaciones de Solicitud de Informaci\u00f3n Adicional (RMI)?<\/h2>\n\n\n\n<p>La autoridad reguladora puede emitir una o m\u00e1s notificaciones RMI si hay informaci\u00f3n en su solicitud que no est\u00e1 clara o requiere m\u00e1s detalles para demostrar el cumplimiento de los requisitos reglamentarios. Las Notificaciones del RMI le exigir\u00e1n que responda con informaci\u00f3n adicional, modificaciones de su solicitud y\/o aclaraciones que deben presentarse como respuesta formal.<\/p>\n\n\n\n<p>La respuesta a una notificaci\u00f3n del RMI debe darse en un plazo de dos a cuatro semanas, pero en algunas situaciones se puede obtener una pr\u00f3rroga si hay una buena raz\u00f3n. Los consultores expertos en negocios y cultivos de cannabis de GrowerIQ pueden ayudarle a comunicarse con los reguladores y le ofrece apoyo administrativo cuando se comunique con las partes y\/o las autoridades. Tambi\u00e9n podemos ayudarle a elaborar su respuesta formal. Este proceso comienza con la evaluaci\u00f3n de su solicitud y llenando cualquier espacio vac\u00edo como SOPs faltantes y haciendo acualizaciones a los documentos. Estamos a su lado durante todo el proceso de respuesta a las notificaciones.<\/p>\n\n\n\n<h3 class=\"wp-block-heading\">Requisitos de Health Canada para las respuestas a los RMIs<\/h3>\n\n\n\n<ul class=\"wp-block-list\">\n<li>Debe responder en el plazo especificado<\/li>\n\n\n\n<li>Las respuestas exhaustivas deben abordar todos los comentarios sobre cada elemento se\u00f1alado<\/li>\n\n\n\n<li>Puede requerir revisiones de documentos o una documentaci\u00f3n visual o escrita adicional<\/li>\n\n\n\n<li>Puede requerir la presentaci\u00f3n de un documento en formato tabular o de informe<\/li>\n\n\n\n<li>La respuesta debe ser espec\u00edfica y entendible<\/li>\n<\/ul>\n\n\n\n<h2 class=\"wp-block-heading\">\u00bfQu\u00e9 son las Notificaciones de Intenci\u00f3n de Rechazo (ITF)?<\/h2>\n\n\n\n<p>En situacions en las que las autoridades reguladoras no puedan proceder con su solicitud tal como est\u00e1, pueden enviar una Notificaci\u00f3n ITF. Las notificaciones ITF son similares a las notificaciones RMI en el sentido en el que el regulador le proporcionar\u00e1 un plazo para responder y, una vez transcurrido dicho plazo, se formar\u00e1 una decisi\u00f3n de denegaci\u00f3n. El motivo m\u00e1s com\u00fan para recibir una notificaci\u00f3n ITF es una solicitud de cannabis incompleta. Una vez m\u00e1s, los consultores de cannabis pueden ayudarle a evaluar su presentaci\u00f3n actual y a rellenar los espacios dentro del plazo pevisto. Nuestros clientes siempre tendr\u00e1n todo nuestro apoyo para elaborar una respuesta y comunicarse con los reguladores.<\/p>\n\n\n\n<h2 class=\"wp-block-heading\">Trabajar con el Equipo de Consultores de Cannabis de GrowerIQ<\/h2>\n\n\n\n<p>El equipo de GrowerIQ incluye consultores de cannabis experimentados y personal de control de calidad. Tenemos un profundo conocimiento de la normativa, incluidos los matices. Aunque no todos los solicitantes de licencias de cannabis optan por trabajar con un consultor desde el principio de su solicitud, puede ponerse en contacto con nosotros en cualquier momento del proceso de concesi\u00f3n de licencias si surge alg\u00fan problema.<\/p>\n\n\n\n<p>Ahora que te acercas al final de este post, queremos asegurarnos de que tu viaje de aprendizaje no termina aqu\u00ed (\u00a1tu viaje de aprendizaje nunca deber\u00eda terminar!). Aqu\u00ed tienes una lista de publicaciones relacionadas que debes consultar a continuaci\u00f3n:<\/p>\n\n\n\n<ul class=\"wp-block-list\">\n<li><a href=\"https:\/\/groweriq.ca\/es\/2021\/02\/19\/el-cultivo-y-las-regulaciones-del-canamo-de-estados-unidos-vs-el-canadiense-2\/\" target=\"_blank\" rel=\"noreferrer noopener\">Cultivo y Regulaci\u00f3n del C\u00e1\u00f1amo<\/a><\/li>\n\n\n\n<li><a href=\"https:\/\/groweriq.ca\/es\/2020\/08\/07\/gpp-vs-gmp-para-el-aseguramiento-de-la-calidad-del-cannabis\/\" target=\"_blank\" rel=\"noreferrer noopener\">GPP vs GMP<\/a><\/li>\n\n\n\n<li><a href=\"https:\/\/groweriq.ca\/es\/licencia-de-prueba-analitica\/\" target=\"_blank\" rel=\"noreferrer noopener\">Pruebas Anal\u00edticas<\/a><\/li>\n\n\n\n<li><a href=\"https:\/\/groweriq.ca\/es\/2021\/06\/27\/el-cannabis-y-la-salud-y-seguridad-en-el-trabajo\/\" target=\"_blank\" rel=\"noreferrer noopener\">El Cannabis Y La Salud y Seguridad En El Trabajo<\/a><\/li>\n\n\n\n<li><a href=\"https:\/\/groweriq.ca\/es\/2020\/08\/10\/ley-de-cannabis-gpp-y-gmp-para-el-aseguramiento-de-la-calidad-del-cannabis\/\" target=\"_blank\" rel=\"noreferrer noopener\">Ley del Cannabis<\/a><\/li>\n\n\n\n<li><a href=\"https:\/\/groweriq.ca\/es\/licencia-de-cultivo-de-vivero\/\" target=\"_blank\" rel=\"noreferrer noopener\">Cultivo de Vivero<\/a><\/li>\n\n\n\n<li><a href=\"https:\/\/groweriq.ca\/es\/2020\/09\/03\/seguridad-y-la-ley-de-cannabis-parte-i\/\" target=\"_blank\" rel=\"noreferrer noopener\">Autorizaci\u00f3n de Seguridad<\/a><\/li>\n\n\n\n<li><a href=\"https:\/\/groweriq.ca\/es\/licencia-de-cultivo-estandar\/\" target=\"_blank\" rel=\"noreferrer noopener\">Cultivo Est\u00e1ndar<\/a><\/li>\n\n\n\n<li><a href=\"https:\/\/groweriq.ca\/es\/licencia-de-micro-cultivo\/\" target=\"_blank\" rel=\"noreferrer noopener\">Micro-Cultivo<\/a><\/li>\n\n\n\n<li><a href=\"https:\/\/groweriq.ca\/es\/licencia-de-microprocesamiento\/\" target=\"_blank\" rel=\"noreferrer noopener\">Microprocesamiento<\/a><\/li>\n\n\n\n<li><a href=\"https:\/\/groweriq.ca\/es\/licencia-de-procesamiento-estandar\/\" target=\"_blank\" rel=\"noreferrer noopener\">Procesamiento Est\u00e1ndar<\/a><\/li>\n<\/ul>\n\n\n\n<h3 class=\"wp-block-heading\">M\u00e1s Informaci\u00f3n<\/h3>\n\n\n\n<p><a href=\"https:\/\/groweriq.ca\/es\/\" target=\"_blank\" rel=\"noreferrer noopener\">Los expertos de GrowerIQ<\/a> pueden ayudarlo a crear una empresa de cannabis de \u00e9xito para luchar dentro de cualquier marco legal. Para obtener m\u00e1s informaci\u00f3n, p\u00f3ngase en contacto con nuestros profesionales del cannabis rellenando el siguiente formulario.<\/p>\n\n\n\n<a class=\"x-btn\" href=\"https:\/\/groweriq.ca\/consulting\/rmi-itr-notices\/\" style=\"max-width: 400px\">Gestionar las notificaciones RMI e ITR ahora<\/a><p><\/p>\n\n\n<div class=\"cs-content x-global-block x-global-block-4174 e4174-e0\"><div class=\"x-section e4174-e2 m37y-0 m37y-1\"><div class=\"x-row x-container max width e4174-e3 m37y-3 m37y-4\"><div class=\"x-row-inner\"><div class=\"x-col e4174-e4 m37y-5\"><hr class=\"x-line e4174-e5 m37y-6\"\/><div class=\"x-text x-text-headline e4174-e6 m37y-7 m37y-8\"><div class=\"x-text-content\"><div class=\"x-text-content-text\"><h2 class=\"x-text-content-text-primary\">Recommended For You<\/h2>\n<\/div><\/div><\/div><div  class=\"x-recent-posts cf horizontal\"  data-x-element=\"recent_posts\" data-x-params=\"{&quot;fade&quot;:false}\" data-fade=\"false\" ><a class=\"x-recent-post3 with-image\" href=\"https:\/\/groweriq.ca\/es\/2024\/08\/27\/como-obtener-licencia-de-cannabis-en-malta\/\" title=\"Permalink to: &quot;C\u00f3mo Obtener Licencia de Cannabis en Malta&quot;\"><article id=\"post-30396\" class=\"post-30396 post type-post status-publish format-standard has-post-thumbnail hentry category-club-social-de-cannabis category-malta-es category-trazabilidad\"><div class=\"entry-wrap\"><div class=\"x-recent-posts-img\" style=\"background-image: url(https:\/\/groweriq.ca\/wp-content\/uploads\/2024\/04\/How-to-Get-a-Cannabis-License-in-Malta.jpeg);\"><i class='x-framework-icon x-recent-posts-icon' data-x-icon-s='&#xf15c;' aria-hidden=true><\/i><\/div><div class=\"x-recent-posts-content\"><h3 class=\"h-recent-posts\">C\u00f3mo Obtener Licencia de Cannabis en Malta<\/h3><span class=\"x-recent-posts-date\">27 de agosto de 2024<\/span><\/div><\/div><\/article><\/a><a class=\"x-recent-post3 with-image\" href=\"https:\/\/groweriq.ca\/es\/2024\/03\/11\/estadisticas-de-la-industria-del-cannabis-en-2024-hechos-y-estadisticas-sobre-la-industria-del-cannabis\/\" title=\"Permalink to: &quot;Estad\u00edsticas de la Industria del Cannabis en 2024: Hechos y estad\u00edsticas sobre la industria del cannabis&quot;\"><article id=\"post-25593\" class=\"post-25593 post type-post status-publish format-standard has-post-thumbnail hentry category-canada-es tag-industria-del-cannabis tag-negocio-de-cannabis\"><div class=\"entry-wrap\"><div class=\"x-recent-posts-img\" style=\"background-image: url(https:\/\/groweriq.ca\/wp-content\/uploads\/2019\/06\/HealthLicense3-930x520.png);\"><i class='x-framework-icon x-recent-posts-icon' data-x-icon-s='&#xf15c;' aria-hidden=true><\/i><\/div><div class=\"x-recent-posts-content\"><h3 class=\"h-recent-posts\">Estad\u00edsticas de la Industria del Cannabis en 2024: Hechos y estad\u00edsticas sobre la industria del cannabis<\/h3><span class=\"x-recent-posts-date\">11 de marzo de 2024<\/span><\/div><\/div><\/article><\/a><a class=\"x-recent-post3 with-image\" href=\"https:\/\/groweriq.ca\/es\/2024\/03\/04\/crm-semilla-a-venta-cuales-son-las-principales-funciones-a-considerar\/\" title=\"Permalink to: &quot;CRM Semilla a Venta: Cu\u00e1les son las principales funciones a considerar&quot;\"><article id=\"post-25553\" class=\"post-25553 post type-post status-publish format-standard has-post-thumbnail hentry category-trazabilidad tag-industria-del-cannabis tag-maestro-cultivador tag-negocio-de-cannabis\"><div class=\"entry-wrap\"><div class=\"x-recent-posts-img\" style=\"background-image: url(https:\/\/groweriq.ca\/wp-content\/uploads\/2020\/01\/SOP-02-opt-870x520.jpg);\"><i class='x-framework-icon x-recent-posts-icon' data-x-icon-s='&#xf15c;' aria-hidden=true><\/i><\/div><div class=\"x-recent-posts-content\"><h3 class=\"h-recent-posts\">CRM Semilla a Venta: Cu\u00e1les son las principales funciones a considerar<\/h3><span class=\"x-recent-posts-date\">4 de marzo de 2024<\/span><\/div><\/div><\/article><\/a><\/div><\/div><\/div><\/div><\/div><div class=\"x-section e4174-e8 m37y-1 m37y-2\"><div class=\"x-container max width e4174-e9 m37y-a\"><div class=\"x-column x-sm x-1-2 e4174-e10 m37y-b\"><div class=\"x-text x-text-headline e4174-e11 m37y-8 m37y-9\"><div class=\"x-text-content\"><div class=\"x-text-content-text\"><h2 class=\"x-text-content-text-primary\"><span>About GrowerIQ<\/span><\/h2>\n<\/div><\/div><\/div><div class=\"x-content-area e4174-e12 m37y-c\">GrowerIQ is a complete cannabis production management platform. Ours is the first platform to integrate your facility systems, including sensors, building controls, QMS, and ERP, into a single simplified interface.\n<br\/><br\/>\n\nGrowerIQ is changing the way producers use software - transforming a regulatory requirement into a robust platform to learn, analyze, and improve performance. \n<br\/><br\/>\n\nTo find out more about GrowerIQ and how we can help, fill out the form to the right, start a chat, or <a class=\"link\" href=\"\/contact-us\/\">contact us<\/a>.<\/div><\/div><div class=\"x-column x-sm x-1-2 e4174-e13 m37y-b\"><div class=\"x-content-area x-hide-sm x-hide-xs e4174-e14 m37y-c\"><h2 style=\"color: white !important;\">Start today.<\/h2>\n<p style=\"color: white !important;\">Let us know how to reach you, and we'll get in touch to discuss your project.<\/p>\n<div class=\"salesforce_w2l_lead sf_one_column\"><form id=\"sf_form_salesforce_w2l_lead_4\" class=\"w2llead placeholders\" method=\"post\" action=\"#sf_form_salesforce_w2l_lead_4\"><div class=\"sf_field sf_field_first_name sf_type_text\">\t<input type=\"text\" placeholder=\"Name *\" value=\"\" id=\"sf_first_name\" class=\"w2linput text\" name=\"first_name\"  \/><div class=\"clearfix\"><\/div><\/div><div class=\"sf_field sf_field_email sf_type_text\">\t<input type=\"text\" placeholder=\"Email *\" value=\"\" id=\"sf_email\" class=\"w2linput text\" name=\"email\"  \/><div class=\"clearfix\"><\/div><\/div><div class=\"sf_field sf_field_description sf_type_textarea\">\t\t<textarea id=\"sf_description\" class=\"w2linput textarea\" name=\"description\" placeholder=\"Message\"><\/textarea><div class=\"clearfix\"><\/div><\/div>\t\t<input type=\"hidden\" id=\"sf_GCLID__c\" class=\"w2linput hidden\" name=\"GCLID__c\" value=\"\" \/>\t\t<input type=\"hidden\" id=\"sf_Utm_campaign__c\" class=\"w2linput hidden\" name=\"Utm_campaign__c\" value=\"\" \/>\t\t<input type=\"hidden\" id=\"sf_Utm_content__c\" class=\"w2linput hidden\" name=\"Utm_content__c\" value=\"\" \/>\t\t<input type=\"hidden\" id=\"sf_Utm_medium__c\" class=\"w2linput hidden\" name=\"Utm_medium__c\" value=\"\" \/>\t\t<input type=\"hidden\" id=\"sf_Utm_source__c\" class=\"w2linput hidden\" name=\"Utm_source__c\" value=\"\" \/>\t\t<input type=\"hidden\" id=\"sf_Utm_term__c\" class=\"w2linput hidden\" name=\"Utm_term__c\" value=\"\" \/>\t\t<input type=\"hidden\" id=\"sf_Referral_url__c\" class=\"w2linput hidden\" name=\"Referral_url__c\" value=\"\" \/>\t<input type=\"text\" name=\"message\" class=\"w2linput\" value=\"\" style=\"display: none;\" \/>\t<input type=\"hidden\" name=\"form_id\" class=\"w2linput\" value=\"4\" \/>\t<div class=\"w2lsubmit\"><input type=\"submit\" name=\"w2lsubmit\" class=\"w2linput submit\" value=\"Get Started\" \/><\/div><\/form><\/div>\n\n<p style=\"color: white !important; font-size: 9px !important; line-height: 15px !important;\">GrowerIQ does not share, sell, rent, or trade personally identifiable information with third parties for promotional purposes. <a href=\"\/privacy-policy\/\" style=\"color: white !important; text-decoration: underline !important;\">Privacy Policy<\/a><\/p><\/div><\/div><\/div><\/div><\/div>\n\n\n\n<h3 class=\"wp-block-heading\">Referencias<\/h3>\n\n\n\n<p>Health Canada. <a href=\"https:\/\/www.canada.ca\/en\/health-canada\/services\/drugs-medication\/cannabis\/industry-licensees-applicants\/licensing-summary\/guide.html#7\" target=\"_blank\" rel=\"noreferrer noopener\">Requisitos para solicitar licencias de cultivo, procesamiento y venta de cannabis con fines m\u00e9dicos. Canada.ca. Publicado 2018<\/a>. Accedido Mayo 9, 2021.<\/p>\n","protected":false},"excerpt":{"rendered":"<p>Usted puede recibir una notificaci\u00f3n de Solicitud de m\u00e1s Informaci\u00f3n (RMI) o una notificaci\u00f3n de Intenci\u00f3n de Rechazo (ITF). Si recibe uno o m\u00e1s de estos memorandos, no hay necesidad de entrar en p\u00e1nico, los consultores de cannabis en GrowerIQ est\u00e1n aqu\u00ed para ayudar.<\/p>\n","protected":false},"author":10,"featured_media":0,"parent":0,"menu_order":0,"comment_status":"closed","ping_status":"closed","template":"","meta":{"_elementor_css":"","footnotes":""},"categories":[682,684,323],"tags":[686,685,387,679,680],"class_list":["post-10931","page","type-page","status-publish","hentry","category-consultoria","category-manual-de-calidad","category-productor-con-licencia","tag-avisos-de-itf","tag-avisos-de-rmi","tag-consultoria-de-cannabis","tag-licencia-de-cannabis","tag-solicitud-de-licencia-de-cannabis","no-post-thumbnail"],"_links":{"self":[{"href":"https:\/\/groweriq.ca\/es\/wp-json\/wp\/v2\/pages\/10931","targetHints":{"allow":["GET"]}}],"collection":[{"href":"https:\/\/groweriq.ca\/es\/wp-json\/wp\/v2\/pages"}],"about":[{"href":"https:\/\/groweriq.ca\/es\/wp-json\/wp\/v2\/types\/page"}],"author":[{"embeddable":true,"href":"https:\/\/groweriq.ca\/es\/wp-json\/wp\/v2\/users\/10"}],"replies":[{"embeddable":true,"href":"https:\/\/groweriq.ca\/es\/wp-json\/wp\/v2\/comments?post=10931"}],"version-history":[{"count":15,"href":"https:\/\/groweriq.ca\/es\/wp-json\/wp\/v2\/pages\/10931\/revisions"}],"predecessor-version":[{"id":17082,"href":"https:\/\/groweriq.ca\/es\/wp-json\/wp\/v2\/pages\/10931\/revisions\/17082"}],"wp:attachment":[{"href":"https:\/\/groweriq.ca\/es\/wp-json\/wp\/v2\/media?parent=10931"}],"wp:term":[{"taxonomy":"category","embeddable":true,"href":"https:\/\/groweriq.ca\/es\/wp-json\/wp\/v2\/categories?post=10931"},{"taxonomy":"post_tag","embeddable":true,"href":"https:\/\/groweriq.ca\/es\/wp-json\/wp\/v2\/tags?post=10931"}],"curies":[{"name":"wp","href":"https:\/\/api.w.org\/{rel}","templated":true}]}}