{"id":10923,"date":"2021-06-13T11:53:37","date_gmt":"2021-06-13T15:53:37","guid":{"rendered":"https:\/\/groweriq.ca\/consultoria-de-cannabis-groweriq-manual-de-calidad-y-apoyo-al-flujo-de-procesos\/"},"modified":"2023-01-27T18:50:06","modified_gmt":"2023-01-27T23:50:06","slug":"consultoria-de-cannabis-groweriq-manual-de-calidad-y-apoyo-al-flujo-de-procesos","status":"publish","type":"page","link":"https:\/\/groweriq.ca\/es\/consultoria-de-cannabis-groweriq-manual-de-calidad-y-apoyo-al-flujo-de-procesos\/","title":{"rendered":"Consultor\u00eda de Cannabis GrowerIQ: Manual de Calidad y Apoyo al Flujo de Procesos"},"content":{"rendered":"\n<p>Antes de empezar, si a\u00fan no conoces los&nbsp;<a href=\"https:\/\/groweriq.ca\/es\/2020\/08\/04\/la-guia-definitiva-de-los-poe-para-la-industria-de-cannabis-parte-i\/\" target=\"_blank\" rel=\"noreferrer noopener\">Poes de Cannabis<\/a>, \u00a1te instamos a que consultes nuestro recurso enlazado para aprender sobre ellos!<\/p>\n\n\n\n<p>Cuando se est\u00e1 aplicando para convertirse en un productor autorizado (LP) de cannabis, hay SOPs, nuevos equipos, nuevos sistemas de software y una nueva instalaci\u00f3n. Todas estas cosas son necesarias para conseguir su licencia. Sin embargo, algunos aplicantes de LP no tendr\u00e1n todav\u00eda sus plantillas de SOP personalizadas en el momento en que comiencen su solicitud de licencia. Adem\u00e1s, es posible que algunos no tengan un plan cohesivo sobre como reunir todos estos elementos bajo un plan de gesti\u00f3n. Un manual de calidad es una buena soluci\u00f3n para poner en marcha las operaciones y reunir todos los elementos de su negocio.<\/p>\n\n\n\n<p>El manual de calidad es un docuemtno fundamental para tener un <a href=\"https:\/\/groweriq.ca\/2020\/08\/13\/seed-to-sale-software-cannabis-quality-management-system\/\" target=\"_blank\" rel=\"noreferrer noopener\">programa de garant\u00eda de calidad<\/a> eficaz, pero no es un requisito b\u00e1sico para las solicitudes de licencia de cannabis. Por lo tanto, muchos solicitantes pasan por alto este documento crucial. En la garant\u00eda de calidad, existe una \u00abjerarqu\u00eda de documentaci\u00f3n\u00bb. En esta jerarqu\u00eda, las leyes y los reglamentos est\u00e1n en la cima. El manual de calidad es el segundo porque establece a qu\u00e9 leyes y reglamentos est\u00e1n sujetos otros documentos controlados. Se dice que es el \u00abNivel 1\u00bb en la imagen de abajo porque est\u00e1 en la parte superior de su jerarqu\u00eda de documentaci\u00f3n interna. GrowerIQ puede ayudarle a elaborar un manual de calidad que proporcione a su empresa un plan de gesti\u00f3n integral que abarque todos sus equipos y procesos en un sistema de gesti\u00f3n de calidad cohesionado y completo.<\/p>\n\n\n<div class=\"wp-block-image\">\n<figure class=\"aligncenter size-large\"><img fetchpriority=\"high\" decoding=\"async\" width=\"592\" height=\"358\" src=\"http:\/\/groweriq.ca\/wp-content\/uploads\/2021\/05\/heirarchy-of-documentation.jpg\" alt=\"nivel de documentaci\u00f3n de garant\u00eda de calidad\" class=\"wp-image-10693\" srcset=\"https:\/\/groweriq.ca\/wp-content\/uploads\/2021\/05\/heirarchy-of-documentation.jpg 592w, https:\/\/groweriq.ca\/wp-content\/uploads\/2021\/05\/heirarchy-of-documentation-300x181.jpg 300w, https:\/\/groweriq.ca\/wp-content\/uploads\/2021\/05\/heirarchy-of-documentation-100x60.jpg 100w\" sizes=\"(max-width: 592px) 100vw, 592px\" \/><figcaption class=\"wp-element-caption\">Aunque Health Canada no exige expl\u00edcitamente un manual de calidad, suele ser un requisito de la normativa de la UE sobre pr\u00e1cticas correctas de fabricaci\u00f3n. Tambi\u00e9n es una buena manera de aumentar sus operaciones y ponerlas bajo un plan de gesti\u00f3n de una calidad coherente.<\/figcaption><\/figure>\n<\/div>\n\n\n<h2 class=\"wp-block-heading\">\u00bfQu\u00e9 es un Manual de Calidad?<\/h2>\n\n\n\n<p>Adem\u00e1s de definir qu\u00e9 leyes y reglamentos son aplicables a su empresa, el manual de calidad tambi\u00e9n explica c\u00f3mo los sistemas de gesti\u00f3n de calidad aplican estos requisitos. Debe contener informaci\u00f3n sobre las pol\u00edticas y los procedimientos que respaldan el sistema de gesti\u00f3n de calidad de la empresa. Piense en su manual de calidad como la madre de todos los procedimientos operativos est\u00e1ndar (SOPs). Se trata de un plan para que la instalaci\u00f3n funcione de forma coherente y con el prop\u00f3sito de mantener la calidad del producto.<\/p>\n\n\n\n<p>Puede ver una plantilla de un manual de calidad en el sitio web de <a href=\"https:\/\/www.who.int\/ihr\/training\/laboratory_quality\/quality_manual\/en\/\" target=\"_blank\" rel=\"noreferrer noopener\">World Health Organization (WHO) <\/a>. Esta plantilla fue dise\u00f1ada para un laboratorio, pero sigue teniendo todos los componentes b\u00e1sicos de un manual de calidad. Observe que su objetivo principal es lograr la satisfacci\u00f3n del cliente mediante la aplicaci\u00f3n de los sistemas de calidad, la mejora continua de los sistemas y la prevenci\u00f3n de la aparici\u00f3n de no conformidades.<\/p>\n\n\n\n<h2 class=\"wp-block-heading\">Soluciones del Sistema de Gesti\u00f3n de Calidad de GrowerIQ<\/h2>\n\n\n\n<p>GrowerIQ ofrece soluciones de sistemas de gesti\u00f3n de calidad de amplio espectro. GrowerIQ puede crear Manuales de Calidad personalizados para su negocio de cannabis y suministrar SOPs y documentaci\u00f3n de apoyo que garantice que su sistema de gesti\u00f3n proporcione la calidad para que su instalaci\u00f3n funcione. Como parte de esto, GrowerIQ puede evaluar los flujos de sus procesos para ayudar a identificar las \u00e1reas en las que hay riesgos potenciales o sugerencias de mejora.<\/p>\n\n\n\n<h2 class=\"wp-block-heading\">Soluciones de Consultor\u00eda sobre el Cannabis desde la Semilla hasta la Venta<\/h2>\n\n\n\n<p>El software de GrowerIQ es una herramienta de gesti\u00f3n de calidad. Tambi\u00e9n funciona como un ERP, un CRM, y un software de cultivo. Pero un sistema de calidad completo abarca a\u00fan m\u00e1s, por lo que los servicios de consultor\u00eda de cannabis de GrowerIQ pueden ayudarle a crear un sistema completo de gesti\u00f3n de calidad que prepare su negocio para el \u00e9xito y el cumplimiento.<\/p>\n\n\n\n<p>Tambi\u00e9n, ahora que est\u00e1s cerca del final del art\u00edculo, quer\u00edamos hacerte una lista para ayudarte a continuar tu viaje de aprendizaje (\u00a1que nunca deber\u00eda terminar!). \u00c9chale un vistazo cuando termines de leer este art\u00edculo:\u00a0<a href=\"https:\/\/groweriq.ca\/es\/2021\/07\/02\/deberia-obtener-una-licencia-de-investigacion-sobre-el-cannabis\/\" target=\"_blank\" rel=\"noreferrer noopener\">\u00bfDebe obtener una Licencia de Investigaci\u00f3n de Cannabis?<\/a>,\u00a0<a href=\"https:\/\/groweriq.ca\/es\/2021\/02\/25\/robotica-para-el-cultivo-comercial-de-cannabis\/\" target=\"_blank\" rel=\"noreferrer noopener\">El Cultivo de Cannabis Comercial<\/a>,\u00a0<a href=\"https:\/\/groweriq.ca\/es\/2021\/02\/22\/como-hacer-crecer-su-negocio-de-cannabis-8-ideas-del-maestro-cultivador-shlomo-booklin\/\" target=\"_blank\" rel=\"noreferrer noopener\">C\u00f3mo Hacer Crecer Tu Negocio De Cannabis<\/a>,\u00a0<a href=\"https:\/\/groweriq.ca\/es\/2021\/04\/01\/investigacion-sobre-el-cannabis-2020-datos-y-estadisticas-sobre-la-industria-del-cannabis\/\" target=\"_blank\" rel=\"noreferrer noopener\">Investigaci\u00f3n sobre el Cannabis<\/a>,\u00a0<a href=\"https:\/\/groweriq.ca\/es\/2020\/10\/25\/como-convertirse-en-un-productor-con-licencia-de-cannabis\/\" target=\"_blank\" rel=\"noreferrer noopener\">Productor de Cannabis Con Licencia<\/a>, y\u00a0<a href=\"https:\/\/groweriq.ca\/es\/2020\/10\/27\/creacion-de-su-plan-de-negocios-de-cannabis-los-3-principales-desafios-y-las-3-mejores-soluciones\/\" target=\"_blank\" rel=\"noreferrer noopener\">Plan de Negocios de Cannabis<\/a>.<\/p>\n\n\n\n<h3 class=\"wp-block-heading\">M\u00e1s Informaci\u00f3n<\/h3>\n\n\n\n<p><a href=\"https:\/\/groweriq.ca\/es\/\" target=\"_blank\" rel=\"noreferrer noopener\">Los expertos de GrowerIQ<\/a> pueden ayudarle a crear una empresa internacional de cannabis con \u00e9xito y a esforzarse dentro de cualquier marco legal. Para obtener m\u00e1s informaci\u00f3n, p\u00f3ngase en contacto con nuestros profesionales del cannabis haciendo clic en el bot\u00f3n o rellenando el siguiente formulario. <\/p>\n\n\n\n<a class=\"x-btn\" href=\"https:\/\/groweriq.ca\/consulting\/quality-manual-and-process-flow-support\/\" style=\"max-width: 500px\">Cree su manual de calidad Ahora<\/a><p><\/p>\n\n\n<div class=\"cs-content x-global-block x-global-block-4174 e4174-e0\"><div class=\"x-section e4174-e2 m37y-0 m37y-1\"><div class=\"x-row x-container max width e4174-e3 m37y-3 m37y-4\"><div class=\"x-row-inner\"><div class=\"x-col e4174-e4 m37y-5\"><hr class=\"x-line e4174-e5 m37y-6\"\/><div class=\"x-text x-text-headline e4174-e6 m37y-7 m37y-8\"><div class=\"x-text-content\"><div class=\"x-text-content-text\"><h2 class=\"x-text-content-text-primary\">Recommended For You<\/h2>\n<\/div><\/div><\/div><div  class=\"x-recent-posts cf horizontal\"  data-x-element=\"recent_posts\" data-x-params=\"{&quot;fade&quot;:false}\" data-fade=\"false\" ><a class=\"x-recent-post3 with-image\" href=\"https:\/\/groweriq.ca\/es\/2024\/08\/27\/como-obtener-licencia-de-cannabis-en-malta\/\" title=\"Permalink to: &quot;C\u00f3mo Obtener Licencia de Cannabis en Malta&quot;\"><article id=\"post-30396\" class=\"post-30396 post type-post status-publish format-standard has-post-thumbnail hentry category-club-social-de-cannabis category-malta-es category-trazabilidad\"><div class=\"entry-wrap\"><div class=\"x-recent-posts-img\" style=\"background-image: url(https:\/\/groweriq.ca\/wp-content\/uploads\/2024\/04\/How-to-Get-a-Cannabis-License-in-Malta.jpeg);\"><i class='x-framework-icon x-recent-posts-icon' data-x-icon-s='&#xf15c;' aria-hidden=true><\/i><\/div><div class=\"x-recent-posts-content\"><h3 class=\"h-recent-posts\">C\u00f3mo Obtener Licencia de Cannabis en Malta<\/h3><span class=\"x-recent-posts-date\">27 de agosto de 2024<\/span><\/div><\/div><\/article><\/a><a class=\"x-recent-post3 with-image\" href=\"https:\/\/groweriq.ca\/es\/2024\/03\/11\/estadisticas-de-la-industria-del-cannabis-en-2024-hechos-y-estadisticas-sobre-la-industria-del-cannabis\/\" title=\"Permalink to: &quot;Estad\u00edsticas de la Industria del Cannabis en 2024: Hechos y estad\u00edsticas sobre la industria del cannabis&quot;\"><article id=\"post-25593\" class=\"post-25593 post type-post status-publish format-standard has-post-thumbnail hentry category-canada-es tag-industria-del-cannabis tag-negocio-de-cannabis\"><div class=\"entry-wrap\"><div class=\"x-recent-posts-img\" style=\"background-image: url(https:\/\/groweriq.ca\/wp-content\/uploads\/2019\/06\/HealthLicense3-930x520.png);\"><i class='x-framework-icon x-recent-posts-icon' data-x-icon-s='&#xf15c;' aria-hidden=true><\/i><\/div><div class=\"x-recent-posts-content\"><h3 class=\"h-recent-posts\">Estad\u00edsticas de la Industria del Cannabis en 2024: Hechos y estad\u00edsticas sobre la industria del cannabis<\/h3><span class=\"x-recent-posts-date\">11 de marzo de 2024<\/span><\/div><\/div><\/article><\/a><a class=\"x-recent-post3 with-image\" href=\"https:\/\/groweriq.ca\/es\/2024\/03\/04\/crm-semilla-a-venta-cuales-son-las-principales-funciones-a-considerar\/\" title=\"Permalink to: &quot;CRM Semilla a Venta: Cu\u00e1les son las principales funciones a considerar&quot;\"><article id=\"post-25553\" class=\"post-25553 post type-post status-publish format-standard has-post-thumbnail hentry category-trazabilidad tag-industria-del-cannabis tag-maestro-cultivador tag-negocio-de-cannabis\"><div class=\"entry-wrap\"><div class=\"x-recent-posts-img\" style=\"background-image: url(https:\/\/groweriq.ca\/wp-content\/uploads\/2020\/01\/SOP-02-opt-870x520.jpg);\"><i class='x-framework-icon x-recent-posts-icon' data-x-icon-s='&#xf15c;' aria-hidden=true><\/i><\/div><div class=\"x-recent-posts-content\"><h3 class=\"h-recent-posts\">CRM Semilla a Venta: Cu\u00e1les son las principales funciones a considerar<\/h3><span class=\"x-recent-posts-date\">4 de marzo de 2024<\/span><\/div><\/div><\/article><\/a><\/div><\/div><\/div><\/div><\/div><div class=\"x-section e4174-e8 m37y-1 m37y-2\"><div class=\"x-container max width e4174-e9 m37y-a\"><div class=\"x-column x-sm x-1-2 e4174-e10 m37y-b\"><div class=\"x-text x-text-headline e4174-e11 m37y-8 m37y-9\"><div class=\"x-text-content\"><div class=\"x-text-content-text\"><h2 class=\"x-text-content-text-primary\"><span>About GrowerIQ<\/span><\/h2>\n<\/div><\/div><\/div><div class=\"x-content-area e4174-e12 m37y-c\">GrowerIQ is a complete cannabis production management platform. Ours is the first platform to integrate your facility systems, including sensors, building controls, QMS, and ERP, into a single simplified interface.\n<br\/><br\/>\n\nGrowerIQ is changing the way producers use software - transforming a regulatory requirement into a robust platform to learn, analyze, and improve performance. \n<br\/><br\/>\n\nTo find out more about GrowerIQ and how we can help, fill out the form to the right, start a chat, or <a class=\"link\" href=\"\/contact-us\/\">contact us<\/a>.<\/div><\/div><div class=\"x-column x-sm x-1-2 e4174-e13 m37y-b\"><div class=\"x-content-area x-hide-sm x-hide-xs e4174-e14 m37y-c\"><h2 style=\"color: white !important;\">Start today.<\/h2>\n<p style=\"color: white !important;\">Let us know how to reach you, and we'll get in touch to discuss your project.<\/p>\n<div class=\"salesforce_w2l_lead sf_one_column\"><form id=\"sf_form_salesforce_w2l_lead_4\" class=\"w2llead placeholders\" method=\"post\" action=\"#sf_form_salesforce_w2l_lead_4\"><div class=\"sf_field sf_field_first_name sf_type_text\">\t<input type=\"text\" placeholder=\"Name *\" value=\"\" id=\"sf_first_name\" class=\"w2linput text\" name=\"first_name\"  \/><div class=\"clearfix\"><\/div><\/div><div class=\"sf_field sf_field_email sf_type_text\">\t<input type=\"text\" placeholder=\"Email *\" value=\"\" id=\"sf_email\" class=\"w2linput text\" name=\"email\"  \/><div class=\"clearfix\"><\/div><\/div><div class=\"sf_field sf_field_description sf_type_textarea\">\t\t<textarea id=\"sf_description\" class=\"w2linput textarea\" name=\"description\" placeholder=\"Message\"><\/textarea><div class=\"clearfix\"><\/div><\/div>\t\t<input type=\"hidden\" id=\"sf_GCLID__c\" class=\"w2linput hidden\" name=\"GCLID__c\" value=\"\" \/>\t\t<input type=\"hidden\" id=\"sf_Utm_campaign__c\" class=\"w2linput hidden\" name=\"Utm_campaign__c\" value=\"\" \/>\t\t<input type=\"hidden\" id=\"sf_Utm_content__c\" class=\"w2linput hidden\" name=\"Utm_content__c\" value=\"\" \/>\t\t<input type=\"hidden\" id=\"sf_Utm_medium__c\" class=\"w2linput hidden\" name=\"Utm_medium__c\" value=\"\" \/>\t\t<input type=\"hidden\" id=\"sf_Utm_source__c\" class=\"w2linput hidden\" name=\"Utm_source__c\" value=\"\" \/>\t\t<input type=\"hidden\" id=\"sf_Utm_term__c\" class=\"w2linput hidden\" name=\"Utm_term__c\" value=\"\" \/>\t\t<input type=\"hidden\" id=\"sf_Referral_url__c\" class=\"w2linput hidden\" name=\"Referral_url__c\" value=\"\" \/>\t<input type=\"text\" name=\"message\" class=\"w2linput\" value=\"\" style=\"display: none;\" \/>\t<input type=\"hidden\" name=\"form_id\" class=\"w2linput\" value=\"4\" \/>\t<div class=\"w2lsubmit\"><input type=\"submit\" name=\"w2lsubmit\" class=\"w2linput submit\" value=\"Get Started\" \/><\/div><\/form><\/div>\n\n<p style=\"color: white !important; font-size: 9px !important; line-height: 15px !important;\">GrowerIQ does not share, sell, rent, or trade personally identifiable information with third parties for promotional purposes. <a href=\"\/privacy-policy\/\" style=\"color: white !important; text-decoration: underline !important;\">Privacy Policy<\/a><\/p><\/div><\/div><\/div><\/div><\/div>\n\n\n<div class=\"cs-content x-global-block x-global-block-4174 e4174-e0\"><div class=\"x-section e4174-e2 m37y-0 m37y-1\"><div class=\"x-row x-container max width e4174-e3 m37y-3 m37y-4\"><div class=\"x-row-inner\"><div class=\"x-col e4174-e4 m37y-5\"><hr class=\"x-line e4174-e5 m37y-6\"\/><div class=\"x-text x-text-headline e4174-e6 m37y-7 m37y-8\"><div class=\"x-text-content\"><div class=\"x-text-content-text\"><h2 class=\"x-text-content-text-primary\">Recommended For You<\/h2>\n<\/div><\/div><\/div><div  class=\"x-recent-posts cf horizontal\"  data-x-element=\"recent_posts\" data-x-params=\"{&quot;fade&quot;:false}\" data-fade=\"false\" ><a class=\"x-recent-post3 with-image\" href=\"https:\/\/groweriq.ca\/es\/2024\/08\/27\/como-obtener-licencia-de-cannabis-en-malta\/\" title=\"Permalink to: &quot;C\u00f3mo Obtener Licencia de Cannabis en Malta&quot;\"><article id=\"post-30396\" class=\"post-30396 post type-post status-publish format-standard has-post-thumbnail hentry category-club-social-de-cannabis category-malta-es category-trazabilidad\"><div class=\"entry-wrap\"><div class=\"x-recent-posts-img\" style=\"background-image: url(https:\/\/groweriq.ca\/wp-content\/uploads\/2024\/04\/How-to-Get-a-Cannabis-License-in-Malta.jpeg);\"><i class='x-framework-icon x-recent-posts-icon' data-x-icon-s='&#xf15c;' aria-hidden=true><\/i><\/div><div class=\"x-recent-posts-content\"><h3 class=\"h-recent-posts\">C\u00f3mo Obtener Licencia de Cannabis en Malta<\/h3><span class=\"x-recent-posts-date\">27 de agosto de 2024<\/span><\/div><\/div><\/article><\/a><a class=\"x-recent-post3 with-image\" href=\"https:\/\/groweriq.ca\/es\/2024\/03\/11\/estadisticas-de-la-industria-del-cannabis-en-2024-hechos-y-estadisticas-sobre-la-industria-del-cannabis\/\" title=\"Permalink to: &quot;Estad\u00edsticas de la Industria del Cannabis en 2024: Hechos y estad\u00edsticas sobre la industria del cannabis&quot;\"><article id=\"post-25593\" class=\"post-25593 post type-post status-publish format-standard has-post-thumbnail hentry category-canada-es tag-industria-del-cannabis tag-negocio-de-cannabis\"><div class=\"entry-wrap\"><div class=\"x-recent-posts-img\" style=\"background-image: url(https:\/\/groweriq.ca\/wp-content\/uploads\/2019\/06\/HealthLicense3-930x520.png);\"><i class='x-framework-icon x-recent-posts-icon' data-x-icon-s='&#xf15c;' aria-hidden=true><\/i><\/div><div class=\"x-recent-posts-content\"><h3 class=\"h-recent-posts\">Estad\u00edsticas de la Industria del Cannabis en 2024: Hechos y estad\u00edsticas sobre la industria del cannabis<\/h3><span class=\"x-recent-posts-date\">11 de marzo de 2024<\/span><\/div><\/div><\/article><\/a><a class=\"x-recent-post3 with-image\" href=\"https:\/\/groweriq.ca\/es\/2024\/03\/04\/crm-semilla-a-venta-cuales-son-las-principales-funciones-a-considerar\/\" title=\"Permalink to: &quot;CRM Semilla a Venta: Cu\u00e1les son las principales funciones a considerar&quot;\"><article id=\"post-25553\" class=\"post-25553 post type-post status-publish format-standard has-post-thumbnail hentry category-trazabilidad tag-industria-del-cannabis tag-maestro-cultivador tag-negocio-de-cannabis\"><div class=\"entry-wrap\"><div class=\"x-recent-posts-img\" style=\"background-image: url(https:\/\/groweriq.ca\/wp-content\/uploads\/2020\/01\/SOP-02-opt-870x520.jpg);\"><i class='x-framework-icon x-recent-posts-icon' data-x-icon-s='&#xf15c;' aria-hidden=true><\/i><\/div><div class=\"x-recent-posts-content\"><h3 class=\"h-recent-posts\">CRM Semilla a Venta: Cu\u00e1les son las principales funciones a considerar<\/h3><span class=\"x-recent-posts-date\">4 de marzo de 2024<\/span><\/div><\/div><\/article><\/a><\/div><\/div><\/div><\/div><\/div><div class=\"x-section e4174-e8 m37y-1 m37y-2\"><div class=\"x-container max width e4174-e9 m37y-a\"><div class=\"x-column x-sm x-1-2 e4174-e10 m37y-b\"><div class=\"x-text x-text-headline e4174-e11 m37y-8 m37y-9\"><div class=\"x-text-content\"><div class=\"x-text-content-text\"><h2 class=\"x-text-content-text-primary\"><span>About GrowerIQ<\/span><\/h2>\n<\/div><\/div><\/div><div class=\"x-content-area e4174-e12 m37y-c\">GrowerIQ is a complete cannabis production management platform. Ours is the first platform to integrate your facility systems, including sensors, building controls, QMS, and ERP, into a single simplified interface.\n<br\/><br\/>\n\nGrowerIQ is changing the way producers use software - transforming a regulatory requirement into a robust platform to learn, analyze, and improve performance. \n<br\/><br\/>\n\nTo find out more about GrowerIQ and how we can help, fill out the form to the right, start a chat, or <a class=\"link\" href=\"\/contact-us\/\">contact us<\/a>.<\/div><\/div><div class=\"x-column x-sm x-1-2 e4174-e13 m37y-b\"><div class=\"x-content-area x-hide-sm x-hide-xs e4174-e14 m37y-c\"><h2 style=\"color: white !important;\">Start today.<\/h2>\n<p style=\"color: white !important;\">Let us know how to reach you, and we'll get in touch to discuss your project.<\/p>\n<div class=\"salesforce_w2l_lead sf_one_column\"><form id=\"sf_form_salesforce_w2l_lead_4\" class=\"w2llead placeholders\" method=\"post\" action=\"#sf_form_salesforce_w2l_lead_4\"><div class=\"sf_field sf_field_first_name sf_type_text\">\t<input type=\"text\" placeholder=\"Name *\" value=\"\" id=\"sf_first_name\" class=\"w2linput text\" name=\"first_name\"  \/><div class=\"clearfix\"><\/div><\/div><div class=\"sf_field sf_field_email sf_type_text\">\t<input type=\"text\" placeholder=\"Email *\" value=\"\" id=\"sf_email\" class=\"w2linput text\" name=\"email\"  \/><div class=\"clearfix\"><\/div><\/div><div class=\"sf_field sf_field_description sf_type_textarea\">\t\t<textarea id=\"sf_description\" class=\"w2linput textarea\" name=\"description\" placeholder=\"Message\"><\/textarea><div class=\"clearfix\"><\/div><\/div>\t\t<input type=\"hidden\" id=\"sf_GCLID__c\" class=\"w2linput hidden\" name=\"GCLID__c\" value=\"\" \/>\t\t<input type=\"hidden\" id=\"sf_Utm_campaign__c\" class=\"w2linput hidden\" name=\"Utm_campaign__c\" value=\"\" \/>\t\t<input type=\"hidden\" id=\"sf_Utm_content__c\" class=\"w2linput hidden\" name=\"Utm_content__c\" value=\"\" \/>\t\t<input type=\"hidden\" id=\"sf_Utm_medium__c\" class=\"w2linput hidden\" name=\"Utm_medium__c\" value=\"\" \/>\t\t<input type=\"hidden\" id=\"sf_Utm_source__c\" class=\"w2linput hidden\" name=\"Utm_source__c\" value=\"\" \/>\t\t<input type=\"hidden\" id=\"sf_Utm_term__c\" class=\"w2linput hidden\" name=\"Utm_term__c\" value=\"\" \/>\t\t<input type=\"hidden\" id=\"sf_Referral_url__c\" class=\"w2linput hidden\" name=\"Referral_url__c\" value=\"\" \/>\t<input type=\"text\" name=\"message\" class=\"w2linput\" value=\"\" style=\"display: none;\" \/>\t<input type=\"hidden\" name=\"form_id\" class=\"w2linput\" value=\"4\" \/>\t<div class=\"w2lsubmit\"><input type=\"submit\" name=\"w2lsubmit\" class=\"w2linput submit\" value=\"Get Started\" \/><\/div><\/form><\/div>\n\n<p style=\"color: white !important; font-size: 9px !important; line-height: 15px !important;\">GrowerIQ does not share, sell, rent, or trade personally identifiable information with third parties for promotional purposes. <a href=\"\/privacy-policy\/\" style=\"color: white !important; text-decoration: underline !important;\">Privacy Policy<\/a><\/p><\/div><\/div><\/div><\/div><\/div>\n","protected":false},"excerpt":{"rendered":"<p>Un manual de calidad es una buena soluci\u00f3n para poner en marcha las operaciones y reunir todos los elementos de su negocio.<\/p>\n","protected":false},"author":10,"featured_media":0,"parent":0,"menu_order":0,"comment_status":"closed","ping_status":"closed","template":"","meta":{"_elementor_css":"","footnotes":""},"categories":[682,250,684,328,257],"tags":[387,683,610],"class_list":["post-10923","page","type-page","status-publish","hentry","category-consultoria","category-lp-proceso-de-aplicacion","category-manual-de-calidad","category-plan-de-negocios-de-cannabis","category-procedimientos-operativos-estandarizados-de-cannabis","tag-consultoria-de-cannabis","tag-manual-de-calidad-del-cannabis","tag-sistema-de-gestion-de-la-calidad","no-post-thumbnail"],"_links":{"self":[{"href":"https:\/\/groweriq.ca\/es\/wp-json\/wp\/v2\/pages\/10923","targetHints":{"allow":["GET"]}}],"collection":[{"href":"https:\/\/groweriq.ca\/es\/wp-json\/wp\/v2\/pages"}],"about":[{"href":"https:\/\/groweriq.ca\/es\/wp-json\/wp\/v2\/types\/page"}],"author":[{"embeddable":true,"href":"https:\/\/groweriq.ca\/es\/wp-json\/wp\/v2\/users\/10"}],"replies":[{"embeddable":true,"href":"https:\/\/groweriq.ca\/es\/wp-json\/wp\/v2\/comments?post=10923"}],"version-history":[{"count":10,"href":"https:\/\/groweriq.ca\/es\/wp-json\/wp\/v2\/pages\/10923\/revisions"}],"predecessor-version":[{"id":17004,"href":"https:\/\/groweriq.ca\/es\/wp-json\/wp\/v2\/pages\/10923\/revisions\/17004"}],"wp:attachment":[{"href":"https:\/\/groweriq.ca\/es\/wp-json\/wp\/v2\/media?parent=10923"}],"wp:term":[{"taxonomy":"category","embeddable":true,"href":"https:\/\/groweriq.ca\/es\/wp-json\/wp\/v2\/categories?post=10923"},{"taxonomy":"post_tag","embeddable":true,"href":"https:\/\/groweriq.ca\/es\/wp-json\/wp\/v2\/tags?post=10923"}],"curies":[{"name":"wp","href":"https:\/\/api.w.org\/{rel}","templated":true}]}}