{"id":25564,"date":"2024-03-08T09:39:07","date_gmt":"2024-03-08T14:39:07","guid":{"rendered":"https:\/\/groweriq.ca\/organic-growers-inc-empfiehlt-groweriq-die-perspektive-eines-anbauers\/"},"modified":"2024-08-29T10:01:47","modified_gmt":"2024-08-29T14:01:47","slug":"organic-growers-inc-empfiehlt-groweriq-die-perspektive-eines-anbauers","status":"publish","type":"page","link":"https:\/\/groweriq.ca\/de\/organic-growers-inc-empfiehlt-groweriq-die-perspektive-eines-anbauers\/","title":{"rendered":"Organic Growers Inc. Empfiehlt GrowerIQ: Die Perspektive eines Anbauers"},"content":{"rendered":"\n<h2 class=\"wp-block-heading\">Organic Growers Inc. Gibt Einblicke und Strategien zur Optimierung des Cannabisanbaus durch nahtlose Integration mit den innovativen Softwarel\u00f6sungen von GrowerIQ<\/h2>\n\n<h3 class=\"wp-block-heading\">\u00dcber Organic Growers Inc.<\/h3>\n\n<div class=\"wp-block-columns is-layout-flex wp-container-core-columns-is-layout-9d6595d7 wp-block-columns-is-layout-flex\">\n<div class=\"wp-block-column is-layout-flow wp-block-column-is-layout-flow\" style=\"flex-basis:65%\">\n<p>Organic Growers Inc. ist ein lizenzierter kanadischer Produzent, der sich in jeder Hinsicht dem biologischen Anbau verschrieben hat. Das Unternehmen mit Sitz im s\u00fcdlichen Ontario&#8217;s Garden ist besonders stolz darauf, hochwertiges Cannabis zu produzieren, darunter auch die bekannte Sorte MAC. Bei Organic Growers Inc. garantiert das Streben nach biologischem Anbau hochwertige Produkte f\u00fcr die Verbraucher.<\/p>\n<\/div>\n\n\n\n<div class=\"wp-block-column is-vertically-aligned-center is-layout-flow wp-block-column-is-layout-flow\" style=\"flex-basis:35%\">\n<figure class=\"wp-block-image size-full is-resized\"><img fetchpriority=\"high\" decoding=\"async\" width=\"600\" height=\"224\" src=\"https:\/\/groweriq.ca\/wp-content\/uploads\/2024\/02\/og_logo-1.png\" alt=\"\" class=\"wp-image-25498\" style=\"aspect-ratio:2.6785714285714284;width:290px;height:auto\" srcset=\"https:\/\/groweriq.ca\/wp-content\/uploads\/2024\/02\/og_logo-1.png 600w, https:\/\/groweriq.ca\/wp-content\/uploads\/2024\/02\/og_logo-1-300x112.png 300w, https:\/\/groweriq.ca\/wp-content\/uploads\/2024\/02\/og_logo-1-100x37.png 100w\" sizes=\"(max-width: 600px) 100vw, 600px\" \/><\/figure><\/div>\n<\/div>\n\n<figure class=\"wp-block-image size-large x-image x-img x-img-thumbnail\"><img decoding=\"async\" width=\"2000\" height=\"1125\" src=\"https:\/\/groweriq.ca\/wp-content\/uploads\/2024\/02\/2-2000x1125.png\" alt=\"\" class=\"wp-image-25503\" srcset=\"https:\/\/groweriq.ca\/wp-content\/uploads\/2024\/02\/2-2000x1125.png 2000w, https:\/\/groweriq.ca\/wp-content\/uploads\/2024\/02\/2-300x169.png 300w, https:\/\/groweriq.ca\/wp-content\/uploads\/2024\/02\/2-768x432.png 768w, https:\/\/groweriq.ca\/wp-content\/uploads\/2024\/02\/2-1536x864.png 1536w, https:\/\/groweriq.ca\/wp-content\/uploads\/2024\/02\/2-2048x1152.png 2048w, https:\/\/groweriq.ca\/wp-content\/uploads\/2024\/02\/2-100x56.png 100w, https:\/\/groweriq.ca\/wp-content\/uploads\/2024\/02\/2-870x489.png 870w, https:\/\/groweriq.ca\/wp-content\/uploads\/2024\/02\/2-1200x675.png 1200w\" sizes=\"(max-width: 2000px) 100vw, 2000px\" \/><figcaption class=\"wp-element-caption\">Organic Growers Inc. F\u00fchrend: Nutzung der hochmodernen Software von GrowerIQ f\u00fcr beispiellose Anbauerfolge<\/figcaption><\/figure>\n<h3 class=\"wp-block-heading\">Ihre Meinung<\/h3>\n\n<p>Der Pr\u00e4sident von Organic Growers Inc., Andrei C., hat einige aufschlussreiche Worte \u00fcber seine Reise und seine bisherigen Erfahrungen mit GrowerIQ geteilt: &#8222;Als erfahrener Anbauer bei OG Inc. habe ich mich durch verschiedene Seed-to-Sale-Plattformen gearbeitet, doch keine konnte es mit der Effizienz und Zuverl\u00e4ssigkeit von GrowerIQ aufnehmen. Diese Software rationalisiert jeden Aspekt des Cannabisanbaus und -vertriebs mit unvergleichlicher Pr\u00e4zision, vom ersten Setzling bis zum endg\u00fcltigen Verkauf.&#8220;<\/p>\n\n<blockquote class=\"wp-block-quote is-layout-flow wp-block-quote-is-layout-flow\">\n<p>Eines der herausragenden Merkmale von GrowerIQ ist seine intuitive Benutzeroberfl\u00e4che, die komplexe Aufgaben wie die \u00dcberwachung der Ernte, die Verwaltung des Inventars und das Tracking der Einhaltung von Vorschriften vereinfacht. Mit nur wenigen Klicks kann ich m\u00fchelos die Wachstumsstadien der einzelnen Pflanzen \u00fcberwachen, die Best\u00e4nde des Inventars in Echtzeit tracken und umfassende Berichte f\u00fcr regulatorische Zwecke erstellen. <\/p>\n<cite>Andrei C. &#8211; President, Organic Growers Inc.<\/cite><\/blockquote>\n\n<p>&#8222;Dar\u00fcber hinaus hebt sich das Team von GrowerIQ durch seine Reaktionsschnelligkeit von der Konkurrenz ab. Immer wenn ich auf ein Problem gesto\u00dfen bin oder eine Frage hatte, hat das Support-Team blitzschnell reagiert und eine echte Bereitschaft gezeigt, mir zu helfen und einen reibungslosen Betrieb zu gew\u00e4hrleisten. GrowerIQ ist eine umfassende L\u00f6sung, die auf Ihre Bed\u00fcrfnisse zugeschnitten ist, ganz gleich, ob Sie ein Anbauer-Neuling oder ein Branchenveteran sind. Mit der benutzerfreundlichen Oberfl\u00e4che, den zuverl\u00e4ssigen Funktionen und dem engagierten Support-Team ist GrowerIQ zweifellos die erste Wahl f\u00fcr eine Software zum Seed-to-Sale von Cannabis.&#8220;<br\/><\/p>\n\n<p>Vielen Dank an Andrej und das Team f\u00fcr das fantastische Feedback! Wir sind unglaublich dankbar f\u00fcr unsere kontinuierliche Partnerschaft und freuen uns darauf, gemeinsam noch gr\u00f6\u00dfere Erfolge zu erzielen.<\/p>\n\n<p>Nun, da Sie mit dem Lesen dieses Beitrags fast fertig sind, m\u00f6chten wir daf\u00fcr sorgen, dass Sie Ihre Lernreise (die, wie bereits erw\u00e4hnt, niemals enden sollte!) nach diesem Beitrag fortsetzen. Hier sind ein paar Berichte \u00fcber GrowerIQ-Partnerschaften, von denen wir glauben, dass sie Ihnen gefallen werden: <a href=\"https:\/\/groweriq.ca\/de\/irie-craft-cannabis\/\" target=\"_blank\" rel=\"noreferrer noopener\">Irie Craft Cannabis<\/a>, <a href=\"https:\/\/groweriq.ca\/de\/master-plant-holdings-navigieren-durch-neue-gerichtsbarkeiten\/\">Master Plant Holdings<\/a>, <a href=\"https:\/\/groweriq.ca\/client-case-studies\/germanabis-case-study-overcoming-budget-adversity\/\" target=\"_blank\" rel=\"noreferrer noopener\">Germanabis GrowerIQ Fallstudie<\/a>, <a href=\"https:\/\/groweriq.ca\/client-case-studies\/master-grower-case-study-modernizing-the-growing-experience\/\" target=\"_blank\" rel=\"noreferrer noopener\">Master Grower Fallstudie<\/a>, <a href=\"https:\/\/groweriq.ca\/2021\/07\/16\/groweriq-announces-partnership-with-portuguese-lab-lef-infosaude\/\" target=\"_blank\" rel=\"noreferrer noopener\">GrowerIQ Partnership LEF<\/a>, <a href=\"https:\/\/groweriq.ca\/client-case-studies\/309lab-tightening-the-nuts-and-bolts\/\" target=\"_blank\" rel=\"noreferrer noopener\">309Lab:<\/a> Festziehen der Schrauben und Muttern <a href=\"https:\/\/groweriq.ca\/partnerships\/groweriq-cann-grow-rich\/\" target=\"_blank\" rel=\"noreferrer noopener\">Cann Grow Rich<\/a>, <a href=\"https:\/\/groweriq.ca\/partnerships\/lef-lab-infosaude-portugal\/\" target=\"_blank\" rel=\"noreferrer noopener\">LEF Infosa\u00fade Lab<\/a>, <a href=\"https:\/\/groweriq.ca\/2019\/11\/07\/groweriq-announces-collaboration-with-dalhousie-university\/\" target=\"_blank\" rel=\"noreferrer noopener\">Dalhousie Cannabis Course<\/a>, <a href=\"https:\/\/groweriq.ca\/de\/gruenelabs-tracking-von-pflanzenlebenszyklen-leicht-gemacht\/\" target=\"_blank\" rel=\"noreferrer noopener\">Gr\u00fcneLabs<\/a>, <a href=\"https:\/\/groweriq.ca\/de\/wie-medcann-auf-die-experten-von-groweriq-gesetzt-hat\/\" target=\"_blank\" rel=\"noreferrer noopener\">Medcann<\/a>, <a href=\"https:\/\/groweriq.ca\/client-case-studies\/how-meditative-greens-relied-on-the-cannabis-industry-experts-at-groweriq\/\" target=\"_blank\" rel=\"noreferrer noopener\">Meditative Greens<\/a>, und <a href=\"https:\/\/groweriq.ca\/de\/its-never-2-l8-fuer-erstklassige-partner\/\" target=\"_blank\" rel=\"noreferrer noopener\">It&#8217;s Never 2 L8<\/a>.<\/p>\n\n<h3 class=\"wp-block-heading\">Mehr erfahren<\/h3>\n\n<p>GrowerIQ wurde mit dem Ziel der Einfachheit und Effizienz entwickelt. Die intuitive Benutzeroberfl\u00e4che und die umfangreichen Funktionen von GrowerIQ erm\u00f6glichen es Ihnen, in diesem dynamischen Markt erfolgreich zu sein. Ganz gleich, ob Sie ein Anbauer-Neuling oder ein erfahrener Produzent sind, GrowerIQ bietet Ihnen die Werkzeuge, die Sie brauchen, um sich schnell und effektiv einen Namen zu machen. <\/p>\n\n<a class=\"x-btn\" href=\"https:\/\/groweriq.ca\/software\/cannabis-software\/\" style=\"outline: none; max-width: fit-content;\">Erfahren Sie mehr \u00fcber Seed-to-Sale Software<\/a><p><\/p>\n<div class=\"cs-content x-global-block x-global-block-4174 e4174-e0\"><div class=\"x-section e4174-e2 m37y-0 m37y-1\"><div class=\"x-row x-container max width e4174-e3 m37y-3 m37y-4\"><div class=\"x-row-inner\"><div class=\"x-col e4174-e4 m37y-5\"><hr class=\"x-line e4174-e5 m37y-6\"\/><div class=\"x-text x-text-headline e4174-e6 m37y-7 m37y-8\"><div class=\"x-text-content\"><div class=\"x-text-content-text\"><h2 class=\"x-text-content-text-primary\">Recommended For You<\/h2>\n<\/div><\/div><\/div><div  class=\"x-recent-posts cf horizontal\"  data-x-element=\"recent_posts\" data-x-params=\"{&quot;fade&quot;:false}\" data-fade=\"false\" ><a class=\"x-recent-post3 with-image\" href=\"https:\/\/groweriq.ca\/de\/2024\/06\/18\/neue-cannabis-gesetzgebung-in-deutschland-abschaffung-oeffentlicher-cannabis-ausschreibungen\/\" title=\"Permalink to: &quot;Neue Cannabis-Gesetzgebung in Deutschland: Abschaffung \u00f6ffentlicher Cannabis-Ausschreibungen&quot;\"><article id=\"post-27809\" class=\"post-27809 post type-post status-publish format-standard has-post-thumbnail hentry category-deutschland category-international-de category-unkategorisiert tag-cannabis-industrie tag-cannabis-unternehmen\"><div class=\"entry-wrap\"><div class=\"x-recent-posts-img\" style=\"background-image: url(https:\/\/groweriq.ca\/wp-content\/uploads\/2024\/05\/esteban-lopez-cQtAjvP6hUQ-unsplash-1.jpg);\"><i class='x-framework-icon x-recent-posts-icon' data-x-icon-s='&#xf15c;' aria-hidden=true><\/i><\/div><div class=\"x-recent-posts-content\"><h3 class=\"h-recent-posts\">Neue Cannabis-Gesetzgebung in Deutschland: Abschaffung \u00f6ffentlicher Cannabis-Ausschreibungen<\/h3><span class=\"x-recent-posts-date\">18. Juni 2024<\/span><\/div><\/div><\/article><\/a><a class=\"x-recent-post3 with-image\" href=\"https:\/\/groweriq.ca\/de\/2024\/06\/14\/voraussetzungen-fuer-die-gruendung-einer-anbauervereinigung-oder-eines-cannabisclubs\/\" title=\"Permalink to: &quot;Voraussetzungen f\u00fcr die Gr\u00fcndung einer Anbauervereinigung oder eines Cannabisclubs.&quot;\"><article id=\"post-27760\" class=\"post-27760 post type-post status-publish format-standard has-post-thumbnail hentry category-deutschland category-unkategorisiert tag-cannabis-industrie tag-cannabis-unternehmen\"><div class=\"entry-wrap\"><div class=\"x-recent-posts-img\" style=\"background-image: url(https:\/\/groweriq.ca\/wp-content\/uploads\/2024\/05\/esteban-lopez-_k6g3qSnYIo-unsplash-1.jpg);\"><i class='x-framework-icon x-recent-posts-icon' data-x-icon-s='&#xf15c;' aria-hidden=true><\/i><\/div><div class=\"x-recent-posts-content\"><h3 class=\"h-recent-posts\">Voraussetzungen f\u00fcr die Gr\u00fcndung einer Anbauervereinigung oder eines Cannabisclubs.<\/h3><span class=\"x-recent-posts-date\">14. Juni 2024<\/span><\/div><\/div><\/article><\/a><a class=\"x-recent-post3 with-image\" href=\"https:\/\/groweriq.ca\/de\/2024\/06\/11\/was-sie-ueber-cannabis-social-club-software-wissen-sollten\/\" title=\"Permalink to: &quot;10 Dinge, man \u00fcber Cannabis Social Club Software wissen sollte&quot;\"><article id=\"post-27758\" class=\"post-27758 post type-post status-publish format-standard has-post-thumbnail hentry category-cannabis-social-club-de category-seed-to-sale-vom-samen-zum-verkauf tag-cannabis-industrie tag-cannabis-unternehmen\"><div class=\"entry-wrap\"><div class=\"x-recent-posts-img\" style=\"background-image: url(https:\/\/groweriq.ca\/wp-content\/uploads\/2024\/04\/cannabis-social-club-software-870x520.jpeg);\"><i class='x-framework-icon x-recent-posts-icon' data-x-icon-s='&#xf15c;' aria-hidden=true><\/i><\/div><div class=\"x-recent-posts-content\"><h3 class=\"h-recent-posts\">10 Dinge, man \u00fcber Cannabis Social Club Software wissen sollte<\/h3><span class=\"x-recent-posts-date\">11. Juni 2024<\/span><\/div><\/div><\/article><\/a><\/div><\/div><\/div><\/div><\/div><div class=\"x-section e4174-e8 m37y-1 m37y-2\"><div class=\"x-container max width e4174-e9 m37y-a\"><div class=\"x-column x-sm x-1-2 e4174-e10 m37y-b\"><div class=\"x-text x-text-headline e4174-e11 m37y-8 m37y-9\"><div class=\"x-text-content\"><div class=\"x-text-content-text\"><h2 class=\"x-text-content-text-primary\"><span>About GrowerIQ<\/span><\/h2>\n<\/div><\/div><\/div><div class=\"x-content-area e4174-e12 m37y-c\">GrowerIQ is a complete cannabis production management platform. Ours is the first platform to integrate your facility systems, including sensors, building controls, QMS, and ERP, into a single simplified interface.\n<br\/><br\/>\n\nGrowerIQ is changing the way producers use software - transforming a regulatory requirement into a robust platform to learn, analyze, and improve performance. \n<br\/><br\/>\n\nTo find out more about GrowerIQ and how we can help, fill out the form to the right, start a chat, or <a class=\"link\" href=\"\/contact-us\/\">contact us<\/a>.<\/div><\/div><div class=\"x-column x-sm x-1-2 e4174-e13 m37y-b\"><div class=\"x-content-area x-hide-sm x-hide-xs e4174-e14 m37y-c\"><h2 style=\"color: white !important;\">Start today.<\/h2>\n<p style=\"color: white !important;\">Let us know how to reach you, and we'll get in touch to discuss your project.<\/p>\n<div class=\"salesforce_w2l_lead sf_one_column\"><form id=\"sf_form_salesforce_w2l_lead_4\" class=\"w2llead placeholders\" method=\"post\" action=\"#sf_form_salesforce_w2l_lead_4\"><div class=\"sf_field sf_field_first_name sf_type_text\">\t<input type=\"text\" placeholder=\"Name *\" value=\"\" id=\"sf_first_name\" class=\"w2linput text\" name=\"first_name\"  \/><div class=\"clearfix\"><\/div><\/div><div class=\"sf_field sf_field_email sf_type_text\">\t<input type=\"text\" placeholder=\"Email *\" value=\"\" id=\"sf_email\" class=\"w2linput text\" name=\"email\"  \/><div class=\"clearfix\"><\/div><\/div><div class=\"sf_field sf_field_description sf_type_textarea\">\t\t<textarea id=\"sf_description\" class=\"w2linput textarea\" name=\"description\" placeholder=\"Message\"><\/textarea><div class=\"clearfix\"><\/div><\/div>\t\t<input type=\"hidden\" id=\"sf_GCLID__c\" class=\"w2linput hidden\" name=\"GCLID__c\" value=\"\" \/>\t\t<input type=\"hidden\" id=\"sf_Utm_campaign__c\" class=\"w2linput hidden\" name=\"Utm_campaign__c\" value=\"\" \/>\t\t<input type=\"hidden\" id=\"sf_Utm_content__c\" class=\"w2linput hidden\" name=\"Utm_content__c\" value=\"\" \/>\t\t<input type=\"hidden\" id=\"sf_Utm_medium__c\" class=\"w2linput hidden\" name=\"Utm_medium__c\" value=\"\" \/>\t\t<input type=\"hidden\" id=\"sf_Utm_source__c\" class=\"w2linput hidden\" name=\"Utm_source__c\" value=\"\" \/>\t\t<input type=\"hidden\" id=\"sf_Utm_term__c\" class=\"w2linput hidden\" name=\"Utm_term__c\" value=\"\" \/>\t\t<input type=\"hidden\" id=\"sf_Referral_url__c\" class=\"w2linput hidden\" name=\"Referral_url__c\" value=\"\" \/>\t<input type=\"text\" name=\"message\" class=\"w2linput\" value=\"\" style=\"display: none;\" \/>\t<input type=\"hidden\" name=\"form_id\" class=\"w2linput\" value=\"4\" \/>\t<div class=\"w2lsubmit\"><input type=\"submit\" name=\"w2lsubmit\" class=\"w2linput submit\" value=\"Get Started\" \/><\/div><\/form><\/div>\n\n<p style=\"color: white !important; font-size: 9px !important; line-height: 15px !important;\">GrowerIQ does not share, sell, rent, or trade personally identifiable information with third parties for promotional purposes. <a href=\"\/privacy-policy\/\" style=\"color: white !important; text-decoration: underline !important;\">Privacy Policy<\/a><\/p><\/div><\/div><\/div><\/div><\/div>\n","protected":false},"excerpt":{"rendered":"<p>Organic Growers Inc. Gibt Einblicke und Strategien zur Optimierung des Cannabisanbaus durch nahtlose Integration mit den innovativen Softwarel\u00f6sungen von GrowerIQ<\/p>\n","protected":false},"author":29,"featured_media":0,"parent":0,"menu_order":0,"comment_status":"closed","ping_status":"closed","template":"","meta":{"_elementor_css":"","footnotes":""},"categories":[857,856,411],"tags":[618,612,1152,619,759,633,632,805,535,638,631,806,1151,527],"class_list":["post-25564","page","type-page","status-publish","hentry","category-erfahrungsbericht","category-fallstudie","category-unkategorisiert","tag-cannabis-de","tag-cannabis-beratung","tag-cannabis-cultivator-de","tag-cannabis-anbau","tag-cannabis-businessplan","tag-cannabis-industrie","tag-cannabis-unternehmen","tag-cannabis-verordnung","tag-groweriq-de","tag-lizensierungsprozess","tag-master-grower-de","tag-medizinisches-marihuana","tag-organic-growers-inc-de","tag-seed-to-sale-de","no-post-thumbnail"],"_links":{"self":[{"href":"https:\/\/groweriq.ca\/de\/wp-json\/wp\/v2\/pages\/25564","targetHints":{"allow":["GET"]}}],"collection":[{"href":"https:\/\/groweriq.ca\/de\/wp-json\/wp\/v2\/pages"}],"about":[{"href":"https:\/\/groweriq.ca\/de\/wp-json\/wp\/v2\/types\/page"}],"author":[{"embeddable":true,"href":"https:\/\/groweriq.ca\/de\/wp-json\/wp\/v2\/users\/29"}],"replies":[{"embeddable":true,"href":"https:\/\/groweriq.ca\/de\/wp-json\/wp\/v2\/comments?post=25564"}],"version-history":[{"count":3,"href":"https:\/\/groweriq.ca\/de\/wp-json\/wp\/v2\/pages\/25564\/revisions"}],"predecessor-version":[{"id":25569,"href":"https:\/\/groweriq.ca\/de\/wp-json\/wp\/v2\/pages\/25564\/revisions\/25569"}],"wp:attachment":[{"href":"https:\/\/groweriq.ca\/de\/wp-json\/wp\/v2\/media?parent=25564"}],"wp:term":[{"taxonomy":"category","embeddable":true,"href":"https:\/\/groweriq.ca\/de\/wp-json\/wp\/v2\/categories?post=25564"},{"taxonomy":"post_tag","embeddable":true,"href":"https:\/\/groweriq.ca\/de\/wp-json\/wp\/v2\/tags?post=25564"}],"curies":[{"name":"wp","href":"https:\/\/api.w.org\/{rel}","templated":true}]}}