{"id":17346,"date":"2023-02-02T08:06:28","date_gmt":"2023-02-02T13:06:28","guid":{"rendered":"https:\/\/groweriq.ca\/wie-sie-eine-cannabislizenz-in-der-tschechischen-republik-erhalten\/"},"modified":"2024-08-29T09:50:48","modified_gmt":"2024-08-29T13:50:48","slug":"wie-sie-eine-cannabislizenz-in-der-tschechischen-republik-erhalten","status":"publish","type":"page","link":"https:\/\/groweriq.ca\/de\/wie-sie-eine-cannabislizenz-in-der-tschechischen-republik-erhalten\/","title":{"rendered":"Wie Sie eine Cannabislizenz in der Tschechischen Republik erhalten"},"content":{"rendered":"\n<h2 class=\"subheader\">Cannabis ist in Tschechien schon seit einiger Zeit entkriminalisiert und die aktuellen Gespr\u00e4che \u00fcber die Legalisierung der Pflanze haben Gesch\u00e4ftsleute und Enthusiasten aufhorchen lassen.<\/h2>\n\n<p>Bis zum Jahr 2022 hat nur ein einziges EU-Land Cannabis f\u00fcr den privaten Gebrauch legalisiert. Nein, es sind nicht die Niederlande &#8211; sondern Malta. Und mit den ernsthaften Bem\u00fchungen eines Anti-Drogen-Koordinators versucht die Tschechische Republik, ihre Cannabis-Toleranz zu lockern. Erfahren Sie mehr dar\u00fcber, wie Sie ein <a href=\"https:\/\/groweriq.ca\/2020\/07\/31\/how-to-become-a-licensed-producer-of-cannabis\/\" target=\"_blank\" rel=\"noreferrer noopener\">lizenzierter Cannabisproduzent<\/a> in der Tschechischen Republik werden und \u00fcber einige spannende Entwicklungen.<\/p>\n\n<h2 class=\"wp-block-heading\">Aktuelle Schritte zum Erhalt einer Cannabislizenz in der Tschechischen Republik<\/h2>\n\n<p>Die Tschechische Republik, auch bekannt als Tschechien, plant die Legalisierung von Cannabis, nachdem <a href=\"https:\/\/www.dw.com\/en\/germany-health-minister-lauterbach-presents-plan-on-cannabis-legalization\/a-63558414\" target=\"_blank\" rel=\"noreferrer noopener\">Deutschland k\u00fcrzlich seinen Plan angek\u00fcndigt hat.<\/a> Die beiden L\u00e4nder wollen zusammenarbeiten, um Informationen und Best Practices zur Regulierung der legalen Cannabisindustrie in der Tschechischen Republik auszutauschen. <\/p>\n\n<p><a href=\"https:\/\/english.radio.cz\/could-czechia-become-second-eu-country-legalise-recreational-cannabis-8764554#:~:text=Jind%C5%99ich%20Vobo%C5%99il%7C,the%20current%20ban.%E2%80%9D\" target=\"_blank\" rel=\"noreferrer noopener\">Herr Vobo\u0159il<\/a>, der nationale Koordinator f\u00fcr die Drogenbek\u00e4mpfung in Tschechien, rechnet damit, den fertigen Plan mit Umsetzungsdaten bis Ende 2022 zu ver\u00f6ffentlichen. Danach soll der Gesetzesentwurf im M\u00e4rz 2023 vorgelegt werden &#8211; und k\u00f6nnte bereits 2024 in Kraft treten.<\/p>\n\n<h3 class=\"wp-block-heading\">Genehmigung und Gesetze zum Cannabiskonsum<\/h3>\n\n<p>Die Tschechische Republik gilt zwar als eines der liberalsten L\u00e4nder in Bezug auf die Cannabis-Gesetzgebung, aber dieser Ruf wurde erst k\u00fcrzlich erworben. Erst im Jahr 2010 hat Tschechien den Besitz und Anbau von Cannabis f\u00fcr den Eigenbedarf entkriminalisiert.<\/p>\n\n<p>Und im Jahr 2013 wurde medizinisches Cannabis f\u00fcr die Behandlung bestimmter Krankheiten legalisiert. Die H\u00f6chstwerte liegen bei 19% (f\u00fcr THC) und 7,5% (f\u00fcr CBD). Der Heimanbau f\u00fcr den pers\u00f6nlichen Gebrauch ist derzeit erlaubt, allerdings wird der THC-Gehalt auf 1% begrenzt.<\/p>\n\n<p>Im Moment ist der private Konsum von Cannabis in Tschechien noch illegal. Dennoch ist Tschechien auf dem Weg, das zweite EU-Land zu werden, das Cannabis f\u00fcr den privateh Konsum legalisiert, nachdem Malta dies im Dezember 2021 getan hat.<\/p>\n\n<h3 class=\"wp-block-heading\">Lizenzen in der Tschechischen Republik<\/h3>\n\n<h4 class=\"wp-block-heading\">Die Anforderungen f\u00fcr medizinisches Cannabis umfassen:<\/h4>\n\n<ol class=\"wp-block-list\">\n<li><strong>Erhalt einer Lizenz zum Anpflanzen von Cannabispflanzen f\u00fcr den Anbau von Cannabis f\u00fcr medizinische Zwecke<\/strong>.<\/li>\n<\/ol>\n\n<p>Das staatliche Institut f\u00fcr Drogenkontrolle stellt diese Lizenz f\u00fcr f\u00fcnf Jahre aus (die maximale Dauer). Sie kann dann verl\u00e4ngert werden (dieser Antrag muss vom Lizenzinhaber sechs Monate vor Ablauf der Lizenz gestellt werden). <\/p>\n\n<ol class=\"wp-block-list\" start=\"2\">\n<li><strong>Genehmigung zur Entsorgung von Suchtmitteln und Produkten im Zusammenhang mit medizinischem Cannabis.<\/strong><\/li>\n<\/ol>\n\n<p>Diese vom Gesundheitsministerium ausgestellte Genehmigung gilt f\u00fcr einen Zeitraum von maximal f\u00fcnf Jahren. Auch eine Verl\u00e4ngerung ist m\u00f6glich (auch hier muss der Verl\u00e4ngerungsantrag sechs Wochen vor Ablauf der G\u00fcltigkeit eingereicht werden).<\/p>\n\n<p>Das in der Tschechischen Republik <a href=\"https:\/\/groweriq.ca\/2022\/09\/21\/cannabis-cultivation-erp-software-pros-cons\/\" target=\"_blank\" rel=\"noreferrer noopener\">angebaute<\/a> Cannabis f\u00fcr medizinische Zwecke darf nur mit Genehmigung des Gesundheitsministeriums an Privatpersonen verkauft werden. Die \u00dcbertragung anderer Rechte im Zusammenhang mit Suchtmitteln kann nur mit Genehmigung zwischen zwei Parteien erfolgen.<\/p>\n\n<ol class=\"wp-block-list\" start=\"3\">\n<li><strong>Genehmigungen f\u00fcr den Import von Cannabis f\u00fcr den medizinischen Gebrauch<\/strong><\/li>\n<\/ol>\n\n<p>F\u00fcr jeden einzelnen Import ist eine individuelle Einfuhrgenehmigung des Gesundheitsministeriums erforderlich. Diese Genehmigung ist maximal drei Monate lang g\u00fcltig. <\/p>\n\n<p>Patienten k\u00f6nnen Zugang zu Cannabis f\u00fcr den medizinischen Gebrauch (begrenzt auf bis zu 180g trockenes Cannabis pro Person und Monat) erhalten, wenn:<\/p>\n\n<ul class=\"wp-block-list\">\n<li>Sie \u00fcber ein elektronisches Rezept von medizinischem Fachpersonal verf\u00fcgen. <\/li>\n\n\n\n<li>Sie belegen k\u00f6nnen, dass Sie mindestens 18 Jahre alt sind. (Dies ist nur bei bestimmten Symptomen m\u00f6glich, z. B. bei chronischen unertr\u00e4glichen Schmerzen oder \u00dcbelkeit im Zusammenhang mit der Behandlung von HIV). <\/li>\n<\/ul>\n\n<p>F\u00fcr diejenigen, die an Cannabis f\u00fcr die medizinische Versorgung interessiert sind, bietet die gesetzliche Krankenkasse eine Absicherung. Etwa 90% des Preises von Cannabis f\u00fcr den Endverbraucher werden innerhalb der maximalen Menge von 30g medizinischem Cannabis pro Person und Monat \u00fcbernommen. Oder bis zu 180 g pro Monat (wenn der Gesundheitszustand des Patienten dies erfordert).<\/p>\n\n<figure class=\"wp-block-image size-large x-image x-img x-img-thumbnail\"><img fetchpriority=\"high\" decoding=\"async\" width=\"2000\" height=\"1125\" src=\"http:\/\/groweriq.ca\/wp-content\/uploads\/2022\/11\/2-1-2000x1125.png\" alt=\"\" class=\"wp-image-14860\" srcset=\"https:\/\/groweriq.ca\/wp-content\/uploads\/2022\/11\/2-1-2000x1125.png 2000w, https:\/\/groweriq.ca\/wp-content\/uploads\/2022\/11\/2-1-300x169.png 300w, https:\/\/groweriq.ca\/wp-content\/uploads\/2022\/11\/2-1-768x432.png 768w, https:\/\/groweriq.ca\/wp-content\/uploads\/2022\/11\/2-1-1536x864.png 1536w, https:\/\/groweriq.ca\/wp-content\/uploads\/2022\/11\/2-1-2048x1152.png 2048w, https:\/\/groweriq.ca\/wp-content\/uploads\/2022\/11\/2-1-100x56.png 100w, https:\/\/groweriq.ca\/wp-content\/uploads\/2022\/11\/2-1-870x489.png 870w, https:\/\/groweriq.ca\/wp-content\/uploads\/2022\/11\/2-1-1200x675.png 1200w\" sizes=\"(max-width: 2000px) 100vw, 2000px\" \/><figcaption class=\"wp-element-caption\">Cannabis f\u00fcr den privaten Gebrauch ist in der Tschechischen Republik immer noch illegal, aber Pl\u00e4ne zur Legalisierung von Cannabis sind im Gange &#8211; Bild mit freundlicher Genehmigung von SensiSeeds.com<\/figcaption><\/figure>\n<h4 class=\"wp-block-heading\">Anforderungen f\u00fcr gewerblichen Cannabis<\/h4>\n\n<p>F\u00fcr industrielle, technische und landwirtschaftliche Zwecke ist Cannabis mit einem THC-Gehalt von maximal 1% erlaubt, einschlie\u00dflich des Verkaufs. Allerdings muss die Zollbeh\u00f6rde benachrichtigt werden, wenn der Anbau von Industrie-Cannabis auf mehr als 100 m<sup>2<\/sup> Land erfolgt.<\/p>\n\n<h5 class=\"wp-block-heading\">Substanzen f\u00fcr Lebensmittel<\/h5>\n\n<p>In der Tschechischen Republik gibt es keine Toleranz f\u00fcr THC in Nahrungserg\u00e4nzungsmitteln.<\/p>\n\n<p>Bevor <a href=\"https:\/\/groweriq.ca\/2019\/01\/14\/the-challenge-of-terpene-extraction\/\" target=\"_blank\" rel=\"noreferrer noopener\">CBD<\/a> auf den Markt gelangen kann, ist eine Zulassung gem\u00e4\u00df der Verordnung (EU) 2015\/2283 des Europ\u00e4ischen Parlaments und des Rates vom 25. November 2015 erforderlich. Das liegt daran, dass CBD als &#8222;neuartiges Lebensmittel&#8220; gilt. <\/p>\n\n<p>Laut der staatlichen tschechischen Landwirtschafts- und Lebensmittelaufsichtsbeh\u00f6rde: <\/p>\n\n<ul class=\"wp-block-list\">\n<li>Hanfprodukte aus Bl\u00e4ttern oder Samen, die von Natur aus CBD enthalten, <strong>gelten nicht<\/strong> als &#8222;neuartige Lebensmittel&#8220; und eine Zulassung ist nicht erforderlich.<\/li>\n\n\n\n<li>Synthetische Cannabinoide <strong>gelten als<\/strong> &#8222;neuartige Lebensmittel&#8220; und ben\u00f6tigen eine Zulassung, bevor sie auf den Markt kommen.<\/li>\n<\/ul>\n\n<h5 class=\"wp-block-heading\">Rauchen<\/h5>\n\n<p>Bei CBD-Rauchern muss zwischen E-Zigaretten (und Liquid-F\u00fcllungen\/Kartuschen) und Kr\u00e4uterzigaretten (Raucherzeugnissen) unterschieden werden.<\/p>\n\n<p>Nach geltendem Recht darf kein THC enthalten sein. Aber was die Verwendung von CBD betrifft:<\/p>\n\n<ul class=\"wp-block-list\">\n<li>E-Zigaretten sind \u00fcberhaupt <strong>nicht erlaubt<\/strong> <\/li>\n\n\n\n<li>Pflanzliche Zigaretten <strong>sind erlaubt<\/strong><\/li>\n<\/ul>\n\n<p>Es ist verboten, CBD-Produkte aus den Bl\u00fcten- oder Fruchtst\u00e4nden der Cannabispflanze zum oralen Gebrauch herzustellen, unabh\u00e4ngig vom THC-Gehalt der urspr\u00fcnglichen Cannabispflanze. <\/p>\n\n<h5 class=\"wp-block-heading\">Kosmetik<\/h5>\n\n<p>Das einzige tschechische Kosmetikgesetz schreibt vor, dass Kosmetika kein THC enthalten d\u00fcrfen. CBD-Kosmetika, die THC-frei sind, sind gesetzlich erlaubt. Derzeit <a href=\"https:\/\/www.taylorwessing.com\/en\/interface\/2022\/foodtech\/the-current-regulatory-framework-for-the-marketing-of-products-containing-cbd\" target=\"_blank\" rel=\"noreferrer noopener\">laufen Diskussionen<\/a> zu diesem Thema, da dieses Gesetz nicht mit den Empfehlungen der WHO und der Europ\u00e4ischen Kommission \u00fcbereinstimmt.<\/p>\n\n<h2 class=\"wp-block-heading\">Gesetzliche Lizenzen und Lizenzierung<\/h2>\n\n<p>F\u00fcr \u00e4hnliche Informationen, wie z.B. die Beantragung einer Cannabislizenz in der Tschechischen Republik, lesen Sie unsere Leitf\u00e4den f\u00fcr <a href=\"https:\/\/groweriq.ca\/?s=how+to+get+a+cannabis+license+in&amp;lang=en\" target=\"_blank\" rel=\"noreferrer noopener\">andere L\u00e4nder<\/a>.<\/p>\n\n<h3>Erfahren Sie mehr<\/h3>\n\n<p> Sind Sie an einem Cannabis-Anbauplan interessiert, der alle Ihre Bed\u00fcrfnisse erf\u00fcllt? Unsere Berater k\u00f6nnen Ihnen helfen, Ihren Betrieb zu planen, den Prozess vom Seed-to-Sale zu \u00fcberwachen und die Vorschriften einzuhalten.<\/p>\n\n<a class=\"x-btn\" href=\"https:\/\/groweriq.ca\/consulting\/industry-expertise\/\" style=\"outline: none; max-width: fit-content;\">Sprechen Sie mit einem fachkundigen Berater<\/a><p><\/p>\n<div class=\"cs-content x-global-block x-global-block-4174 e4174-e0\"><div class=\"x-section e4174-e2 m37y-0 m37y-1\"><div class=\"x-row x-container max width e4174-e3 m37y-3 m37y-4\"><div class=\"x-row-inner\"><div class=\"x-col e4174-e4 m37y-5\"><hr class=\"x-line e4174-e5 m37y-6\"\/><div class=\"x-text x-text-headline e4174-e6 m37y-7 m37y-8\"><div class=\"x-text-content\"><div class=\"x-text-content-text\"><h2 class=\"x-text-content-text-primary\">Recommended For You<\/h2>\n<\/div><\/div><\/div><div  class=\"x-recent-posts cf horizontal\"  data-x-element=\"recent_posts\" data-x-params=\"{&quot;fade&quot;:false}\" data-fade=\"false\" ><a class=\"x-recent-post3 with-image\" href=\"https:\/\/groweriq.ca\/de\/2024\/06\/18\/neue-cannabis-gesetzgebung-in-deutschland-abschaffung-oeffentlicher-cannabis-ausschreibungen\/\" title=\"Permalink to: &quot;Neue Cannabis-Gesetzgebung in Deutschland: Abschaffung \u00f6ffentlicher Cannabis-Ausschreibungen&quot;\"><article id=\"post-27809\" class=\"post-27809 post type-post status-publish format-standard has-post-thumbnail hentry category-deutschland category-international-de category-unkategorisiert tag-cannabis-industrie tag-cannabis-unternehmen\"><div class=\"entry-wrap\"><div class=\"x-recent-posts-img\" style=\"background-image: url(https:\/\/groweriq.ca\/wp-content\/uploads\/2024\/05\/esteban-lopez-cQtAjvP6hUQ-unsplash-1.jpg);\"><i class='x-framework-icon x-recent-posts-icon' data-x-icon-s='&#xf15c;' aria-hidden=true><\/i><\/div><div class=\"x-recent-posts-content\"><h3 class=\"h-recent-posts\">Neue Cannabis-Gesetzgebung in Deutschland: Abschaffung \u00f6ffentlicher Cannabis-Ausschreibungen<\/h3><span class=\"x-recent-posts-date\">18. Juni 2024<\/span><\/div><\/div><\/article><\/a><a class=\"x-recent-post3 with-image\" href=\"https:\/\/groweriq.ca\/de\/2024\/06\/14\/voraussetzungen-fuer-die-gruendung-einer-anbauervereinigung-oder-eines-cannabisclubs\/\" title=\"Permalink to: &quot;Voraussetzungen f\u00fcr die Gr\u00fcndung einer Anbauervereinigung oder eines Cannabisclubs.&quot;\"><article id=\"post-27760\" class=\"post-27760 post type-post status-publish format-standard has-post-thumbnail hentry category-deutschland category-unkategorisiert tag-cannabis-industrie tag-cannabis-unternehmen\"><div class=\"entry-wrap\"><div class=\"x-recent-posts-img\" style=\"background-image: url(https:\/\/groweriq.ca\/wp-content\/uploads\/2024\/05\/esteban-lopez-_k6g3qSnYIo-unsplash-1.jpg);\"><i class='x-framework-icon x-recent-posts-icon' data-x-icon-s='&#xf15c;' aria-hidden=true><\/i><\/div><div class=\"x-recent-posts-content\"><h3 class=\"h-recent-posts\">Voraussetzungen f\u00fcr die Gr\u00fcndung einer Anbauervereinigung oder eines Cannabisclubs.<\/h3><span class=\"x-recent-posts-date\">14. Juni 2024<\/span><\/div><\/div><\/article><\/a><a class=\"x-recent-post3 with-image\" href=\"https:\/\/groweriq.ca\/de\/2024\/06\/11\/was-sie-ueber-cannabis-social-club-software-wissen-sollten\/\" title=\"Permalink to: &quot;10 Dinge, man \u00fcber Cannabis Social Club Software wissen sollte&quot;\"><article id=\"post-27758\" class=\"post-27758 post type-post status-publish format-standard has-post-thumbnail hentry category-cannabis-social-club-de category-seed-to-sale-vom-samen-zum-verkauf tag-cannabis-industrie tag-cannabis-unternehmen\"><div class=\"entry-wrap\"><div class=\"x-recent-posts-img\" style=\"background-image: url(https:\/\/groweriq.ca\/wp-content\/uploads\/2024\/04\/cannabis-social-club-software-870x520.jpeg);\"><i class='x-framework-icon x-recent-posts-icon' data-x-icon-s='&#xf15c;' aria-hidden=true><\/i><\/div><div class=\"x-recent-posts-content\"><h3 class=\"h-recent-posts\">10 Dinge, man \u00fcber Cannabis Social Club Software wissen sollte<\/h3><span class=\"x-recent-posts-date\">11. Juni 2024<\/span><\/div><\/div><\/article><\/a><\/div><\/div><\/div><\/div><\/div><div class=\"x-section e4174-e8 m37y-1 m37y-2\"><div class=\"x-container max width e4174-e9 m37y-a\"><div class=\"x-column x-sm x-1-2 e4174-e10 m37y-b\"><div class=\"x-text x-text-headline e4174-e11 m37y-8 m37y-9\"><div class=\"x-text-content\"><div class=\"x-text-content-text\"><h2 class=\"x-text-content-text-primary\"><span>About GrowerIQ<\/span><\/h2>\n<\/div><\/div><\/div><div class=\"x-content-area e4174-e12 m37y-c\">GrowerIQ is a complete cannabis production management platform. Ours is the first platform to integrate your facility systems, including sensors, building controls, QMS, and ERP, into a single simplified interface.\n<br\/><br\/>\n\nGrowerIQ is changing the way producers use software - transforming a regulatory requirement into a robust platform to learn, analyze, and improve performance. \n<br\/><br\/>\n\nTo find out more about GrowerIQ and how we can help, fill out the form to the right, start a chat, or <a class=\"link\" href=\"\/contact-us\/\">contact us<\/a>.<\/div><\/div><div class=\"x-column x-sm x-1-2 e4174-e13 m37y-b\"><div class=\"x-content-area x-hide-sm x-hide-xs e4174-e14 m37y-c\"><h2 style=\"color: white !important;\">Start today.<\/h2>\n<p style=\"color: white !important;\">Let us know how to reach you, and we'll get in touch to discuss your project.<\/p>\n<div class=\"salesforce_w2l_lead sf_one_column\"><form id=\"sf_form_salesforce_w2l_lead_4\" class=\"w2llead placeholders\" method=\"post\" action=\"#sf_form_salesforce_w2l_lead_4\"><div class=\"sf_field sf_field_first_name sf_type_text\">\t<input type=\"text\" placeholder=\"Name *\" value=\"\" id=\"sf_first_name\" class=\"w2linput text\" name=\"first_name\"  \/><div class=\"clearfix\"><\/div><\/div><div class=\"sf_field sf_field_email sf_type_text\">\t<input type=\"text\" placeholder=\"Email *\" value=\"\" id=\"sf_email\" class=\"w2linput text\" name=\"email\"  \/><div class=\"clearfix\"><\/div><\/div><div class=\"sf_field sf_field_description sf_type_textarea\">\t\t<textarea id=\"sf_description\" class=\"w2linput textarea\" name=\"description\" placeholder=\"Message\"><\/textarea><div class=\"clearfix\"><\/div><\/div>\t\t<input type=\"hidden\" id=\"sf_GCLID__c\" class=\"w2linput hidden\" name=\"GCLID__c\" value=\"\" \/>\t\t<input type=\"hidden\" id=\"sf_Utm_campaign__c\" class=\"w2linput hidden\" name=\"Utm_campaign__c\" value=\"\" \/>\t\t<input type=\"hidden\" id=\"sf_Utm_content__c\" class=\"w2linput hidden\" name=\"Utm_content__c\" value=\"\" \/>\t\t<input type=\"hidden\" id=\"sf_Utm_medium__c\" class=\"w2linput hidden\" name=\"Utm_medium__c\" value=\"\" \/>\t\t<input type=\"hidden\" id=\"sf_Utm_source__c\" class=\"w2linput hidden\" name=\"Utm_source__c\" value=\"\" \/>\t\t<input type=\"hidden\" id=\"sf_Utm_term__c\" class=\"w2linput hidden\" name=\"Utm_term__c\" value=\"\" \/>\t\t<input type=\"hidden\" id=\"sf_Referral_url__c\" class=\"w2linput hidden\" name=\"Referral_url__c\" value=\"\" \/>\t<input type=\"text\" name=\"message\" class=\"w2linput\" value=\"\" style=\"display: none;\" \/>\t<input type=\"hidden\" name=\"form_id\" class=\"w2linput\" value=\"4\" \/>\t<div class=\"w2lsubmit\"><input type=\"submit\" name=\"w2lsubmit\" class=\"w2linput submit\" value=\"Get Started\" \/><\/div><\/form><\/div>\n\n<p style=\"color: white !important; font-size: 9px !important; line-height: 15px !important;\">GrowerIQ does not share, sell, rent, or trade personally identifiable information with third parties for promotional purposes. <a href=\"\/privacy-policy\/\" style=\"color: white !important; text-decoration: underline !important;\">Privacy Policy<\/a><\/p><\/div><\/div><\/div><\/div><\/div>\n","protected":false},"excerpt":{"rendered":"<p>Die Tschechische Republik, auch bekannt als Tschechien, plant die Legalisierung von Cannabis, nachdem Deutschland k\u00fcrzlich seinen Plan angek\u00fcndigt hat. Die beiden L\u00e4nder wollen zusammenarbeiten, um Informationen und Best Practices zur Regulierung der legalen Cannabisindustrie in der Tschechischen Republik auszutauschen. <\/p>\n","protected":false},"author":29,"featured_media":0,"parent":0,"menu_order":0,"comment_status":"closed","ping_status":"closed","template":"","meta":{"_elementor_css":"","footnotes":""},"categories":[766,501,621,502,758,592,637,757,639],"tags":[618,968,619,759,633,632,805,967,638,631,806,969,970],"class_list":["post-17346","page","type-page","status-publish","hentry","category-beratung","category-cannabis-de","category-cannabis-business-plan-de","category-cannabis-erp-de","category-international-de","category-legalisierung","category-lizensierungsprozess","category-lp-application-process-de","category-marktinformation","tag-cannabis-de","tag-cannabis-aus-der-tschechischen-republik","tag-cannabis-anbau","tag-cannabis-businessplan","tag-cannabis-industrie","tag-cannabis-unternehmen","tag-cannabis-verordnung","tag-legalisierung","tag-lizensierungsprozess","tag-master-grower-de","tag-medizinisches-marihuana","tag-tschechische-republik","tag-tschechische-republik-cannabis","no-post-thumbnail"],"_links":{"self":[{"href":"https:\/\/groweriq.ca\/de\/wp-json\/wp\/v2\/pages\/17346","targetHints":{"allow":["GET"]}}],"collection":[{"href":"https:\/\/groweriq.ca\/de\/wp-json\/wp\/v2\/pages"}],"about":[{"href":"https:\/\/groweriq.ca\/de\/wp-json\/wp\/v2\/types\/page"}],"author":[{"embeddable":true,"href":"https:\/\/groweriq.ca\/de\/wp-json\/wp\/v2\/users\/29"}],"replies":[{"embeddable":true,"href":"https:\/\/groweriq.ca\/de\/wp-json\/wp\/v2\/comments?post=17346"}],"version-history":[{"count":1,"href":"https:\/\/groweriq.ca\/de\/wp-json\/wp\/v2\/pages\/17346\/revisions"}],"predecessor-version":[{"id":17349,"href":"https:\/\/groweriq.ca\/de\/wp-json\/wp\/v2\/pages\/17346\/revisions\/17349"}],"wp:attachment":[{"href":"https:\/\/groweriq.ca\/de\/wp-json\/wp\/v2\/media?parent=17346"}],"wp:term":[{"taxonomy":"category","embeddable":true,"href":"https:\/\/groweriq.ca\/de\/wp-json\/wp\/v2\/categories?post=17346"},{"taxonomy":"post_tag","embeddable":true,"href":"https:\/\/groweriq.ca\/de\/wp-json\/wp\/v2\/tags?post=17346"}],"curies":[{"name":"wp","href":"https:\/\/api.w.org\/{rel}","templated":true}]}}