{"id":16900,"date":"2023-01-27T06:59:38","date_gmt":"2023-01-27T11:59:38","guid":{"rendered":"https:\/\/groweriq.ca\/kontaktieren-sie-uns\/"},"modified":"2024-08-29T09:47:49","modified_gmt":"2024-08-29T13:47:49","slug":"kontaktieren-sie-uns","status":"publish","type":"page","link":"https:\/\/groweriq.ca\/de\/kontaktieren-sie-uns\/","title":{"rendered":"Kontaktieren Sie uns"},"content":{"rendered":"<div id=\"cs-content\" class=\"cs-content\"><\/div>\n","protected":false},"excerpt":{"rendered":"<p>Kontaktieren Sie uns Toronto Sie sind in der N\u00e4he? Vereinbaren Sie vorher einen Besuch! Wir w\u00fcrden gerne \u00fcber Ihr Projekt sprechen und Ihnen die Plattform demonstrieren. 452-455 Danforth Avenue Toronto, Ontario, Kanada M4K 1P1 Geb\u00fchrenfrei: 1-855-892-7500GrowerIQ Cannabis ERP GrowerIQ ist eine umfassende Plattform zur Verwaltung &#8230; <\/p>\n<div><a href=\"https:\/\/groweriq.ca\/de\/kontaktieren-sie-uns\/\" class=\"more-link\">Read More<\/a><\/div>\n","protected":false},"author":2,"featured_media":0,"parent":0,"menu_order":0,"comment_status":"closed","ping_status":"closed","template":"template-blank-4.php","meta":{"_elementor_css":"","footnotes":""},"categories":[],"tags":[],"class_list":["post-16900","page","type-page","status-publish","hentry","no-post-thumbnail"],"_links":{"self":[{"href":"https:\/\/groweriq.ca\/de\/wp-json\/wp\/v2\/pages\/16900","targetHints":{"allow":["GET"]}}],"collection":[{"href":"https:\/\/groweriq.ca\/de\/wp-json\/wp\/v2\/pages"}],"about":[{"href":"https:\/\/groweriq.ca\/de\/wp-json\/wp\/v2\/types\/page"}],"author":[{"embeddable":true,"href":"https:\/\/groweriq.ca\/de\/wp-json\/wp\/v2\/users\/2"}],"replies":[{"embeddable":true,"href":"https:\/\/groweriq.ca\/de\/wp-json\/wp\/v2\/comments?post=16900"}],"version-history":[{"count":3,"href":"https:\/\/groweriq.ca\/de\/wp-json\/wp\/v2\/pages\/16900\/revisions"}],"predecessor-version":[{"id":25524,"href":"https:\/\/groweriq.ca\/de\/wp-json\/wp\/v2\/pages\/16900\/revisions\/25524"}],"wp:attachment":[{"href":"https:\/\/groweriq.ca\/de\/wp-json\/wp\/v2\/media?parent=16900"}],"wp:term":[{"taxonomy":"category","embeddable":true,"href":"https:\/\/groweriq.ca\/de\/wp-json\/wp\/v2\/categories?post=16900"},{"taxonomy":"post_tag","embeddable":true,"href":"https:\/\/groweriq.ca\/de\/wp-json\/wp\/v2\/tags?post=16900"}],"curies":[{"name":"wp","href":"https:\/\/api.w.org\/{rel}","templated":true}]}}