{"id":16889,"date":"2023-01-27T06:54:13","date_gmt":"2023-01-27T11:54:13","guid":{"rendered":"https:\/\/groweriq.ca\/startseite\/"},"modified":"2024-09-03T14:05:17","modified_gmt":"2024-09-03T18:05:17","slug":"startseite","status":"publish","type":"page","link":"https:\/\/groweriq.ca\/de\/startseite\/","title":{"rendered":"Startseite &#8211; Alt"},"content":{"rendered":"<div id=\"cs-content\" class=\"cs-content\"><\/div>\n","protected":false},"excerpt":{"rendered":"<p>GrowerIQ ist die erste Software-Plattform f\u00fcr das Cannabis-Management, die alle fragmentierten Systeme zusammenf\u00fchrt, die von Cannabis-Produktionsst\u00e4tten auf der ganzen Welt ben\u00f6tigt werden. Wir bieten Module f\u00fcr jedes Team: Anbau, Herstellung, Lager, CRM, Bestellungen und Qualit\u00e4tsmanagement. Wir sind inzwischen zum operativen R\u00fcckgrat f\u00fcr Produzenten auf der ganzen Welt geworden und erm\u00f6glichen eine echte Seed-to-Sale R\u00fcckverfolgbarkeit.<\/p>\n","protected":false},"author":2,"featured_media":16892,"parent":0,"menu_order":0,"comment_status":"closed","ping_status":"closed","template":"template-blank-4.php","meta":{"_elementor_css":"","footnotes":""},"categories":[848],"tags":[],"class_list":["post-16889","page","type-page","status-publish","has-post-thumbnail","hentry","category-cannabis-management-software-de"],"_links":{"self":[{"href":"https:\/\/groweriq.ca\/de\/wp-json\/wp\/v2\/pages\/16889","targetHints":{"allow":["GET"]}}],"collection":[{"href":"https:\/\/groweriq.ca\/de\/wp-json\/wp\/v2\/pages"}],"about":[{"href":"https:\/\/groweriq.ca\/de\/wp-json\/wp\/v2\/types\/page"}],"author":[{"embeddable":true,"href":"https:\/\/groweriq.ca\/de\/wp-json\/wp\/v2\/users\/2"}],"replies":[{"embeddable":true,"href":"https:\/\/groweriq.ca\/de\/wp-json\/wp\/v2\/comments?post=16889"}],"version-history":[{"count":16,"href":"https:\/\/groweriq.ca\/de\/wp-json\/wp\/v2\/pages\/16889\/revisions"}],"predecessor-version":[{"id":30530,"href":"https:\/\/groweriq.ca\/de\/wp-json\/wp\/v2\/pages\/16889\/revisions\/30530"}],"wp:featuredmedia":[{"embeddable":true,"href":"https:\/\/groweriq.ca\/de\/wp-json\/wp\/v2\/media\/16892"}],"wp:attachment":[{"href":"https:\/\/groweriq.ca\/de\/wp-json\/wp\/v2\/media?parent=16889"}],"wp:term":[{"taxonomy":"category","embeddable":true,"href":"https:\/\/groweriq.ca\/de\/wp-json\/wp\/v2\/categories?post=16889"},{"taxonomy":"post_tag","embeddable":true,"href":"https:\/\/groweriq.ca\/de\/wp-json\/wp\/v2\/tags?post=16889"}],"curies":[{"name":"wp","href":"https:\/\/api.w.org\/{rel}","templated":true}]}}