{"id":15251,"date":"2022-12-07T07:56:20","date_gmt":"2022-12-07T12:56:20","guid":{"rendered":"https:\/\/groweriq.ca\/its-never-2-l8-fuer-erstklassige-partner\/"},"modified":"2024-08-29T09:59:52","modified_gmt":"2024-08-29T13:59:52","slug":"its-never-2-l8-fuer-erstklassige-partner","status":"publish","type":"page","link":"https:\/\/groweriq.ca\/de\/its-never-2-l8-fuer-erstklassige-partner\/","title":{"rendered":"&#8222;IT&#8217;S NEVER 2 L8&#8220; f\u00fcr erstklassige Partner"},"content":{"rendered":"\n<h2 class=\"wp-block-heading\">It&#8217;s Never 2 L8, ein f\u00fchrendes Cannabisunternehmen mit Sitz in der Schweiz, ben\u00f6tigte die M\u00f6glichkeit, seine Produkte von der Aussaat bis zum Verkauf zu kontrollieren. Aber ohne ein einheitliches Aufzeichnungssystem riskierte das Unternehmen, mit Vorschriften in Konflikt zu geraten und aufgrund von Ineffizienz Zeit und Geld zu verlieren.<\/h2>\n\n\n\n<h3 class=\"wp-block-heading\">\u00dcber It&#8217;s Never 2 L8 Cannabis<\/h3>\n\n\n\n<p>Bevor wir mit diesem Beitrag beginnen, m\u00f6chten wir sicherstellen, dass Sie sich \u00fcber unsere <a href=\"https:\/\/groweriq.ca\/de\/2021\/04\/08\/groweriq-ist-mehr-als-seed-to-sale-software\/\" target=\"_blank\" rel=\"noreferrer noopener\">Cannabisanbau-Software<\/a> informiert haben. Falls Sie das noch nicht getan haben, empfehlen wir Ihnen, den verlinkten Beitrag zu lesen, bevor Sie diesen Beitrag weiter lesen.<\/p>\n\n\n\n<p>It&#8217;s Never 2 L8, ein Cannabisunternehmen, das sehr stolz auf seine strengen Qualit\u00e4tskontrollstandards und hochwertigen Produkte ist, war auf der Suche nach einer Softwareplattform, die das Unternehmen bei der Einhaltung der sich st\u00e4ndig \u00e4ndernden Vorschriften unterst\u00fctzt. Das Unternehmen ben\u00f6tigte eine Software, die speziell f\u00fcr seine 2 150 m\u00b2 gro\u00dfe Indoor-Kulturanlage entwickelt wurde, mit einer intuitiven Benutzeroberfl\u00e4che und einem ansprechenden Kundensupport. Sie ben\u00f6tigten zudem eine Plattform in vielen Sprachen, um ihrem internationalen Team die Nutzung zu erleichtern.<\/p>\n\n\n\n<figure class=\"wp-block-image size-large x-image x-img x-img-thumbnail\"><img decoding=\"async\" src=\"https:\/\/groweriq.ca\/wp-content\/uploads\/2022\/10\/6-1-2000x1125.png\" alt=\"GrowerIQ, eine Cannabis-Analysel\u00f6sung, die gem\u00e4\u00df den EU-GMP-Standards entwickelt wurde, ist die perfekte L\u00f6sung f\u00fcr Produzenten, die hochwertige und sichere Produkte herstellen m\u00f6chten.\"\/><figcaption class=\"wp-element-caption\">GrowerIQ, eine Cannabis-Analysel\u00f6sung, die gem\u00e4\u00df den EU-GMP-Standards entwickelt wurde, ist die perfekte L\u00f6sung f\u00fcr It&#8217;s Never 2 L8, das Schweizer Cannabisunternehmen, das sich die Herstellung hochwertiger und sicherer Produkte zum Ziel gesetzt hat.<\/figcaption><\/figure>\n\n\n\n<h3 class=\"wp-block-heading\">Warum sie sich f\u00fcr GrowerIQ entschieden haben<\/h3>\n\n\n\n<p>It&#8217;s Never 2 L8 hat sich f\u00fcr GrowerIQ entschieden, das gem\u00e4\u00df den EU-GMP-Standards f\u00fcr Cannabis entwickelt wurde. Damit ist es die perfekte L\u00f6sung f\u00fcr Cannabisproduzenten, die sich die Qualit\u00e4t und Sicherheit ihrer Produkte zum Ziel gesetzt haben. Das bedeutet, dass die Software strenge Richtlinien erf\u00fcllt, um in allen Phasen des Wachstums &#8211; vom Keimling bis zur Ernte &#8211; einen hohen Level an Sicherheit, Qualit\u00e4tskontrolle und R\u00fcckverfolgbarkeit zu gew\u00e4hrleisten. Da GrowerIQ die einzige Cannabis-ERP-Software ist, die diese Standards erf\u00fcllt, war es f\u00fcr sie kein Problem, diese als Plattform zu w\u00e4hlen. <\/p>\n\n\n\n<blockquote class=\"wp-block-quote is-layout-flow wp-block-quote-is-layout-flow\">\n<p>&#8222;Das Team von GrowerIQ ist au\u00dferdem sehr reaktionsschnell und kennt sich in der Cannabisbranche bestens aus. Das macht sie zum perfekten Partner f\u00fcr die Bed\u00fcrfnisse von It&#8217;s Never 2 L8. Dank GrowerIQ sind wir nun in der Lage, unsere Cannabisprodukte von der Saat bis zum Verkauf einfach zu \u00fcberwachen und sicherzustellen, dass sie alle Qualit\u00e4tsstandards erf\u00fcllen.&#8220;<\/p>\n<cite>Jonas D., Gr\u00fcnder, It\u2019s Never 2 L8 Cannabis<\/cite><\/blockquote>\n\n\n\n<p>Das GrowerIQ-Team hilft Ihnen dabei, die richtigen Qualit\u00e4tsstandards f\u00fcr Ihre Produkte zu erf\u00fcllen. Das bedeutet, dass Sie Risiken reduzieren und strenge Vorschriften einhalten m\u00fcssen, w\u00e4hrend Sie gleichzeitig die besten Praktiken anwenden. Wir sind stolz darauf, mit einem Unternehmen wie It&#8217;s Never 2 L8 zusammenzuarbeiten, und freuen uns, sie als neue Kunden begr\u00fc\u00dfen zu d\u00fcrfen.<\/p>\n\n\n\n<p>Nun, da Sie mit dem Lesen dieses Beitrags fast fertig sind, m\u00f6chten wir daf\u00fcr sorgen, dass Sie Ihre Lernreise (die, wie bereits erw\u00e4hnt, niemals enden sollte!) nach diesem Beitrag fortsetzen. Hier sind ein paar Berichte \u00fcber GrowerIQ-Partnerschaften, von denen wir glauben, dass sie Ihnen gefallen werden: <a href=\"https:\/\/groweriq.ca\/de\/irie-craft-cannabis\/\" target=\"_blank\" rel=\"noreferrer noopener\">Irie Craft Cannabis<\/a>, <a href=\"https:\/\/groweriq.ca\/client-case-studies\/germanabis-case-study-overcoming-budget-adversity\/\" target=\"_blank\" rel=\"noreferrer noopener\">Germanabis GrowerIQ Case Study<\/a>, <a href=\"https:\/\/groweriq.ca\/client-case-studies\/master-grower-case-study-modernizing-the-growing-experience\/\" target=\"_blank\" rel=\"noreferrer noopener\">Master Grower Case Study<\/a>, <a href=\"https:\/\/groweriq.ca\/2021\/07\/16\/groweriq-announces-partnership-with-portuguese-lab-lef-infosaude\/\" target=\"_blank\" rel=\"noreferrer noopener\">GrowerIQ Partnership LEF<\/a>, <a href=\"https:\/\/groweriq.ca\/client-case-studies\/309lab-tightening-the-nuts-and-bolts\/\" target=\"_blank\" rel=\"noreferrer noopener\">309Lab: Tightening the Nuts and Bolts<\/a>, <a href=\"https:\/\/groweriq.ca\/partnerships\/groweriq-cann-grow-rich\/\" target=\"_blank\" rel=\"noreferrer noopener\">Cann Grow Rich<\/a>, <a href=\"https:\/\/groweriq.ca\/partnerships\/lef-lab-infosaude-portugal\/\" target=\"_blank\" rel=\"noreferrer noopener\">LEF Infosa\u00fade Lab<\/a>, <a href=\"https:\/\/groweriq.ca\/2019\/11\/07\/groweriq-announces-collaboration-with-dalhousie-university\/\" target=\"_blank\" rel=\"noreferrer noopener\">Dalhousie Cannabis Course<\/a>, <a href=\"https:\/\/groweriq.ca\/de\/gruenelabs-tracking-von-pflanzenlebenszyklen-leicht-gemacht\/\" target=\"_blank\" rel=\"noreferrer noopener\">Gr\u00fcneLabs<\/a>, <a href=\"https:\/\/groweriq.ca\/de\/wie-medcann-auf-die-experten-von-groweriq-gesetzt-hat\/\" target=\"_blank\" rel=\"noreferrer noopener\">Medcann<\/a>, <a href=\"https:\/\/groweriq.ca\/client-case-studies\/how-meditative-greens-relied-on-the-cannabis-industry-experts-at-groweriq\/\" target=\"_blank\" rel=\"noreferrer noopener\">Meditative Greens<\/a>, und <a href=\"https:\/\/groweriq.ca\/de\/master-plant-holdings-navigieren-durch-neue-gerichtsbarkeiten\/\" target=\"_blank\" rel=\"noreferrer noopener\">Master Plant<\/a>.<\/p>\n\n\n\n<h3 class=\"wp-block-heading\">Mehr erfahren<\/h3>\n\n\n\n<p>Die GrowerIQ Seed-to-Sale Software ist der perfekte Weg, um in die Cannabisbranche einzusteigen. Mit seiner benutzerfreundlichen Oberfl\u00e4che und den zahlreichen umfassenden Funktionen werden Sie sich im Handumdrehen einen Namen in der Branche machen k\u00f6nnen! <\/p>\n\n\n\n<a class=\"x-btn\" href=\"https:\/\/groweriq.ca\/software\/cannabis-software\/\" style=\"outline: none; max-width: fit-content;\">Erfahren Sie mehr \u00fcber Seed-to-Sale Software<\/a><p><\/p>\n\n\n<div class=\"cs-content x-global-block x-global-block-4174 e4174-e0\"><div class=\"x-section e4174-e2 m37y-0 m37y-1\"><div class=\"x-row x-container max width e4174-e3 m37y-3 m37y-4\"><div class=\"x-row-inner\"><div class=\"x-col e4174-e4 m37y-5\"><hr class=\"x-line e4174-e5 m37y-6\"\/><div class=\"x-text x-text-headline e4174-e6 m37y-7 m37y-8\"><div class=\"x-text-content\"><div class=\"x-text-content-text\"><h2 class=\"x-text-content-text-primary\">Recommended For You<\/h2>\n<\/div><\/div><\/div><div  class=\"x-recent-posts cf horizontal\"  data-x-element=\"recent_posts\" data-x-params=\"{&quot;fade&quot;:false}\" data-fade=\"false\" ><a class=\"x-recent-post3 with-image\" href=\"https:\/\/groweriq.ca\/de\/2024\/06\/18\/neue-cannabis-gesetzgebung-in-deutschland-abschaffung-oeffentlicher-cannabis-ausschreibungen\/\" title=\"Permalink to: &quot;Neue Cannabis-Gesetzgebung in Deutschland: Abschaffung \u00f6ffentlicher Cannabis-Ausschreibungen&quot;\"><article id=\"post-27809\" class=\"post-27809 post type-post status-publish format-standard has-post-thumbnail hentry category-deutschland category-international-de category-unkategorisiert tag-cannabis-industrie tag-cannabis-unternehmen\"><div class=\"entry-wrap\"><div class=\"x-recent-posts-img\" style=\"background-image: url(https:\/\/groweriq.ca\/wp-content\/uploads\/2024\/05\/esteban-lopez-cQtAjvP6hUQ-unsplash-1.jpg);\"><i class='x-framework-icon x-recent-posts-icon' data-x-icon-s='&#xf15c;' aria-hidden=true><\/i><\/div><div class=\"x-recent-posts-content\"><h3 class=\"h-recent-posts\">Neue Cannabis-Gesetzgebung in Deutschland: Abschaffung \u00f6ffentlicher Cannabis-Ausschreibungen<\/h3><span class=\"x-recent-posts-date\">18. Juni 2024<\/span><\/div><\/div><\/article><\/a><a class=\"x-recent-post3 with-image\" href=\"https:\/\/groweriq.ca\/de\/2024\/06\/14\/voraussetzungen-fuer-die-gruendung-einer-anbauervereinigung-oder-eines-cannabisclubs\/\" title=\"Permalink to: &quot;Voraussetzungen f\u00fcr die Gr\u00fcndung einer Anbauervereinigung oder eines Cannabisclubs.&quot;\"><article id=\"post-27760\" class=\"post-27760 post type-post status-publish format-standard has-post-thumbnail hentry category-deutschland category-unkategorisiert tag-cannabis-industrie tag-cannabis-unternehmen\"><div class=\"entry-wrap\"><div class=\"x-recent-posts-img\" style=\"background-image: url(https:\/\/groweriq.ca\/wp-content\/uploads\/2024\/05\/esteban-lopez-_k6g3qSnYIo-unsplash-1.jpg);\"><i class='x-framework-icon x-recent-posts-icon' data-x-icon-s='&#xf15c;' aria-hidden=true><\/i><\/div><div class=\"x-recent-posts-content\"><h3 class=\"h-recent-posts\">Voraussetzungen f\u00fcr die Gr\u00fcndung einer Anbauervereinigung oder eines Cannabisclubs.<\/h3><span class=\"x-recent-posts-date\">14. Juni 2024<\/span><\/div><\/div><\/article><\/a><a class=\"x-recent-post3 with-image\" href=\"https:\/\/groweriq.ca\/de\/2024\/06\/11\/was-sie-ueber-cannabis-social-club-software-wissen-sollten\/\" title=\"Permalink to: &quot;10 Dinge, man \u00fcber Cannabis Social Club Software wissen sollte&quot;\"><article id=\"post-27758\" class=\"post-27758 post type-post status-publish format-standard has-post-thumbnail hentry category-cannabis-social-club-de category-seed-to-sale-vom-samen-zum-verkauf tag-cannabis-industrie tag-cannabis-unternehmen\"><div class=\"entry-wrap\"><div class=\"x-recent-posts-img\" style=\"background-image: url(https:\/\/groweriq.ca\/wp-content\/uploads\/2024\/04\/cannabis-social-club-software-870x520.jpeg);\"><i class='x-framework-icon x-recent-posts-icon' data-x-icon-s='&#xf15c;' aria-hidden=true><\/i><\/div><div class=\"x-recent-posts-content\"><h3 class=\"h-recent-posts\">10 Dinge, man \u00fcber Cannabis Social Club Software wissen sollte<\/h3><span class=\"x-recent-posts-date\">11. Juni 2024<\/span><\/div><\/div><\/article><\/a><\/div><\/div><\/div><\/div><\/div><div class=\"x-section e4174-e8 m37y-1 m37y-2\"><div class=\"x-container max width e4174-e9 m37y-a\"><div class=\"x-column x-sm x-1-2 e4174-e10 m37y-b\"><div class=\"x-text x-text-headline e4174-e11 m37y-8 m37y-9\"><div class=\"x-text-content\"><div class=\"x-text-content-text\"><h2 class=\"x-text-content-text-primary\"><span>About GrowerIQ<\/span><\/h2>\n<\/div><\/div><\/div><div class=\"x-content-area e4174-e12 m37y-c\">GrowerIQ is a complete cannabis production management platform. Ours is the first platform to integrate your facility systems, including sensors, building controls, QMS, and ERP, into a single simplified interface.\n<br\/><br\/>\n\nGrowerIQ is changing the way producers use software - transforming a regulatory requirement into a robust platform to learn, analyze, and improve performance. \n<br\/><br\/>\n\nTo find out more about GrowerIQ and how we can help, fill out the form to the right, start a chat, or <a class=\"link\" href=\"\/contact-us\/\">contact us<\/a>.<\/div><\/div><div class=\"x-column x-sm x-1-2 e4174-e13 m37y-b\"><div class=\"x-content-area x-hide-sm x-hide-xs e4174-e14 m37y-c\"><h2 style=\"color: white !important;\">Start today.<\/h2>\n<p style=\"color: white !important;\">Let us know how to reach you, and we'll get in touch to discuss your project.<\/p>\n<div class=\"salesforce_w2l_lead sf_one_column\"><form id=\"sf_form_salesforce_w2l_lead_4\" class=\"w2llead placeholders\" method=\"post\" action=\"#sf_form_salesforce_w2l_lead_4\"><div class=\"sf_field sf_field_first_name sf_type_text\">\t<input type=\"text\" placeholder=\"Name *\" value=\"\" id=\"sf_first_name\" class=\"w2linput text\" name=\"first_name\"  \/><div class=\"clearfix\"><\/div><\/div><div class=\"sf_field sf_field_email sf_type_text\">\t<input type=\"text\" placeholder=\"Email *\" value=\"\" id=\"sf_email\" class=\"w2linput text\" name=\"email\"  \/><div class=\"clearfix\"><\/div><\/div><div class=\"sf_field sf_field_description sf_type_textarea\">\t\t<textarea id=\"sf_description\" class=\"w2linput textarea\" name=\"description\" placeholder=\"Message\"><\/textarea><div class=\"clearfix\"><\/div><\/div>\t\t<input type=\"hidden\" id=\"sf_GCLID__c\" class=\"w2linput hidden\" name=\"GCLID__c\" value=\"\" \/>\t\t<input type=\"hidden\" id=\"sf_Utm_campaign__c\" class=\"w2linput hidden\" name=\"Utm_campaign__c\" value=\"\" \/>\t\t<input type=\"hidden\" id=\"sf_Utm_content__c\" class=\"w2linput hidden\" name=\"Utm_content__c\" value=\"\" \/>\t\t<input type=\"hidden\" id=\"sf_Utm_medium__c\" class=\"w2linput hidden\" name=\"Utm_medium__c\" value=\"\" \/>\t\t<input type=\"hidden\" id=\"sf_Utm_source__c\" class=\"w2linput hidden\" name=\"Utm_source__c\" value=\"\" \/>\t\t<input type=\"hidden\" id=\"sf_Utm_term__c\" class=\"w2linput hidden\" name=\"Utm_term__c\" value=\"\" \/>\t\t<input type=\"hidden\" id=\"sf_Referral_url__c\" class=\"w2linput hidden\" name=\"Referral_url__c\" value=\"\" \/>\t<input type=\"text\" name=\"message\" class=\"w2linput\" value=\"\" style=\"display: none;\" \/>\t<input type=\"hidden\" name=\"form_id\" class=\"w2linput\" value=\"4\" \/>\t<div class=\"w2lsubmit\"><input type=\"submit\" name=\"w2lsubmit\" class=\"w2linput submit\" value=\"Get Started\" \/><\/div><\/form><\/div>\n\n<p style=\"color: white !important; font-size: 9px !important; line-height: 15px !important;\">GrowerIQ does not share, sell, rent, or trade personally identifiable information with third parties for promotional purposes. <a href=\"\/privacy-policy\/\" style=\"color: white !important; text-decoration: underline !important;\">Privacy Policy<\/a><\/p><\/div><\/div><\/div><\/div><\/div>\n","protected":false},"excerpt":{"rendered":"<p>GrowerIQ ist die perfekte L\u00f6sung f\u00fcr It&#8217;s Never 2 L8, das Schweizer Cannabisunternehmen, das Qualit\u00e4t und sichere Produkte f\u00fcr Konsumenten herstellen m\u00f6chte.<\/p>\n","protected":false},"author":29,"featured_media":14230,"parent":0,"menu_order":0,"comment_status":"closed","ping_status":"closed","template":"","meta":{"_elementor_css":"","footnotes":""},"categories":[848,857,856,758,853,623,411],"tags":[618,612,503,494,619,759,633,777,807,809,849,632,805,622,910,638,631,806,528],"class_list":["post-15251","page","type-page","status-publish","has-post-thumbnail","hentry","category-cannabis-management-software-de","category-erfahrungsbericht","category-fallstudie","category-international-de","category-partnerschaften","category-seed-to-sale-von-groweriq","category-unkategorisiert","tag-cannabis-de","tag-cannabis-beratung","tag-cannabis-erp-de","tag-cannabis-seed-to-sale-de","tag-cannabis-anbau","tag-cannabis-businessplan","tag-cannabis-industrie","tag-cannabis-lizenz","tag-cannabis-produktion","tag-cannabis-software-de","tag-cannabis-tech-de","tag-cannabis-unternehmen","tag-cannabis-verordnung","tag-cannabis-wachstum","tag-fallstudie","tag-lizensierungsprozess","tag-master-grower-de","tag-medizinisches-marihuana","tag-seed-to-sale-software-de"],"_links":{"self":[{"href":"https:\/\/groweriq.ca\/de\/wp-json\/wp\/v2\/pages\/15251","targetHints":{"allow":["GET"]}}],"collection":[{"href":"https:\/\/groweriq.ca\/de\/wp-json\/wp\/v2\/pages"}],"about":[{"href":"https:\/\/groweriq.ca\/de\/wp-json\/wp\/v2\/types\/page"}],"author":[{"embeddable":true,"href":"https:\/\/groweriq.ca\/de\/wp-json\/wp\/v2\/users\/29"}],"replies":[{"embeddable":true,"href":"https:\/\/groweriq.ca\/de\/wp-json\/wp\/v2\/comments?post=15251"}],"version-history":[{"count":7,"href":"https:\/\/groweriq.ca\/de\/wp-json\/wp\/v2\/pages\/15251\/revisions"}],"predecessor-version":[{"id":29592,"href":"https:\/\/groweriq.ca\/de\/wp-json\/wp\/v2\/pages\/15251\/revisions\/29592"}],"wp:featuredmedia":[{"embeddable":true,"href":"https:\/\/groweriq.ca\/de\/wp-json\/wp\/v2\/media\/14230"}],"wp:attachment":[{"href":"https:\/\/groweriq.ca\/de\/wp-json\/wp\/v2\/media?parent=15251"}],"wp:term":[{"taxonomy":"category","embeddable":true,"href":"https:\/\/groweriq.ca\/de\/wp-json\/wp\/v2\/categories?post=15251"},{"taxonomy":"post_tag","embeddable":true,"href":"https:\/\/groweriq.ca\/de\/wp-json\/wp\/v2\/tags?post=15251"}],"curies":[{"name":"wp","href":"https:\/\/api.w.org\/{rel}","templated":true}]}}