{"id":15247,"date":"2022-12-07T07:48:05","date_gmt":"2022-12-07T12:48:05","guid":{"rendered":"https:\/\/groweriq.ca\/wie-medcann-auf-die-experten-von-groweriq-gesetzt-hat\/"},"modified":"2024-08-29T09:23:10","modified_gmt":"2024-08-29T13:23:10","slug":"wie-medcann-auf-die-experten-von-groweriq-gesetzt-hat","status":"publish","type":"page","link":"https:\/\/groweriq.ca\/de\/wie-medcann-auf-die-experten-von-groweriq-gesetzt-hat\/","title":{"rendered":"Wie Medcann auf die Experten von GrowerIQ gesetzt hat"},"content":{"rendered":"\n<h2 class=\"wp-block-heading\">Medcann hat sich auf seine Cannabisgenetik-Strategie konzentriert und ist bestrebt, dem globalen Markt genetische Cannabis- und Hanfsorten von h\u00f6chster Qualit\u00e4t anzubieten, die aus legalen Quellen stammen und Saatgut liefern.<\/h2>\n\n\n\n<h3 class=\"wp-block-heading\">\u00dcber Medcann<\/h3>\n\n\n\n<div class=\"wp-block-columns are-vertically-aligned-center is-layout-flex wp-container-core-columns-is-layout-9d6595d7 wp-block-columns-is-layout-flex\">\n<div class=\"wp-block-column is-vertically-aligned-center is-layout-flow wp-block-column-is-layout-flow\" style=\"flex-basis:75%\">\n<p>Bevor wir mit diesem Beitrag beginnen, m\u00f6chten wir sicherstellen, dass Sie sich \u00fcber unsere <a href=\"https:\/\/groweriq.ca\/de\/2021\/04\/08\/groweriq-ist-mehr-als-seed-to-sale-software\/\" target=\"_blank\" rel=\"noreferrer noopener\">Cannabisanbau-Software<\/a> informiert haben. Falls Sie das noch nicht getan haben, empfehlen wir Ihnen, den verlinkten Beitrag zu lesen, bevor Sie diesen Beitrag weiter lesen.<\/p>\n\n\n\n<p>Medcann ist ein innovatives Cannabisanbauunternehmen mit Hauptsitz in Kanada und Niederlassungen in Spanien, Peru und Kolumbien. Medcann ist lizenziert und verf\u00fcgt \u00fcber 800 Hektar Land in Bogota, Kolumbien.<br><br>Jason, der Chief Information Officer von Medcann, arbeitet seit mehr als 20 Jahren im Technologiesektor, was ihn schlie\u00dflich in die Rolle des CIO eines medizinischen Cannabisunternehmens brachte. Im Folgenden berichtet er \u00fcber die j\u00fcngsten Untersuchungen von Medcann zur Seed-to-Sale-Software und seine Erfahrungen mit der GrowerIQ-Software f\u00fcr Betriebsabl\u00e4ufe und Seed-to-Sale:<\/p>\n<\/div>\n\n\n\n<div class=\"wp-block-column is-vertically-aligned-center is-layout-flow wp-block-column-is-layout-flow\" style=\"flex-basis:20%\">\n<figure class=\"wp-block-image size-large is-resized x-image x-img x-img-thumbnail\"><img decoding=\"async\" src=\"https:\/\/groweriq.ca\/wp-content\/uploads\/2022\/10\/GIQ-Logos.png\" alt=\"Medcann GrowerIQ Fallstudie\" style=\"width:165px;height:165px\"\/><\/figure>\n<\/div>\n<\/div>\n\n\n\n<p>&#8222;W\u00e4hrend des Evaluierungs- und Auswahlprozesses des Informationssystems f\u00fcr den Feldbetrieb von Medcann <strong>erwies sich GrowerIQ als das beste Tool f\u00fcr unser Unternehmen.<\/strong> Dank der Flexibilit\u00e4t bei der Weiterentwicklung der L\u00f6sung, den erg\u00e4nzenden Modulen und dem best\u00e4ndigen und hervorragenden Support, den wir vom Anbieter erhalten, war GrowerIQ die beste L\u00f6sung.&#8220;<\/p>\n\n\n\n<figure class=\"wp-block-image size-large x-image x-img x-img-thumbnail\"><img decoding=\"async\" src=\"https:\/\/groweriq.ca\/wp-content\/uploads\/2022\/10\/Copy-of-GIQ_Blogs_Case-Study-2000x1125.png\" alt=\"\"\/><figcaption class=\"wp-element-caption\">Medcann setzt auf seine Cannabisgenetik-Strategie &#8211; mit dem Ziel, dem globalen Markt Sorten legalen Ursprungs und Saatgut anzubieten.<\/figcaption><\/figure>\n\n\n\n<p>&#8222;Bei Medcann haben wir eine Bewertung und Auswahl des Softwaresystems durchgef\u00fchrt, das im Unternehmen eingesetzt werden soll. F\u00fcr diese Arbeit wurden <strong>mehr als 20 spezialisierte Softwaresysteme in der Cannabisbranche (Seed-to-Sale) untersucht<\/strong>, bei denen eine gro\u00dfe Anzahl von Merkmalen bewertet wurde, von denen diejenigen mit dem gr\u00f6\u00dften Gewicht in der Auswahlmatrix waren:<\/p>\n\n\n\n<ul class=\"wp-block-list\">\n<li>Preis<\/li>\n\n\n\n<li>TOC (Table of Contents -Inhaltsverzeichnis)<\/li>\n\n\n\n<li>ROI (Return on Investment &#8211; Kapitalrendite)<\/li>\n\n\n\n<li>Die Flexibilit\u00e4t des Tools zur Durchf\u00fchrung von Anpassungen (ein sehr wichtiger Aspekt in einer neuen Branche)<\/li>\n\n\n\n<li>Einhaltung gesetzlicher Vorschriften (wichtig f\u00fcr die Cannabisbranche)<\/li>\n\n\n\n<li>Partnerbegleitung<\/li>\n\n\n\n<li>Innovation&#8220;<\/li>\n<\/ul>\n\n\n\n<blockquote class=\"wp-block-quote is-layout-flow wp-block-quote-is-layout-flow\">\n<p>&#8222;Das Ergebnis der Auswertung ergab, dass 2 L\u00f6sungen die besten Optionen waren, wobei GrowerIQ die umfassendste war, und zwar aufgrund der Flexibilit\u00e4t bei der Erweiterung der L\u00f6sungen, der erg\u00e4nzenden Module und des konstanten und hervorragenden Supports, den wir vom GrowerIQ-Team erhalten.&#8220;<\/p>\n<cite>Jason, CIO of Medcann<\/cite><\/blockquote>\n\n\n\n<p>&#8222;GrowerIQ ist ein System, das nicht nur dazu beitr\u00e4gt, die Betriebsabl\u00e4ufe, die R\u00fcckverfolgbarkeit und die Einhaltung von Vorschriften zu verbessern, sondern das dank des enthaltenen QMS-Moduls auch sehr hilfreich f\u00fcr Fragen der Qualit\u00e4tskontrolle ist. Nicht zu vergessen die M\u00f6glichkeiten, die es Unternehmen bieten kann, wenn sie die integrierten Funktionen der k\u00fcnstlichen Intelligenz nutzen. <strong>Ich kann dieses System nur empfehlen.<\/strong>&#8222;<\/p>\n\n\n\n<p>Wir danken Jason und dem Medcann-Team f\u00fcr die Unterst\u00fctzung von GrowerIQ als Anbieter von Seed-to-Sale-Software und freuen uns auf viele weitere erfolgreiche Jahre mit euch!<\/p>\n\n\n\n<p>Nun, da Sie mit dem Lesen dieses Beitrags fast fertig sind, m\u00f6chten wir daf\u00fcr sorgen, dass Sie Ihre Lernreise (die, wie bereits erw\u00e4hnt, niemals enden sollte!) nach diesem Beitrag fortsetzen. Hier sind ein paar GrowerIQ-Partnerschaftsgeschichten, die Ihnen gefallen werden: <a href=\"https:\/\/groweriq.ca\/de\/irie-craft-cannabis\/\" target=\"_blank\" rel=\"noreferrer noopener\">Irie Craft Cannabis<\/a>, <a href=\"https:\/\/groweriq.ca\/client-case-studies\/germanabis-case-study-overcoming-budget-adversity\/\" target=\"_blank\" rel=\"noreferrer noopener\">Germanabis GrowerIQ Case Study<\/a>, <a href=\"https:\/\/groweriq.ca\/client-case-studies\/master-grower-case-study-modernizing-the-growing-experience\/\" target=\"_blank\" rel=\"noreferrer noopener\">Master Grower Case Study<\/a>, <a href=\"https:\/\/groweriq.ca\/2021\/07\/16\/groweriq-announces-partnership-with-portuguese-lab-lef-infosaude\/\" target=\"_blank\" rel=\"noreferrer noopener\">GrowerIQ Partnership LEF<\/a>, <a href=\"https:\/\/groweriq.ca\/client-case-studies\/309lab-tightening-the-nuts-and-bolts\/\" target=\"_blank\" rel=\"noreferrer noopener\">309Lab: Tightening the Nuts and Bolts<\/a>, <a href=\"https:\/\/groweriq.ca\/partnerships\/groweriq-cann-grow-rich\/\" target=\"_blank\" rel=\"noreferrer noopener\">Cann Grow Rich<\/a>, <a href=\"https:\/\/groweriq.ca\/partnerships\/lef-lab-infosaude-portugal\/\" target=\"_blank\" rel=\"noreferrer noopener\">LEF Infosa\u00fade Lab<\/a>, <a href=\"https:\/\/groweriq.ca\/2019\/11\/07\/groweriq-announces-collaboration-with-dalhousie-university\/\" target=\"_blank\" rel=\"noreferrer noopener\">Dalhousie Cannabis Course<\/a>, <a href=\"https:\/\/groweriq.ca\/de\/gruenelabs-tracking-von-pflanzenlebenszyklen-leicht-gemacht\/\" target=\"_blank\" rel=\"noreferrer noopener\">Gr\u00fcneLabs<\/a>, <a href=\"https:\/\/groweriq.ca\/client-case-studies\/how-meditative-greens-relied-on-the-cannabis-industry-experts-at-groweriq\/\" target=\"_blank\" rel=\"noreferrer noopener\">Meditative Greens<\/a>, <a href=\"https:\/\/groweriq.ca\/de\/its-never-2-l8-fuer-erstklassige-partner\/\" target=\"_blank\" rel=\"noreferrer noopener\">It&#8217;s Never 2 L8<\/a> und <a href=\"https:\/\/groweriq.ca\/de\/master-plant-holdings-navigieren-durch-neue-gerichtsbarkeiten\/\" target=\"_blank\" rel=\"noreferrer noopener\">Master Plant<\/a>.<\/p>\n\n\n\n<h3 class=\"wp-block-heading\" id=\"block-649226e2-1ca4-467b-bdb0-0b32ff21637c\">Mehr erfahren<\/h3>\n\n\n\n<p id=\"block-edd2ad88-b77c-497b-8370-fa0a826d3401\">Die GrowerIQ Seed-to-Sale Software ist der perfekte Weg, um in die Cannabisbranche einzusteigen. Mit der benutzerfreundlichen Benutzeroberfl\u00e4che und den vielen umfassenden Funktionen k\u00f6nnen Sie sich im Handumdrehen in der Branche etablieren!<\/p>\n\n\n\n<a class=\"x-btn\" href=\"https:\/\/groweriq.ca\/software\/cannabis-software\/\" style=\"outline: none; max-width: fit-content;\">Erfahren Sie mehr \u00fcber Seed-to-Sale Software<\/a><p><\/p>\n\n\n<div class=\"cs-content x-global-block x-global-block-4174 e4174-e0\"><div class=\"x-section e4174-e2 m37y-0 m37y-1\"><div class=\"x-row x-container max width e4174-e3 m37y-3 m37y-4\"><div class=\"x-row-inner\"><div class=\"x-col e4174-e4 m37y-5\"><hr class=\"x-line e4174-e5 m37y-6\"\/><div class=\"x-text x-text-headline e4174-e6 m37y-7 m37y-8\"><div class=\"x-text-content\"><div class=\"x-text-content-text\"><h2 class=\"x-text-content-text-primary\">Recommended For You<\/h2>\n<\/div><\/div><\/div><div  class=\"x-recent-posts cf horizontal\"  data-x-element=\"recent_posts\" data-x-params=\"{&quot;fade&quot;:false}\" data-fade=\"false\" ><a class=\"x-recent-post3 with-image\" href=\"https:\/\/groweriq.ca\/de\/2024\/06\/18\/neue-cannabis-gesetzgebung-in-deutschland-abschaffung-oeffentlicher-cannabis-ausschreibungen\/\" title=\"Permalink to: &quot;Neue Cannabis-Gesetzgebung in Deutschland: Abschaffung \u00f6ffentlicher Cannabis-Ausschreibungen&quot;\"><article id=\"post-27809\" class=\"post-27809 post type-post status-publish format-standard has-post-thumbnail hentry category-deutschland category-international-de category-unkategorisiert tag-cannabis-industrie tag-cannabis-unternehmen\"><div class=\"entry-wrap\"><div class=\"x-recent-posts-img\" style=\"background-image: url(https:\/\/groweriq.ca\/wp-content\/uploads\/2024\/05\/esteban-lopez-cQtAjvP6hUQ-unsplash-1.jpg);\"><i class='x-framework-icon x-recent-posts-icon' data-x-icon-s='&#xf15c;' aria-hidden=true><\/i><\/div><div class=\"x-recent-posts-content\"><h3 class=\"h-recent-posts\">Neue Cannabis-Gesetzgebung in Deutschland: Abschaffung \u00f6ffentlicher Cannabis-Ausschreibungen<\/h3><span class=\"x-recent-posts-date\">18. Juni 2024<\/span><\/div><\/div><\/article><\/a><a class=\"x-recent-post3 with-image\" href=\"https:\/\/groweriq.ca\/de\/2024\/06\/14\/voraussetzungen-fuer-die-gruendung-einer-anbauervereinigung-oder-eines-cannabisclubs\/\" title=\"Permalink to: &quot;Voraussetzungen f\u00fcr die Gr\u00fcndung einer Anbauervereinigung oder eines Cannabisclubs.&quot;\"><article id=\"post-27760\" class=\"post-27760 post type-post status-publish format-standard has-post-thumbnail hentry category-deutschland category-unkategorisiert tag-cannabis-industrie tag-cannabis-unternehmen\"><div class=\"entry-wrap\"><div class=\"x-recent-posts-img\" style=\"background-image: url(https:\/\/groweriq.ca\/wp-content\/uploads\/2024\/05\/esteban-lopez-_k6g3qSnYIo-unsplash-1.jpg);\"><i class='x-framework-icon x-recent-posts-icon' data-x-icon-s='&#xf15c;' aria-hidden=true><\/i><\/div><div class=\"x-recent-posts-content\"><h3 class=\"h-recent-posts\">Voraussetzungen f\u00fcr die Gr\u00fcndung einer Anbauervereinigung oder eines Cannabisclubs.<\/h3><span class=\"x-recent-posts-date\">14. Juni 2024<\/span><\/div><\/div><\/article><\/a><a class=\"x-recent-post3 with-image\" href=\"https:\/\/groweriq.ca\/de\/2024\/06\/11\/was-sie-ueber-cannabis-social-club-software-wissen-sollten\/\" title=\"Permalink to: &quot;10 Dinge, man \u00fcber Cannabis Social Club Software wissen sollte&quot;\"><article id=\"post-27758\" class=\"post-27758 post type-post status-publish format-standard has-post-thumbnail hentry category-cannabis-social-club-de category-seed-to-sale-vom-samen-zum-verkauf tag-cannabis-industrie tag-cannabis-unternehmen\"><div class=\"entry-wrap\"><div class=\"x-recent-posts-img\" style=\"background-image: url(https:\/\/groweriq.ca\/wp-content\/uploads\/2024\/04\/cannabis-social-club-software-870x520.jpeg);\"><i class='x-framework-icon x-recent-posts-icon' data-x-icon-s='&#xf15c;' aria-hidden=true><\/i><\/div><div class=\"x-recent-posts-content\"><h3 class=\"h-recent-posts\">10 Dinge, man \u00fcber Cannabis Social Club Software wissen sollte<\/h3><span class=\"x-recent-posts-date\">11. Juni 2024<\/span><\/div><\/div><\/article><\/a><\/div><\/div><\/div><\/div><\/div><div class=\"x-section e4174-e8 m37y-1 m37y-2\"><div class=\"x-container max width e4174-e9 m37y-a\"><div class=\"x-column x-sm x-1-2 e4174-e10 m37y-b\"><div class=\"x-text x-text-headline e4174-e11 m37y-8 m37y-9\"><div class=\"x-text-content\"><div class=\"x-text-content-text\"><h2 class=\"x-text-content-text-primary\"><span>About GrowerIQ<\/span><\/h2>\n<\/div><\/div><\/div><div class=\"x-content-area e4174-e12 m37y-c\">GrowerIQ is a complete cannabis production management platform. Ours is the first platform to integrate your facility systems, including sensors, building controls, QMS, and ERP, into a single simplified interface.\n<br\/><br\/>\n\nGrowerIQ is changing the way producers use software - transforming a regulatory requirement into a robust platform to learn, analyze, and improve performance. \n<br\/><br\/>\n\nTo find out more about GrowerIQ and how we can help, fill out the form to the right, start a chat, or <a class=\"link\" href=\"\/contact-us\/\">contact us<\/a>.<\/div><\/div><div class=\"x-column x-sm x-1-2 e4174-e13 m37y-b\"><div class=\"x-content-area x-hide-sm x-hide-xs e4174-e14 m37y-c\"><h2 style=\"color: white !important;\">Start today.<\/h2>\n<p style=\"color: white !important;\">Let us know how to reach you, and we'll get in touch to discuss your project.<\/p>\n<div class=\"salesforce_w2l_lead sf_one_column\"><form id=\"sf_form_salesforce_w2l_lead_4\" class=\"w2llead placeholders\" method=\"post\" action=\"#sf_form_salesforce_w2l_lead_4\"><div class=\"sf_field sf_field_first_name sf_type_text\">\t<input type=\"text\" placeholder=\"Name *\" value=\"\" id=\"sf_first_name\" class=\"w2linput text\" name=\"first_name\"  \/><div class=\"clearfix\"><\/div><\/div><div class=\"sf_field sf_field_email sf_type_text\">\t<input type=\"text\" placeholder=\"Email *\" value=\"\" id=\"sf_email\" class=\"w2linput text\" name=\"email\"  \/><div class=\"clearfix\"><\/div><\/div><div class=\"sf_field sf_field_description sf_type_textarea\">\t\t<textarea id=\"sf_description\" class=\"w2linput textarea\" name=\"description\" placeholder=\"Message\"><\/textarea><div class=\"clearfix\"><\/div><\/div>\t\t<input type=\"hidden\" id=\"sf_GCLID__c\" class=\"w2linput hidden\" name=\"GCLID__c\" value=\"\" \/>\t\t<input type=\"hidden\" id=\"sf_Utm_campaign__c\" class=\"w2linput hidden\" name=\"Utm_campaign__c\" value=\"\" \/>\t\t<input type=\"hidden\" id=\"sf_Utm_content__c\" class=\"w2linput hidden\" name=\"Utm_content__c\" value=\"\" \/>\t\t<input type=\"hidden\" id=\"sf_Utm_medium__c\" class=\"w2linput hidden\" name=\"Utm_medium__c\" value=\"\" \/>\t\t<input type=\"hidden\" id=\"sf_Utm_source__c\" class=\"w2linput hidden\" name=\"Utm_source__c\" value=\"\" \/>\t\t<input type=\"hidden\" id=\"sf_Utm_term__c\" class=\"w2linput hidden\" name=\"Utm_term__c\" value=\"\" \/>\t\t<input type=\"hidden\" id=\"sf_Referral_url__c\" class=\"w2linput hidden\" name=\"Referral_url__c\" value=\"\" \/>\t<input type=\"text\" name=\"message\" class=\"w2linput\" value=\"\" style=\"display: none;\" \/>\t<input type=\"hidden\" name=\"form_id\" class=\"w2linput\" value=\"4\" \/>\t<div class=\"w2lsubmit\"><input type=\"submit\" name=\"w2lsubmit\" class=\"w2linput submit\" value=\"Get Started\" \/><\/div><\/form><\/div>\n\n<p style=\"color: white !important; font-size: 9px !important; line-height: 15px !important;\">GrowerIQ does not share, sell, rent, or trade personally identifiable information with third parties for promotional purposes. <a href=\"\/privacy-policy\/\" style=\"color: white !important; text-decoration: underline !important;\">Privacy Policy<\/a><\/p><\/div><\/div><\/div><\/div><\/div>\n","protected":false},"excerpt":{"rendered":"<p>Medcann hat sich auf seine Cannabisgenetik-Strategie konzentriert und ist bestrebt, dem globalen Markt genetische Sorten von Cannabis und hochwertigem Hanf anzubieten.<\/p>\n","protected":false},"author":29,"featured_media":0,"parent":0,"menu_order":0,"comment_status":"closed","ping_status":"closed","template":"","meta":{"_elementor_css":"","footnotes":""},"categories":[808,856,758,411],"tags":[618,612,619,759,633,632,805,638,631,806],"class_list":["post-15247","page","type-page","status-publish","hentry","category-cannabis-software-de","category-fallstudie","category-international-de","category-unkategorisiert","tag-cannabis-de","tag-cannabis-beratung","tag-cannabis-anbau","tag-cannabis-businessplan","tag-cannabis-industrie","tag-cannabis-unternehmen","tag-cannabis-verordnung","tag-lizensierungsprozess","tag-master-grower-de","tag-medizinisches-marihuana","no-post-thumbnail"],"_links":{"self":[{"href":"https:\/\/groweriq.ca\/de\/wp-json\/wp\/v2\/pages\/15247","targetHints":{"allow":["GET"]}}],"collection":[{"href":"https:\/\/groweriq.ca\/de\/wp-json\/wp\/v2\/pages"}],"about":[{"href":"https:\/\/groweriq.ca\/de\/wp-json\/wp\/v2\/types\/page"}],"author":[{"embeddable":true,"href":"https:\/\/groweriq.ca\/de\/wp-json\/wp\/v2\/users\/29"}],"replies":[{"embeddable":true,"href":"https:\/\/groweriq.ca\/de\/wp-json\/wp\/v2\/comments?post=15247"}],"version-history":[{"count":6,"href":"https:\/\/groweriq.ca\/de\/wp-json\/wp\/v2\/pages\/15247\/revisions"}],"predecessor-version":[{"id":29589,"href":"https:\/\/groweriq.ca\/de\/wp-json\/wp\/v2\/pages\/15247\/revisions\/29589"}],"wp:attachment":[{"href":"https:\/\/groweriq.ca\/de\/wp-json\/wp\/v2\/media?parent=15247"}],"wp:term":[{"taxonomy":"category","embeddable":true,"href":"https:\/\/groweriq.ca\/de\/wp-json\/wp\/v2\/categories?post=15247"},{"taxonomy":"post_tag","embeddable":true,"href":"https:\/\/groweriq.ca\/de\/wp-json\/wp\/v2\/tags?post=15247"}],"curies":[{"name":"wp","href":"https:\/\/api.w.org\/{rel}","templated":true}]}}