{"id":15238,"date":"2022-12-06T07:19:03","date_gmt":"2022-12-06T12:19:03","guid":{"rendered":"https:\/\/groweriq.ca\/irie-craft-cannabis\/"},"modified":"2024-08-29T09:47:29","modified_gmt":"2024-08-29T13:47:29","slug":"irie-craft-cannabis","status":"publish","type":"page","link":"https:\/\/groweriq.ca\/de\/irie-craft-cannabis\/","title":{"rendered":"Irie Craft Cannabis"},"content":{"rendered":"\n<div class=\"wp-block-columns is-layout-flex wp-container-core-columns-is-layout-9d6595d7 wp-block-columns-is-layout-flex\">\n<div class=\"wp-block-column is-layout-flow wp-block-column-is-layout-flow\" style=\"flex-basis:80%\">\n<p>Ein wachsender Cannabisproduzent mit Sitz in Kanada hat sich an GrowerIQ gewandt, um seine Seed-to-Sale-Software zu optimieren. Sie wollten das Produkt von der Aussaat bis zum Verkauf nachverfolgen, den Bestand verwalten und ein zuverl\u00e4ssiges Berichtstool f\u00fcr ihr Team erstellen. <\/p>\n\n\n\n<p>Das sagen unsere Kunden \u00fcber die Zusammenarbeit mit dem GrowerIQ-Team und unsere Seed-to-Sale-<a href=\"https:\/\/groweriq.ca\/2019\/04\/05\/groweriq-is-more-than-seed-to-sale-software\/\" target=\"_blank\" rel=\"noreferrer noopener\">Software f\u00fcr den Cannabisanbau<\/a>. <\/p>\n<\/div>\n\n\n\n<div class=\"wp-block-column is-layout-flow wp-block-column-is-layout-flow\"><div class=\"wp-block-image x-image x-img x-img-thumbnail\">\n<figure class=\"aligncenter size-large\"><img decoding=\"async\" src=\"https:\/\/groweriq.ca\/wp-content\/uploads\/2022\/09\/Irie-Craft-Cannabis_hot-pink-01-2000x2000.jpg\" alt=\"Irie Craft Cannabis Fallstudie: Cannabis von GrowerIQ im Vergleich zu anderen.\"\/><\/figure>\n<\/div><\/div>\n<\/div>\n\n\n\n<h3 class=\"wp-block-heading\">Ihre Meinung<\/h3>\n\n\n\n<p class=\"has-medium-font-size\"><em>&#8222;Ich wollte mich nur kurz melden, um Ihnen mitzuteilen, dass Ihr Customer Success Team bei der Einrichtung von GrowerIQ gro\u00dfartig und sehr tatkr\u00e4ftig gewesen ist. Sie haben sich mit der schnellen Implementierung der Software weit \u00fcber das \u00fcbliche Ma\u00df hinaus engagiert und waren \u00e4u\u00dferst hilfreich bei unserer ersten monatlichen CTLS-\u00dcbermittlung. Sie sind nicht nur sehr hilfsbereit, sondern ihnen liegt auch viel an der Arbeit, die sie tun, und an unserem Erfolg. Das Programm kommt nicht an dieses System heran, und auch der Kundenservice ist nicht ann\u00e4hernd so gut wie der von GrowerIQ!&#8220;<\/em><\/p>\n\n\n\n<blockquote class=\"wp-block-quote is-layout-flow wp-block-quote-is-layout-flow\">\n<p>Ich habe mit mehreren anderen Seed-to-Sale-Anbietern zusammengearbeitet und ihr Softwareprogramm reicht nicht an dieses System heran, und auch der Kundenservice ist nicht ann\u00e4hernd so gut wie der von GrowerIQ!<\/p>\n<cite>Zach, Irie Craft Cannabis<\/cite><\/blockquote>\n\n\n\n<p>Nun, da Sie diesen Beitrag fast fertig gelesen haben, m\u00f6chten wir sicherstellen, dass Sie Ihre Lernreise (die niemals enden sollte!) nach diesem Beitrag fortsetzen. Hier sind ein paar Berichte \u00fcber GrowerIQ-Partnerschaften, von denen wir glauben, dass sie Ihnen gefallen werden: <a href=\"https:\/\/groweriq.ca\/2019\/04\/05\/groweriq-is-more-than-seed-to-sale-software\/groweriq.ca\/client-case-studies\/germanabis-case-study-overcoming-budget-adversity\/\" target=\"_blank\" rel=\"noreferrer noopener\">Germanabis GrowerIQ Case Study<\/a>, <a href=\"https:\/\/groweriq.ca\/2019\/04\/05\/groweriq-is-more-than-seed-to-sale-software\/groweriq.ca\/client-case-studies\/master-grower-case-study-modernizing-the-growing-experience\/\" target=\"_blank\" rel=\"noreferrer noopener\">Master Grower Case Study<\/a>, <a href=\"https:\/\/groweriq.ca\/2021\/07\/16\/groweriq-announces-partnership-with-portuguese-lab-lef-infosaude\/\" target=\"_blank\" rel=\"noreferrer noopener\">GrowerIQ Partnership LEF<\/a>, <a href=\"https:\/\/groweriq.ca\/2019\/04\/05\/groweriq-is-more-than-seed-to-sale-software\/groweriq.ca\/309lab-tightening-the-nuts-and-bolts\/\" target=\"_blank\" rel=\"noreferrer noopener\">309Lab: Tightening the Nuts and Bolts<\/a>, <a href=\"https:\/\/groweriq.ca\/2019\/04\/05\/groweriq-is-more-than-seed-to-sale-software\/groweriq.ca\/partnerships\/groweriq-cann-grow-rich\/\" target=\"_blank\" rel=\"noreferrer noopener\">Cann Grow Rich<\/a>, <a href=\"https:\/\/groweriq.ca\/2019\/04\/05\/groweriq-is-more-than-seed-to-sale-software\/groweriq.ca\/partnerships\/lef-lab-infosaude-portugal\/\" target=\"_blank\" rel=\"noreferrer noopener\">LEF Infosa\u00fade Lab<\/a>, <a href=\"https:\/\/groweriq.ca\/2019\/11\/07\/groweriq-announces-collaboration-with-dalhousie-university\/\" target=\"_blank\" rel=\"noreferrer noopener\">Dalhousie Cannabis Course<\/a>, <a href=\"https:\/\/groweriq.ca\/2019\/04\/05\/groweriq-is-more-than-seed-to-sale-software\/groweriq.ca\/client-case-studies\/grunelabs-tracking-plant-lifecyles-made-easy\/\" target=\"_blank\" rel=\"noreferrer noopener\">Gr\u00fcneLabs<\/a>, <a href=\"https:\/\/groweriq.ca\/2019\/04\/05\/groweriq-is-more-than-seed-to-sale-software\/groweriq.ca\/client-case-studies\/how-medcann-relied-on-the-experts-at-groweriq\/\" target=\"_blank\" rel=\"noreferrer noopener\">Medcann<\/a>, <a href=\"https:\/\/groweriq.ca\/2019\/04\/05\/groweriq-is-more-than-seed-to-sale-software\/groweriq.ca\/client-case-studies\/how-meditative-greens-relied-on-the-cannabis-industry-experts-at-groweriq\/\" target=\"_blank\" rel=\"noreferrer noopener\">Meditative Greens<\/a>, <a href=\"https:\/\/groweriq.ca\/2019\/04\/05\/groweriq-is-more-than-seed-to-sale-software\/groweriq.ca\/client-case-studies\/its-never-l8\/\" target=\"_blank\" rel=\"noreferrer noopener\">It&#8217;s Never 2 L8<\/a>, und <a href=\"https:\/\/groweriq.ca\/2019\/04\/05\/groweriq-is-more-than-seed-to-sale-software\/groweriq.ca\/client-case-studies\/master-plant-holdings\/\" target=\"_blank\" rel=\"noreferrer noopener\">Master Plant<\/a>.<\/p>\n\n\n\n<h3 class=\"wp-block-heading\">Erfahren Sie mehr<\/h3>\n\n\n\n<p>Die GrowerIQ Seed-to-Sale Software ist der perfekte Weg, um in die Cannabisbranche einzusteigen. Mit der benutzerfreundlichen Oberfl\u00e4che und den umfassenden Funktionen k\u00f6nnen Sie sich im Handumdrehen einen Namen in der Branche machen! <\/p>\n\n\n\n<a class=\"x-btn\" href=\"https:\/\/groweriq.ca\/software\/cannabis-software\/\" style=\"outline: none; max-width: fit-content;\">Jetzt eine Demo buchen<\/a><p><\/p>\n\n\n<div class=\"cs-content x-global-block x-global-block-4174 e4174-e0\"><div class=\"x-section e4174-e2 m37y-0 m37y-1\"><div class=\"x-row x-container max width e4174-e3 m37y-3 m37y-4\"><div class=\"x-row-inner\"><div class=\"x-col e4174-e4 m37y-5\"><hr class=\"x-line e4174-e5 m37y-6\"\/><div class=\"x-text x-text-headline e4174-e6 m37y-7 m37y-8\"><div class=\"x-text-content\"><div class=\"x-text-content-text\"><h2 class=\"x-text-content-text-primary\">Recommended For You<\/h2>\n<\/div><\/div><\/div><div  class=\"x-recent-posts cf horizontal\"  data-x-element=\"recent_posts\" data-x-params=\"{&quot;fade&quot;:false}\" data-fade=\"false\" ><a class=\"x-recent-post3 with-image\" href=\"https:\/\/groweriq.ca\/de\/2024\/06\/18\/neue-cannabis-gesetzgebung-in-deutschland-abschaffung-oeffentlicher-cannabis-ausschreibungen\/\" title=\"Permalink to: &quot;Neue Cannabis-Gesetzgebung in Deutschland: Abschaffung \u00f6ffentlicher Cannabis-Ausschreibungen&quot;\"><article id=\"post-27809\" class=\"post-27809 post type-post status-publish format-standard has-post-thumbnail hentry category-deutschland category-international-de category-unkategorisiert tag-cannabis-industrie tag-cannabis-unternehmen\"><div class=\"entry-wrap\"><div class=\"x-recent-posts-img\" style=\"background-image: url(https:\/\/groweriq.ca\/wp-content\/uploads\/2024\/05\/esteban-lopez-cQtAjvP6hUQ-unsplash-1.jpg);\"><i class='x-framework-icon x-recent-posts-icon' data-x-icon-s='&#xf15c;' aria-hidden=true><\/i><\/div><div class=\"x-recent-posts-content\"><h3 class=\"h-recent-posts\">Neue Cannabis-Gesetzgebung in Deutschland: Abschaffung \u00f6ffentlicher Cannabis-Ausschreibungen<\/h3><span class=\"x-recent-posts-date\">18. Juni 2024<\/span><\/div><\/div><\/article><\/a><a class=\"x-recent-post3 with-image\" href=\"https:\/\/groweriq.ca\/de\/2024\/06\/14\/voraussetzungen-fuer-die-gruendung-einer-anbauervereinigung-oder-eines-cannabisclubs\/\" title=\"Permalink to: &quot;Voraussetzungen f\u00fcr die Gr\u00fcndung einer Anbauervereinigung oder eines Cannabisclubs.&quot;\"><article id=\"post-27760\" class=\"post-27760 post type-post status-publish format-standard has-post-thumbnail hentry category-deutschland category-unkategorisiert tag-cannabis-industrie tag-cannabis-unternehmen\"><div class=\"entry-wrap\"><div class=\"x-recent-posts-img\" style=\"background-image: url(https:\/\/groweriq.ca\/wp-content\/uploads\/2024\/05\/esteban-lopez-_k6g3qSnYIo-unsplash-1.jpg);\"><i class='x-framework-icon x-recent-posts-icon' data-x-icon-s='&#xf15c;' aria-hidden=true><\/i><\/div><div class=\"x-recent-posts-content\"><h3 class=\"h-recent-posts\">Voraussetzungen f\u00fcr die Gr\u00fcndung einer Anbauervereinigung oder eines Cannabisclubs.<\/h3><span class=\"x-recent-posts-date\">14. Juni 2024<\/span><\/div><\/div><\/article><\/a><a class=\"x-recent-post3 with-image\" href=\"https:\/\/groweriq.ca\/de\/2024\/06\/11\/was-sie-ueber-cannabis-social-club-software-wissen-sollten\/\" title=\"Permalink to: &quot;10 Dinge, man \u00fcber Cannabis Social Club Software wissen sollte&quot;\"><article id=\"post-27758\" class=\"post-27758 post type-post status-publish format-standard has-post-thumbnail hentry category-cannabis-social-club-de category-seed-to-sale-vom-samen-zum-verkauf tag-cannabis-industrie tag-cannabis-unternehmen\"><div class=\"entry-wrap\"><div class=\"x-recent-posts-img\" style=\"background-image: url(https:\/\/groweriq.ca\/wp-content\/uploads\/2024\/04\/cannabis-social-club-software-870x520.jpeg);\"><i class='x-framework-icon x-recent-posts-icon' data-x-icon-s='&#xf15c;' aria-hidden=true><\/i><\/div><div class=\"x-recent-posts-content\"><h3 class=\"h-recent-posts\">10 Dinge, man \u00fcber Cannabis Social Club Software wissen sollte<\/h3><span class=\"x-recent-posts-date\">11. Juni 2024<\/span><\/div><\/div><\/article><\/a><\/div><\/div><\/div><\/div><\/div><div class=\"x-section e4174-e8 m37y-1 m37y-2\"><div class=\"x-container max width e4174-e9 m37y-a\"><div class=\"x-column x-sm x-1-2 e4174-e10 m37y-b\"><div class=\"x-text x-text-headline e4174-e11 m37y-8 m37y-9\"><div class=\"x-text-content\"><div class=\"x-text-content-text\"><h2 class=\"x-text-content-text-primary\"><span>About GrowerIQ<\/span><\/h2>\n<\/div><\/div><\/div><div class=\"x-content-area e4174-e12 m37y-c\">GrowerIQ is a complete cannabis production management platform. Ours is the first platform to integrate your facility systems, including sensors, building controls, QMS, and ERP, into a single simplified interface.\n<br\/><br\/>\n\nGrowerIQ is changing the way producers use software - transforming a regulatory requirement into a robust platform to learn, analyze, and improve performance. \n<br\/><br\/>\n\nTo find out more about GrowerIQ and how we can help, fill out the form to the right, start a chat, or <a class=\"link\" href=\"\/contact-us\/\">contact us<\/a>.<\/div><\/div><div class=\"x-column x-sm x-1-2 e4174-e13 m37y-b\"><div class=\"x-content-area x-hide-sm x-hide-xs e4174-e14 m37y-c\"><h2 style=\"color: white !important;\">Start today.<\/h2>\n<p style=\"color: white !important;\">Let us know how to reach you, and we'll get in touch to discuss your project.<\/p>\n<div class=\"salesforce_w2l_lead sf_one_column\"><form id=\"sf_form_salesforce_w2l_lead_4\" class=\"w2llead placeholders\" method=\"post\" action=\"#sf_form_salesforce_w2l_lead_4\"><div class=\"sf_field sf_field_first_name sf_type_text\">\t<input type=\"text\" placeholder=\"Name *\" value=\"\" id=\"sf_first_name\" class=\"w2linput text\" name=\"first_name\"  \/><div class=\"clearfix\"><\/div><\/div><div class=\"sf_field sf_field_email sf_type_text\">\t<input type=\"text\" placeholder=\"Email *\" value=\"\" id=\"sf_email\" class=\"w2linput text\" name=\"email\"  \/><div class=\"clearfix\"><\/div><\/div><div class=\"sf_field sf_field_description sf_type_textarea\">\t\t<textarea id=\"sf_description\" class=\"w2linput textarea\" name=\"description\" placeholder=\"Message\"><\/textarea><div class=\"clearfix\"><\/div><\/div>\t\t<input type=\"hidden\" id=\"sf_GCLID__c\" class=\"w2linput hidden\" name=\"GCLID__c\" value=\"\" \/>\t\t<input type=\"hidden\" id=\"sf_Utm_campaign__c\" class=\"w2linput hidden\" name=\"Utm_campaign__c\" value=\"\" \/>\t\t<input type=\"hidden\" id=\"sf_Utm_content__c\" class=\"w2linput hidden\" name=\"Utm_content__c\" value=\"\" \/>\t\t<input type=\"hidden\" id=\"sf_Utm_medium__c\" class=\"w2linput hidden\" name=\"Utm_medium__c\" value=\"\" \/>\t\t<input type=\"hidden\" id=\"sf_Utm_source__c\" class=\"w2linput hidden\" name=\"Utm_source__c\" value=\"\" \/>\t\t<input type=\"hidden\" id=\"sf_Utm_term__c\" class=\"w2linput hidden\" name=\"Utm_term__c\" value=\"\" \/>\t\t<input type=\"hidden\" id=\"sf_Referral_url__c\" class=\"w2linput hidden\" name=\"Referral_url__c\" value=\"\" \/>\t<input type=\"text\" name=\"message\" class=\"w2linput\" value=\"\" style=\"display: none;\" \/>\t<input type=\"hidden\" name=\"form_id\" class=\"w2linput\" value=\"4\" \/>\t<div class=\"w2lsubmit\"><input type=\"submit\" name=\"w2lsubmit\" class=\"w2linput submit\" value=\"Get Started\" \/><\/div><\/form><\/div>\n\n<p style=\"color: white !important; font-size: 9px !important; line-height: 15px !important;\">GrowerIQ does not share, sell, rent, or trade personally identifiable information with third parties for promotional purposes. <a href=\"\/privacy-policy\/\" style=\"color: white !important; text-decoration: underline !important;\">Privacy Policy<\/a><\/p><\/div><\/div><\/div><\/div><\/div>\n","protected":false},"excerpt":{"rendered":"<p>Irie Craft Cannabis war der Meinung, dass GrowerIQ bei der Implementierung ihrer Seed-to-Sale-Software weit \u00fcber das \u00fcbliche Ma\u00df hinausging. Erfahren Sie mehr \u00fcber ihre Erfahrungen.<\/p>\n","protected":false},"author":29,"featured_media":13717,"parent":0,"menu_order":0,"comment_status":"closed","ping_status":"closed","template":"","meta":{"_elementor_css":"","footnotes":""},"categories":[857,856,411],"tags":[618,612,619,759,633,632,805,535,638,631,858,806,527],"class_list":["post-15238","page","type-page","status-publish","has-post-thumbnail","hentry","category-erfahrungsbericht","category-fallstudie","category-unkategorisiert","tag-cannabis-de","tag-cannabis-beratung","tag-cannabis-anbau","tag-cannabis-businessplan","tag-cannabis-industrie","tag-cannabis-unternehmen","tag-cannabis-verordnung","tag-groweriq-de","tag-lizensierungsprozess","tag-master-grower-de","tag-master-plant-de","tag-medizinisches-marihuana","tag-seed-to-sale-de"],"_links":{"self":[{"href":"https:\/\/groweriq.ca\/de\/wp-json\/wp\/v2\/pages\/15238","targetHints":{"allow":["GET"]}}],"collection":[{"href":"https:\/\/groweriq.ca\/de\/wp-json\/wp\/v2\/pages"}],"about":[{"href":"https:\/\/groweriq.ca\/de\/wp-json\/wp\/v2\/types\/page"}],"author":[{"embeddable":true,"href":"https:\/\/groweriq.ca\/de\/wp-json\/wp\/v2\/users\/29"}],"replies":[{"embeddable":true,"href":"https:\/\/groweriq.ca\/de\/wp-json\/wp\/v2\/comments?post=15238"}],"version-history":[{"count":4,"href":"https:\/\/groweriq.ca\/de\/wp-json\/wp\/v2\/pages\/15238\/revisions"}],"predecessor-version":[{"id":17241,"href":"https:\/\/groweriq.ca\/de\/wp-json\/wp\/v2\/pages\/15238\/revisions\/17241"}],"wp:featuredmedia":[{"embeddable":true,"href":"https:\/\/groweriq.ca\/de\/wp-json\/wp\/v2\/media\/13717"}],"wp:attachment":[{"href":"https:\/\/groweriq.ca\/de\/wp-json\/wp\/v2\/media?parent=15238"}],"wp:term":[{"taxonomy":"category","embeddable":true,"href":"https:\/\/groweriq.ca\/de\/wp-json\/wp\/v2\/categories?post=15238"},{"taxonomy":"post_tag","embeddable":true,"href":"https:\/\/groweriq.ca\/de\/wp-json\/wp\/v2\/tags?post=15238"}],"curies":[{"name":"wp","href":"https:\/\/api.w.org\/{rel}","templated":true}]}}