{"id":14164,"date":"2022-10-06T06:12:03","date_gmt":"2022-10-06T10:12:03","guid":{"rendered":"https:\/\/groweriq.ca\/master-plant-holdings-navigieren-durch-neue-gerichtsbarkeiten\/"},"modified":"2024-08-29T09:56:27","modified_gmt":"2024-08-29T13:56:27","slug":"master-plant-holdings-navigieren-durch-neue-gerichtsbarkeiten","status":"publish","type":"page","link":"https:\/\/groweriq.ca\/de\/master-plant-holdings-navigieren-durch-neue-gerichtsbarkeiten\/","title":{"rendered":"Master Plant Holdings: &#8222;Navigieren durch neue Gerichtsbarkeiten&#8220;"},"content":{"rendered":"\n<h2 class=\"wp-block-heading\">Master Plant Holdings Inc, eine der f\u00fchrenden verbraucherorientierten Cannabis-Plattformen f\u00fcr Erwachsene in Europa, ist seit kurzem ein GrowerIQ-Kunde.<\/h2>\n\n\n\n<h3 class=\"wp-block-heading\">\u00dcber Master Plant<\/h3>\n\n\n\n<div class=\"wp-block-columns is-layout-flex wp-container-core-columns-is-layout-9d6595d7 wp-block-columns-is-layout-flex\">\n<div class=\"wp-block-column is-layout-flow wp-block-column-is-layout-flow\" style=\"flex-basis:80%\">\n<p>Bevor wir mit diesem Beitrag beginnen, m\u00f6chten wir sicherstellen, dass Sie sich \u00fcber unsere <a href=\"https:\/\/groweriq.ca\/2019\/04\/05\/groweriq-is-more-than-seed-to-sale-software\/\" target=\"_blank\" rel=\"noreferrer noopener\">Cannabisanbau-Software<\/a> informiert haben. Falls Sie das noch nicht getan haben, empfehlen wir Ihnen, den verlinkten Beitrag zu lesen, bevor Sie diesen Beitrag weiter lesen.<\/p>\n\n\n\n<p><a href=\"https:\/\/masterplant.co.uk\/about\/\" target=\"_blank\" rel=\"noreferrer noopener\">Master Plant<\/a> entwickelt Produkte und Technologien rund um Cannabis, um biologische und fortschrittliche technologische Praktiken in der gesamten Produktionskette zu integrieren und ein ethisches und nachhaltiges Wachstum zu erm\u00f6glichen. Master Plant ist ein Wegbereiter f\u00fcr die umfassende Liberalisierung des Cannabiskonsums f\u00fcr Erwachsene in Europa. Ihre Vision ist es, Europas f\u00fchrende verbraucherorientierte Cannabisplattform f\u00fcr Erwachsene zu werden und dass ihre hochwertigen Endprodukte das Leben von Millionen von Menschen positiv ver\u00e4ndern werden. <\/p>\n<\/div>\n\n\n\n<div class=\"wp-block-column is-layout-flow wp-block-column-is-layout-flow\" style=\"flex-basis:20%\">\n<figure class=\"wp-block-image size-large is-resized\"><img decoding=\"async\" src=\"https:\/\/groweriq.ca\/wp-content\/uploads\/2022\/09\/Untitled-design-300x300.png\" alt=\"Master Plant\" style=\"width:153px;height:153px\"\/><\/figure>\n<\/div>\n<\/div>\n\n\n\n<figure class=\"wp-block-image size-large x-image x-img x-img-thumbnail\"><img decoding=\"async\" src=\"https:\/\/groweriq.ca\/wp-content\/uploads\/2022\/09\/2-2000x1125.png\" alt=\"Master Plant Erfahrungsbericht: GrowerIQ ist k\u00fcrzlich eine Partnerschaft mit Master Plant Holdings Inc. eingegangen, einer der f\u00fchrenden europ\u00e4ischen Cannabis-Plattformen f\u00fcr den Konsum durch Erwachsene.\"\/><figcaption class=\"wp-element-caption\">Die Vision von Master Plant ist es, Europas f\u00fchrende verbraucherorientierte Cannabis-Plattform f\u00fcr Erwachsene zu werden.<\/figcaption><\/figure>\n\n\n\n<h3 class=\"wp-block-heading\">Ihre Meinung<\/h3>\n\n\n\n<p>Der Gr\u00fcnder und CTO von Master Plant, Philip P., \u00e4u\u00dferte sich wie folgt zu unserer Partnerschaft: &#8222;Wir m\u00f6chten uns f\u00fcr die hervorragenden technischen Entwicklungsdienste bedanken, die wir vom GrowerIQ-Team erhalten haben und weiterhin noch erhalten werden. Als ein Unternehmen, das von Kanada aus in den europ\u00e4ischen und britischen Markt expandiert ist, mussten wir uns zahlreichen Herausforderungen stellen, um uns in den neuen Rechtssystemen zurechtzufinden. Die vielseitige Expertise von GrowerIQ, die ihre Branchenkenntnisse in zahlreichen internationalen Frameworks unter Beweis gestellt hat, hat sich als einzigartig und unsch\u00e4tzbar erwiesen.&#8220;<br><\/p>\n\n\n\n<blockquote class=\"wp-block-quote is-layout-flow wp-block-quote-is-layout-flow\">\n<p>&#8222;Die positiven Auswirkungen auf das Unternehmen sind unsch\u00e4tzbar und wir von Master Plant Holdings Inc. freuen uns auf den zuk\u00fcnftigen gemeinsamen Erfolg in Zusammenarbeit mit GrowerIQ.&#8220;<\/p>\n<cite>Philip P. &#8211; Master Plant Gr\u00fcnder und CTO<\/cite><\/blockquote>\n\n\n\n<p>Vielen Dank an Philip und das Master Plant-Team f\u00fcr Ihren fantastischen Erfahrungsbericht, wir freuen uns sehr \u00fcber Ihren Erfolg!<\/p>\n\n\n\n<p>Nun, da Sie mit dem Lesen dieses Beitrags fast fertig sind, m\u00f6chten wir sicherstellen, dass Sie Ihre Lernreise (die, wie bereits erw\u00e4hnt, niemals enden sollte!) nach diesem Beitrag fortsetzen. Hier sind einige Berichte \u00fcber GrowerIQ-Partnerschaften, von denen wir glauben, dass sie Ihnen gefallen werden: <a href=\"https:\/\/groweriq.ca\/2019\/04\/05\/groweriq-is-more-than-seed-to-sale-software\/groweriq.ca\/client-case-studies\/irie-craft-cannabis\/\" target=\"_blank\" rel=\"noreferrer noopener\">Irie Craft Cannabis<\/a>, <a href=\"https:\/\/groweriq.ca\/2019\/04\/05\/groweriq-is-more-than-seed-to-sale-software\/groweriq.ca\/client-case-studies\/germanabis-case-study-overcoming-budget-adversity\/\" target=\"_blank\" rel=\"noreferrer noopener\">Germanabis GrowerIQ Case Study<\/a>, <a href=\"https:\/\/groweriq.ca\/2019\/04\/05\/groweriq-is-more-than-seed-to-sale-software\/groweriq.ca\/client-case-studies\/master-grower-case-study-modernizing-the-growing-experience\/\" target=\"_blank\" rel=\"noreferrer noopener\">Master Grower Case Study<\/a>, <a href=\"https:\/\/groweriq.ca\/2021\/07\/16\/groweriq-announces-partnership-with-portuguese-lab-lef-infosaude\/\" target=\"_blank\" rel=\"noreferrer noopener\">GrowerIQ Partnership LEF<\/a>, <a href=\"https:\/\/groweriq.ca\/2019\/04\/05\/groweriq-is-more-than-seed-to-sale-software\/groweriq.ca\/309lab-tightening-the-nuts-and-bolts\/\" target=\"_blank\" rel=\"noreferrer noopener\">309Lab: Tightening the Nuts and Bolts<\/a>, <a href=\"https:\/\/groweriq.ca\/2019\/04\/05\/groweriq-is-more-than-seed-to-sale-software\/groweriq.ca\/partnerships\/groweriq-cann-grow-rich\/\" target=\"_blank\" rel=\"noreferrer noopener\">Cann Grow Rich<\/a>, <a href=\"https:\/\/groweriq.ca\/2019\/04\/05\/groweriq-is-more-than-seed-to-sale-software\/groweriq.ca\/partnerships\/lef-lab-infosaude-portugal\/\" target=\"_blank\" rel=\"noreferrer noopener\">LEF Infosa\u00fade Lab<\/a>, <a href=\"https:\/\/groweriq.ca\/2019\/11\/07\/groweriq-announces-collaboration-with-dalhousie-university\/\" target=\"_blank\" rel=\"noreferrer noopener\">Dalhousie Cannabis Course<\/a>, <a href=\"https:\/\/groweriq.ca\/2019\/04\/05\/groweriq-is-more-than-seed-to-sale-software\/groweriq.ca\/client-case-studies\/grunelabs-tracking-plant-lifecyles-made-easy\/\" target=\"_blank\" rel=\"noreferrer noopener\">Gr\u00fcneLabs<\/a>, <a href=\"https:\/\/groweriq.ca\/2019\/04\/05\/groweriq-is-more-than-seed-to-sale-software\/groweriq.ca\/client-case-studies\/how-medcann-relied-on-the-experts-at-groweriq\/\" target=\"_blank\" rel=\"noreferrer noopener\">Medcann<\/a>, <a href=\"https:\/\/groweriq.ca\/2019\/04\/05\/groweriq-is-more-than-seed-to-sale-software\/groweriq.ca\/client-case-studies\/how-meditative-greens-relied-on-the-cannabis-industry-experts-at-groweriq\/\" target=\"_blank\" rel=\"noreferrer noopener\">Meditative Greens<\/a>, und <a href=\"https:\/\/groweriq.ca\/2019\/04\/05\/groweriq-is-more-than-seed-to-sale-software\/groweriq.ca\/client-case-studies\/its-never-l8\/\" target=\"_blank\" rel=\"noreferrer noopener\">It&#8217;s Never 2 L8<\/a>.<\/p>\n\n\n\n<h3 class=\"wp-block-heading\">Erfahren Sie mehr<\/h3>\n\n\n\n<p>Die GrowerIQ Seed-to-Sale Software ist der perfekte Weg, um in die Cannabisbranche einzusteigen. Mit seiner benutzerfreundlichen Oberfl\u00e4che und den zahlreichen umfassenden Funktionen werden Sie sich im Handumdrehen einen Namen in der Branche machen k\u00f6nnen! <\/p>\n\n\n\n<a class=\"x-btn\" href=\"https:\/\/groweriq.ca\/software\/cannabis-software\/\" style=\"outline: none; max-width: fit-content;\">Erfahren Sie mehr \u00fcber Seed-to-Sale Software<\/a><p><\/p>\n\n\n<div class=\"cs-content x-global-block x-global-block-4174 e4174-e0\"><div class=\"x-section e4174-e2 m37y-0 m37y-1\"><div class=\"x-row x-container max width e4174-e3 m37y-3 m37y-4\"><div class=\"x-row-inner\"><div class=\"x-col e4174-e4 m37y-5\"><hr class=\"x-line e4174-e5 m37y-6\"\/><div class=\"x-text x-text-headline e4174-e6 m37y-7 m37y-8\"><div class=\"x-text-content\"><div class=\"x-text-content-text\"><h2 class=\"x-text-content-text-primary\">Recommended For You<\/h2>\n<\/div><\/div><\/div><div  class=\"x-recent-posts cf horizontal\"  data-x-element=\"recent_posts\" data-x-params=\"{&quot;fade&quot;:false}\" data-fade=\"false\" ><a class=\"x-recent-post3 with-image\" href=\"https:\/\/groweriq.ca\/de\/2024\/06\/18\/neue-cannabis-gesetzgebung-in-deutschland-abschaffung-oeffentlicher-cannabis-ausschreibungen\/\" title=\"Permalink to: &quot;Neue Cannabis-Gesetzgebung in Deutschland: Abschaffung \u00f6ffentlicher Cannabis-Ausschreibungen&quot;\"><article id=\"post-27809\" class=\"post-27809 post type-post status-publish format-standard has-post-thumbnail hentry category-deutschland category-international-de category-unkategorisiert tag-cannabis-industrie tag-cannabis-unternehmen\"><div class=\"entry-wrap\"><div class=\"x-recent-posts-img\" style=\"background-image: url(https:\/\/groweriq.ca\/wp-content\/uploads\/2024\/05\/esteban-lopez-cQtAjvP6hUQ-unsplash-1.jpg);\"><i class='x-framework-icon x-recent-posts-icon' data-x-icon-s='&#xf15c;' aria-hidden=true><\/i><\/div><div class=\"x-recent-posts-content\"><h3 class=\"h-recent-posts\">Neue Cannabis-Gesetzgebung in Deutschland: Abschaffung \u00f6ffentlicher Cannabis-Ausschreibungen<\/h3><span class=\"x-recent-posts-date\">18. Juni 2024<\/span><\/div><\/div><\/article><\/a><a class=\"x-recent-post3 with-image\" href=\"https:\/\/groweriq.ca\/de\/2024\/06\/14\/voraussetzungen-fuer-die-gruendung-einer-anbauervereinigung-oder-eines-cannabisclubs\/\" title=\"Permalink to: &quot;Voraussetzungen f\u00fcr die Gr\u00fcndung einer Anbauervereinigung oder eines Cannabisclubs.&quot;\"><article id=\"post-27760\" class=\"post-27760 post type-post status-publish format-standard has-post-thumbnail hentry category-deutschland category-unkategorisiert tag-cannabis-industrie tag-cannabis-unternehmen\"><div class=\"entry-wrap\"><div class=\"x-recent-posts-img\" style=\"background-image: url(https:\/\/groweriq.ca\/wp-content\/uploads\/2024\/05\/esteban-lopez-_k6g3qSnYIo-unsplash-1.jpg);\"><i class='x-framework-icon x-recent-posts-icon' data-x-icon-s='&#xf15c;' aria-hidden=true><\/i><\/div><div class=\"x-recent-posts-content\"><h3 class=\"h-recent-posts\">Voraussetzungen f\u00fcr die Gr\u00fcndung einer Anbauervereinigung oder eines Cannabisclubs.<\/h3><span class=\"x-recent-posts-date\">14. Juni 2024<\/span><\/div><\/div><\/article><\/a><a class=\"x-recent-post3 with-image\" href=\"https:\/\/groweriq.ca\/de\/2024\/06\/11\/was-sie-ueber-cannabis-social-club-software-wissen-sollten\/\" title=\"Permalink to: &quot;10 Dinge, man \u00fcber Cannabis Social Club Software wissen sollte&quot;\"><article id=\"post-27758\" class=\"post-27758 post type-post status-publish format-standard has-post-thumbnail hentry category-cannabis-social-club-de category-seed-to-sale-vom-samen-zum-verkauf tag-cannabis-industrie tag-cannabis-unternehmen\"><div class=\"entry-wrap\"><div class=\"x-recent-posts-img\" style=\"background-image: url(https:\/\/groweriq.ca\/wp-content\/uploads\/2024\/04\/cannabis-social-club-software-870x520.jpeg);\"><i class='x-framework-icon x-recent-posts-icon' data-x-icon-s='&#xf15c;' aria-hidden=true><\/i><\/div><div class=\"x-recent-posts-content\"><h3 class=\"h-recent-posts\">10 Dinge, man \u00fcber Cannabis Social Club Software wissen sollte<\/h3><span class=\"x-recent-posts-date\">11. Juni 2024<\/span><\/div><\/div><\/article><\/a><\/div><\/div><\/div><\/div><\/div><div class=\"x-section e4174-e8 m37y-1 m37y-2\"><div class=\"x-container max width e4174-e9 m37y-a\"><div class=\"x-column x-sm x-1-2 e4174-e10 m37y-b\"><div class=\"x-text x-text-headline e4174-e11 m37y-8 m37y-9\"><div class=\"x-text-content\"><div class=\"x-text-content-text\"><h2 class=\"x-text-content-text-primary\"><span>About GrowerIQ<\/span><\/h2>\n<\/div><\/div><\/div><div class=\"x-content-area e4174-e12 m37y-c\">GrowerIQ is a complete cannabis production management platform. Ours is the first platform to integrate your facility systems, including sensors, building controls, QMS, and ERP, into a single simplified interface.\n<br\/><br\/>\n\nGrowerIQ is changing the way producers use software - transforming a regulatory requirement into a robust platform to learn, analyze, and improve performance. \n<br\/><br\/>\n\nTo find out more about GrowerIQ and how we can help, fill out the form to the right, start a chat, or <a class=\"link\" href=\"\/contact-us\/\">contact us<\/a>.<\/div><\/div><div class=\"x-column x-sm x-1-2 e4174-e13 m37y-b\"><div class=\"x-content-area x-hide-sm x-hide-xs e4174-e14 m37y-c\"><h2 style=\"color: white !important;\">Start today.<\/h2>\n<p style=\"color: white !important;\">Let us know how to reach you, and we'll get in touch to discuss your project.<\/p>\n<div class=\"salesforce_w2l_lead sf_one_column\"><form id=\"sf_form_salesforce_w2l_lead_4\" class=\"w2llead placeholders\" method=\"post\" action=\"#sf_form_salesforce_w2l_lead_4\"><div class=\"sf_field sf_field_first_name sf_type_text\">\t<input type=\"text\" placeholder=\"Name *\" value=\"\" id=\"sf_first_name\" class=\"w2linput text\" name=\"first_name\"  \/><div class=\"clearfix\"><\/div><\/div><div class=\"sf_field sf_field_email sf_type_text\">\t<input type=\"text\" placeholder=\"Email *\" value=\"\" id=\"sf_email\" class=\"w2linput text\" name=\"email\"  \/><div class=\"clearfix\"><\/div><\/div><div class=\"sf_field sf_field_description sf_type_textarea\">\t\t<textarea id=\"sf_description\" class=\"w2linput textarea\" name=\"description\" placeholder=\"Message\"><\/textarea><div class=\"clearfix\"><\/div><\/div>\t\t<input type=\"hidden\" id=\"sf_GCLID__c\" class=\"w2linput hidden\" name=\"GCLID__c\" value=\"\" \/>\t\t<input type=\"hidden\" id=\"sf_Utm_campaign__c\" class=\"w2linput hidden\" name=\"Utm_campaign__c\" value=\"\" \/>\t\t<input type=\"hidden\" id=\"sf_Utm_content__c\" class=\"w2linput hidden\" name=\"Utm_content__c\" value=\"\" \/>\t\t<input type=\"hidden\" id=\"sf_Utm_medium__c\" class=\"w2linput hidden\" name=\"Utm_medium__c\" value=\"\" \/>\t\t<input type=\"hidden\" id=\"sf_Utm_source__c\" class=\"w2linput hidden\" name=\"Utm_source__c\" value=\"\" \/>\t\t<input type=\"hidden\" id=\"sf_Utm_term__c\" class=\"w2linput hidden\" name=\"Utm_term__c\" value=\"\" \/>\t\t<input type=\"hidden\" id=\"sf_Referral_url__c\" class=\"w2linput hidden\" name=\"Referral_url__c\" value=\"\" \/>\t<input type=\"text\" name=\"message\" class=\"w2linput\" value=\"\" style=\"display: none;\" \/>\t<input type=\"hidden\" name=\"form_id\" class=\"w2linput\" value=\"4\" \/>\t<div class=\"w2lsubmit\"><input type=\"submit\" name=\"w2lsubmit\" class=\"w2linput submit\" value=\"Get Started\" \/><\/div><\/form><\/div>\n\n<p style=\"color: white !important; font-size: 9px !important; line-height: 15px !important;\">GrowerIQ does not share, sell, rent, or trade personally identifiable information with third parties for promotional purposes. <a href=\"\/privacy-policy\/\" style=\"color: white !important; text-decoration: underline !important;\">Privacy Policy<\/a><\/p><\/div><\/div><\/div><\/div><\/div>\n","protected":false},"excerpt":{"rendered":"<p>GrowerIQ ist k\u00fcrzlich eine Partnerschaft mit Master Plant Holdings Inc. eingegangen, einer der f\u00fchrenden europ\u00e4ischen Plattformen f\u00fcr den Konsum von Cannabis f\u00fcr Erwachsene.<\/p>\n","protected":false},"author":29,"featured_media":0,"parent":0,"menu_order":0,"comment_status":"closed","ping_status":"closed","template":"","meta":{"_elementor_css":"","footnotes":""},"categories":[857,856,411],"tags":[618,612,619,759,633,632,805,535,638,631,858,806,527],"class_list":["post-14164","page","type-page","status-publish","hentry","category-erfahrungsbericht","category-fallstudie","category-unkategorisiert","tag-cannabis-de","tag-cannabis-beratung","tag-cannabis-anbau","tag-cannabis-businessplan","tag-cannabis-industrie","tag-cannabis-unternehmen","tag-cannabis-verordnung","tag-groweriq-de","tag-lizensierungsprozess","tag-master-grower-de","tag-master-plant-de","tag-medizinisches-marihuana","tag-seed-to-sale-de","no-post-thumbnail"],"_links":{"self":[{"href":"https:\/\/groweriq.ca\/de\/wp-json\/wp\/v2\/pages\/14164","targetHints":{"allow":["GET"]}}],"collection":[{"href":"https:\/\/groweriq.ca\/de\/wp-json\/wp\/v2\/pages"}],"about":[{"href":"https:\/\/groweriq.ca\/de\/wp-json\/wp\/v2\/types\/page"}],"author":[{"embeddable":true,"href":"https:\/\/groweriq.ca\/de\/wp-json\/wp\/v2\/users\/29"}],"replies":[{"embeddable":true,"href":"https:\/\/groweriq.ca\/de\/wp-json\/wp\/v2\/comments?post=14164"}],"version-history":[{"count":9,"href":"https:\/\/groweriq.ca\/de\/wp-json\/wp\/v2\/pages\/14164\/revisions"}],"predecessor-version":[{"id":17240,"href":"https:\/\/groweriq.ca\/de\/wp-json\/wp\/v2\/pages\/14164\/revisions\/17240"}],"wp:attachment":[{"href":"https:\/\/groweriq.ca\/de\/wp-json\/wp\/v2\/media?parent=14164"}],"wp:term":[{"taxonomy":"category","embeddable":true,"href":"https:\/\/groweriq.ca\/de\/wp-json\/wp\/v2\/categories?post=14164"},{"taxonomy":"post_tag","embeddable":true,"href":"https:\/\/groweriq.ca\/de\/wp-json\/wp\/v2\/tags?post=14164"}],"curies":[{"name":"wp","href":"https:\/\/api.w.org\/{rel}","templated":true}]}}